{"id":3761,"date":"2023-07-20T03:54:23","date_gmt":"2023-07-20T03:54:23","guid":{"rendered":"https:\/\/ldswoodworkingmachine.com\/?post_type=product&#038;p=3761"},"modified":"2023-07-20T04:00:17","modified_gmt":"2023-07-20T04:00:17","slug":"wooden-thread-cutting-machine-cnc-for-making-perfume-cover","status":"publish","type":"product","link":"https:\/\/ldswoodworkingmachine.com\/vi\/san-pham\/wooden-thread-cutting-machine-cnc-for-making-perfume-cover","title":{"rendered":"M\u00e1y c\u1eaft ch\u1ec9 g\u1ed7 \u0111\u1ec3 l\u00e0m v\u1ecf n\u01b0\u1edbc hoa"},"content":{"rendered":"<p><strong>G\u1ed7 ch\u1ee7 \u0110\u1ec1 C\u1eaft M\u00e1y \u0110\u1ec3 L\u00e0m n\u01b0\u1edbc Hoa Bao g\u1ed3m<\/strong><\/p>\n<p>&nbsp;<\/p>\n<p><img data-dominant-color=\"ced6d6\" data-has-transparency=\"false\" style=\"--dominant-color: #ced6d6;\" fetchpriority=\"high\" decoding=\"async\" class=\"not-transparent size-medium wp-image-3762 alignleft\" src=\"https:\/\/ldswoodworkingmachine.com\/wp-content\/uploads\/2023\/07\/CNC-Wooden-Thread-Cutting-Machine-300x300.webp\" alt=\"CNC Wooden Thread Cutting Machine\" width=\"300\" height=\"300\" srcset=\"https:\/\/ldswoodworkingmachine.com\/wp-content\/uploads\/2023\/07\/CNC-Wooden-Thread-Cutting-Machine-300x300.webp 300w, https:\/\/ldswoodworkingmachine.com\/wp-content\/uploads\/2023\/07\/CNC-Wooden-Thread-Cutting-Machine-jpg-100x100.webp 100w, https:\/\/ldswoodworkingmachine.com\/wp-content\/uploads\/2023\/07\/CNC-Wooden-Thread-Cutting-Machine-150x150.webp 150w, https:\/\/ldswoodworkingmachine.com\/wp-content\/uploads\/2023\/07\/CNC-Wooden-Thread-Cutting-Machine-768x768.webp 768w, https:\/\/ldswoodworkingmachine.com\/wp-content\/uploads\/2023\/07\/elementor\/thumbs\/CNC-Wooden-Thread-Cutting-Machine-jpg-q9o71j4mdtw6uxu47ohoxiqgkhmtxoml78llt5wpsw.webp 400w, https:\/\/ldswoodworkingmachine.com\/wp-content\/uploads\/2023\/07\/elementor\/thumbs\/CNC-Wooden-Thread-Cutting-Machine-jpg-q9o71j4nloomgxzumlcv1lktltuglfub316rykdxu0.webp 500w, https:\/\/ldswoodworkingmachine.com\/wp-content\/uploads\/2023\/07\/CNC-Wooden-Thread-Cutting-Machine-jpg.webp 800w\" sizes=\"(max-width: 300px) 100vw, 300px\" \/><\/p>\n<ul>\n<li>G\u1ed7 ch\u1ee7 \u0110\u1ec1 M\u00e1y C\u1eaft l\u00e0 chuy\u00ean nghi\u1ec7p ch\u1ec9nh cho c\u00f4ng b\u1eb1ng g\u1ed7 chai n\u01b0\u1edbc hoa m\u0169, nh\u01b0 trong h\u00ecnh.<\/li>\n<\/ul>\n<p><img data-dominant-color=\"dededf\" data-has-transparency=\"true\" style=\"--dominant-color: #dededf;\" decoding=\"async\" class=\"has-transparency alignnone size-medium wp-image-3775\" src=\"https:\/\/ldswoodworkingmachine.com\/wp-content\/uploads\/2023\/07\/1689822468323-255x300.png\" alt=\"perfume bottle cap\" width=\"255\" height=\"300\" srcset=\"https:\/\/ldswoodworkingmachine.com\/wp-content\/uploads\/2023\/07\/1689822468323-255x300.png 255w, https:\/\/ldswoodworkingmachine.com\/wp-content\/uploads\/2023\/07\/1689822468323.png 528w\" sizes=\"(max-width: 255px) 100vw, 255px\" \/><\/p>\n<ul>\n<li>N\u00f3 k\u1ebft h\u1ee3p phay lu\u1ed3ng v\u00e0 khoan trong m\u1ed9t m\u00e1y cung c\u1ea5p ch\u00ednh x\u00e1c v\u00e0 hi\u1ec7u qu\u1ea3.<\/li>\n<li>CNC H\u1ec7 th\u1ed1ng, c\u00f3 kh\u1ea3 n\u0103ng phay b\u1ea5t k\u1ef3 lo\u1ea1i ch\u1ee7 \u0111\u1ec1, d\u1ec5 d\u00e0ng \u0111\u1ea1t \u0111\u01b0\u1ee3c th\u00f4ng qua \u0111\u01a1n gi\u1ea3n s\u1ed1 thi\u1ebft l\u1eadp.<\/li>\n<li>T\u1ef1 \u0111\u1ed9ng b\u1ed1c d\u1ee1, an to\u00e0n v\u00e0 ti\u1ebft ki\u1ec7m lao \u0111\u1ed9ng.<\/li>\n<\/ul>\n<p><img data-dominant-color=\"837f7c\" data-has-transparency=\"false\" style=\"--dominant-color: #837f7c;\" decoding=\"async\" class=\"not-transparent size-medium wp-image-3766 alignleft\" src=\"https:\/\/ldswoodworkingmachine.com\/wp-content\/uploads\/2023\/07\/cnc-wood-router-300x225.webp\" alt=\"cnc wood router\" width=\"300\" height=\"225\" srcset=\"https:\/\/ldswoodworkingmachine.com\/wp-content\/uploads\/2023\/07\/cnc-wood-router-300x225.webp 300w, https:\/\/ldswoodworkingmachine.com\/wp-content\/uploads\/2023\/07\/cnc-wood-router-scaled-800x600.webp 800w, https:\/\/ldswoodworkingmachine.com\/wp-content\/uploads\/2023\/07\/cnc-wood-router-1024x768.webp 1024w, https:\/\/ldswoodworkingmachine.com\/wp-content\/uploads\/2023\/07\/cnc-wood-router-768x576.webp 768w, https:\/\/ldswoodworkingmachine.com\/wp-content\/uploads\/2023\/07\/cnc-wood-router-1536x1152.webp 1536w, https:\/\/ldswoodworkingmachine.com\/wp-content\/uploads\/2023\/07\/cnc-wood-router-2048x1536.webp 2048w\" sizes=\"(max-width: 300px) 100vw, 300px\" \/><\/p>\n<p>&nbsp;<\/p>\n<p>Th\u1ee9 nh\u1ea5t, n\u00f3 khoan l\u1ed7 l\u1edbn, v\u00e0 sau \u0111\u00f3 n\u00f3 nh\u00e0 m\u00e1y s\u1ee3i. Ch\u1ea5t l\u01b0\u1ee3ng c\u1ee7a m\u00e1y c\u00f3 th\u1ec3 \u0111\u01b0\u1ee3c nh\u00ecn th\u1ea5y c\u00e1i nh\u00ecn \u0111\u1ea7u ti\u00ean.<\/p>\n<p>&nbsp;<\/p>\n<p>&nbsp;<\/p>\n<p>&nbsp;<\/p>\n<p><img data-dominant-color=\"6c6665\" data-has-transparency=\"false\" style=\"--dominant-color: #6c6665;\" loading=\"lazy\" decoding=\"async\" class=\"not-transparent size-medium wp-image-3767 alignleft\" src=\"https:\/\/ldswoodworkingmachine.com\/wp-content\/uploads\/2023\/07\/wood-drilling-machine-300x300.webp\" alt=\"wood drilling machine\" width=\"300\" height=\"300\" srcset=\"https:\/\/ldswoodworkingmachine.com\/wp-content\/uploads\/2023\/07\/wood-drilling-machine-300x300.webp 300w, https:\/\/ldswoodworkingmachine.com\/wp-content\/uploads\/2023\/07\/wood-drilling-machine-jpg-100x100.webp 100w, https:\/\/ldswoodworkingmachine.com\/wp-content\/uploads\/2023\/07\/wood-drilling-machine-150x150.webp 150w, https:\/\/ldswoodworkingmachine.com\/wp-content\/uploads\/2023\/07\/wood-drilling-machine-768x768.webp 768w, https:\/\/ldswoodworkingmachine.com\/wp-content\/uploads\/2023\/07\/wood-drilling-machine-jpg.webp 800w\" sizes=\"(max-width: 300px) 100vw, 300px\" \/><\/p>\n<p>&nbsp;<\/p>\n<p>Khoan thi\u1ebft k\u1ebf n\u1eb1m xu\u1ed1ng d\u01b0\u1edbi c\u00f9ng c\u1ee7a m\u00e1y, c\u00f9ng m\u1ed9t l\u00fac khoan hai l\u1ed7 nh\u1ecf, cho ph\u00e9p g\u1ecdn thi\u1ebft b\u1ecb c\u00f3 ch\u1ee9c n\u0103ng nhi\u1ec1u h\u01a1n.<\/p>\n<p>&nbsp;<\/p>\n<p>&nbsp;<\/p>\n<p>&nbsp;<\/p>\n<p>&nbsp;<\/p>\n<p>&nbsp;<\/p>\n<p><img data-dominant-color=\"6c6969\" data-has-transparency=\"false\" style=\"--dominant-color: #6c6969;\" loading=\"lazy\" decoding=\"async\" class=\"not-transparent size-medium wp-image-3764 alignleft\" src=\"https:\/\/ldswoodworkingmachine.com\/wp-content\/uploads\/2023\/07\/electrical-box-300x225.webp\" alt=\"electrical box\" width=\"300\" height=\"225\" srcset=\"https:\/\/ldswoodworkingmachine.com\/wp-content\/uploads\/2023\/07\/electrical-box-300x225.webp 300w, https:\/\/ldswoodworkingmachine.com\/wp-content\/uploads\/2023\/07\/electrical-box-jpg-800x600.webp 800w, https:\/\/ldswoodworkingmachine.com\/wp-content\/uploads\/2023\/07\/electrical-box-1024x768.webp 1024w, https:\/\/ldswoodworkingmachine.com\/wp-content\/uploads\/2023\/07\/electrical-box-768x576.webp 768w, https:\/\/ldswoodworkingmachine.com\/wp-content\/uploads\/2023\/07\/electrical-box-1536x1152.webp 1536w, https:\/\/ldswoodworkingmachine.com\/wp-content\/uploads\/2023\/07\/electrical-box-jpg.webp 1706w\" sizes=\"(max-width: 300px) 100vw, 300px\" \/><\/p>\n<p>C\u00e1c s\u1eafp x\u1ebfp tr\u1eadt t\u1ef1 c\u1ee7a c\u00e1c m\u1ea1ch ph\u00f9 h\u1ee3p v\u1edbi ti\u00eau chu\u1ea9n CE, v\u00e0 m\u00e1y \u0111\u00e3 \u0111\u01b0\u1ee3c ch\u1ee9ng nh\u1eadn CE.<\/p>\n<p>&nbsp;<\/p>\n<p>&nbsp;<\/p>\n<p>&nbsp;<\/p>\n<p>&nbsp;<\/p>\n<p><img data-dominant-color=\"7c7772\" data-has-transparency=\"false\" style=\"--dominant-color: #7c7772;\" loading=\"lazy\" decoding=\"async\" class=\"not-transparent size-medium wp-image-3768 alignleft\" src=\"https:\/\/ldswoodworkingmachine.com\/wp-content\/uploads\/2023\/07\/1-300x138.webp\" alt=\"\" width=\"300\" height=\"138\" srcset=\"https:\/\/ldswoodworkingmachine.com\/wp-content\/uploads\/2023\/07\/1-300x138.webp 300w, https:\/\/ldswoodworkingmachine.com\/wp-content\/uploads\/2023\/07\/1-jpg-800x369.webp 800w, https:\/\/ldswoodworkingmachine.com\/wp-content\/uploads\/2023\/07\/1-1024x473.webp 1024w, https:\/\/ldswoodworkingmachine.com\/wp-content\/uploads\/2023\/07\/1-768x354.webp 768w, https:\/\/ldswoodworkingmachine.com\/wp-content\/uploads\/2023\/07\/1-1536x709.webp 1536w, https:\/\/ldswoodworkingmachine.com\/wp-content\/uploads\/2023\/07\/1-jpg.webp 1664w\" sizes=\"(max-width: 300px) 100vw, 300px\" \/><\/p>\n<p>&nbsp;<\/p>\n<p>Ch\u00fang ta c\u00f3 th\u1ec3 s\u1ea3n xu\u1ea5t kh\u00e1c nhau r\u1ea5t nhi\u1ec1u h\u00ecnh d\u1ea1ng c\u1ee7a n\u01b0\u1edbc hoa n\u1eafp chai. N\u1ebfu b\u1ea1n c\u00f3 b\u1ea5t k\u1ef3 y\u00eau c\u1ea7u c\u1ee5 th\u1ec3, xin h\u00e3y li\u00ean h\u1ec7 v\u1edbi ch\u00fang ta.<\/p>\n<p>&nbsp;<\/p>\n<p>&nbsp;<\/p>\n<p>Ki\u1ec3m tra \u0111o\u1ea1n video \u0111\u1ec3 bi\u1ebft th\u00eam th\u00f4ng tin:<\/p>\n<p>1.https:\/\/www.youtube.com\/shorts\/RvSJspvl_m8<\/p>\n<p>2.https:\/\/www.youtube.com\/shorts\/6EsYIbPFqNo<\/p>\n<p>3.https:\/\/www.youtube.com\/shorts\/Jgn0LLTc_0k<\/p>\n<p>&nbsp;<\/p>\n<p>TI\u1ec2U G\u1ed6 M\u00c1Y chuy\u00ean s\u1ea3n xu\u1ea5t v\u00e0 ph\u00e1t tri\u1ec3n ho\u00e0n to\u00e0n t\u1ef1 \u0111\u1ed9ng m\u00e1y g\u1ed7, bao g\u1ed3m <a href=\"https:\/\/ldswoodworkingmachine.com\/vi\/wood-copy-shaper-machine\/\">g\u1ed7 sao ch\u00e9p \u00e9p m\u00e1y<\/a>, <a href=\"https:\/\/ldswoodworkingmachine.com\/vi\/wood-comb-making-machine\/\">ch\u1ea3i l\u00e0m cho m\u00e1y m\u00f3c<\/a>, <a href=\"https:\/\/ldswoodworkingmachine.com\/vi\/bamboo-toothbrush-making-machine\/\">tre b\u00e0n ch\u1ea3i \u0111\u00e1nh r\u0103ng l\u00e0m cho m\u00e1y m\u00f3c<\/a>, <a href=\"https:\/\/ldswoodworkingmachine.com\/vi\/cup-lid-making-machine\/\">cap l\u00e0m n\u1eafp m\u00e1y<\/a>, <a href=\"https:\/\/ldswoodworkingmachine.com\/vi\/san-pham\/cnc-copy-shaper-machine-for-making-wooden-knife-handle\/\">x\u1eed l\u00fd dao l\u00e0m cho m\u00e1y m\u00f3c<\/a>, <a href=\"https:\/\/ldswoodworkingmachine.com\/vi\/san-pham\/mxz-7203l-wood-copy-shaper-machine\/\">b\u00e0n ch\u1ea3i x\u1eed l\u00fd l\u00e0m cho m\u00e1y m\u00f3c<\/a>v\u00e0 nhi\u1ec1u h\u01a1n n\u1eefa.<!--more--><\/p>\n<p>&nbsp;<\/p>","protected":false},"excerpt":{"rendered":"<ul>\n<li>Thi\u1ebft b\u1ecb n\u00e0y l\u00e0 chuy\u00ean nghi\u1ec7p ch\u1ec9nh cho c\u00f4ng b\u1eb1ng g\u1ed7 chai n\u01b0\u1edbc hoa m\u0169.<\/li>\n<li>N\u00f3 k\u1ebft h\u1ee3p phay lu\u1ed3ng v\u00e0 khoan trong m\u1ed9t m\u00e1y cung c\u1ea5p ch\u00ednh x\u00e1c v\u00e0 hi\u1ec7u qu\u1ea3.<\/li>\n<li>CNC H\u1ec7 th\u1ed1ng, c\u00f3 kh\u1ea3 n\u0103ng phay b\u1ea5t k\u1ef3 lo\u1ea1i ch\u1ee7 \u0111\u1ec1, d\u1ec5 d\u00e0ng \u0111\u1ea1t \u0111\u01b0\u1ee3c th\u00f4ng qua \u0111\u01a1n gi\u1ea3n s\u1ed1 thi\u1ebft l\u1eadp.<\/li>\n<li>T\u1ef1 \u0111\u1ed9ng b\u1ed1c d\u1ee1, an to\u00e0n v\u00e0 ti\u1ebft ki\u1ec7m lao \u0111\u1ed9ng.<\/li>\n<\/ul>","protected":false},"featured_media":3762,"template":"","meta":{"om_disable_all_campaigns":false,"_monsterinsights_skip_tracking":false,"_monsterinsights_sitenote_active":false,"_monsterinsights_sitenote_note":"","_monsterinsights_sitenote_category":0,"site-sidebar-layout":"default","site-content-layout":"default","ast-site-content-layout":"","site-content-style":"default","site-sidebar-style":"default","ast-global-header-display":"","ast-banner-title-visibility":"","ast-main-header-display":"","ast-hfb-above-header-display":"","ast-hfb-below-header-display":"","ast-hfb-mobile-header-display":"","site-post-title":"","ast-breadcrumbs-content":"","ast-featured-img":"","footer-sml-layout":"","theme-transparent-header-meta":"default","adv-header-id-meta":"","stick-header-meta":"","header-above-stick-meta":"","header-main-stick-meta":"","header-below-stick-meta":"","astra-migrate-meta-layouts":"default","ast-page-background-enabled":"default","ast-page-background-meta":{"desktop":{"background-color":"","background-image":"","background-repeat":"repeat","background-position":"center center","background-size":"auto","background-attachment":"scroll","background-type":"","background-media":"","overlay-type":"","overlay-color":"","overlay-gradient":""},"tablet":{"background-color":"","background-image":"","background-repeat":"repeat","background-position":"center center","background-size":"auto","background-attachment":"scroll","background-type":"","background-media":"","overlay-type":"","overlay-color":"","overlay-gradient":""},"mobile":{"background-color":"","background-image":"","background-repeat":"repeat","background-position":"center center","background-size":"auto","background-attachment":"scroll","background-type":"","background-media":"","overlay-type":"","overlay-color":"","overlay-gradient":""}},"ast-content-background-meta":{"desktop":{"background-color":"var(--ast-global-color-5)","background-image":"","background-repeat":"repeat","background-position":"center center","background-size":"auto","background-attachment":"scroll","background-type":"","background-media":"","overlay-type":"","overlay-color":"","overlay-gradient":""},"tablet":{"background-color":"var(--ast-global-color-5)","background-image":"","background-repeat":"repeat","background-position":"center center","background-size":"auto","background-attachment":"scroll","background-type":"","background-media":"","overlay-type":"","overlay-color":"","overlay-gradient":""},"mobile":{"background-color":"var(--ast-global-color-5)","background-image":"","background-repeat":"repeat","background-position":"center center","background-size":"auto","background-attachment":"scroll","background-type":"","background-media":"","overlay-type":"","overlay-color":"","overlay-gradient":""}},"_joinchat":[]},"product_cat":[61],"product_tag":[],"class_list":{"0":"post-3761","1":"product","2":"type-product","3":"status-publish","4":"has-post-thumbnail","6":"product_cat-cup-lid-making-machine","7":"desktop-align-center","8":"tablet-align-left","9":"mobile-align-left","11":"first","12":"instock","13":"shipping-taxable","14":"product-type-simple"},"yoast_head":"<!-- This site is optimized with the Yoast SEO Premium plugin v24.0 (Yoast SEO v24.1) - https:\/\/yoast.com\/wordpress\/plugins\/seo\/ -->\n<title>Wooden Thread Cutting Machine CNC For Making Perfume Cover - LDSWOODWORKINGMACHINE<\/title>\n<meta name=\"description\" content=\"Wooden Thread Cutting Machine manufacturing wooden perfume bottle caps,combines milling thread and drilling in one machine,Please share drawings to custom.\" \/>\n<meta name=\"robots\" content=\"index, follow, max-snippet:-1, max-image-preview:large, max-video-preview:-1\" \/>\n<link rel=\"canonical\" href=\"https:\/\/ldswoodworkingmachine.com\/vi\/san-pham\/wooden-thread-cutting-machine-cnc-for-making-perfume-cover\/\" \/>\n<meta property=\"og:locale\" content=\"vi_VN\" \/>\n<meta property=\"og:type\" content=\"article\" \/>\n<meta property=\"og:title\" content=\"Wooden Thread Cutting Machine CNC For Making Perfume Cover\" \/>\n<meta property=\"og:description\" content=\"Wooden Thread Cutting Machine manufacturing wooden perfume bottle caps,combines milling thread and drilling in one machine,Please share drawings to custom.\" \/>\n<meta property=\"og:url\" content=\"https:\/\/ldswoodworkingmachine.com\/vi\/san-pham\/wooden-thread-cutting-machine-cnc-for-making-perfume-cover\/\" \/>\n<meta property=\"og:site_name\" content=\"LDSWOODWORKINGMACHINE\" \/>\n<meta property=\"article:publisher\" content=\"https:\/\/www.facebook.com\/profile.php?id=100076190379298\" \/>\n<meta property=\"article:modified_time\" content=\"2023-07-20T04:00:17+00:00\" \/>\n<meta property=\"og:image\" content=\"https:\/\/ldswoodworkingmachine.com\/wp-content\/uploads\/2023\/07\/CNC-Wooden-Thread-Cutting-Machine-jpg.webp\" \/>\n\t<meta property=\"og:image:width\" content=\"800\" \/>\n\t<meta property=\"og:image:height\" content=\"800\" \/>\n\t<meta property=\"og:image:type\" content=\"image\/jpeg\" \/>\n<meta name=\"twitter:card\" content=\"summary_large_image\" \/>\n<meta name=\"twitter:label1\" content=\"\u01af\u1edbc t\u00ednh th\u1eddi gian \u0111\u1ecdc\" \/>\n\t<meta name=\"twitter:data1\" content=\"3 ph\u00fat\" \/>\n<script type=\"application\/ld+json\" class=\"yoast-schema-graph\">{\"@context\":\"https:\/\/schema.org\",\"@graph\":[{\"@type\":\"WebPage\",\"@id\":\"https:\/\/ldswoodworkingmachine.com\/product\/wooden-thread-cutting-machine-cnc-for-making-perfume-cover\",\"url\":\"https:\/\/ldswoodworkingmachine.com\/product\/wooden-thread-cutting-machine-cnc-for-making-perfume-cover\",\"name\":\"Wooden Thread Cutting Machine CNC For Making Perfume Cover - LDSWOODWORKINGMACHINE\",\"isPartOf\":{\"@id\":\"https:\/\/ldswoodworkingmachine.com\/#website\"},\"primaryImageOfPage\":{\"@id\":\"https:\/\/ldswoodworkingmachine.com\/product\/wooden-thread-cutting-machine-cnc-for-making-perfume-cover#primaryimage\"},\"image\":{\"@id\":\"https:\/\/ldswoodworkingmachine.com\/product\/wooden-thread-cutting-machine-cnc-for-making-perfume-cover#primaryimage\"},\"thumbnailUrl\":\"https:\/\/ldswoodworkingmachine.com\/wp-content\/uploads\/2023\/07\/CNC-Wooden-Thread-Cutting-Machine-jpg.webp\",\"datePublished\":\"2023-07-20T03:54:23+00:00\",\"dateModified\":\"2023-07-20T04:00:17+00:00\",\"description\":\"Wooden Thread Cutting Machine manufacturing wooden perfume bottle caps,combines milling thread and drilling in one machine,Please share drawings to custom.\",\"breadcrumb\":{\"@id\":\"https:\/\/ldswoodworkingmachine.com\/product\/wooden-thread-cutting-machine-cnc-for-making-perfume-cover#breadcrumb\"},\"inLanguage\":\"vi\",\"potentialAction\":[{\"@type\":\"ReadAction\",\"target\":[\"https:\/\/ldswoodworkingmachine.com\/product\/wooden-thread-cutting-machine-cnc-for-making-perfume-cover\"]}]},{\"@type\":\"ImageObject\",\"inLanguage\":\"vi\",\"@id\":\"https:\/\/ldswoodworkingmachine.com\/product\/wooden-thread-cutting-machine-cnc-for-making-perfume-cover#primaryimage\",\"url\":\"https:\/\/ldswoodworkingmachine.com\/wp-content\/uploads\/2023\/07\/CNC-Wooden-Thread-Cutting-Machine-jpg.webp\",\"contentUrl\":\"https:\/\/ldswoodworkingmachine.com\/wp-content\/uploads\/2023\/07\/CNC-Wooden-Thread-Cutting-Machine-jpg.webp\",\"width\":800,\"height\":800,\"caption\":\"CNC Wooden Thread Cutting Machine\"},{\"@type\":\"BreadcrumbList\",\"@id\":\"https:\/\/ldswoodworkingmachine.com\/product\/wooden-thread-cutting-machine-cnc-for-making-perfume-cover#breadcrumb\",\"itemListElement\":[{\"@type\":\"ListItem\",\"position\":1,\"name\":\"Home\",\"item\":\"https:\/\/ldswoodworkingmachine.com\/\"},{\"@type\":\"ListItem\",\"position\":2,\"name\":\"All Product\",\"item\":\"https:\/\/ldswoodworkingmachine.com\/shop\"},{\"@type\":\"ListItem\",\"position\":3,\"name\":\"Wooden Thread Cutting Machine CNC For Making Perfume Cover\"}]},{\"@type\":\"WebSite\",\"@id\":\"https:\/\/ldswoodworkingmachine.com\/#website\",\"url\":\"https:\/\/ldswoodworkingmachine.com\/\",\"name\":\"LDSWOODWORKINGMACHINE\",\"description\":\"WOODWORKING MACHINE\",\"publisher\":{\"@id\":\"https:\/\/ldswoodworkingmachine.com\/#organization\"},\"potentialAction\":[{\"@type\":\"SearchAction\",\"target\":{\"@type\":\"EntryPoint\",\"urlTemplate\":\"https:\/\/ldswoodworkingmachine.com\/?s={search_term_string}\"},\"query-input\":{\"@type\":\"PropertyValueSpecification\",\"valueRequired\":true,\"valueName\":\"search_term_string\"}}],\"inLanguage\":\"vi\"},{\"@type\":\"Organization\",\"@id\":\"https:\/\/ldswoodworkingmachine.com\/#organization\",\"name\":\"LDSWOODWORKINGMACHINE\",\"url\":\"https:\/\/ldswoodworkingmachine.com\/\",\"logo\":{\"@type\":\"ImageObject\",\"inLanguage\":\"vi\",\"@id\":\"https:\/\/ldswoodworkingmachine.com\/#\/schema\/logo\/image\/\",\"url\":\"https:\/\/ldswoodworkingmachine.com\/wp-content\/uploads\/2022\/04\/cropped-12-1.png\",\"contentUrl\":\"https:\/\/ldswoodworkingmachine.com\/wp-content\/uploads\/2022\/04\/cropped-12-1.png\",\"width\":334,\"height\":80,\"caption\":\"LDSWOODWORKINGMACHINE\"},\"image\":{\"@id\":\"https:\/\/ldswoodworkingmachine.com\/#\/schema\/logo\/image\/\"},\"sameAs\":[\"https:\/\/www.facebook.com\/profile.php?id=100076190379298\",\"https:\/\/www.youtube.com\/channel\/UC_ZTI5V0mMTwFrQ29Jmb5Qw?view_as=subscriber\"]}]}<\/script>\n<!-- \/ Yoast SEO Premium plugin. -->","yoast_head_json":{"title":"Wooden Thread Cutting Machine CNC For Making Perfume Cover - LDSWOODWORKINGMACHINE","description":"Wooden Thread Cutting Machine manufacturing wooden perfume bottle caps,combines milling thread and drilling in one machine,Please share drawings to custom.","robots":{"index":"index","follow":"follow","max-snippet":"max-snippet:-1","max-image-preview":"max-image-preview:large","max-video-preview":"max-video-preview:-1"},"canonical":"https:\/\/ldswoodworkingmachine.com\/vi\/san-pham\/wooden-thread-cutting-machine-cnc-for-making-perfume-cover\/","og_locale":"vi_VN","og_type":"article","og_title":"Wooden Thread Cutting Machine CNC For Making Perfume Cover","og_description":"Wooden Thread Cutting Machine manufacturing wooden perfume bottle caps,combines milling thread and drilling in one machine,Please share drawings to custom.","og_url":"https:\/\/ldswoodworkingmachine.com\/vi\/san-pham\/wooden-thread-cutting-machine-cnc-for-making-perfume-cover\/","og_site_name":"LDSWOODWORKINGMACHINE","article_publisher":"https:\/\/www.facebook.com\/profile.php?id=100076190379298","article_modified_time":"2023-07-20T04:00:17+00:00","og_image":[{"width":800,"height":800,"url":"https:\/\/ldswoodworkingmachine.com\/wp-content\/uploads\/2023\/07\/CNC-Wooden-Thread-Cutting-Machine-jpg.webp","type":"image\/jpeg"}],"twitter_card":"summary_large_image","twitter_misc":{"\u01af\u1edbc t\u00ednh th\u1eddi gian \u0111\u1ecdc":"3 ph\u00fat"},"schema":{"@context":"https:\/\/schema.org","@graph":[{"@type":"WebPage","@id":"https:\/\/ldswoodworkingmachine.com\/product\/wooden-thread-cutting-machine-cnc-for-making-perfume-cover","url":"https:\/\/ldswoodworkingmachine.com\/product\/wooden-thread-cutting-machine-cnc-for-making-perfume-cover","name":"Wooden Thread Cutting Machine CNC For Making Perfume Cover - LDSWOODWORKINGMACHINE","isPartOf":{"@id":"https:\/\/ldswoodworkingmachine.com\/#website"},"primaryImageOfPage":{"@id":"https:\/\/ldswoodworkingmachine.com\/product\/wooden-thread-cutting-machine-cnc-for-making-perfume-cover#primaryimage"},"image":{"@id":"https:\/\/ldswoodworkingmachine.com\/product\/wooden-thread-cutting-machine-cnc-for-making-perfume-cover#primaryimage"},"thumbnailUrl":"https:\/\/ldswoodworkingmachine.com\/wp-content\/uploads\/2023\/07\/CNC-Wooden-Thread-Cutting-Machine-jpg.webp","datePublished":"2023-07-20T03:54:23+00:00","dateModified":"2023-07-20T04:00:17+00:00","description":"Wooden Thread Cutting Machine manufacturing wooden perfume bottle caps,combines milling thread and drilling in one machine,Please share drawings to custom.","breadcrumb":{"@id":"https:\/\/ldswoodworkingmachine.com\/product\/wooden-thread-cutting-machine-cnc-for-making-perfume-cover#breadcrumb"},"inLanguage":"vi","potentialAction":[{"@type":"ReadAction","target":["https:\/\/ldswoodworkingmachine.com\/product\/wooden-thread-cutting-machine-cnc-for-making-perfume-cover"]}]},{"@type":"ImageObject","inLanguage":"vi","@id":"https:\/\/ldswoodworkingmachine.com\/product\/wooden-thread-cutting-machine-cnc-for-making-perfume-cover#primaryimage","url":"https:\/\/ldswoodworkingmachine.com\/wp-content\/uploads\/2023\/07\/CNC-Wooden-Thread-Cutting-Machine-jpg.webp","contentUrl":"https:\/\/ldswoodworkingmachine.com\/wp-content\/uploads\/2023\/07\/CNC-Wooden-Thread-Cutting-Machine-jpg.webp","width":800,"height":800,"caption":"CNC Wooden Thread Cutting Machine"},{"@type":"BreadcrumbList","@id":"https:\/\/ldswoodworkingmachine.com\/product\/wooden-thread-cutting-machine-cnc-for-making-perfume-cover#breadcrumb","itemListElement":[{"@type":"ListItem","position":1,"name":"Home","item":"https:\/\/ldswoodworkingmachine.com\/"},{"@type":"ListItem","position":2,"name":"All Product","item":"https:\/\/ldswoodworkingmachine.com\/shop"},{"@type":"ListItem","position":3,"name":"Wooden Thread Cutting Machine CNC For Making Perfume Cover"}]},{"@type":"WebSite","@id":"https:\/\/ldswoodworkingmachine.com\/#website","url":"https:\/\/ldswoodworkingmachine.com\/","name":"LDSWOODWORKINGMACHINE","description":"WOODWORKING MACHINE","publisher":{"@id":"https:\/\/ldswoodworkingmachine.com\/#organization"},"potentialAction":[{"@type":"SearchAction","target":{"@type":"EntryPoint","urlTemplate":"https:\/\/ldswoodworkingmachine.com\/?s={search_term_string}"},"query-input":{"@type":"PropertyValueSpecification","valueRequired":true,"valueName":"search_term_string"}}],"inLanguage":"vi"},{"@type":"Organization","@id":"https:\/\/ldswoodworkingmachine.com\/#organization","name":"LDSWOODWORKINGMACHINE","url":"https:\/\/ldswoodworkingmachine.com\/","logo":{"@type":"ImageObject","inLanguage":"vi","@id":"https:\/\/ldswoodworkingmachine.com\/#\/schema\/logo\/image\/","url":"https:\/\/ldswoodworkingmachine.com\/wp-content\/uploads\/2022\/04\/cropped-12-1.png","contentUrl":"https:\/\/ldswoodworkingmachine.com\/wp-content\/uploads\/2022\/04\/cropped-12-1.png","width":334,"height":80,"caption":"LDSWOODWORKINGMACHINE"},"image":{"@id":"https:\/\/ldswoodworkingmachine.com\/#\/schema\/logo\/image\/"},"sameAs":["https:\/\/www.facebook.com\/profile.php?id=100076190379298","https:\/\/www.youtube.com\/channel\/UC_ZTI5V0mMTwFrQ29Jmb5Qw?view_as=subscriber"]}]}},"_links":{"self":[{"href":"https:\/\/ldswoodworkingmachine.com\/vi\/wp-json\/wp\/v2\/product\/3761","targetHints":{"allow":["GET"]}}],"collection":[{"href":"https:\/\/ldswoodworkingmachine.com\/vi\/wp-json\/wp\/v2\/product"}],"about":[{"href":"https:\/\/ldswoodworkingmachine.com\/vi\/wp-json\/wp\/v2\/types\/product"}],"wp:featuredmedia":[{"embeddable":true,"href":"https:\/\/ldswoodworkingmachine.com\/vi\/wp-json\/wp\/v2\/media\/3762"}],"wp:attachment":[{"href":"https:\/\/ldswoodworkingmachine.com\/vi\/wp-json\/wp\/v2\/media?parent=3761"}],"wp:term":[{"taxonomy":"product_cat","embeddable":true,"href":"https:\/\/ldswoodworkingmachine.com\/vi\/wp-json\/wp\/v2\/product_cat?post=3761"},{"taxonomy":"product_tag","embeddable":true,"href":"https:\/\/ldswoodworkingmachine.com\/vi\/wp-json\/wp\/v2\/product_tag?post=3761"}],"curies":[{"name":"wp","href":"https:\/\/api.w.org\/{rel}","templated":true}]}}