{"id":3639,"date":"2023-05-24T07:47:19","date_gmt":"2023-05-24T07:47:19","guid":{"rendered":"https:\/\/ldswoodworkingmachine.com\/?post_type=product&#038;p=3639"},"modified":"2023-06-13T08:17:37","modified_gmt":"2023-06-13T08:17:37","slug":"cnc-copy-shaper-machine-for-making-wooden-knife-handle","status":"publish","type":"product","link":"https:\/\/ldswoodworkingmachine.com\/vi\/san-pham\/cnc-copy-shaper-machine-for-making-wooden-knife-handle","title":{"rendered":"CNC sao Ch\u00e9p \u00c9p M\u00e1y \u0111\u1ec3 l\u00e0m cho g\u1ed7 dao x\u1eed l\u00fd"},"content":{"rendered":"<p style=\"text-align: center;\"><strong>CNC sao Ch\u00e9p \u00c9p M\u00e1y <\/strong><\/p>\n<p><img data-dominant-color=\"cad4d4\" data-has-transparency=\"false\" style=\"--dominant-color: #cad4d4;\" fetchpriority=\"high\" decoding=\"async\" class=\"not-transparent size-medium wp-image-3641 alignleft\" src=\"https:\/\/ldswoodworkingmachine.com\/wp-content\/uploads\/2023\/05\/\u672a\u6807\u9898-2-300x215.jpg\" alt=\"wooden knife handle machine\" width=\"300\" height=\"215\" srcset=\"https:\/\/ldswoodworkingmachine.com\/wp-content\/uploads\/2023\/05\/\u672a\u6807\u9898-2-300x215.jpg 300w, https:\/\/ldswoodworkingmachine.com\/wp-content\/uploads\/2023\/05\/\u672a\u6807\u9898-2-800x574.webp 800w, https:\/\/ldswoodworkingmachine.com\/wp-content\/uploads\/2023\/05\/\u672a\u6807\u9898-2-1024x735.jpg 1024w, https:\/\/ldswoodworkingmachine.com\/wp-content\/uploads\/2023\/05\/\u672a\u6807\u9898-2-768x551.jpg 768w, https:\/\/ldswoodworkingmachine.com\/wp-content\/uploads\/2023\/05\/\u672a\u6807\u9898-2.webp 1200w\" sizes=\"(max-width: 300px) 100vw, 300px\" \/><\/p>\n<p><img data-dominant-color=\"555351\" data-has-transparency=\"false\" style=\"--dominant-color: #555351;\" decoding=\"async\" class=\"not-transparent size-medium wp-image-3642 alignleft\" src=\"https:\/\/ldswoodworkingmachine.com\/wp-content\/uploads\/2023\/05\/\u5fae\u4fe1\u56fe\u7247_20230524150036-300x225.jpg\" alt=\"wooden knife handle copy machine\" width=\"300\" height=\"225\" srcset=\"https:\/\/ldswoodworkingmachine.com\/wp-content\/uploads\/2023\/05\/\u5fae\u4fe1\u56fe\u7247_20230524150036-300x225.jpg 300w, https:\/\/ldswoodworkingmachine.com\/wp-content\/uploads\/2023\/05\/\u5fae\u4fe1\u56fe\u7247_20230524150036-800x600.webp 800w, https:\/\/ldswoodworkingmachine.com\/wp-content\/uploads\/2023\/05\/\u5fae\u4fe1\u56fe\u7247_20230524150036-1024x768.jpg 1024w, https:\/\/ldswoodworkingmachine.com\/wp-content\/uploads\/2023\/05\/\u5fae\u4fe1\u56fe\u7247_20230524150036-768x576.jpg 768w, https:\/\/ldswoodworkingmachine.com\/wp-content\/uploads\/2023\/05\/\u5fae\u4fe1\u56fe\u7247_20230524150036-1536x1152.jpg 1536w, https:\/\/ldswoodworkingmachine.com\/wp-content\/uploads\/2023\/05\/\u5fae\u4fe1\u56fe\u7247_20230524150036.webp 1706w\" sizes=\"(max-width: 300px) 100vw, 300px\" \/><\/p>\n<p>&nbsp;<\/p>\n<p>&nbsp;<\/p>\n<p>&nbsp;<\/p>\n<p>&nbsp;<\/p>\n<p>&nbsp;<\/p>\n<p>&nbsp;<\/p>\n<ul>\n<li>Ti\u1ec3u h\u1ecdc \u1ee9ng d\u1ee5ng c\u1ee7a m\u00e1y M\u00e1y l\u00e0 \u0111\u1ec3 x\u1eed l\u00fd nh\u1ecf ph\u00f4i th\u1ee7 c\u00f4ng m\u1ef9 ngh\u1ec7 v\u00e0 c\u00f3 hi\u1ec7u qu\u1ea3 gi\u1ea3i quy\u1ebft nh\u1eefng th\u00e1ch th\u1ee9c c\u1ee7a x\u1eed l\u00fd nh\u1ecf arcs.<\/li>\n<li>N\u00f3 c\u00f3 ch\u1ee9c n\u0103ng t\u1ef1 \u0111\u1ed9ng t\u1eaft m\u00e1y do thi\u1ebfu t\u00e0i li\u1ec7u,n\u0103ng l\u01b0\u1ee3ng-t\u1ef1-ki\u1ec3m tra l\u1ed7i, nhanh ch\u00f3ng v\u00e0 c\u00e1c ch\u1ee9c n\u0103ng kh\u00e1c.<\/li>\n<li>Ho\u00e0n to\u00e0n t\u1ef1 \u0111\u1ed9ng h\u1ec7 th\u1ed1ng ho\u1ea1t \u0111\u1ed9ng m\u1ed9t n\u00fat d\u1ec5 d\u00e0ng \u0111\u1ec3 thi\u1ebft l\u1eadp c\u00e1c th\u00f4ng s\u1ed1 ho\u1ea1t \u0111\u1ed9ng c\u1ee7a c\u00e1c thi\u1ebft b\u1ecb.<\/li>\n<li>H\u1ec7 th\u1ed1ng CNC\uff0cQua CAD v\u1ebd h\u00ecnh d\u1ea1ng c\u1ee7a nh\u1eefng s\u1ea3n ph\u1ea9m c\u00f3 th\u1ec3 \u0111\u01b0\u1ee3c thay \u0111\u1ed5i t\u00f9y ti\u1ec7n, v\u00e0 c\u00e1c ho\u1ea1t \u0111\u1ed9ng \u0111\u01a1n gi\u1ea3n.<\/li>\n<li>C\u00f3 2 Chi\u1ebfc kim c\u01b0\u01a1ng cutter<\/li>\n<\/ul>\n<p><strong>Th\u00f4ng s\u1ed1 s\u1ea3n ph\u1ea9m<\/strong><\/p>\n<p>\u00c1p:380 50 s\u1ed1ng t\u00f9y s\u1ed1ng<\/p>\n<p>S\u1ee9c m\u1ea1nh c\u1ee7a C\u1eaft tr\u1ee5c: \u0111\u01b0\u1eddng 3.7 KW*2<\/p>\n<p>S\u1ee9c m\u1ea1nh c\u1ee7a \u0111\u1ed9ng c\u01a1:400*3<\/p>\n<p>Max ch\u1ebf bi\u1ebfn r\u1ed9ng:50 mm<\/p>\n<p>T\u1ed1i \u0111a D\u00e0y X\u1eed l\u00fd:20 mm<\/p>\n<p>Max x\u1eed l\u00fd d\u00e0i 200<\/p>\n<p>Tr\u1ecdng l\u01b0\u1ee3ng:600 kg<\/p>\n<p>K\u00edch th\u01b0\u1edbc:1200*900*1780 mm<\/p>\n<div style=\"width: 960px;\" class=\"wp-video\"><!--[if lt IE 9]><script>document.createElement('video');<\/script><![endif]-->\n<video class=\"wp-video-shortcode\" id=\"video-3639-1\" width=\"960\" height=\"544\" preload=\"metadata\" controls=\"controls\"><source type=\"video\/mp4\" src=\"https:\/\/ldswoodworkingmachine.com\/wp-content\/uploads\/2023\/05\/\u6570\u63a7\u5200\u67c4\u4eff\u5f62\u673a.mp4?_=1\" \/><a href=\"https:\/\/ldswoodworkingmachine.com\/wp-content\/uploads\/2023\/05\/\u6570\u63a7\u5200\u67c4\u4eff\u5f62\u673a.mp4\">https:\/\/ldswoodworkingmachine.com\/wp-content\/uploads\/2023\/05\/\u6570\u63a7\u5200\u67c4\u4eff\u5f62\u673a.mp4<\/a><\/video><\/div>\n<p><strong><a href=\"https:\/\/www.youtube.com\/watch?v=iUJ4X5h6cL8\">Videdo li\u00ean K\u1ebft :video c\u1ee7a m\u00e1y Copy \u00c9p M\u00e1y \u0111\u1ec3 l\u00e0m cho g\u1ed7 dao x\u1eed l\u00fd<\/a><\/strong><\/p>\n<p><!--more--><\/p>","protected":false},"excerpt":{"rendered":"<p>Ti\u1ec3u h\u1ecdc \u1ee9ng d\u1ee5ng c\u1ee7a m\u00e1y Copy \u00c9p M\u00e1y l\u00e0 \u0111\u1ec3 x\u1eed l\u00fd nh\u1ecf ph\u00f4i th\u1ee7 c\u00f4ng m\u1ef9 ngh\u1ec7 v\u00e0 c\u00f3 hi\u1ec7u qu\u1ea3 gi\u1ea3i quy\u1ebft nh\u1eefng th\u00e1ch th\u1ee9c c\u1ee7a x\u1eed l\u00fd nh\u1ecf arcs.<\/p>","protected":false},"featured_media":3640,"template":"","meta":{"om_disable_all_campaigns":false,"_monsterinsights_skip_tracking":false,"_monsterinsights_sitenote_active":false,"_monsterinsights_sitenote_note":"","_monsterinsights_sitenote_category":0,"site-sidebar-layout":"default","site-content-layout":"default","ast-site-content-layout":"","site-content-style":"default","site-sidebar-style":"default","ast-global-header-display":"","ast-banner-title-visibility":"","ast-main-header-display":"","ast-hfb-above-header-display":"","ast-hfb-below-header-display":"","ast-hfb-mobile-header-display":"","site-post-title":"","ast-breadcrumbs-content":"","ast-featured-img":"","footer-sml-layout":"","theme-transparent-header-meta":"default","adv-header-id-meta":"","stick-header-meta":"","header-above-stick-meta":"","header-main-stick-meta":"","header-below-stick-meta":"","astra-migrate-meta-layouts":"default","ast-page-background-enabled":"default","ast-page-background-meta":{"desktop":{"background-color":"","background-image":"","background-repeat":"repeat","background-position":"center center","background-size":"auto","background-attachment":"scroll","background-type":"","background-media":"","overlay-type":"","overlay-color":"","overlay-gradient":""},"tablet":{"background-color":"","background-image":"","background-repeat":"repeat","background-position":"center center","background-size":"auto","background-attachment":"scroll","background-type":"","background-media":"","overlay-type":"","overlay-color":"","overlay-gradient":""},"mobile":{"background-color":"","background-image":"","background-repeat":"repeat","background-position":"center center","background-size":"auto","background-attachment":"scroll","background-type":"","background-media":"","overlay-type":"","overlay-color":"","overlay-gradient":""}},"ast-content-background-meta":{"desktop":{"background-color":"var(--ast-global-color-5)","background-image":"","background-repeat":"repeat","background-position":"center center","background-size":"auto","background-attachment":"scroll","background-type":"","background-media":"","overlay-type":"","overlay-color":"","overlay-gradient":""},"tablet":{"background-color":"var(--ast-global-color-5)","background-image":"","background-repeat":"repeat","background-position":"center center","background-size":"auto","background-attachment":"scroll","background-type":"","background-media":"","overlay-type":"","overlay-color":"","overlay-gradient":""},"mobile":{"background-color":"var(--ast-global-color-5)","background-image":"","background-repeat":"repeat","background-position":"center center","background-size":"auto","background-attachment":"scroll","background-type":"","background-media":"","overlay-type":"","overlay-color":"","overlay-gradient":""}},"_joinchat":[]},"product_cat":[54],"product_tag":[],"class_list":{"0":"post-3639","1":"product","2":"type-product","3":"status-publish","4":"has-post-thumbnail","6":"product_cat-wood-copy-shaper-machine","7":"desktop-align-center","8":"tablet-align-left","9":"mobile-align-left","11":"first","12":"instock","13":"shipping-taxable","14":"product-type-simple"},"yoast_head":"<!-- This site is optimized with the Yoast SEO Premium plugin v24.0 (Yoast SEO v24.1) - https:\/\/yoast.com\/wordpress\/plugins\/seo\/ -->\n<title>CNC Copy Shaper Machine for making wooden knife handle<\/title>\n<meta name=\"description\" content=\"CNC Copy Shaper Machine is to process small workpieces and handicrafts, effectively addressing the challenge of processing small arcs.\" \/>\n<meta name=\"robots\" content=\"index, follow, max-snippet:-1, max-image-preview:large, max-video-preview:-1\" \/>\n<link rel=\"canonical\" href=\"https:\/\/ldswoodworkingmachine.com\/vi\/san-pham\/cnc-copy-shaper-machine-for-making-wooden-knife-handle\/\" \/>\n<meta property=\"og:locale\" content=\"vi_VN\" \/>\n<meta property=\"og:type\" content=\"article\" \/>\n<meta property=\"og:title\" content=\"CNC Copy Shaper Machine for making wooden knife handle\" \/>\n<meta property=\"og:description\" content=\"CNC Copy Shaper Machine is to process small workpieces and handicrafts, effectively addressing the challenge of processing small arcs.\" \/>\n<meta property=\"og:url\" content=\"https:\/\/ldswoodworkingmachine.com\/vi\/san-pham\/cnc-copy-shaper-machine-for-making-wooden-knife-handle\/\" \/>\n<meta property=\"og:site_name\" content=\"LDSWOODWORKINGMACHINE\" \/>\n<meta property=\"article:publisher\" content=\"https:\/\/www.facebook.com\/profile.php?id=100076190379298\" \/>\n<meta property=\"article:modified_time\" content=\"2023-06-13T08:17:37+00:00\" \/>\n<meta property=\"og:image\" content=\"https:\/\/ldswoodworkingmachine.com\/wp-content\/uploads\/2023\/05\/CNC-WOOD-COPY-SHAPER-MACHINE.jpg\" \/>\n\t<meta property=\"og:image:width\" content=\"800\" \/>\n\t<meta property=\"og:image:height\" content=\"800\" \/>\n\t<meta property=\"og:image:type\" content=\"image\/jpeg\" \/>\n<meta name=\"twitter:card\" content=\"summary_large_image\" \/>\n<meta name=\"twitter:label1\" content=\"\u01af\u1edbc t\u00ednh th\u1eddi gian \u0111\u1ecdc\" \/>\n\t<meta name=\"twitter:data1\" content=\"1 ph\u00fat\" \/>\n<script type=\"application\/ld+json\" class=\"yoast-schema-graph\">{\"@context\":\"https:\/\/schema.org\",\"@graph\":[{\"@type\":\"WebPage\",\"@id\":\"https:\/\/ldswoodworkingmachine.com\/product\/cnc-copy-shaper-machine-for-making-wooden-knife-handle\",\"url\":\"https:\/\/ldswoodworkingmachine.com\/product\/cnc-copy-shaper-machine-for-making-wooden-knife-handle\",\"name\":\"CNC Copy Shaper Machine for making wooden knife handle\",\"isPartOf\":{\"@id\":\"https:\/\/ldswoodworkingmachine.com\/#website\"},\"primaryImageOfPage\":{\"@id\":\"https:\/\/ldswoodworkingmachine.com\/product\/cnc-copy-shaper-machine-for-making-wooden-knife-handle#primaryimage\"},\"image\":{\"@id\":\"https:\/\/ldswoodworkingmachine.com\/product\/cnc-copy-shaper-machine-for-making-wooden-knife-handle#primaryimage\"},\"thumbnailUrl\":\"https:\/\/ldswoodworkingmachine.com\/wp-content\/uploads\/2023\/05\/CNC-WOOD-COPY-SHAPER-MACHINE.webp\",\"datePublished\":\"2023-05-24T07:47:19+00:00\",\"dateModified\":\"2023-06-13T08:17:37+00:00\",\"description\":\"CNC Copy Shaper Machine is to process small workpieces and handicrafts, effectively addressing the challenge of processing small arcs.\",\"breadcrumb\":{\"@id\":\"https:\/\/ldswoodworkingmachine.com\/product\/cnc-copy-shaper-machine-for-making-wooden-knife-handle#breadcrumb\"},\"inLanguage\":\"vi\",\"potentialAction\":[{\"@type\":\"ReadAction\",\"target\":[\"https:\/\/ldswoodworkingmachine.com\/product\/cnc-copy-shaper-machine-for-making-wooden-knife-handle\"]}]},{\"@type\":\"ImageObject\",\"inLanguage\":\"vi\",\"@id\":\"https:\/\/ldswoodworkingmachine.com\/product\/cnc-copy-shaper-machine-for-making-wooden-knife-handle#primaryimage\",\"url\":\"https:\/\/ldswoodworkingmachine.com\/wp-content\/uploads\/2023\/05\/CNC-WOOD-COPY-SHAPER-MACHINE.webp\",\"contentUrl\":\"https:\/\/ldswoodworkingmachine.com\/wp-content\/uploads\/2023\/05\/CNC-WOOD-COPY-SHAPER-MACHINE.webp\",\"width\":800,\"height\":800,\"caption\":\"CNC wood copy shaper machine for making wooden knife handle\"},{\"@type\":\"BreadcrumbList\",\"@id\":\"https:\/\/ldswoodworkingmachine.com\/product\/cnc-copy-shaper-machine-for-making-wooden-knife-handle#breadcrumb\",\"itemListElement\":[{\"@type\":\"ListItem\",\"position\":1,\"name\":\"Home\",\"item\":\"https:\/\/ldswoodworkingmachine.com\/\"},{\"@type\":\"ListItem\",\"position\":2,\"name\":\"All Product\",\"item\":\"https:\/\/ldswoodworkingmachine.com\/shop\"},{\"@type\":\"ListItem\",\"position\":3,\"name\":\"CNC Copy Shaper Machine for making wooden knife handle\"}]},{\"@type\":\"WebSite\",\"@id\":\"https:\/\/ldswoodworkingmachine.com\/#website\",\"url\":\"https:\/\/ldswoodworkingmachine.com\/\",\"name\":\"LDSWOODWORKINGMACHINE\",\"description\":\"WOODWORKING MACHINE\",\"publisher\":{\"@id\":\"https:\/\/ldswoodworkingmachine.com\/#organization\"},\"potentialAction\":[{\"@type\":\"SearchAction\",\"target\":{\"@type\":\"EntryPoint\",\"urlTemplate\":\"https:\/\/ldswoodworkingmachine.com\/?s={search_term_string}\"},\"query-input\":{\"@type\":\"PropertyValueSpecification\",\"valueRequired\":true,\"valueName\":\"search_term_string\"}}],\"inLanguage\":\"vi\"},{\"@type\":\"Organization\",\"@id\":\"https:\/\/ldswoodworkingmachine.com\/#organization\",\"name\":\"LDSWOODWORKINGMACHINE\",\"url\":\"https:\/\/ldswoodworkingmachine.com\/\",\"logo\":{\"@type\":\"ImageObject\",\"inLanguage\":\"vi\",\"@id\":\"https:\/\/ldswoodworkingmachine.com\/#\/schema\/logo\/image\/\",\"url\":\"https:\/\/ldswoodworkingmachine.com\/wp-content\/uploads\/2022\/04\/cropped-12-1.png\",\"contentUrl\":\"https:\/\/ldswoodworkingmachine.com\/wp-content\/uploads\/2022\/04\/cropped-12-1.png\",\"width\":334,\"height\":80,\"caption\":\"LDSWOODWORKINGMACHINE\"},\"image\":{\"@id\":\"https:\/\/ldswoodworkingmachine.com\/#\/schema\/logo\/image\/\"},\"sameAs\":[\"https:\/\/www.facebook.com\/profile.php?id=100076190379298\",\"https:\/\/www.youtube.com\/channel\/UC_ZTI5V0mMTwFrQ29Jmb5Qw?view_as=subscriber\"]}]}<\/script>\n<!-- \/ Yoast SEO Premium plugin. -->","yoast_head_json":{"title":"CNC Copy Shaper Machine for making wooden knife handle","description":"CNC Copy Shaper Machine is to process small workpieces and handicrafts, effectively addressing the challenge of processing small arcs.","robots":{"index":"index","follow":"follow","max-snippet":"max-snippet:-1","max-image-preview":"max-image-preview:large","max-video-preview":"max-video-preview:-1"},"canonical":"https:\/\/ldswoodworkingmachine.com\/vi\/san-pham\/cnc-copy-shaper-machine-for-making-wooden-knife-handle\/","og_locale":"vi_VN","og_type":"article","og_title":"CNC Copy Shaper Machine for making wooden knife handle","og_description":"CNC Copy Shaper Machine is to process small workpieces and handicrafts, effectively addressing the challenge of processing small arcs.","og_url":"https:\/\/ldswoodworkingmachine.com\/vi\/san-pham\/cnc-copy-shaper-machine-for-making-wooden-knife-handle\/","og_site_name":"LDSWOODWORKINGMACHINE","article_publisher":"https:\/\/www.facebook.com\/profile.php?id=100076190379298","article_modified_time":"2023-06-13T08:17:37+00:00","og_image":[{"width":800,"height":800,"url":"https:\/\/ldswoodworkingmachine.com\/wp-content\/uploads\/2023\/05\/CNC-WOOD-COPY-SHAPER-MACHINE.jpg","type":"image\/jpeg"}],"twitter_card":"summary_large_image","twitter_misc":{"\u01af\u1edbc t\u00ednh th\u1eddi gian \u0111\u1ecdc":"1 ph\u00fat"},"schema":{"@context":"https:\/\/schema.org","@graph":[{"@type":"WebPage","@id":"https:\/\/ldswoodworkingmachine.com\/product\/cnc-copy-shaper-machine-for-making-wooden-knife-handle","url":"https:\/\/ldswoodworkingmachine.com\/product\/cnc-copy-shaper-machine-for-making-wooden-knife-handle","name":"CNC Copy Shaper Machine for making wooden knife handle","isPartOf":{"@id":"https:\/\/ldswoodworkingmachine.com\/#website"},"primaryImageOfPage":{"@id":"https:\/\/ldswoodworkingmachine.com\/product\/cnc-copy-shaper-machine-for-making-wooden-knife-handle#primaryimage"},"image":{"@id":"https:\/\/ldswoodworkingmachine.com\/product\/cnc-copy-shaper-machine-for-making-wooden-knife-handle#primaryimage"},"thumbnailUrl":"https:\/\/ldswoodworkingmachine.com\/wp-content\/uploads\/2023\/05\/CNC-WOOD-COPY-SHAPER-MACHINE.webp","datePublished":"2023-05-24T07:47:19+00:00","dateModified":"2023-06-13T08:17:37+00:00","description":"CNC Copy Shaper Machine is to process small workpieces and handicrafts, effectively addressing the challenge of processing small arcs.","breadcrumb":{"@id":"https:\/\/ldswoodworkingmachine.com\/product\/cnc-copy-shaper-machine-for-making-wooden-knife-handle#breadcrumb"},"inLanguage":"vi","potentialAction":[{"@type":"ReadAction","target":["https:\/\/ldswoodworkingmachine.com\/product\/cnc-copy-shaper-machine-for-making-wooden-knife-handle"]}]},{"@type":"ImageObject","inLanguage":"vi","@id":"https:\/\/ldswoodworkingmachine.com\/product\/cnc-copy-shaper-machine-for-making-wooden-knife-handle#primaryimage","url":"https:\/\/ldswoodworkingmachine.com\/wp-content\/uploads\/2023\/05\/CNC-WOOD-COPY-SHAPER-MACHINE.webp","contentUrl":"https:\/\/ldswoodworkingmachine.com\/wp-content\/uploads\/2023\/05\/CNC-WOOD-COPY-SHAPER-MACHINE.webp","width":800,"height":800,"caption":"CNC wood copy shaper machine for making wooden knife handle"},{"@type":"BreadcrumbList","@id":"https:\/\/ldswoodworkingmachine.com\/product\/cnc-copy-shaper-machine-for-making-wooden-knife-handle#breadcrumb","itemListElement":[{"@type":"ListItem","position":1,"name":"Home","item":"https:\/\/ldswoodworkingmachine.com\/"},{"@type":"ListItem","position":2,"name":"All Product","item":"https:\/\/ldswoodworkingmachine.com\/shop"},{"@type":"ListItem","position":3,"name":"CNC Copy Shaper Machine for making wooden knife handle"}]},{"@type":"WebSite","@id":"https:\/\/ldswoodworkingmachine.com\/#website","url":"https:\/\/ldswoodworkingmachine.com\/","name":"LDSWOODWORKINGMACHINE","description":"WOODWORKING MACHINE","publisher":{"@id":"https:\/\/ldswoodworkingmachine.com\/#organization"},"potentialAction":[{"@type":"SearchAction","target":{"@type":"EntryPoint","urlTemplate":"https:\/\/ldswoodworkingmachine.com\/?s={search_term_string}"},"query-input":{"@type":"PropertyValueSpecification","valueRequired":true,"valueName":"search_term_string"}}],"inLanguage":"vi"},{"@type":"Organization","@id":"https:\/\/ldswoodworkingmachine.com\/#organization","name":"LDSWOODWORKINGMACHINE","url":"https:\/\/ldswoodworkingmachine.com\/","logo":{"@type":"ImageObject","inLanguage":"vi","@id":"https:\/\/ldswoodworkingmachine.com\/#\/schema\/logo\/image\/","url":"https:\/\/ldswoodworkingmachine.com\/wp-content\/uploads\/2022\/04\/cropped-12-1.png","contentUrl":"https:\/\/ldswoodworkingmachine.com\/wp-content\/uploads\/2022\/04\/cropped-12-1.png","width":334,"height":80,"caption":"LDSWOODWORKINGMACHINE"},"image":{"@id":"https:\/\/ldswoodworkingmachine.com\/#\/schema\/logo\/image\/"},"sameAs":["https:\/\/www.facebook.com\/profile.php?id=100076190379298","https:\/\/www.youtube.com\/channel\/UC_ZTI5V0mMTwFrQ29Jmb5Qw?view_as=subscriber"]}]}},"_links":{"self":[{"href":"https:\/\/ldswoodworkingmachine.com\/vi\/wp-json\/wp\/v2\/product\/3639","targetHints":{"allow":["GET"]}}],"collection":[{"href":"https:\/\/ldswoodworkingmachine.com\/vi\/wp-json\/wp\/v2\/product"}],"about":[{"href":"https:\/\/ldswoodworkingmachine.com\/vi\/wp-json\/wp\/v2\/types\/product"}],"wp:featuredmedia":[{"embeddable":true,"href":"https:\/\/ldswoodworkingmachine.com\/vi\/wp-json\/wp\/v2\/media\/3640"}],"wp:attachment":[{"href":"https:\/\/ldswoodworkingmachine.com\/vi\/wp-json\/wp\/v2\/media?parent=3639"}],"wp:term":[{"taxonomy":"product_cat","embeddable":true,"href":"https:\/\/ldswoodworkingmachine.com\/vi\/wp-json\/wp\/v2\/product_cat?post=3639"},{"taxonomy":"product_tag","embeddable":true,"href":"https:\/\/ldswoodworkingmachine.com\/vi\/wp-json\/wp\/v2\/product_tag?post=3639"}],"curies":[{"name":"wp","href":"https:\/\/api.w.org\/{rel}","templated":true}]}}