{"id":2659,"date":"2022-05-10T06:16:03","date_gmt":"2022-05-10T06:16:03","guid":{"rendered":"https:\/\/ldswoodworkingmachine.com\/?post_type=product&#038;p=2659"},"modified":"2023-03-22T06:20:30","modified_gmt":"2023-03-22T06:20:30","slug":"china-manufacturer-mxz-7503-double-side-wood-copy-shaper-machine","status":"publish","type":"product","link":"https:\/\/ldswoodworkingmachine.com\/vi\/san-pham\/china-manufacturer-mxz-7503-double-side-wood-copy-shaper-machine","title":{"rendered":"MXZ-7503 M\u00e1y t\u1ea1o h\u00ecnh sao ch\u00e9p g\u1ed7 hai m\u1eb7t"},"content":{"rendered":"<p><strong>\u00a0MXZ-7503 \u0110\u00f4i b\u00ean G\u1ed7 sao ch\u00e9p \u00e9p m\u00e1y t\u00ednh n\u0103ng ch\u00ednh:<\/strong><\/p>\n<p>1. Ho\u00e0n to\u00e0n t\u1ef1 \u0111\u1ed9ng: Cho \u0103n t\u1ef1 \u0111\u1ed9ng v\u00e0 cho \u0103n ra: \u0110i\u1ec1u khi\u1ec3n PLC, v\u1eadn h\u00e0nh t\u1ef1 \u0111\u1ed9ng v\u00e0 th\u1ee7 c\u00f4ng \u0111\u1ec1u c\u00f3 s\u1eb5n<\/p>\n<p>2. Ch\u1ea5t l\u01b0\u1ee3ng \u0111\u00e1ng tin c\u1eady v\u00e0 hi\u1ec7u su\u1ea5t t\u1ed1t: T\u1ea5t c\u1ea3 c\u00e1c b\u1ed9 ph\u1eadn ch\u00ednh \u0111\u1ec1u s\u1eed d\u1ee5ng s\u1ea3n ph\u1ea9m c\u1ee7a c\u00e1c th\u01b0\u01a1ng hi\u1ec7u n\u1ed5i ti\u1ebfng nh\u01b0 Siemens, Schneider, SKF, v.v.<\/p>\n<p>3. D\u1ec5 v\u1eadn h\u00e0nh: B\u1ea1n c\u00f3 th\u1ec3 v\u1eadn h\u00e0nh m\u00e1y th\u00f4ng qua b\u1ed9 \u0111i\u1ec1u khi\u1ec3n m\u00e0n h\u00ecnh c\u1ea3m \u1ee9ng.<\/p>\n<p>4.Cao hi\u1ec7u qu\u1ea3: c\u00f3 Th\u1ec3 x\u1eed l\u00fd t\u1eeb 3 \u0111\u1ebfn 6 ph\u00f4i trong m\u1ed9t ph\u00fat v\u00e0 m\u1ed9t nh\u00e2n vi\u00ean c\u00f3 th\u1ec3 ho\u1ea1t \u0111\u1ed9ng 3-5 b\u1ed9 m\u00e1y.<\/p>\n<p>5. D\u1ec5 b\u1ea3o tr\u00ec: S\u1eed d\u1ee5ng k\u1ebft c\u1ea5u th\u00e9p ch\u1ea5t l\u01b0\u1ee3ng cao v\u1edbi l\u1edbp s\u01a1n ch\u1ed1ng g\u1ec9 v\u00e0 t\u1ea5t c\u1ea3 c\u00e1c b\u1ed9 ph\u1eadn \u0111i\u1ec7n \u0111\u1ec1u l\u00e0 th\u01b0\u01a1ng hi\u1ec7u \u0111\u00e1ng tin c\u1eady.<\/p>\n<p>6.\u1ee8ng d\u1ee5ng r\u1ed9ng r\u00e3i: th\u00edch H\u1ee3p \u0111\u1ec3 ch\u1ebf bi\u1ebfn nhi\u1ec1u lo\u1ea1i nh\u1ecf woodware nh\u01b0 n\u1eafp tr\u00f2n,tay c\u1ea7m c\u1ecd x\u1eed l\u00fd m\u0169 b\u00e0i,t\u00e1ch v\u1ecf b\u00e1nh pizza t\u1ea5m,spoon,woodhandiworks,th\u01b0\u1eddng v\u00e0 h\u00ecnh d\u1ea1ng kh\u00e1c woodwares.<\/p>\n<p>7.T\u00f9y Sao Ch\u00e9p Lan<\/p>\n<p><strong>Th\u00f4ng s\u1ed1 k\u1ef9 thu\u1eadt:<\/strong><\/p>\n<table style=\"font-size: 16px; font-style: normal;\">\n<tbody>\n<tr class=\"firstRow\">\n<td valign=\"top\" width=\"435\">S\u1ed1 Tr\u1ee5c<\/td>\n<td valign=\"top\" width=\"435\">\u0110\u01a1n<\/td>\n<\/tr>\n<tr>\n<td valign=\"top\" width=\"435\">L\u00e0m Vi\u1ec7c \u00c1p Su\u1ea5t Kh\u00f4ng Kh\u00ed<\/td>\n<td valign=\"top\" width=\"435\">0.6-0.8 H\u00e0m<\/td>\n<\/tr>\n<tr>\n<td valign=\"top\" width=\"435\">\u0110\u1ed9ng c\u01a1 c\u1eaft<\/td>\n<td valign=\"top\" width=\"435\">55kw<\/td>\n<\/tr>\n<tr>\n<td valign=\"top\" width=\"435\">\u0110\u1ed9ng c\u01a1 quay<\/td>\n<td valign=\"top\" width=\"435\">0.4 kW<\/td>\n<\/tr>\n<tr>\n<td valign=\"top\" width=\"435\">T\u1ed1c \u0111\u1ed9 cho \u0103n<\/td>\n<td valign=\"top\" width=\"435\">4-20r\/ph\u00fat<\/td>\n<\/tr>\n<tr>\n<td valign=\"top\" width=\"435\">T\u1ed1c \u0111\u1ed9 tr\u1ee5c c\u1eaft<\/td>\n<td valign=\"top\" width=\"435\">9000rpm<\/td>\n<\/tr>\n<tr>\n<td valign=\"top\" width=\"435\">\u0110\u01b0\u1eddng k\u00ednh tr\u1ee5c ch\u00ednh<\/td>\n<td valign=\"top\" width=\"435\">25.4 mm<\/td>\n<\/tr>\n<tr>\n<td valign=\"top\" width=\"435\">Chi\u1ec1u d\u00e0i x\u1eed l\u00fd<\/td>\n<td valign=\"top\" width=\"435\">20-300<\/td>\n<\/tr>\n<tr>\n<td colspan=\"1\" rowspan=\"1\" valign=\"top\">Chi\u1ec1u r\u1ed9ng x\u1eed l\u00fd<\/td>\n<td colspan=\"1\" rowspan=\"1\" valign=\"top\">15-180 mm<\/td>\n<\/tr>\n<tr>\n<td colspan=\"1\" rowspan=\"1\" valign=\"top\">\u0110\u1ed9 d\u00e0y gia c\u00f4ng<\/td>\n<td colspan=\"1\" rowspan=\"1\" valign=\"top\">5-50 mm<\/td>\n<\/tr>\n<tr>\n<td colspan=\"1\" rowspan=\"1\" valign=\"top\">\u0110\u01b0\u1eddng k\u00ednh c\u1eeda tho\u00e1t b\u1ee5i<\/td>\n<td colspan=\"1\" rowspan=\"1\" valign=\"top\">100<\/td>\n<\/tr>\n<tr>\n<td colspan=\"1\" rowspan=\"1\" valign=\"top\">Max, H\u00ecnh Ch\u1eef Nh\u1eadt C\u1eaft<\/td>\n<td colspan=\"1\" rowspan=\"1\" valign=\"top\">2:1<\/td>\n<\/tr>\n<tr>\n<td valign=\"top\" width=\"435\">K\u00edch th\u01b0\u1edbc<\/td>\n<td valign=\"top\" width=\"435\">1395*1270*1790mm<\/td>\n<\/tr>\n<tr>\n<td valign=\"top\" width=\"435\">T\u1ecaNH<\/td>\n<td valign=\"top\" width=\"435\">800KGS<\/td>\n<\/tr>\n<\/tbody>\n<\/table>\n<p><strong>\u0110\u00f4i b\u00ean G\u1ed7 sao ch\u00e9p \u00e9p m\u00e1y \u0111\u01b0\u1ee3c thi\u1ebft k\u1ebf cho Tre nh\u1ecf v\u00e0 g\u1ed7 th\u1ee7 c\u00f4ng m\u1ef9 ngh\u1ec7, nh\u01b0 tre c\u1ed1c n\u1eafp \u0111\u1eady, tre l\u01b0\u1ee3c, tre b\u00e0n ch\u1ea3i \u0111\u00e1nh r\u0103ng, dao, tay n\u1eafm b\u00e0n tay c\u1ea7m etc.<\/strong><\/p>\n<p><strong>M\u1eabu:<\/strong><\/p>\n<p><img data-dominant-color=\"ddbb99\" data-has-transparency=\"true\" style=\"--dominant-color: #ddbb99;\" fetchpriority=\"high\" decoding=\"async\" class=\"has-transparency alignnone wp-image-2167 size-medium\" src=\"https:\/\/ldswoodworkingmachine.com\/wp-content\/uploads\/2022\/04\/16489710271-300x174.png\" alt=\"bamboo lid of Glass box \" width=\"300\" height=\"174\" srcset=\"https:\/\/ldswoodworkingmachine.com\/wp-content\/uploads\/2022\/04\/16489710271-300x174.png 300w, https:\/\/ldswoodworkingmachine.com\/wp-content\/uploads\/2022\/04\/16489710271-600x348.png 600w, https:\/\/ldswoodworkingmachine.com\/wp-content\/uploads\/2022\/04\/16489710271.png 639w\" sizes=\"(max-width: 300px) 100vw, 300px\" \/><\/p>\n<p><img data-dominant-color=\"bdb8aa\" data-has-transparency=\"true\" style=\"--dominant-color: #bdb8aa;\" decoding=\"async\" class=\"has-transparency alignnone wp-image-2166 size-medium\" src=\"https:\/\/ldswoodworkingmachine.com\/wp-content\/uploads\/2022\/04\/16489704431-300x248.png\" alt=\"wood brush handle\" width=\"300\" height=\"248\" srcset=\"https:\/\/ldswoodworkingmachine.com\/wp-content\/uploads\/2022\/04\/16489704431-300x248.png 300w, https:\/\/ldswoodworkingmachine.com\/wp-content\/uploads\/2022\/04\/16489704431.png 555w\" sizes=\"(max-width: 300px) 100vw, 300px\" \/> <img data-dominant-color=\"c1ae98\" data-has-transparency=\"false\" style=\"--dominant-color: #c1ae98;\" decoding=\"async\" class=\"not-transparent alignnone wp-image-2145 size-medium\" src=\"https:\/\/ldswoodworkingmachine.com\/wp-content\/uploads\/2022\/04\/\u5fae\u4fe1\u56fe\u7247_20180521161003-300x263.jpg\" alt=\"bamboo lid of Glass bottle\" width=\"300\" height=\"263\" srcset=\"https:\/\/ldswoodworkingmachine.com\/wp-content\/uploads\/2022\/04\/\u5fae\u4fe1\u56fe\u7247_20180521161003-300x263.jpg 300w, https:\/\/ldswoodworkingmachine.com\/wp-content\/uploads\/2022\/04\/\u5fae\u4fe1\u56fe\u7247_20180521161003-800x700.webp 800w, https:\/\/ldswoodworkingmachine.com\/wp-content\/uploads\/2022\/04\/\u5fae\u4fe1\u56fe\u7247_20180521161003-1024x896.jpg 1024w, https:\/\/ldswoodworkingmachine.com\/wp-content\/uploads\/2022\/04\/\u5fae\u4fe1\u56fe\u7247_20180521161003-768x672.jpg 768w, https:\/\/ldswoodworkingmachine.com\/wp-content\/uploads\/2022\/04\/\u5fae\u4fe1\u56fe\u7247_20180521161003-600x525.jpg 600w, https:\/\/ldswoodworkingmachine.com\/wp-content\/uploads\/2022\/04\/\u5fae\u4fe1\u56fe\u7247_20180521161003.webp 1234w\" sizes=\"(max-width: 300px) 100vw, 300px\" \/> <img data-dominant-color=\"b1a28a\" data-has-transparency=\"true\" style=\"--dominant-color: #b1a28a;\" loading=\"lazy\" decoding=\"async\" class=\"has-transparency alignnone wp-image-2143 size-medium\" src=\"https:\/\/ldswoodworkingmachine.com\/wp-content\/uploads\/2022\/04\/16489576651-300x296.png\" alt=\"wood brush handle\" width=\"300\" height=\"296\" srcset=\"https:\/\/ldswoodworkingmachine.com\/wp-content\/uploads\/2022\/04\/16489576651-300x296.png 300w, https:\/\/ldswoodworkingmachine.com\/wp-content\/uploads\/2022\/04\/16489576651-100x100.png 100w, https:\/\/ldswoodworkingmachine.com\/wp-content\/uploads\/2022\/04\/16489576651-800x790.png 800w, https:\/\/ldswoodworkingmachine.com\/wp-content\/uploads\/2022\/04\/16489576651-768x759.png 768w, https:\/\/ldswoodworkingmachine.com\/wp-content\/uploads\/2022\/04\/16489576651-600x593.png 600w, https:\/\/ldswoodworkingmachine.com\/wp-content\/uploads\/2022\/04\/16489576651.png 972w\" sizes=\"(max-width: 300px) 100vw, 300px\" \/> <img data-dominant-color=\"dbbfaf\" data-has-transparency=\"true\" style=\"--dominant-color: #dbbfaf;\" loading=\"lazy\" decoding=\"async\" class=\"has-transparency alignnone wp-image-2142 size-medium\" src=\"https:\/\/ldswoodworkingmachine.com\/wp-content\/uploads\/2022\/04\/16489561661-300x195.png\" alt=\"Bamboo and Wood Cutting Board (Tableware)\" width=\"300\" height=\"195\" srcset=\"https:\/\/ldswoodworkingmachine.com\/wp-content\/uploads\/2022\/04\/16489561661-300x195.png 300w, https:\/\/ldswoodworkingmachine.com\/wp-content\/uploads\/2022\/04\/16489561661.png 547w\" sizes=\"(max-width: 300px) 100vw, 300px\" \/> <img data-dominant-color=\"e4c1a2\" data-has-transparency=\"false\" style=\"--dominant-color: #e4c1a2;\" loading=\"lazy\" decoding=\"async\" class=\"not-transparent alignnone wp-image-2141 size-medium\" src=\"https:\/\/ldswoodworkingmachine.com\/wp-content\/uploads\/2022\/04\/16489558521-300x300.png\" alt=\"wood copy shaper machine for making wood comb\" width=\"300\" height=\"300\" srcset=\"https:\/\/ldswoodworkingmachine.com\/wp-content\/uploads\/2022\/04\/16489558521-300x300.png 300w, https:\/\/ldswoodworkingmachine.com\/wp-content\/uploads\/2022\/04\/16489558521-100x100.png 100w, https:\/\/ldswoodworkingmachine.com\/wp-content\/uploads\/2022\/04\/16489558521-150x150.png 150w, https:\/\/ldswoodworkingmachine.com\/wp-content\/uploads\/2022\/04\/16489558521.png 555w\" sizes=\"(max-width: 300px) 100vw, 300px\" \/> <img data-dominant-color=\"cdbcae\" data-has-transparency=\"false\" style=\"--dominant-color: #cdbcae;\" loading=\"lazy\" decoding=\"async\" class=\"not-transparent alignnone wp-image-2140 size-medium\" src=\"https:\/\/ldswoodworkingmachine.com\/wp-content\/uploads\/2022\/04\/16489542461-298x300.png\" alt=\"wood copy shaper machine for making wood knife handle\" width=\"298\" height=\"300\" srcset=\"https:\/\/ldswoodworkingmachine.com\/wp-content\/uploads\/2022\/04\/16489542461-298x300.png 298w, https:\/\/ldswoodworkingmachine.com\/wp-content\/uploads\/2022\/04\/16489542461-100x100.png 100w, https:\/\/ldswoodworkingmachine.com\/wp-content\/uploads\/2022\/04\/16489542461-150x150.png 150w, https:\/\/ldswoodworkingmachine.com\/wp-content\/uploads\/2022\/04\/16489542461.png 555w\" sizes=\"(max-width: 298px) 100vw, 298px\" \/> <img data-dominant-color=\"b29272\" data-has-transparency=\"true\" style=\"--dominant-color: #b29272;\" loading=\"lazy\" decoding=\"async\" class=\"has-transparency alignnone wp-image-2139 size-medium\" src=\"https:\/\/ldswoodworkingmachine.com\/wp-content\/uploads\/2022\/04\/16489540351-300x204.png\" alt=\"wood copy shaper machine for making bamboo jar lid\" width=\"300\" height=\"204\" srcset=\"https:\/\/ldswoodworkingmachine.com\/wp-content\/uploads\/2022\/04\/16489540351-300x204.png 300w, https:\/\/ldswoodworkingmachine.com\/wp-content\/uploads\/2022\/04\/16489540351.png 537w\" sizes=\"(max-width: 300px) 100vw, 300px\" \/><\/p>\n<p>Link Video :<\/p>\n<p><a href=\"https:\/\/www.youtube.com\/watch?v=OX9L9bGZ46g\">https:\/\/www.youtube.com\/watch?v=OX9L9bGZ46g<\/a><\/p>\n<p><!--more--><\/p>","protected":false},"excerpt":{"rendered":"<p>\u0110\u00f4i b\u00ean G\u1ed7 sao ch\u00e9p \u00e9p m\u00e1y \u0111\u01b0\u1ee3c thi\u1ebft k\u1ebf cho Tre nh\u1ecf v\u00e0 g\u1ed7 th\u1ee7 c\u00f4ng m\u1ef9 ngh\u1ec7, nh\u01b0 tre c\u1ed1c n\u1eafp \u0111\u1eady, tre l\u01b0\u1ee3c, tre b\u00e0n ch\u1ea3i \u0111\u00e1nh r\u0103ng, dao, tay n\u1eafm b\u00e0n tay c\u1ea7m etc.<\/p>","protected":false},"featured_media":2930,"template":"","meta":{"om_disable_all_campaigns":false,"_monsterinsights_skip_tracking":false,"_monsterinsights_sitenote_active":false,"_monsterinsights_sitenote_note":"","_monsterinsights_sitenote_category":0,"site-sidebar-layout":"default","site-content-layout":"default","ast-site-content-layout":"","site-content-style":"default","site-sidebar-style":"default","ast-global-header-display":"","ast-banner-title-visibility":"","ast-main-header-display":"","ast-hfb-above-header-display":"","ast-hfb-below-header-display":"","ast-hfb-mobile-header-display":"","site-post-title":"","ast-breadcrumbs-content":"","ast-featured-img":"","footer-sml-layout":"","theme-transparent-header-meta":"default","adv-header-id-meta":"","stick-header-meta":"","header-above-stick-meta":"","header-main-stick-meta":"","header-below-stick-meta":"","astra-migrate-meta-layouts":"default","ast-page-background-enabled":"default","ast-page-background-meta":{"desktop":{"background-color":"","background-image":"","background-repeat":"repeat","background-position":"center center","background-size":"auto","background-attachment":"scroll","background-type":"","background-media":"","overlay-type":"","overlay-color":"","overlay-gradient":""},"tablet":{"background-color":"","background-image":"","background-repeat":"repeat","background-position":"center center","background-size":"auto","background-attachment":"scroll","background-type":"","background-media":"","overlay-type":"","overlay-color":"","overlay-gradient":""},"mobile":{"background-color":"","background-image":"","background-repeat":"repeat","background-position":"center center","background-size":"auto","background-attachment":"scroll","background-type":"","background-media":"","overlay-type":"","overlay-color":"","overlay-gradient":""}},"ast-content-background-meta":{"desktop":{"background-color":"var(--ast-global-color-5)","background-image":"","background-repeat":"repeat","background-position":"center center","background-size":"auto","background-attachment":"scroll","background-type":"","background-media":"","overlay-type":"","overlay-color":"","overlay-gradient":""},"tablet":{"background-color":"var(--ast-global-color-5)","background-image":"","background-repeat":"repeat","background-position":"center center","background-size":"auto","background-attachment":"scroll","background-type":"","background-media":"","overlay-type":"","overlay-color":"","overlay-gradient":""},"mobile":{"background-color":"var(--ast-global-color-5)","background-image":"","background-repeat":"repeat","background-position":"center center","background-size":"auto","background-attachment":"scroll","background-type":"","background-media":"","overlay-type":"","overlay-color":"","overlay-gradient":""}},"_joinchat":[]},"product_cat":[54],"product_tag":[],"class_list":{"0":"post-2659","1":"product","2":"type-product","3":"status-publish","4":"has-post-thumbnail","6":"product_cat-wood-copy-shaper-machine","7":"desktop-align-center","8":"tablet-align-left","9":"mobile-align-left","11":"first","12":"instock","13":"shipping-taxable","14":"product-type-simple"},"yoast_head":"<!-- This site is optimized with the Yoast SEO Premium plugin v24.0 (Yoast SEO v24.1) - https:\/\/yoast.com\/wordpress\/plugins\/seo\/ -->\n<title>China Manufacturer Double-side Wood copy shaper machine | LDS<\/title>\n<meta name=\"description\" content=\"Double-side Wood copy shaper machine is designed for small Bamboo &amp; wood handicraft, such as cup lids, combs, toothbrushes, knife  brush handles, etc.\" \/>\n<meta name=\"robots\" content=\"index, follow, max-snippet:-1, max-image-preview:large, max-video-preview:-1\" \/>\n<link rel=\"canonical\" href=\"https:\/\/ldswoodworkingmachine.com\/vi\/san-pham\/china-manufacturer-mxz-7503-double-side-wood-copy-shaper-machine\/\" \/>\n<meta property=\"og:locale\" content=\"vi_VN\" \/>\n<meta property=\"og:type\" content=\"article\" \/>\n<meta property=\"og:title\" content=\"MXZ-7503 Double-side Wood copy shaper machine\" \/>\n<meta property=\"og:description\" content=\"Double-side Wood copy shaper machine is designed for small Bamboo &amp; wood handicraft, such as cup lids, combs, toothbrushes, knife  brush handles, etc.\" \/>\n<meta property=\"og:url\" content=\"https:\/\/ldswoodworkingmachine.com\/vi\/san-pham\/china-manufacturer-mxz-7503-double-side-wood-copy-shaper-machine\/\" \/>\n<meta property=\"og:site_name\" content=\"LDSWOODWORKINGMACHINE\" \/>\n<meta property=\"article:publisher\" content=\"https:\/\/www.facebook.com\/profile.php?id=100076190379298\" \/>\n<meta property=\"article:modified_time\" content=\"2023-03-22T06:20:30+00:00\" \/>\n<meta property=\"og:image\" content=\"https:\/\/ldswoodworkingmachine.com\/wp-content\/uploads\/2022\/05\/1-2.jpg\" \/>\n\t<meta property=\"og:image:width\" content=\"800\" \/>\n\t<meta property=\"og:image:height\" content=\"800\" \/>\n\t<meta property=\"og:image:type\" content=\"image\/jpeg\" \/>\n<meta name=\"twitter:card\" content=\"summary_large_image\" \/>\n<meta name=\"twitter:label1\" content=\"\u01af\u1edbc t\u00ednh th\u1eddi gian \u0111\u1ecdc\" \/>\n\t<meta name=\"twitter:data1\" content=\"3 ph\u00fat\" \/>\n<script type=\"application\/ld+json\" class=\"yoast-schema-graph\">{\"@context\":\"https:\/\/schema.org\",\"@graph\":[{\"@type\":\"WebPage\",\"@id\":\"https:\/\/ldswoodworkingmachine.com\/product\/china-manufacturer-mxz-7503-double-side-wood-copy-shaper-machine\",\"url\":\"https:\/\/ldswoodworkingmachine.com\/product\/china-manufacturer-mxz-7503-double-side-wood-copy-shaper-machine\",\"name\":\"China Manufacturer Double-side Wood copy shaper machine | LDS\",\"isPartOf\":{\"@id\":\"https:\/\/ldswoodworkingmachine.com\/#website\"},\"primaryImageOfPage\":{\"@id\":\"https:\/\/ldswoodworkingmachine.com\/product\/china-manufacturer-mxz-7503-double-side-wood-copy-shaper-machine#primaryimage\"},\"image\":{\"@id\":\"https:\/\/ldswoodworkingmachine.com\/product\/china-manufacturer-mxz-7503-double-side-wood-copy-shaper-machine#primaryimage\"},\"thumbnailUrl\":\"https:\/\/ldswoodworkingmachine.com\/wp-content\/uploads\/2022\/05\/1-2.webp\",\"datePublished\":\"2022-05-10T06:16:03+00:00\",\"dateModified\":\"2023-03-22T06:20:30+00:00\",\"description\":\"Double-side Wood copy shaper machine is designed for small Bamboo & wood handicraft, such as cup lids, combs, toothbrushes, knife \\\\ brush handles, etc.\",\"breadcrumb\":{\"@id\":\"https:\/\/ldswoodworkingmachine.com\/product\/china-manufacturer-mxz-7503-double-side-wood-copy-shaper-machine#breadcrumb\"},\"inLanguage\":\"vi\",\"potentialAction\":[{\"@type\":\"ReadAction\",\"target\":[\"https:\/\/ldswoodworkingmachine.com\/product\/china-manufacturer-mxz-7503-double-side-wood-copy-shaper-machine\"]}]},{\"@type\":\"ImageObject\",\"inLanguage\":\"vi\",\"@id\":\"https:\/\/ldswoodworkingmachine.com\/product\/china-manufacturer-mxz-7503-double-side-wood-copy-shaper-machine#primaryimage\",\"url\":\"https:\/\/ldswoodworkingmachine.com\/wp-content\/uploads\/2022\/05\/1-2.webp\",\"contentUrl\":\"https:\/\/ldswoodworkingmachine.com\/wp-content\/uploads\/2022\/05\/1-2.webp\",\"width\":800,\"height\":800,\"caption\":\"MXZ-7503 Double-side Wood copy shaper machine\"},{\"@type\":\"BreadcrumbList\",\"@id\":\"https:\/\/ldswoodworkingmachine.com\/product\/china-manufacturer-mxz-7503-double-side-wood-copy-shaper-machine#breadcrumb\",\"itemListElement\":[{\"@type\":\"ListItem\",\"position\":1,\"name\":\"Home\",\"item\":\"https:\/\/ldswoodworkingmachine.com\/\"},{\"@type\":\"ListItem\",\"position\":2,\"name\":\"All Product\",\"item\":\"https:\/\/ldswoodworkingmachine.com\/shop\"},{\"@type\":\"ListItem\",\"position\":3,\"name\":\"MXZ-7503 Double-side Wood copy shaper machine\"}]},{\"@type\":\"WebSite\",\"@id\":\"https:\/\/ldswoodworkingmachine.com\/#website\",\"url\":\"https:\/\/ldswoodworkingmachine.com\/\",\"name\":\"LDSWOODWORKINGMACHINE\",\"description\":\"WOODWORKING MACHINE\",\"publisher\":{\"@id\":\"https:\/\/ldswoodworkingmachine.com\/#organization\"},\"potentialAction\":[{\"@type\":\"SearchAction\",\"target\":{\"@type\":\"EntryPoint\",\"urlTemplate\":\"https:\/\/ldswoodworkingmachine.com\/?s={search_term_string}\"},\"query-input\":{\"@type\":\"PropertyValueSpecification\",\"valueRequired\":true,\"valueName\":\"search_term_string\"}}],\"inLanguage\":\"vi\"},{\"@type\":\"Organization\",\"@id\":\"https:\/\/ldswoodworkingmachine.com\/#organization\",\"name\":\"LDSWOODWORKINGMACHINE\",\"url\":\"https:\/\/ldswoodworkingmachine.com\/\",\"logo\":{\"@type\":\"ImageObject\",\"inLanguage\":\"vi\",\"@id\":\"https:\/\/ldswoodworkingmachine.com\/#\/schema\/logo\/image\/\",\"url\":\"https:\/\/ldswoodworkingmachine.com\/wp-content\/uploads\/2022\/04\/cropped-12-1.png\",\"contentUrl\":\"https:\/\/ldswoodworkingmachine.com\/wp-content\/uploads\/2022\/04\/cropped-12-1.png\",\"width\":334,\"height\":80,\"caption\":\"LDSWOODWORKINGMACHINE\"},\"image\":{\"@id\":\"https:\/\/ldswoodworkingmachine.com\/#\/schema\/logo\/image\/\"},\"sameAs\":[\"https:\/\/www.facebook.com\/profile.php?id=100076190379298\",\"https:\/\/www.youtube.com\/channel\/UC_ZTI5V0mMTwFrQ29Jmb5Qw?view_as=subscriber\"]}]}<\/script>\n<!-- \/ Yoast SEO Premium plugin. -->","yoast_head_json":{"title":"China Manufacturer Double-side Wood copy shaper machine | LDS","description":"Double-side Wood copy shaper machine is designed for small Bamboo & wood handicraft, such as cup lids, combs, toothbrushes, knife  brush handles, etc.","robots":{"index":"index","follow":"follow","max-snippet":"max-snippet:-1","max-image-preview":"max-image-preview:large","max-video-preview":"max-video-preview:-1"},"canonical":"https:\/\/ldswoodworkingmachine.com\/vi\/san-pham\/china-manufacturer-mxz-7503-double-side-wood-copy-shaper-machine\/","og_locale":"vi_VN","og_type":"article","og_title":"MXZ-7503 Double-side Wood copy shaper machine","og_description":"Double-side Wood copy shaper machine is designed for small Bamboo & wood handicraft, such as cup lids, combs, toothbrushes, knife  brush handles, etc.","og_url":"https:\/\/ldswoodworkingmachine.com\/vi\/san-pham\/china-manufacturer-mxz-7503-double-side-wood-copy-shaper-machine\/","og_site_name":"LDSWOODWORKINGMACHINE","article_publisher":"https:\/\/www.facebook.com\/profile.php?id=100076190379298","article_modified_time":"2023-03-22T06:20:30+00:00","og_image":[{"width":800,"height":800,"url":"https:\/\/ldswoodworkingmachine.com\/wp-content\/uploads\/2022\/05\/1-2.jpg","type":"image\/jpeg"}],"twitter_card":"summary_large_image","twitter_misc":{"\u01af\u1edbc t\u00ednh th\u1eddi gian \u0111\u1ecdc":"3 ph\u00fat"},"schema":{"@context":"https:\/\/schema.org","@graph":[{"@type":"WebPage","@id":"https:\/\/ldswoodworkingmachine.com\/product\/china-manufacturer-mxz-7503-double-side-wood-copy-shaper-machine","url":"https:\/\/ldswoodworkingmachine.com\/product\/china-manufacturer-mxz-7503-double-side-wood-copy-shaper-machine","name":"China Manufacturer Double-side Wood copy shaper machine | LDS","isPartOf":{"@id":"https:\/\/ldswoodworkingmachine.com\/#website"},"primaryImageOfPage":{"@id":"https:\/\/ldswoodworkingmachine.com\/product\/china-manufacturer-mxz-7503-double-side-wood-copy-shaper-machine#primaryimage"},"image":{"@id":"https:\/\/ldswoodworkingmachine.com\/product\/china-manufacturer-mxz-7503-double-side-wood-copy-shaper-machine#primaryimage"},"thumbnailUrl":"https:\/\/ldswoodworkingmachine.com\/wp-content\/uploads\/2022\/05\/1-2.webp","datePublished":"2022-05-10T06:16:03+00:00","dateModified":"2023-03-22T06:20:30+00:00","description":"Double-side Wood copy shaper machine is designed for small Bamboo & wood handicraft, such as cup lids, combs, toothbrushes, knife \\ brush handles, etc.","breadcrumb":{"@id":"https:\/\/ldswoodworkingmachine.com\/product\/china-manufacturer-mxz-7503-double-side-wood-copy-shaper-machine#breadcrumb"},"inLanguage":"vi","potentialAction":[{"@type":"ReadAction","target":["https:\/\/ldswoodworkingmachine.com\/product\/china-manufacturer-mxz-7503-double-side-wood-copy-shaper-machine"]}]},{"@type":"ImageObject","inLanguage":"vi","@id":"https:\/\/ldswoodworkingmachine.com\/product\/china-manufacturer-mxz-7503-double-side-wood-copy-shaper-machine#primaryimage","url":"https:\/\/ldswoodworkingmachine.com\/wp-content\/uploads\/2022\/05\/1-2.webp","contentUrl":"https:\/\/ldswoodworkingmachine.com\/wp-content\/uploads\/2022\/05\/1-2.webp","width":800,"height":800,"caption":"MXZ-7503 Double-side Wood copy shaper machine"},{"@type":"BreadcrumbList","@id":"https:\/\/ldswoodworkingmachine.com\/product\/china-manufacturer-mxz-7503-double-side-wood-copy-shaper-machine#breadcrumb","itemListElement":[{"@type":"ListItem","position":1,"name":"Home","item":"https:\/\/ldswoodworkingmachine.com\/"},{"@type":"ListItem","position":2,"name":"All Product","item":"https:\/\/ldswoodworkingmachine.com\/shop"},{"@type":"ListItem","position":3,"name":"MXZ-7503 Double-side Wood copy shaper machine"}]},{"@type":"WebSite","@id":"https:\/\/ldswoodworkingmachine.com\/#website","url":"https:\/\/ldswoodworkingmachine.com\/","name":"LDSWOODWORKINGMACHINE","description":"WOODWORKING MACHINE","publisher":{"@id":"https:\/\/ldswoodworkingmachine.com\/#organization"},"potentialAction":[{"@type":"SearchAction","target":{"@type":"EntryPoint","urlTemplate":"https:\/\/ldswoodworkingmachine.com\/?s={search_term_string}"},"query-input":{"@type":"PropertyValueSpecification","valueRequired":true,"valueName":"search_term_string"}}],"inLanguage":"vi"},{"@type":"Organization","@id":"https:\/\/ldswoodworkingmachine.com\/#organization","name":"LDSWOODWORKINGMACHINE","url":"https:\/\/ldswoodworkingmachine.com\/","logo":{"@type":"ImageObject","inLanguage":"vi","@id":"https:\/\/ldswoodworkingmachine.com\/#\/schema\/logo\/image\/","url":"https:\/\/ldswoodworkingmachine.com\/wp-content\/uploads\/2022\/04\/cropped-12-1.png","contentUrl":"https:\/\/ldswoodworkingmachine.com\/wp-content\/uploads\/2022\/04\/cropped-12-1.png","width":334,"height":80,"caption":"LDSWOODWORKINGMACHINE"},"image":{"@id":"https:\/\/ldswoodworkingmachine.com\/#\/schema\/logo\/image\/"},"sameAs":["https:\/\/www.facebook.com\/profile.php?id=100076190379298","https:\/\/www.youtube.com\/channel\/UC_ZTI5V0mMTwFrQ29Jmb5Qw?view_as=subscriber"]}]}},"_links":{"self":[{"href":"https:\/\/ldswoodworkingmachine.com\/vi\/wp-json\/wp\/v2\/product\/2659","targetHints":{"allow":["GET"]}}],"collection":[{"href":"https:\/\/ldswoodworkingmachine.com\/vi\/wp-json\/wp\/v2\/product"}],"about":[{"href":"https:\/\/ldswoodworkingmachine.com\/vi\/wp-json\/wp\/v2\/types\/product"}],"wp:featuredmedia":[{"embeddable":true,"href":"https:\/\/ldswoodworkingmachine.com\/vi\/wp-json\/wp\/v2\/media\/2930"}],"wp:attachment":[{"href":"https:\/\/ldswoodworkingmachine.com\/vi\/wp-json\/wp\/v2\/media?parent=2659"}],"wp:term":[{"taxonomy":"product_cat","embeddable":true,"href":"https:\/\/ldswoodworkingmachine.com\/vi\/wp-json\/wp\/v2\/product_cat?post=2659"},{"taxonomy":"product_tag","embeddable":true,"href":"https:\/\/ldswoodworkingmachine.com\/vi\/wp-json\/wp\/v2\/product_tag?post=2659"}],"curies":[{"name":"wp","href":"https:\/\/api.w.org\/{rel}","templated":true}]}}