{"id":2620,"date":"2022-05-10T02:29:19","date_gmt":"2022-05-10T02:29:19","guid":{"rendered":"https:\/\/ldswoodworkingmachine.com\/?post_type=product&#038;p=2620"},"modified":"2022-05-12T08:19:47","modified_gmt":"2022-05-12T08:19:47","slug":"cnc-bamboo-toothbrush-wave-machine","status":"publish","type":"product","link":"https:\/\/ldswoodworkingmachine.com\/vi\/san-pham\/cnc-bamboo-toothbrush-wave-machine","title":{"rendered":"CNC Tre b\u00e0n Ch\u1ea3i \u0111\u00e1nh r\u0103ng S\u00f3ng M\u00e1y"},"content":{"rendered":"<p><strong>CNC Tre b\u00e0n Ch\u1ea3i \u0111\u00e1nh r\u0103ng S\u00f3ng M\u00e1y t\u00ednh n\u0103ng ch\u00ednh:<\/strong><\/p>\n<ul>\n<li>Ho\u00e0n th\u00e0nh c\u1ea3 L\u00ean v\u00e0 Xu\u1ed1ng c\u00f9ng m\u1ed9t l\u00fac<\/li>\n<li>Nh\u1eadp tr\u1ef1c ti\u1ebfp b\u1ea3n v\u1ebd \u0111\u1ecbnh d\u1ea1ng CAD kh\u00f4ng c\u1ea7n l\u1eadp tr\u00ecnh G\u01b0\u01a1ng nh\u1eadp kh\u1ea9u t\u1eeb \u0110\u1ee9c, k\u00edch th\u01b0\u1edbc nh\u1ecf<\/li>\n<li>C\u00f4ng su\u1ea5t: 6-8Pcs\/min<\/li>\n<\/ul>\n<p><strong style=\"font-size: 16px;\">Th\u00f4ng s\u1ed1 k\u1ef9 thu\u1eadt:<\/strong><\/p>\n<ul>\n<li>Ph\u1ea1m vi x\u1eed l\u00fd: 200*30*20 mm<\/li>\n<li>Con dao tr\u1ee5c: 3.7 KW*2<\/li>\n<li>N\u00e2ng \u0111\u1ed9ng c\u01a1: 400*2<\/li>\n<li>\u0102n \u0111\u1ed9ng C\u01a1: 750 W<\/li>\n<li>K\u00edch th\u01b0\u1edbc: 1300*700*1600 mm<\/li>\n<li>\u00c1p: c\u00f3 th\u1ec3 \u0111\u01b0\u1ee3c ch\u1ec9nh<\/li>\n<\/ul>\n<p><strong>\u1ee8ng d\u1ee5ng:<\/strong><\/p>\n<p><img data-dominant-color=\"a6a096\" data-has-transparency=\"true\" style=\"--dominant-color: #a6a096;\" fetchpriority=\"high\" decoding=\"async\" class=\"has-transparency alignnone size-medium wp-image-2621\" src=\"https:\/\/ldswoodworkingmachine.com\/wp-content\/uploads\/2022\/05\/16521503181-189x300.png\" alt=\"\" width=\"189\" height=\"300\" srcset=\"https:\/\/ldswoodworkingmachine.com\/wp-content\/uploads\/2022\/05\/16521503181-189x300.png 189w, https:\/\/ldswoodworkingmachine.com\/wp-content\/uploads\/2022\/05\/16521503181-100x159.png 100w, https:\/\/ldswoodworkingmachine.com\/wp-content\/uploads\/2022\/05\/16521503181.png 229w\" sizes=\"(max-width: 189px) 100vw, 189px\" \/><\/p>\n<p><!--more--><\/p>","protected":false},"excerpt":{"rendered":"<ul>\n<li>Ho\u00e0n th\u00e0nh c\u1ea3 L\u00ean v\u00e0 Xu\u1ed1ng c\u00f9ng m\u1ed9t l\u00fac<\/li>\n<li>Nh\u1eadp tr\u1ef1c ti\u1ebfp b\u1ea3n v\u1ebd \u0111\u1ecbnh d\u1ea1ng CAD kh\u00f4ng c\u1ea7n l\u1eadp tr\u00ecnh G\u01b0\u01a1ng nh\u1eadp kh\u1ea9u t\u1eeb \u0110\u1ee9c, k\u00edch th\u01b0\u1edbc nh\u1ecf<\/li>\n<li>C\u00f4ng su\u1ea5t: 6-8Pcs\/min<\/li>\n<\/ul>","protected":false},"featured_media":2882,"template":"","meta":{"om_disable_all_campaigns":false,"_monsterinsights_skip_tracking":false,"_monsterinsights_sitenote_active":false,"_monsterinsights_sitenote_note":"","_monsterinsights_sitenote_category":0,"site-sidebar-layout":"default","site-content-layout":"default","ast-site-content-layout":"","site-content-style":"default","site-sidebar-style":"default","ast-global-header-display":"","ast-banner-title-visibility":"","ast-main-header-display":"","ast-hfb-above-header-display":"","ast-hfb-below-header-display":"","ast-hfb-mobile-header-display":"","site-post-title":"","ast-breadcrumbs-content":"","ast-featured-img":"","footer-sml-layout":"","theme-transparent-header-meta":"default","adv-header-id-meta":"","stick-header-meta":"","header-above-stick-meta":"","header-main-stick-meta":"","header-below-stick-meta":"","astra-migrate-meta-layouts":"default","ast-page-background-enabled":"default","ast-page-background-meta":{"desktop":{"background-color":"","background-image":"","background-repeat":"repeat","background-position":"center center","background-size":"auto","background-attachment":"scroll","background-type":"","background-media":"","overlay-type":"","overlay-color":"","overlay-gradient":""},"tablet":{"background-color":"","background-image":"","background-repeat":"repeat","background-position":"center center","background-size":"auto","background-attachment":"scroll","background-type":"","background-media":"","overlay-type":"","overlay-color":"","overlay-gradient":""},"mobile":{"background-color":"","background-image":"","background-repeat":"repeat","background-position":"center center","background-size":"auto","background-attachment":"scroll","background-type":"","background-media":"","overlay-type":"","overlay-color":"","overlay-gradient":""}},"ast-content-background-meta":{"desktop":{"background-color":"var(--ast-global-color-5)","background-image":"","background-repeat":"repeat","background-position":"center center","background-size":"auto","background-attachment":"scroll","background-type":"","background-media":"","overlay-type":"","overlay-color":"","overlay-gradient":""},"tablet":{"background-color":"var(--ast-global-color-5)","background-image":"","background-repeat":"repeat","background-position":"center center","background-size":"auto","background-attachment":"scroll","background-type":"","background-media":"","overlay-type":"","overlay-color":"","overlay-gradient":""},"mobile":{"background-color":"var(--ast-global-color-5)","background-image":"","background-repeat":"repeat","background-position":"center center","background-size":"auto","background-attachment":"scroll","background-type":"","background-media":"","overlay-type":"","overlay-color":"","overlay-gradient":""}},"_joinchat":[]},"product_cat":[57],"product_tag":[],"class_list":{"0":"post-2620","1":"product","2":"type-product","3":"status-publish","4":"has-post-thumbnail","6":"product_cat-bamboo-toothbrush-making-machine","7":"desktop-align-center","8":"tablet-align-left","9":"mobile-align-left","11":"first","12":"instock","13":"shipping-taxable","14":"product-type-simple"},"yoast_head":"<!-- This site is optimized with the Yoast SEO Premium plugin v24.0 (Yoast SEO v24.1) - https:\/\/yoast.com\/wordpress\/plugins\/seo\/ -->\n<title>CNC Bamboo Toothbrush Wave Machine - LDSWOODWORKINGMACHINE<\/title>\n<meta name=\"robots\" content=\"index, follow, max-snippet:-1, max-image-preview:large, max-video-preview:-1\" \/>\n<link rel=\"canonical\" href=\"https:\/\/ldswoodworkingmachine.com\/vi\/san-pham\/cnc-bamboo-toothbrush-wave-machine\/\" \/>\n<meta property=\"og:locale\" content=\"vi_VN\" \/>\n<meta property=\"og:type\" content=\"article\" \/>\n<meta property=\"og:title\" content=\"CNC Bamboo Toothbrush Wave Machine\" \/>\n<meta property=\"og:description\" content=\"Complete both Up and Down at the same time  Directly import CAD format drawings without programmingImported mirror from Germany,small size  Capacity\uff1a6-8Pcs\" \/>\n<meta property=\"og:url\" content=\"https:\/\/ldswoodworkingmachine.com\/vi\/san-pham\/cnc-bamboo-toothbrush-wave-machine\/\" \/>\n<meta property=\"og:site_name\" content=\"LDSWOODWORKINGMACHINE\" \/>\n<meta property=\"article:publisher\" content=\"https:\/\/www.facebook.com\/profile.php?id=100076190379298\" \/>\n<meta property=\"article:modified_time\" content=\"2022-05-12T08:19:47+00:00\" \/>\n<meta property=\"og:image\" content=\"https:\/\/ldswoodworkingmachine.com\/wp-content\/uploads\/2022\/05\/-5-e1652343569857.jpg\" \/>\n\t<meta property=\"og:image:width\" content=\"300\" \/>\n\t<meta property=\"og:image:height\" content=\"300\" \/>\n\t<meta property=\"og:image:type\" content=\"image\/jpeg\" \/>\n<meta name=\"twitter:card\" content=\"summary_large_image\" \/>\n<meta name=\"twitter:label1\" content=\"\u01af\u1edbc t\u00ednh th\u1eddi gian \u0111\u1ecdc\" \/>\n\t<meta name=\"twitter:data1\" content=\"1 ph\u00fat\" \/>\n<script type=\"application\/ld+json\" class=\"yoast-schema-graph\">{\"@context\":\"https:\/\/schema.org\",\"@graph\":[{\"@type\":\"WebPage\",\"@id\":\"https:\/\/ldswoodworkingmachine.com\/product\/cnc-bamboo-toothbrush-wave-machine\",\"url\":\"https:\/\/ldswoodworkingmachine.com\/product\/cnc-bamboo-toothbrush-wave-machine\",\"name\":\"CNC Bamboo Toothbrush Wave Machine - LDSWOODWORKINGMACHINE\",\"isPartOf\":{\"@id\":\"https:\/\/ldswoodworkingmachine.com\/#website\"},\"primaryImageOfPage\":{\"@id\":\"https:\/\/ldswoodworkingmachine.com\/product\/cnc-bamboo-toothbrush-wave-machine#primaryimage\"},\"image\":{\"@id\":\"https:\/\/ldswoodworkingmachine.com\/product\/cnc-bamboo-toothbrush-wave-machine#primaryimage\"},\"thumbnailUrl\":\"https:\/\/ldswoodworkingmachine.com\/wp-content\/uploads\/2022\/05\/-5-e1652343569857.webp\",\"datePublished\":\"2022-05-10T02:29:19+00:00\",\"dateModified\":\"2022-05-12T08:19:47+00:00\",\"breadcrumb\":{\"@id\":\"https:\/\/ldswoodworkingmachine.com\/product\/cnc-bamboo-toothbrush-wave-machine#breadcrumb\"},\"inLanguage\":\"vi\",\"potentialAction\":[{\"@type\":\"ReadAction\",\"target\":[\"https:\/\/ldswoodworkingmachine.com\/product\/cnc-bamboo-toothbrush-wave-machine\"]}]},{\"@type\":\"ImageObject\",\"inLanguage\":\"vi\",\"@id\":\"https:\/\/ldswoodworkingmachine.com\/product\/cnc-bamboo-toothbrush-wave-machine#primaryimage\",\"url\":\"https:\/\/ldswoodworkingmachine.com\/wp-content\/uploads\/2022\/05\/-5-e1652343569857.webp\",\"contentUrl\":\"https:\/\/ldswoodworkingmachine.com\/wp-content\/uploads\/2022\/05\/-5-e1652343569857.webp\",\"width\":300,\"height\":300,\"caption\":\"CNC Bamboo toothbrush machine\"},{\"@type\":\"BreadcrumbList\",\"@id\":\"https:\/\/ldswoodworkingmachine.com\/product\/cnc-bamboo-toothbrush-wave-machine#breadcrumb\",\"itemListElement\":[{\"@type\":\"ListItem\",\"position\":1,\"name\":\"Home\",\"item\":\"https:\/\/ldswoodworkingmachine.com\/\"},{\"@type\":\"ListItem\",\"position\":2,\"name\":\"All Product\",\"item\":\"https:\/\/ldswoodworkingmachine.com\/shop\"},{\"@type\":\"ListItem\",\"position\":3,\"name\":\"CNC Bamboo Toothbrush Wave Machine\"}]},{\"@type\":\"WebSite\",\"@id\":\"https:\/\/ldswoodworkingmachine.com\/#website\",\"url\":\"https:\/\/ldswoodworkingmachine.com\/\",\"name\":\"LDSWOODWORKINGMACHINE\",\"description\":\"WOODWORKING MACHINE\",\"publisher\":{\"@id\":\"https:\/\/ldswoodworkingmachine.com\/#organization\"},\"potentialAction\":[{\"@type\":\"SearchAction\",\"target\":{\"@type\":\"EntryPoint\",\"urlTemplate\":\"https:\/\/ldswoodworkingmachine.com\/?s={search_term_string}\"},\"query-input\":{\"@type\":\"PropertyValueSpecification\",\"valueRequired\":true,\"valueName\":\"search_term_string\"}}],\"inLanguage\":\"vi\"},{\"@type\":\"Organization\",\"@id\":\"https:\/\/ldswoodworkingmachine.com\/#organization\",\"name\":\"LDSWOODWORKINGMACHINE\",\"url\":\"https:\/\/ldswoodworkingmachine.com\/\",\"logo\":{\"@type\":\"ImageObject\",\"inLanguage\":\"vi\",\"@id\":\"https:\/\/ldswoodworkingmachine.com\/#\/schema\/logo\/image\/\",\"url\":\"https:\/\/ldswoodworkingmachine.com\/wp-content\/uploads\/2022\/04\/cropped-12-1.png\",\"contentUrl\":\"https:\/\/ldswoodworkingmachine.com\/wp-content\/uploads\/2022\/04\/cropped-12-1.png\",\"width\":334,\"height\":80,\"caption\":\"LDSWOODWORKINGMACHINE\"},\"image\":{\"@id\":\"https:\/\/ldswoodworkingmachine.com\/#\/schema\/logo\/image\/\"},\"sameAs\":[\"https:\/\/www.facebook.com\/profile.php?id=100076190379298\",\"https:\/\/www.youtube.com\/channel\/UC_ZTI5V0mMTwFrQ29Jmb5Qw?view_as=subscriber\"]}]}<\/script>\n<!-- \/ Yoast SEO Premium plugin. -->","yoast_head_json":{"title":"CNC Bamboo Toothbrush Wave Machine - LDSWOODWORKINGMACHINE","robots":{"index":"index","follow":"follow","max-snippet":"max-snippet:-1","max-image-preview":"max-image-preview:large","max-video-preview":"max-video-preview:-1"},"canonical":"https:\/\/ldswoodworkingmachine.com\/vi\/san-pham\/cnc-bamboo-toothbrush-wave-machine\/","og_locale":"vi_VN","og_type":"article","og_title":"CNC Bamboo Toothbrush Wave Machine","og_description":"Complete both Up and Down at the same time  Directly import CAD format drawings without programmingImported mirror from Germany,small size  Capacity\uff1a6-8Pcs","og_url":"https:\/\/ldswoodworkingmachine.com\/vi\/san-pham\/cnc-bamboo-toothbrush-wave-machine\/","og_site_name":"LDSWOODWORKINGMACHINE","article_publisher":"https:\/\/www.facebook.com\/profile.php?id=100076190379298","article_modified_time":"2022-05-12T08:19:47+00:00","og_image":[{"width":300,"height":300,"url":"https:\/\/ldswoodworkingmachine.com\/wp-content\/uploads\/2022\/05\/-5-e1652343569857.jpg","type":"image\/jpeg"}],"twitter_card":"summary_large_image","twitter_misc":{"\u01af\u1edbc t\u00ednh th\u1eddi gian \u0111\u1ecdc":"1 ph\u00fat"},"schema":{"@context":"https:\/\/schema.org","@graph":[{"@type":"WebPage","@id":"https:\/\/ldswoodworkingmachine.com\/product\/cnc-bamboo-toothbrush-wave-machine","url":"https:\/\/ldswoodworkingmachine.com\/product\/cnc-bamboo-toothbrush-wave-machine","name":"CNC Bamboo Toothbrush Wave Machine - LDSWOODWORKINGMACHINE","isPartOf":{"@id":"https:\/\/ldswoodworkingmachine.com\/#website"},"primaryImageOfPage":{"@id":"https:\/\/ldswoodworkingmachine.com\/product\/cnc-bamboo-toothbrush-wave-machine#primaryimage"},"image":{"@id":"https:\/\/ldswoodworkingmachine.com\/product\/cnc-bamboo-toothbrush-wave-machine#primaryimage"},"thumbnailUrl":"https:\/\/ldswoodworkingmachine.com\/wp-content\/uploads\/2022\/05\/-5-e1652343569857.webp","datePublished":"2022-05-10T02:29:19+00:00","dateModified":"2022-05-12T08:19:47+00:00","breadcrumb":{"@id":"https:\/\/ldswoodworkingmachine.com\/product\/cnc-bamboo-toothbrush-wave-machine#breadcrumb"},"inLanguage":"vi","potentialAction":[{"@type":"ReadAction","target":["https:\/\/ldswoodworkingmachine.com\/product\/cnc-bamboo-toothbrush-wave-machine"]}]},{"@type":"ImageObject","inLanguage":"vi","@id":"https:\/\/ldswoodworkingmachine.com\/product\/cnc-bamboo-toothbrush-wave-machine#primaryimage","url":"https:\/\/ldswoodworkingmachine.com\/wp-content\/uploads\/2022\/05\/-5-e1652343569857.webp","contentUrl":"https:\/\/ldswoodworkingmachine.com\/wp-content\/uploads\/2022\/05\/-5-e1652343569857.webp","width":300,"height":300,"caption":"CNC Bamboo toothbrush machine"},{"@type":"BreadcrumbList","@id":"https:\/\/ldswoodworkingmachine.com\/product\/cnc-bamboo-toothbrush-wave-machine#breadcrumb","itemListElement":[{"@type":"ListItem","position":1,"name":"Home","item":"https:\/\/ldswoodworkingmachine.com\/"},{"@type":"ListItem","position":2,"name":"All Product","item":"https:\/\/ldswoodworkingmachine.com\/shop"},{"@type":"ListItem","position":3,"name":"CNC Bamboo Toothbrush Wave Machine"}]},{"@type":"WebSite","@id":"https:\/\/ldswoodworkingmachine.com\/#website","url":"https:\/\/ldswoodworkingmachine.com\/","name":"LDSWOODWORKINGMACHINE","description":"WOODWORKING MACHINE","publisher":{"@id":"https:\/\/ldswoodworkingmachine.com\/#organization"},"potentialAction":[{"@type":"SearchAction","target":{"@type":"EntryPoint","urlTemplate":"https:\/\/ldswoodworkingmachine.com\/?s={search_term_string}"},"query-input":{"@type":"PropertyValueSpecification","valueRequired":true,"valueName":"search_term_string"}}],"inLanguage":"vi"},{"@type":"Organization","@id":"https:\/\/ldswoodworkingmachine.com\/#organization","name":"LDSWOODWORKINGMACHINE","url":"https:\/\/ldswoodworkingmachine.com\/","logo":{"@type":"ImageObject","inLanguage":"vi","@id":"https:\/\/ldswoodworkingmachine.com\/#\/schema\/logo\/image\/","url":"https:\/\/ldswoodworkingmachine.com\/wp-content\/uploads\/2022\/04\/cropped-12-1.png","contentUrl":"https:\/\/ldswoodworkingmachine.com\/wp-content\/uploads\/2022\/04\/cropped-12-1.png","width":334,"height":80,"caption":"LDSWOODWORKINGMACHINE"},"image":{"@id":"https:\/\/ldswoodworkingmachine.com\/#\/schema\/logo\/image\/"},"sameAs":["https:\/\/www.facebook.com\/profile.php?id=100076190379298","https:\/\/www.youtube.com\/channel\/UC_ZTI5V0mMTwFrQ29Jmb5Qw?view_as=subscriber"]}]}},"_links":{"self":[{"href":"https:\/\/ldswoodworkingmachine.com\/vi\/wp-json\/wp\/v2\/product\/2620","targetHints":{"allow":["GET"]}}],"collection":[{"href":"https:\/\/ldswoodworkingmachine.com\/vi\/wp-json\/wp\/v2\/product"}],"about":[{"href":"https:\/\/ldswoodworkingmachine.com\/vi\/wp-json\/wp\/v2\/types\/product"}],"wp:featuredmedia":[{"embeddable":true,"href":"https:\/\/ldswoodworkingmachine.com\/vi\/wp-json\/wp\/v2\/media\/2882"}],"wp:attachment":[{"href":"https:\/\/ldswoodworkingmachine.com\/vi\/wp-json\/wp\/v2\/media?parent=2620"}],"wp:term":[{"taxonomy":"product_cat","embeddable":true,"href":"https:\/\/ldswoodworkingmachine.com\/vi\/wp-json\/wp\/v2\/product_cat?post=2620"},{"taxonomy":"product_tag","embeddable":true,"href":"https:\/\/ldswoodworkingmachine.com\/vi\/wp-json\/wp\/v2\/product_tag?post=2620"}],"curies":[{"name":"wp","href":"https:\/\/api.w.org\/{rel}","templated":true}]}}