{"id":2614,"date":"2022-05-10T02:12:02","date_gmt":"2022-05-10T02:12:02","guid":{"rendered":"https:\/\/ldswoodworkingmachine.com\/?post_type=product&#038;p=2614"},"modified":"2022-05-10T08:12:59","modified_gmt":"2022-05-10T08:12:59","slug":"auto-co2-laser-logo-machine","status":"publish","type":"product","link":"https:\/\/ldswoodworkingmachine.com\/vi\/san-pham\/auto-co2-laser-logo-machine","title":{"rendered":"Auto CO2 Logo M\u00e1y"},"content":{"rendered":"<p><strong>Auto CO2 Logo M\u00e1y t\u00ednh n\u0103ng ch\u00ednh:<\/strong><\/p>\n<ul>\n<li>T\u1ed1c \u0111\u1ed9 cao g\u01b0\u01a1ng qu\u00e9t \u0111\u1ea7u \u0111\u01b0\u1ee3c th\u00f4ng qua \u0111\u1ec3 l\u00e0m gi\u1ea3m s\u1ef1 ch\u1eadm tr\u1ec5 c\u1ea3i thi\u1ec7n l\u00e0m spped<\/li>\n<li>Nh\u1eadp kh\u1ea9u g\u01b0\u01a1ng t\u1eeb \u0110\u1ee9c,k\u00edch th\u01b0\u1edbc nh\u1ecf<\/li>\n<li>S\u1ef1 m\u1ea5t m\u00e1t l\u00e0 nh\u1ecf v\u00e0 ch\u00f9m gi\u1ea5y ph\u00e9p \u0111\u01b0\u1ee3c \u0111\u1ed3ng b\u1ed9 h\u01a1n<\/li>\n<\/ul>\n<p><strong style=\"font-size: 16px;\">Th\u00f4ng s\u1ed1 k\u1ef9 thu\u1eadt:<\/strong><\/p>\n<table width=\"704\">\n<tbody>\n<tr>\n<td width=\"138\">Laser b\u01b0\u1edbc s\u00f3ng<\/td>\n<td width=\"118\">10.6 mm<\/td>\n<td width=\"203\">H\u1ecda d\u1ea1ng<\/td>\n<td width=\"245\">AI L\u00d2NG N\u00d3,JPGE,TG l\u00fd.<\/td>\n<\/tr>\n<tr>\n<td>Ch\u1ea5t l\u01b0\u1ee3ng c\u1ee7a \u00e1nh s\u00e1ng<\/td>\n<td>B\u1eaft 1.2 m<\/td>\n<td>\u00c1p<\/td>\n<td>AC220V\u00b110%<\/td>\n<\/tr>\n<tr>\n<td>T\u1ea7n s\u1ed1 xung<\/td>\n<td>0 \u0111\u1ebfn 25 khz<\/td>\n<td>T\u1ea7n s\u1ed1<\/td>\n<td>50\/60Hz<\/td>\n<\/tr>\n<tr>\n<td>Laser \u0111i\u1ec7n<\/td>\n<td>30 W<\/td>\n<td>K\u00edch th\u01b0\u1edbc<\/td>\n<td>1120*820*1650<\/td>\n<\/tr>\n<tr>\n<td>L\u00e0m m\u00e1t b\u1eb1ng c\u00e1ch<\/td>\n<td>L\u00e0m m\u00e1t b\u1eb1ng kh\u00f4ng kh\u00ed<\/td>\n<td>C\u00e2n<\/td>\n<td>258kg<\/td>\n<\/tr>\n<tr>\n<td>\u0110\u01b0\u1eddng r\u1ed9ng<\/td>\n<td>0.1 mm<\/td>\n<td>B\u1eb1ng c\u00e1ch s\u1eed d\u1ee5ng c\u00e1c m\u00f4i tr\u01b0\u1eddng<\/td>\n<td width=\"245\">nhi\u1ec7t \u0111\u1ed9: 10 \u0111\u1ebfn 35 \u0111\u1ed9\uff0c\u1ea9m t\u00ednh: 5 \u0111\u1ebfn 85% ng\u01b0ng t\u1ee5 Kh\u00f4ng, kh\u00f4ng c\u00f3 b\u1ee5i ho\u1eb7c \u00edt b\u1ee5i<\/td>\n<\/tr>\n<tr>\n<td>Nh\u00e2n v\u1eadt<\/td>\n<td>1.5 mm<\/td>\n<td>T\u1ed5ng l\u1ef1c<\/td>\n<td>B\u1eaft R\u1ed9ng 1,75 C\u00f4ng B\u1eaft 2.05 Kw<\/td>\n<\/tr>\n<tr>\n<td width=\"138\">\u0110\u00e1nh d\u1ea5u LOGO t\u1ed1c \u0111\u1ed9<\/td>\n<td>0-10000 mm\/s<\/td>\n<td>Laser \u0111\u00e1nh gi\u00e1 an to\u00e0n<\/td>\n<td>\u2173<\/td>\n<\/tr>\n<\/tbody>\n<\/table>\n<p><strong>\u1ee8ng d\u1ee5ng:<\/strong><\/p>\n<p><img data-dominant-color=\"c9ab8e\" data-has-transparency=\"true\" style=\"--dominant-color: #c9ab8e;\" fetchpriority=\"high\" decoding=\"async\" class=\"has-transparency alignnone size-medium wp-image-2616\" src=\"https:\/\/ldswoodworkingmachine.com\/wp-content\/uploads\/2022\/05\/16521496471-300x262.png\" alt=\"\" width=\"300\" height=\"262\" srcset=\"https:\/\/ldswoodworkingmachine.com\/wp-content\/uploads\/2022\/05\/16521496471-300x262.png 300w, https:\/\/ldswoodworkingmachine.com\/wp-content\/uploads\/2022\/05\/16521496471-100x87.png 100w, https:\/\/ldswoodworkingmachine.com\/wp-content\/uploads\/2022\/05\/16521496471.png 322w\" sizes=\"(max-width: 300px) 100vw, 300px\" \/><\/p>\n<p><strong>Link Video:<\/strong><\/p>\n<p><a href=\"https:\/\/www.youtube.com\/watch?v=pbhbT883BFQ\">https:\/\/www.youtube.com\/watch?v=pbhbT883BFQ<\/a><\/p>\n<p><!--more--><\/p>","protected":false},"excerpt":{"rendered":"<ul>\n<li>T\u1ed1c \u0111\u1ed9 cao g\u01b0\u01a1ng qu\u00e9t \u0111\u1ea7u \u0111\u01b0\u1ee3c th\u00f4ng qua \u0111\u1ec3 l\u00e0m gi\u1ea3m s\u1ef1 ch\u1eadm tr\u1ec5 c\u1ea3i thi\u1ec7n l\u00e0m spped<\/li>\n<li>Nh\u1eadp kh\u1ea9u g\u01b0\u01a1ng t\u1eeb \u0110\u1ee9c,k\u00edch th\u01b0\u1edbc nh\u1ecf<\/li>\n<li>S\u1ef1 m\u1ea5t m\u00e1t l\u00e0 nh\u1ecf v\u00e0 ch\u00f9m gi\u1ea5y ph\u00e9p \u0111\u01b0\u1ee3c \u0111\u1ed3ng b\u1ed9 h\u01a1n<\/li>\n<\/ul>","protected":false},"featured_media":2643,"template":"","meta":{"om_disable_all_campaigns":false,"_monsterinsights_skip_tracking":false,"_monsterinsights_sitenote_active":false,"_monsterinsights_sitenote_note":"","_monsterinsights_sitenote_category":0,"site-sidebar-layout":"default","site-content-layout":"default","ast-site-content-layout":"","site-content-style":"default","site-sidebar-style":"default","ast-global-header-display":"","ast-banner-title-visibility":"","ast-main-header-display":"","ast-hfb-above-header-display":"","ast-hfb-below-header-display":"","ast-hfb-mobile-header-display":"","site-post-title":"","ast-breadcrumbs-content":"","ast-featured-img":"","footer-sml-layout":"","theme-transparent-header-meta":"default","adv-header-id-meta":"","stick-header-meta":"","header-above-stick-meta":"","header-main-stick-meta":"","header-below-stick-meta":"","astra-migrate-meta-layouts":"default","ast-page-background-enabled":"default","ast-page-background-meta":{"desktop":{"background-color":"","background-image":"","background-repeat":"repeat","background-position":"center center","background-size":"auto","background-attachment":"scroll","background-type":"","background-media":"","overlay-type":"","overlay-color":"","overlay-gradient":""},"tablet":{"background-color":"","background-image":"","background-repeat":"repeat","background-position":"center center","background-size":"auto","background-attachment":"scroll","background-type":"","background-media":"","overlay-type":"","overlay-color":"","overlay-gradient":""},"mobile":{"background-color":"","background-image":"","background-repeat":"repeat","background-position":"center center","background-size":"auto","background-attachment":"scroll","background-type":"","background-media":"","overlay-type":"","overlay-color":"","overlay-gradient":""}},"ast-content-background-meta":{"desktop":{"background-color":"var(--ast-global-color-5)","background-image":"","background-repeat":"repeat","background-position":"center center","background-size":"auto","background-attachment":"scroll","background-type":"","background-media":"","overlay-type":"","overlay-color":"","overlay-gradient":""},"tablet":{"background-color":"var(--ast-global-color-5)","background-image":"","background-repeat":"repeat","background-position":"center center","background-size":"auto","background-attachment":"scroll","background-type":"","background-media":"","overlay-type":"","overlay-color":"","overlay-gradient":""},"mobile":{"background-color":"var(--ast-global-color-5)","background-image":"","background-repeat":"repeat","background-position":"center center","background-size":"auto","background-attachment":"scroll","background-type":"","background-media":"","overlay-type":"","overlay-color":"","overlay-gradient":""}},"_joinchat":[]},"product_cat":[57],"product_tag":[],"class_list":{"0":"post-2614","1":"product","2":"type-product","3":"status-publish","4":"has-post-thumbnail","6":"product_cat-bamboo-toothbrush-making-machine","7":"desktop-align-center","8":"tablet-align-left","9":"mobile-align-left","11":"first","12":"instock","13":"shipping-taxable","14":"product-type-simple"},"yoast_head":"<!-- This site is optimized with the Yoast SEO Premium plugin v24.0 (Yoast SEO v24.1) - https:\/\/yoast.com\/wordpress\/plugins\/seo\/ -->\n<title>Auto CO2 Laser Logo Machine - LDSWOODWORKINGMACHINE<\/title>\n<meta name=\"robots\" content=\"index, follow, max-snippet:-1, max-image-preview:large, max-video-preview:-1\" \/>\n<link rel=\"canonical\" href=\"https:\/\/ldswoodworkingmachine.com\/vi\/san-pham\/auto-co2-laser-logo-machine\/\" \/>\n<meta property=\"og:locale\" content=\"vi_VN\" \/>\n<meta property=\"og:type\" content=\"article\" \/>\n<meta property=\"og:title\" content=\"Auto CO2 Laser Logo Machine\" \/>\n<meta property=\"og:description\" content=\"High speed mirror scanning head is adopted to reduce the delay improve making spped  Imported mirror from Germany,small size  The loss is small and the beam distribution is more uniform\" \/>\n<meta property=\"og:url\" content=\"https:\/\/ldswoodworkingmachine.com\/vi\/san-pham\/auto-co2-laser-logo-machine\/\" \/>\n<meta property=\"og:site_name\" content=\"LDSWOODWORKINGMACHINE\" \/>\n<meta property=\"article:publisher\" content=\"https:\/\/www.facebook.com\/profile.php?id=100076190379298\" \/>\n<meta property=\"article:modified_time\" content=\"2022-05-10T08:12:59+00:00\" \/>\n<meta property=\"og:image\" content=\"https:\/\/ldswoodworkingmachine.com\/wp-content\/uploads\/2022\/05\/LOGO\u673a.jpg\" \/>\n\t<meta property=\"og:image:width\" content=\"630\" \/>\n\t<meta property=\"og:image:height\" content=\"675\" \/>\n\t<meta property=\"og:image:type\" content=\"image\/jpeg\" \/>\n<meta name=\"twitter:card\" content=\"summary_large_image\" \/>\n<meta name=\"twitter:label1\" content=\"\u01af\u1edbc t\u00ednh th\u1eddi gian \u0111\u1ecdc\" \/>\n\t<meta name=\"twitter:data1\" content=\"1 ph\u00fat\" \/>\n<script type=\"application\/ld+json\" class=\"yoast-schema-graph\">{\"@context\":\"https:\/\/schema.org\",\"@graph\":[{\"@type\":\"WebPage\",\"@id\":\"https:\/\/ldswoodworkingmachine.com\/product\/auto-co2-laser-logo-machine\",\"url\":\"https:\/\/ldswoodworkingmachine.com\/product\/auto-co2-laser-logo-machine\",\"name\":\"Auto CO2 Laser Logo Machine - LDSWOODWORKINGMACHINE\",\"isPartOf\":{\"@id\":\"https:\/\/ldswoodworkingmachine.com\/#website\"},\"primaryImageOfPage\":{\"@id\":\"https:\/\/ldswoodworkingmachine.com\/product\/auto-co2-laser-logo-machine#primaryimage\"},\"image\":{\"@id\":\"https:\/\/ldswoodworkingmachine.com\/product\/auto-co2-laser-logo-machine#primaryimage\"},\"thumbnailUrl\":\"https:\/\/ldswoodworkingmachine.com\/wp-content\/uploads\/2022\/05\/LOGO\u673a.webp\",\"datePublished\":\"2022-05-10T02:12:02+00:00\",\"dateModified\":\"2022-05-10T08:12:59+00:00\",\"breadcrumb\":{\"@id\":\"https:\/\/ldswoodworkingmachine.com\/product\/auto-co2-laser-logo-machine#breadcrumb\"},\"inLanguage\":\"vi\",\"potentialAction\":[{\"@type\":\"ReadAction\",\"target\":[\"https:\/\/ldswoodworkingmachine.com\/product\/auto-co2-laser-logo-machine\"]}]},{\"@type\":\"ImageObject\",\"inLanguage\":\"vi\",\"@id\":\"https:\/\/ldswoodworkingmachine.com\/product\/auto-co2-laser-logo-machine#primaryimage\",\"url\":\"https:\/\/ldswoodworkingmachine.com\/wp-content\/uploads\/2022\/05\/LOGO\u673a.webp\",\"contentUrl\":\"https:\/\/ldswoodworkingmachine.com\/wp-content\/uploads\/2022\/05\/LOGO\u673a.webp\",\"width\":630,\"height\":675,\"caption\":\"laser logo machine\"},{\"@type\":\"BreadcrumbList\",\"@id\":\"https:\/\/ldswoodworkingmachine.com\/product\/auto-co2-laser-logo-machine#breadcrumb\",\"itemListElement\":[{\"@type\":\"ListItem\",\"position\":1,\"name\":\"Home\",\"item\":\"https:\/\/ldswoodworkingmachine.com\/\"},{\"@type\":\"ListItem\",\"position\":2,\"name\":\"All Product\",\"item\":\"https:\/\/ldswoodworkingmachine.com\/shop\"},{\"@type\":\"ListItem\",\"position\":3,\"name\":\"Auto CO2 Laser Logo Machine\"}]},{\"@type\":\"WebSite\",\"@id\":\"https:\/\/ldswoodworkingmachine.com\/#website\",\"url\":\"https:\/\/ldswoodworkingmachine.com\/\",\"name\":\"LDSWOODWORKINGMACHINE\",\"description\":\"WOODWORKING MACHINE\",\"publisher\":{\"@id\":\"https:\/\/ldswoodworkingmachine.com\/#organization\"},\"potentialAction\":[{\"@type\":\"SearchAction\",\"target\":{\"@type\":\"EntryPoint\",\"urlTemplate\":\"https:\/\/ldswoodworkingmachine.com\/?s={search_term_string}\"},\"query-input\":{\"@type\":\"PropertyValueSpecification\",\"valueRequired\":true,\"valueName\":\"search_term_string\"}}],\"inLanguage\":\"vi\"},{\"@type\":\"Organization\",\"@id\":\"https:\/\/ldswoodworkingmachine.com\/#organization\",\"name\":\"LDSWOODWORKINGMACHINE\",\"url\":\"https:\/\/ldswoodworkingmachine.com\/\",\"logo\":{\"@type\":\"ImageObject\",\"inLanguage\":\"vi\",\"@id\":\"https:\/\/ldswoodworkingmachine.com\/#\/schema\/logo\/image\/\",\"url\":\"https:\/\/ldswoodworkingmachine.com\/wp-content\/uploads\/2022\/04\/cropped-12-1.png\",\"contentUrl\":\"https:\/\/ldswoodworkingmachine.com\/wp-content\/uploads\/2022\/04\/cropped-12-1.png\",\"width\":334,\"height\":80,\"caption\":\"LDSWOODWORKINGMACHINE\"},\"image\":{\"@id\":\"https:\/\/ldswoodworkingmachine.com\/#\/schema\/logo\/image\/\"},\"sameAs\":[\"https:\/\/www.facebook.com\/profile.php?id=100076190379298\",\"https:\/\/www.youtube.com\/channel\/UC_ZTI5V0mMTwFrQ29Jmb5Qw?view_as=subscriber\"]}]}<\/script>\n<!-- \/ Yoast SEO Premium plugin. -->","yoast_head_json":{"title":"Auto CO2 Laser Logo Machine - LDSWOODWORKINGMACHINE","robots":{"index":"index","follow":"follow","max-snippet":"max-snippet:-1","max-image-preview":"max-image-preview:large","max-video-preview":"max-video-preview:-1"},"canonical":"https:\/\/ldswoodworkingmachine.com\/vi\/san-pham\/auto-co2-laser-logo-machine\/","og_locale":"vi_VN","og_type":"article","og_title":"Auto CO2 Laser Logo Machine","og_description":"High speed mirror scanning head is adopted to reduce the delay improve making spped  Imported mirror from Germany,small size  The loss is small and the beam distribution is more uniform","og_url":"https:\/\/ldswoodworkingmachine.com\/vi\/san-pham\/auto-co2-laser-logo-machine\/","og_site_name":"LDSWOODWORKINGMACHINE","article_publisher":"https:\/\/www.facebook.com\/profile.php?id=100076190379298","article_modified_time":"2022-05-10T08:12:59+00:00","og_image":[{"width":630,"height":675,"url":"https:\/\/ldswoodworkingmachine.com\/wp-content\/uploads\/2022\/05\/LOGO\u673a.jpg","type":"image\/jpeg"}],"twitter_card":"summary_large_image","twitter_misc":{"\u01af\u1edbc t\u00ednh th\u1eddi gian \u0111\u1ecdc":"1 ph\u00fat"},"schema":{"@context":"https:\/\/schema.org","@graph":[{"@type":"WebPage","@id":"https:\/\/ldswoodworkingmachine.com\/product\/auto-co2-laser-logo-machine","url":"https:\/\/ldswoodworkingmachine.com\/product\/auto-co2-laser-logo-machine","name":"Auto CO2 Laser Logo Machine - LDSWOODWORKINGMACHINE","isPartOf":{"@id":"https:\/\/ldswoodworkingmachine.com\/#website"},"primaryImageOfPage":{"@id":"https:\/\/ldswoodworkingmachine.com\/product\/auto-co2-laser-logo-machine#primaryimage"},"image":{"@id":"https:\/\/ldswoodworkingmachine.com\/product\/auto-co2-laser-logo-machine#primaryimage"},"thumbnailUrl":"https:\/\/ldswoodworkingmachine.com\/wp-content\/uploads\/2022\/05\/LOGO\u673a.webp","datePublished":"2022-05-10T02:12:02+00:00","dateModified":"2022-05-10T08:12:59+00:00","breadcrumb":{"@id":"https:\/\/ldswoodworkingmachine.com\/product\/auto-co2-laser-logo-machine#breadcrumb"},"inLanguage":"vi","potentialAction":[{"@type":"ReadAction","target":["https:\/\/ldswoodworkingmachine.com\/product\/auto-co2-laser-logo-machine"]}]},{"@type":"ImageObject","inLanguage":"vi","@id":"https:\/\/ldswoodworkingmachine.com\/product\/auto-co2-laser-logo-machine#primaryimage","url":"https:\/\/ldswoodworkingmachine.com\/wp-content\/uploads\/2022\/05\/LOGO\u673a.webp","contentUrl":"https:\/\/ldswoodworkingmachine.com\/wp-content\/uploads\/2022\/05\/LOGO\u673a.webp","width":630,"height":675,"caption":"laser logo machine"},{"@type":"BreadcrumbList","@id":"https:\/\/ldswoodworkingmachine.com\/product\/auto-co2-laser-logo-machine#breadcrumb","itemListElement":[{"@type":"ListItem","position":1,"name":"Home","item":"https:\/\/ldswoodworkingmachine.com\/"},{"@type":"ListItem","position":2,"name":"All Product","item":"https:\/\/ldswoodworkingmachine.com\/shop"},{"@type":"ListItem","position":3,"name":"Auto CO2 Laser Logo Machine"}]},{"@type":"WebSite","@id":"https:\/\/ldswoodworkingmachine.com\/#website","url":"https:\/\/ldswoodworkingmachine.com\/","name":"LDSWOODWORKINGMACHINE","description":"WOODWORKING MACHINE","publisher":{"@id":"https:\/\/ldswoodworkingmachine.com\/#organization"},"potentialAction":[{"@type":"SearchAction","target":{"@type":"EntryPoint","urlTemplate":"https:\/\/ldswoodworkingmachine.com\/?s={search_term_string}"},"query-input":{"@type":"PropertyValueSpecification","valueRequired":true,"valueName":"search_term_string"}}],"inLanguage":"vi"},{"@type":"Organization","@id":"https:\/\/ldswoodworkingmachine.com\/#organization","name":"LDSWOODWORKINGMACHINE","url":"https:\/\/ldswoodworkingmachine.com\/","logo":{"@type":"ImageObject","inLanguage":"vi","@id":"https:\/\/ldswoodworkingmachine.com\/#\/schema\/logo\/image\/","url":"https:\/\/ldswoodworkingmachine.com\/wp-content\/uploads\/2022\/04\/cropped-12-1.png","contentUrl":"https:\/\/ldswoodworkingmachine.com\/wp-content\/uploads\/2022\/04\/cropped-12-1.png","width":334,"height":80,"caption":"LDSWOODWORKINGMACHINE"},"image":{"@id":"https:\/\/ldswoodworkingmachine.com\/#\/schema\/logo\/image\/"},"sameAs":["https:\/\/www.facebook.com\/profile.php?id=100076190379298","https:\/\/www.youtube.com\/channel\/UC_ZTI5V0mMTwFrQ29Jmb5Qw?view_as=subscriber"]}]}},"_links":{"self":[{"href":"https:\/\/ldswoodworkingmachine.com\/vi\/wp-json\/wp\/v2\/product\/2614","targetHints":{"allow":["GET"]}}],"collection":[{"href":"https:\/\/ldswoodworkingmachine.com\/vi\/wp-json\/wp\/v2\/product"}],"about":[{"href":"https:\/\/ldswoodworkingmachine.com\/vi\/wp-json\/wp\/v2\/types\/product"}],"wp:featuredmedia":[{"embeddable":true,"href":"https:\/\/ldswoodworkingmachine.com\/vi\/wp-json\/wp\/v2\/media\/2643"}],"wp:attachment":[{"href":"https:\/\/ldswoodworkingmachine.com\/vi\/wp-json\/wp\/v2\/media?parent=2614"}],"wp:term":[{"taxonomy":"product_cat","embeddable":true,"href":"https:\/\/ldswoodworkingmachine.com\/vi\/wp-json\/wp\/v2\/product_cat?post=2614"},{"taxonomy":"product_tag","embeddable":true,"href":"https:\/\/ldswoodworkingmachine.com\/vi\/wp-json\/wp\/v2\/product_tag?post=2614"}],"curies":[{"name":"wp","href":"https:\/\/api.w.org\/{rel}","templated":true}]}}