{"id":2607,"date":"2022-05-10T02:08:53","date_gmt":"2022-05-10T02:08:53","guid":{"rendered":"https:\/\/ldswoodworkingmachine.com\/?post_type=product&#038;p=2607"},"modified":"2023-03-22T02:44:34","modified_gmt":"2023-03-22T02:44:34","slug":"bamboo-toothbrush-tuftingtrimming-machine","status":"publish","type":"product","link":"https:\/\/ldswoodworkingmachine.com\/vi\/san-pham\/bamboo-toothbrush-tuftingtrimming-machine","title":{"rendered":"M\u00e1y c\u1eaft t\u1ec9a l\u00f4ng b\u00e0n ch\u1ea3i \u0111\u00e1nh r\u0103ng b\u1eb1ng tre"},"content":{"rendered":"<p><strong>Tre b\u00e0n Ch\u1ea3i \u0111\u00e1nh r\u0103ng v&amp;trang Tr\u00ed M\u00e1y s\u1ea3n Ph\u1ea9m chi ti\u1ebft:<\/strong><\/p>\n<p>M\u1eabu S\u1ed1:BHF-160T<\/p>\n<p>S\u1ea3n ph\u1ea9m T\u00ean:Tre b\u00e0n Ch\u1ea3i \u0111\u00e1nh r\u0103ng v&amp;M\u00e1y c\u1eaft T\u1ec9a<\/p>\n<p>T\u00ecnh Tr\u1ea1ng:M\u1edbi<\/p>\n<p>Sau khi b\u00e1n h\u00e0ng d\u1ecbch v\u1ee5 mi\u1ec5n Ph\u00ed ph\u1ee5 T\u00f9ng,k\u1ef9 S\u01b0 c\u00f3 s\u1eb5n m\u00e1y m\u00f3c d\u1ecbch v\u1ee5 oveaseas.<\/p>\n<p><strong>THANH TO\u00c1N V\u00c0 V\u1eacN CHUY\u1ec2N KHO\u1ea2N<\/strong><\/p>\n<p>LI\u1ec6U:1 B\u1ed9<\/p>\n<p>Gi\u00e1:$25000-$35000<\/p>\n<p>Gi\u00e1 ItemCIF,\u0111\u1ebfn \u0111\u1ea7u ng\u00f3n tay,L,tr\u01b0\u1eddng h\u1ee3p<\/p>\n<p>Kh\u1ea3 N\u0103ng cung c\u1ea5p:10 B\u1ed9 m\u1ed7i Th\u00e1ng<\/p>\n<p>\u0110\u00f3ng G\u00f3i Chi Ti\u1ebft:H\u1ed9p G\u1ed7<\/p>\n<p>V\u1eadn Chuy\u1ec3n Kho\u1ea3n:B\u1eb1ng \u0110\u01b0\u1eddng Bi\u1ec3n<\/p>\n<p>C\u1ed5ng:Qu\u1ea3ng ch\u00e2u, hay QUY\u1ebeN Trung qu\u1ed1c<\/p>\n<p>Th\u1eddi Gian Giao H\u00e0ng:Kho\u1ea3ng 25 Ng\u00e0y<\/p>\n<p><strong>D\u1eee LI\u1ec6U K\u1ef8 THU\u1eacT<\/strong><\/p>\n<table class=\"table table-bordered\">\n<tbody>\n<tr class=\"firstRow\">\n<td valign=\"top\" width=\"320\">Ch\u1ee9c n\u0103ng<\/td>\n<td valign=\"top\" width=\"320\">KHOAN v\u00e0 m\u1ed9t V<\/td>\n<\/tr>\n<tr>\n<td colspan=\"1\" rowspan=\"1\" valign=\"top\" width=\"0\">V Ch\u1ebf \u0110\u1ed9<\/td>\n<td colspan=\"1\" rowspan=\"1\" valign=\"top\" width=\"320\">Ch\u1ee7 Y\u1ebfu Ch\u1ebf \u0110\u1ed9<\/td>\n<\/tr>\n<tr>\n<td valign=\"top\" width=\"320\">Ho\u1ea1t \u0110\u1ed9ng Ch\u1ebf \u0110\u1ed9<\/td>\n<td valign=\"top\" width=\"320\">B\u00e1n t\u1ef1 \u0111\u1ed9ng<\/td>\n<\/tr>\n<tr>\n<td colspan=\"1\" rowspan=\"1\" valign=\"top\" width=\"0\">Ch\u1ea5t li\u1ec7u c\u1ee7a b\u00e0n Ch\u1ea3i Kh\u1ed1i<\/td>\n<td colspan=\"1\" rowspan=\"1\" valign=\"top\" width=\"320\">Tre V\u00e0 G\u1ed7<\/td>\n<\/tr>\n<tr>\n<td colspan=\"1\" rowspan=\"1\" valign=\"top\" width=\"0\">K\u00ednh c\u1ee7a L\u1ed7(mm)<\/td>\n<td colspan=\"1\" rowspan=\"1\" valign=\"top\" width=\"320\">2-6<\/td>\n<\/tr>\n<tr>\n<td colspan=\"1\" rowspan=\"1\" valign=\"top\" width=\"0\">Max. S\u1ee3i(mm)<\/td>\n<td colspan=\"1\" rowspan=\"1\" valign=\"top\" width=\"320\">250<\/td>\n<\/tr>\n<tr>\n<td colspan=\"1\" rowspan=\"1\" valign=\"top\" width=\"0\">Ch\u1ea5t li\u1ec7u c\u1ee7a S\u1ee3i<\/td>\n<td colspan=\"1\" rowspan=\"1\" valign=\"top\" width=\"320\">TRANG,NH\u1ef0A,v\u1eadt NU\u00d4I,Nylon etc.<\/td>\n<\/tr>\n<tr>\n<td colspan=\"1\" rowspan=\"1\" valign=\"top\" width=\"0\">L\u00f4ng Container<\/td>\n<td colspan=\"1\" rowspan=\"1\" valign=\"top\" width=\"320\">\u0110\u00f4i M\u00e0u<\/td>\n<\/tr>\n<tr>\n<td valign=\"top\" width=\"320\">T\u1ed1c \u0110\u1ed9 S\u1ea3n Xu\u1ea5t<\/td>\n<td valign=\"top\" width=\"320\">540-600 L\u1ed7\/Ph\u00fat<\/td>\n<\/tr>\n<tr>\n<td valign=\"top\" width=\"320\">\u0110\u1ed9ng c\u01a1<\/td>\n<td valign=\"top\" width=\"320\">Servo<\/td>\n<\/tr>\n<tr>\n<td colspan=\"1\" rowspan=\"1\" valign=\"top\" width=\"326\">K\u00edch th\u01b0\u1edbc c\u1ee7a M\u00e1y(l*w*h,mm)<\/td>\n<td colspan=\"1\" rowspan=\"1\" valign=\"top\" width=\"320\">1900*1250*1800<\/td>\n<\/tr>\n<tr>\n<td colspan=\"1\" rowspan=\"1\" valign=\"top\" width=\"0\">K\u00edch th\u01b0\u1edbc c\u1ee7a \u0110i\u1ec7n H\u1ed9p(l*w*h,mm)<\/td>\n<td colspan=\"1\" rowspan=\"1\" valign=\"top\" width=\"320\">550*600*1300<\/td>\n<\/tr>\n<tr>\n<td colspan=\"1\" rowspan=\"1\" valign=\"top\" width=\"0\">(KG)<\/td>\n<td colspan=\"1\" rowspan=\"1\" valign=\"top\" width=\"320\">Kho\u1ea3ng 1000<\/td>\n<\/tr>\n<tr>\n<td colspan=\"1\" rowspan=\"1\" valign=\"top\" width=\"0\">B\u1ea3o H\u00e0nh(N\u0103m)<\/td>\n<td colspan=\"1\" rowspan=\"1\" valign=\"top\" width=\"320\">3<\/td>\n<\/tr>\n<\/tbody>\n<\/table>\n<p><strong>\u0110i\u1ec3m n\u1ed5i B\u1eacT<\/strong><\/p>\n<p>(1) m\u00e1y N\u00e0y \u0111\u01b0\u1ee3c s\u1eed d\u1ee5ng \u0111\u1ec3 s\u1ea3n xu\u1ea5t \u0111\u00f4i-m\u00e0u tre b\u00e0n ch\u1ea3i \u0111\u00e1nh r\u0103ng.N\u00f3 c\u00f3 \u0111\u1eb7c t\u00ednh c\u1ee7a ch\u1ea5t n\u0103ng su\u1ea5t,ch\u1ee9c n\u0103ng cao t\u1ed1c \u0111\u1ed9 v\u00e0 d\u1ec5 d\u00e0ng \u0111\u1ec3 ho\u1ea1t \u0111\u1ed9ng.<\/p>\n<p>(2) Ch\u00fang t\u00f4i \u0111\u00e3 \u0111\u01b0\u1ee3c tham gia trong c\u00e1c b\u00e0n ch\u1ea3i ng\u00e0nh c\u00f4ng nghi\u1ec7p cho g\u1ea7n 10 n\u0103m v\u00e0 \u0111\u00e3 entensive kinh nghi\u1ec7m.<\/p>\n<p>(3) m\u00e1y c\u1ee7a Ch\u00fang t\u00f4i \u0111\u00e3 \u0111\u01b0\u1ee3c xu\u1ea5t \u0111\u1ec3 28 qu\u1ed1c gia tr\u00ean th\u1ebf gi\u1edbi.<\/p>\n<p><strong>\u1ea2NH CHI TI\u1ebeT<\/strong><\/p>\n<p><img data-dominant-color=\"f7f2ec\" data-has-transparency=\"false\" style=\"--dominant-color: #f7f2ec;\" fetchpriority=\"high\" decoding=\"async\" class=\"not-transparent alignnone wp-image-2608 size-medium\" src=\"https:\/\/ldswoodworkingmachine.com\/wp-content\/uploads\/2022\/05\/20200111758144-300x300.jpg\" alt=\"Bamboo Toothbrush tufting&amp;Trimming Machine\" width=\"300\" height=\"300\" srcset=\"https:\/\/ldswoodworkingmachine.com\/wp-content\/uploads\/2022\/05\/20200111758144-300x300.jpg 300w, https:\/\/ldswoodworkingmachine.com\/wp-content\/uploads\/2022\/05\/20200111758144-100x100.jpg 100w, https:\/\/ldswoodworkingmachine.com\/wp-content\/uploads\/2022\/05\/20200111758144-150x150.jpg 150w, https:\/\/ldswoodworkingmachine.com\/wp-content\/uploads\/2022\/05\/20200111758144.webp 600w\" sizes=\"(max-width: 300px) 100vw, 300px\" \/> <img data-dominant-color=\"f5f2ef\" data-has-transparency=\"false\" style=\"--dominant-color: #f5f2ef;\" decoding=\"async\" class=\"not-transparent alignnone wp-image-2609 size-medium\" src=\"https:\/\/ldswoodworkingmachine.com\/wp-content\/uploads\/2022\/05\/20200111949698-300x300.jpg\" alt=\"bamboo toothbrush making machine china\" width=\"300\" height=\"300\" srcset=\"https:\/\/ldswoodworkingmachine.com\/wp-content\/uploads\/2022\/05\/20200111949698-300x300.jpg 300w, https:\/\/ldswoodworkingmachine.com\/wp-content\/uploads\/2022\/05\/20200111949698-100x100.jpg 100w, https:\/\/ldswoodworkingmachine.com\/wp-content\/uploads\/2022\/05\/20200111949698-150x150.jpg 150w, https:\/\/ldswoodworkingmachine.com\/wp-content\/uploads\/2022\/05\/20200111949698.webp 600w\" sizes=\"(max-width: 300px) 100vw, 300px\" \/><\/p>\n<p><!--more--><\/p>","protected":false},"excerpt":{"rendered":"<p>LI\u1ec6U:1 B\u1ed9<\/p>\n<p>Gi\u00e1:$25000-$35000<\/p>\n<p>Gi\u00e1 ItemCIF,\u0111\u1ebfn \u0111\u1ea7u ng\u00f3n tay,L,tr\u01b0\u1eddng h\u1ee3p<\/p>\n<p>Kh\u1ea3 N\u0103ng cung c\u1ea5p:10 B\u1ed9 m\u1ed7i Th\u00e1ng<\/p>\n<p>\u0110\u00f3ng G\u00f3i Chi Ti\u1ebft:H\u1ed9p G\u1ed7<\/p>\n<p>V\u1eadn Chuy\u1ec3n Kho\u1ea3n:B\u1eb1ng \u0110\u01b0\u1eddng Bi\u1ec3n<\/p>\n<p>C\u1ed5ng:Qu\u1ea3ng ch\u00e2u, hay QUY\u1ebeN Trung qu\u1ed1c<\/p>\n<p>Th\u1eddi Gian Giao H\u00e0ng:Kho\u1ea3ng 25 Ng\u00e0y<\/p>","protected":false},"featured_media":2602,"template":"","meta":{"om_disable_all_campaigns":false,"_monsterinsights_skip_tracking":false,"_monsterinsights_sitenote_active":false,"_monsterinsights_sitenote_note":"","_monsterinsights_sitenote_category":0,"site-sidebar-layout":"default","site-content-layout":"default","ast-site-content-layout":"","site-content-style":"default","site-sidebar-style":"default","ast-global-header-display":"","ast-banner-title-visibility":"","ast-main-header-display":"","ast-hfb-above-header-display":"","ast-hfb-below-header-display":"","ast-hfb-mobile-header-display":"","site-post-title":"","ast-breadcrumbs-content":"","ast-featured-img":"","footer-sml-layout":"","theme-transparent-header-meta":"default","adv-header-id-meta":"","stick-header-meta":"","header-above-stick-meta":"","header-main-stick-meta":"","header-below-stick-meta":"","astra-migrate-meta-layouts":"default","ast-page-background-enabled":"default","ast-page-background-meta":{"desktop":{"background-color":"","background-image":"","background-repeat":"repeat","background-position":"center center","background-size":"auto","background-attachment":"scroll","background-type":"","background-media":"","overlay-type":"","overlay-color":"","overlay-gradient":""},"tablet":{"background-color":"","background-image":"","background-repeat":"repeat","background-position":"center center","background-size":"auto","background-attachment":"scroll","background-type":"","background-media":"","overlay-type":"","overlay-color":"","overlay-gradient":""},"mobile":{"background-color":"","background-image":"","background-repeat":"repeat","background-position":"center center","background-size":"auto","background-attachment":"scroll","background-type":"","background-media":"","overlay-type":"","overlay-color":"","overlay-gradient":""}},"ast-content-background-meta":{"desktop":{"background-color":"var(--ast-global-color-5)","background-image":"","background-repeat":"repeat","background-position":"center center","background-size":"auto","background-attachment":"scroll","background-type":"","background-media":"","overlay-type":"","overlay-color":"","overlay-gradient":""},"tablet":{"background-color":"var(--ast-global-color-5)","background-image":"","background-repeat":"repeat","background-position":"center center","background-size":"auto","background-attachment":"scroll","background-type":"","background-media":"","overlay-type":"","overlay-color":"","overlay-gradient":""},"mobile":{"background-color":"var(--ast-global-color-5)","background-image":"","background-repeat":"repeat","background-position":"center center","background-size":"auto","background-attachment":"scroll","background-type":"","background-media":"","overlay-type":"","overlay-color":"","overlay-gradient":""}},"_joinchat":[]},"product_cat":[57],"product_tag":[],"class_list":{"0":"post-2607","1":"product","2":"type-product","3":"status-publish","4":"has-post-thumbnail","6":"product_cat-bamboo-toothbrush-making-machine","7":"desktop-align-center","8":"tablet-align-left","9":"mobile-align-left","11":"first","12":"instock","13":"shipping-taxable","14":"product-type-simple"},"yoast_head":"<!-- This site is optimized with the Yoast SEO Premium plugin v24.0 (Yoast SEO v24.1) - https:\/\/yoast.com\/wordpress\/plugins\/seo\/ -->\n<title>Bamboo Toothbrush tufting&amp;Trimming Machine Manufacturer | LDS<\/title>\n<meta name=\"description\" content=\"Bamboo Toothbrush tufting&amp;Trimming Machine is used to manufacture double-color bamboo toothbrush.Machine has been exported to 28 countries in the world.\" \/>\n<meta name=\"robots\" content=\"index, follow, max-snippet:-1, max-image-preview:large, max-video-preview:-1\" \/>\n<link rel=\"canonical\" href=\"https:\/\/ldswoodworkingmachine.com\/vi\/san-pham\/bamboo-toothbrush-tuftingtrimming-machine\/\" \/>\n<meta property=\"og:locale\" content=\"vi_VN\" \/>\n<meta property=\"og:type\" content=\"article\" \/>\n<meta property=\"og:title\" content=\"Bamboo Toothbrush tufting&amp;Trimming Machine\" \/>\n<meta property=\"og:description\" content=\"Bamboo Toothbrush tufting&amp;Trimming Machine is used to manufacture double-color bamboo toothbrush.Machine has been exported to 28 countries in the world.\" \/>\n<meta property=\"og:url\" content=\"https:\/\/ldswoodworkingmachine.com\/vi\/san-pham\/bamboo-toothbrush-tuftingtrimming-machine\/\" \/>\n<meta property=\"og:site_name\" content=\"LDSWOODWORKINGMACHINE\" \/>\n<meta property=\"article:publisher\" content=\"https:\/\/www.facebook.com\/profile.php?id=100076190379298\" \/>\n<meta property=\"article:modified_time\" content=\"2023-03-22T02:44:34+00:00\" \/>\n<meta property=\"og:image\" content=\"https:\/\/ldswoodworkingmachine.com\/wp-content\/uploads\/2022\/05\/\u56fe\u72471-1.png\" \/>\n\t<meta property=\"og:image:width\" content=\"783\" \/>\n\t<meta property=\"og:image:height\" content=\"521\" \/>\n\t<meta property=\"og:image:type\" content=\"image\/png\" \/>\n<meta name=\"twitter:card\" content=\"summary_large_image\" \/>\n<meta name=\"twitter:label1\" content=\"\u01af\u1edbc t\u00ednh th\u1eddi gian \u0111\u1ecdc\" \/>\n\t<meta name=\"twitter:data1\" content=\"2 ph\u00fat\" \/>\n<script type=\"application\/ld+json\" class=\"yoast-schema-graph\">{\"@context\":\"https:\/\/schema.org\",\"@graph\":[{\"@type\":\"WebPage\",\"@id\":\"https:\/\/ldswoodworkingmachine.com\/product\/bamboo-toothbrush-tuftingtrimming-machine\",\"url\":\"https:\/\/ldswoodworkingmachine.com\/product\/bamboo-toothbrush-tuftingtrimming-machine\",\"name\":\"Bamboo Toothbrush tufting&Trimming Machine Manufacturer | LDS\",\"isPartOf\":{\"@id\":\"https:\/\/ldswoodworkingmachine.com\/#website\"},\"primaryImageOfPage\":{\"@id\":\"https:\/\/ldswoodworkingmachine.com\/product\/bamboo-toothbrush-tuftingtrimming-machine#primaryimage\"},\"image\":{\"@id\":\"https:\/\/ldswoodworkingmachine.com\/product\/bamboo-toothbrush-tuftingtrimming-machine#primaryimage\"},\"thumbnailUrl\":\"https:\/\/ldswoodworkingmachine.com\/wp-content\/uploads\/2022\/05\/\u56fe\u72471-1.png\",\"datePublished\":\"2022-05-10T02:08:53+00:00\",\"dateModified\":\"2023-03-22T02:44:34+00:00\",\"description\":\"Bamboo Toothbrush tufting&Trimming Machine is used to manufacture double-color bamboo toothbrush.Machine has been exported to 28 countries in the world.\",\"breadcrumb\":{\"@id\":\"https:\/\/ldswoodworkingmachine.com\/product\/bamboo-toothbrush-tuftingtrimming-machine#breadcrumb\"},\"inLanguage\":\"vi\",\"potentialAction\":[{\"@type\":\"ReadAction\",\"target\":[\"https:\/\/ldswoodworkingmachine.com\/product\/bamboo-toothbrush-tuftingtrimming-machine\"]}]},{\"@type\":\"ImageObject\",\"inLanguage\":\"vi\",\"@id\":\"https:\/\/ldswoodworkingmachine.com\/product\/bamboo-toothbrush-tuftingtrimming-machine#primaryimage\",\"url\":\"https:\/\/ldswoodworkingmachine.com\/wp-content\/uploads\/2022\/05\/\u56fe\u72471-1.png\",\"contentUrl\":\"https:\/\/ldswoodworkingmachine.com\/wp-content\/uploads\/2022\/05\/\u56fe\u72471-1.png\",\"width\":783,\"height\":521,\"caption\":\"Bamboo Toothbrush tufting&Trimming macchine Machine\"},{\"@type\":\"BreadcrumbList\",\"@id\":\"https:\/\/ldswoodworkingmachine.com\/product\/bamboo-toothbrush-tuftingtrimming-machine#breadcrumb\",\"itemListElement\":[{\"@type\":\"ListItem\",\"position\":1,\"name\":\"Home\",\"item\":\"https:\/\/ldswoodworkingmachine.com\/\"},{\"@type\":\"ListItem\",\"position\":2,\"name\":\"All Product\",\"item\":\"https:\/\/ldswoodworkingmachine.com\/shop\"},{\"@type\":\"ListItem\",\"position\":3,\"name\":\"Bamboo Toothbrush tufting&#038;Trimming Machine\"}]},{\"@type\":\"WebSite\",\"@id\":\"https:\/\/ldswoodworkingmachine.com\/#website\",\"url\":\"https:\/\/ldswoodworkingmachine.com\/\",\"name\":\"LDSWOODWORKINGMACHINE\",\"description\":\"WOODWORKING MACHINE\",\"publisher\":{\"@id\":\"https:\/\/ldswoodworkingmachine.com\/#organization\"},\"potentialAction\":[{\"@type\":\"SearchAction\",\"target\":{\"@type\":\"EntryPoint\",\"urlTemplate\":\"https:\/\/ldswoodworkingmachine.com\/?s={search_term_string}\"},\"query-input\":{\"@type\":\"PropertyValueSpecification\",\"valueRequired\":true,\"valueName\":\"search_term_string\"}}],\"inLanguage\":\"vi\"},{\"@type\":\"Organization\",\"@id\":\"https:\/\/ldswoodworkingmachine.com\/#organization\",\"name\":\"LDSWOODWORKINGMACHINE\",\"url\":\"https:\/\/ldswoodworkingmachine.com\/\",\"logo\":{\"@type\":\"ImageObject\",\"inLanguage\":\"vi\",\"@id\":\"https:\/\/ldswoodworkingmachine.com\/#\/schema\/logo\/image\/\",\"url\":\"https:\/\/ldswoodworkingmachine.com\/wp-content\/uploads\/2022\/04\/cropped-12-1.png\",\"contentUrl\":\"https:\/\/ldswoodworkingmachine.com\/wp-content\/uploads\/2022\/04\/cropped-12-1.png\",\"width\":334,\"height\":80,\"caption\":\"LDSWOODWORKINGMACHINE\"},\"image\":{\"@id\":\"https:\/\/ldswoodworkingmachine.com\/#\/schema\/logo\/image\/\"},\"sameAs\":[\"https:\/\/www.facebook.com\/profile.php?id=100076190379298\",\"https:\/\/www.youtube.com\/channel\/UC_ZTI5V0mMTwFrQ29Jmb5Qw?view_as=subscriber\"]}]}<\/script>\n<!-- \/ Yoast SEO Premium plugin. -->","yoast_head_json":{"title":"Bamboo Toothbrush tufting&Trimming Machine Manufacturer | LDS","description":"Bamboo Toothbrush tufting&Trimming Machine is used to manufacture double-color bamboo toothbrush.Machine has been exported to 28 countries in the world.","robots":{"index":"index","follow":"follow","max-snippet":"max-snippet:-1","max-image-preview":"max-image-preview:large","max-video-preview":"max-video-preview:-1"},"canonical":"https:\/\/ldswoodworkingmachine.com\/vi\/san-pham\/bamboo-toothbrush-tuftingtrimming-machine\/","og_locale":"vi_VN","og_type":"article","og_title":"Bamboo Toothbrush tufting&Trimming Machine","og_description":"Bamboo Toothbrush tufting&Trimming Machine is used to manufacture double-color bamboo toothbrush.Machine has been exported to 28 countries in the world.","og_url":"https:\/\/ldswoodworkingmachine.com\/vi\/san-pham\/bamboo-toothbrush-tuftingtrimming-machine\/","og_site_name":"LDSWOODWORKINGMACHINE","article_publisher":"https:\/\/www.facebook.com\/profile.php?id=100076190379298","article_modified_time":"2023-03-22T02:44:34+00:00","og_image":[{"width":783,"height":521,"url":"https:\/\/ldswoodworkingmachine.com\/wp-content\/uploads\/2022\/05\/\u56fe\u72471-1.png","type":"image\/png"}],"twitter_card":"summary_large_image","twitter_misc":{"\u01af\u1edbc t\u00ednh th\u1eddi gian \u0111\u1ecdc":"2 ph\u00fat"},"schema":{"@context":"https:\/\/schema.org","@graph":[{"@type":"WebPage","@id":"https:\/\/ldswoodworkingmachine.com\/product\/bamboo-toothbrush-tuftingtrimming-machine","url":"https:\/\/ldswoodworkingmachine.com\/product\/bamboo-toothbrush-tuftingtrimming-machine","name":"Bamboo Toothbrush tufting&Trimming Machine Manufacturer | LDS","isPartOf":{"@id":"https:\/\/ldswoodworkingmachine.com\/#website"},"primaryImageOfPage":{"@id":"https:\/\/ldswoodworkingmachine.com\/product\/bamboo-toothbrush-tuftingtrimming-machine#primaryimage"},"image":{"@id":"https:\/\/ldswoodworkingmachine.com\/product\/bamboo-toothbrush-tuftingtrimming-machine#primaryimage"},"thumbnailUrl":"https:\/\/ldswoodworkingmachine.com\/wp-content\/uploads\/2022\/05\/\u56fe\u72471-1.png","datePublished":"2022-05-10T02:08:53+00:00","dateModified":"2023-03-22T02:44:34+00:00","description":"Bamboo Toothbrush tufting&Trimming Machine is used to manufacture double-color bamboo toothbrush.Machine has been exported to 28 countries in the world.","breadcrumb":{"@id":"https:\/\/ldswoodworkingmachine.com\/product\/bamboo-toothbrush-tuftingtrimming-machine#breadcrumb"},"inLanguage":"vi","potentialAction":[{"@type":"ReadAction","target":["https:\/\/ldswoodworkingmachine.com\/product\/bamboo-toothbrush-tuftingtrimming-machine"]}]},{"@type":"ImageObject","inLanguage":"vi","@id":"https:\/\/ldswoodworkingmachine.com\/product\/bamboo-toothbrush-tuftingtrimming-machine#primaryimage","url":"https:\/\/ldswoodworkingmachine.com\/wp-content\/uploads\/2022\/05\/\u56fe\u72471-1.png","contentUrl":"https:\/\/ldswoodworkingmachine.com\/wp-content\/uploads\/2022\/05\/\u56fe\u72471-1.png","width":783,"height":521,"caption":"Bamboo Toothbrush tufting&Trimming macchine Machine"},{"@type":"BreadcrumbList","@id":"https:\/\/ldswoodworkingmachine.com\/product\/bamboo-toothbrush-tuftingtrimming-machine#breadcrumb","itemListElement":[{"@type":"ListItem","position":1,"name":"Home","item":"https:\/\/ldswoodworkingmachine.com\/"},{"@type":"ListItem","position":2,"name":"All Product","item":"https:\/\/ldswoodworkingmachine.com\/shop"},{"@type":"ListItem","position":3,"name":"Bamboo Toothbrush tufting&#038;Trimming Machine"}]},{"@type":"WebSite","@id":"https:\/\/ldswoodworkingmachine.com\/#website","url":"https:\/\/ldswoodworkingmachine.com\/","name":"LDSWOODWORKINGMACHINE","description":"WOODWORKING MACHINE","publisher":{"@id":"https:\/\/ldswoodworkingmachine.com\/#organization"},"potentialAction":[{"@type":"SearchAction","target":{"@type":"EntryPoint","urlTemplate":"https:\/\/ldswoodworkingmachine.com\/?s={search_term_string}"},"query-input":{"@type":"PropertyValueSpecification","valueRequired":true,"valueName":"search_term_string"}}],"inLanguage":"vi"},{"@type":"Organization","@id":"https:\/\/ldswoodworkingmachine.com\/#organization","name":"LDSWOODWORKINGMACHINE","url":"https:\/\/ldswoodworkingmachine.com\/","logo":{"@type":"ImageObject","inLanguage":"vi","@id":"https:\/\/ldswoodworkingmachine.com\/#\/schema\/logo\/image\/","url":"https:\/\/ldswoodworkingmachine.com\/wp-content\/uploads\/2022\/04\/cropped-12-1.png","contentUrl":"https:\/\/ldswoodworkingmachine.com\/wp-content\/uploads\/2022\/04\/cropped-12-1.png","width":334,"height":80,"caption":"LDSWOODWORKINGMACHINE"},"image":{"@id":"https:\/\/ldswoodworkingmachine.com\/#\/schema\/logo\/image\/"},"sameAs":["https:\/\/www.facebook.com\/profile.php?id=100076190379298","https:\/\/www.youtube.com\/channel\/UC_ZTI5V0mMTwFrQ29Jmb5Qw?view_as=subscriber"]}]}},"_links":{"self":[{"href":"https:\/\/ldswoodworkingmachine.com\/vi\/wp-json\/wp\/v2\/product\/2607","targetHints":{"allow":["GET"]}}],"collection":[{"href":"https:\/\/ldswoodworkingmachine.com\/vi\/wp-json\/wp\/v2\/product"}],"about":[{"href":"https:\/\/ldswoodworkingmachine.com\/vi\/wp-json\/wp\/v2\/types\/product"}],"wp:featuredmedia":[{"embeddable":true,"href":"https:\/\/ldswoodworkingmachine.com\/vi\/wp-json\/wp\/v2\/media\/2602"}],"wp:attachment":[{"href":"https:\/\/ldswoodworkingmachine.com\/vi\/wp-json\/wp\/v2\/media?parent=2607"}],"wp:term":[{"taxonomy":"product_cat","embeddable":true,"href":"https:\/\/ldswoodworkingmachine.com\/vi\/wp-json\/wp\/v2\/product_cat?post=2607"},{"taxonomy":"product_tag","embeddable":true,"href":"https:\/\/ldswoodworkingmachine.com\/vi\/wp-json\/wp\/v2\/product_tag?post=2607"}],"curies":[{"name":"wp","href":"https:\/\/api.w.org\/{rel}","templated":true}]}}