{"id":2580,"date":"2022-05-09T07:11:27","date_gmt":"2022-05-09T07:11:27","guid":{"rendered":"https:\/\/ldswoodworkingmachine.com\/?post_type=product&#038;p=2580"},"modified":"2023-03-15T03:13:04","modified_gmt":"2023-03-15T03:13:04","slug":"cnc-cup-lid-drilling-machine","status":"publish","type":"product","link":"https:\/\/ldswoodworkingmachine.com\/vi\/san-pham\/cnc-cup-lid-drilling-machine","title":{"rendered":"CNC T\u00e1ch N\u1eafp M\u00e1y Khoan"},"content":{"rendered":"<p><strong>M\u00e1y Khoan M\u00e1y t\u00ednh n\u0103ng ch\u00ednh:<\/strong><\/p>\n<ul>\n<li>N\u00f3 l\u00e0 th\u00edch h\u1ee3p cho khoan l\u1edbn hay nh\u1ecf, l\u1ed7 trong tre v\u00e0 g\u1ed7 m\u1ef9, nh\u01b0: tre n\u1eafp chai,t\u00e1ch c\u00e0 ph\u00ea n\u1eafp hay g\u1ed7 kh\u00e1c th\u1ee7 c\u00f4ng.<\/li>\n<li>Ho\u00e0n to\u00e0n t\u1ef1 \u0111\u1ed9ng \u1ed5n \u0111\u1ecbnh, x\u1eed l\u00fd nhanh t\u1ed1c \u0111\u1ed9, \u0111\u1ed9 ch\u00ednh x\u00e1c c\u1ea3i thi\u1ec7n s\u1ea3n xu\u1ea5t c\u01b0\u1eddng \u0111\u1ed9 gi\u1ea3m nh\u00e2n vi\u00ean s\u1ea3n xu\u1ea5t v\u00e0 l\u00e0m gi\u1ea3m tai n\u1ea1n c\u00f4ng nghi\u1ec7p c\u1ee7a c\u00f4ng nh\u00e2n.<\/li>\n<li>M\u00e1y n\u00e0y \u0111\u00e3 \u0111\u01b0\u1ee3c c\u00f4ng nh\u1eadn b\u1edfi ngh\u1ec1 nh\u00e0 s\u1ea3n xu\u1ea5t trong woodware ng\u00e0nh c\u00f4ng nghi\u1ec7p, v\u00e0 l\u00e0 m\u1ed9t ng\u01b0\u1eddi kh\u00f4ng th\u1ec3 thi\u1ebfu thi\u1ebft b\u1ecb c\u01a1 kh\u00ed cho ngh\u1ec1 nh\u00e0 m\u00e1y.<\/li>\n<\/ul>\n<p><strong style=\"font-size: 16px;\">Th\u00f4ng s\u1ed1 k\u1ef9 thu\u1eadt:<\/strong><\/p>\n<ul>\n<li>X\u1eed l\u00fd chi\u1ec1u d\u00e0i: 20-100<\/li>\n<li>Ch\u1ebf \u0111\u1ed9 D\u00e0y: 5-50 mm<\/li>\n<li>L\u00e0m vi\u1ec7c \u00e1p su\u1ea5t kh\u00f4ng kh\u00ed: 0.6-0.8 H\u00e0m<\/li>\n<li>Ch\u00e2n kh\u00f4ng c\u1ea3ng: 100<\/li>\n<li>\u00c1p: c\u00f3 th\u1ec3 \u0111\u01b0\u1ee3c ch\u1ec9nh<\/li>\n<\/ul>\n<p><strong>\u1ee8ng d\u1ee5ng:<\/strong><\/p>\n<p><img data-dominant-color=\"b8ab9d\" data-has-transparency=\"true\" style=\"--dominant-color: #b8ab9d;\" decoding=\"async\" class=\"has-transparency alignnone wp-image-2582 size-medium\" src=\"https:\/\/ldswoodworkingmachine.com\/wp-content\/uploads\/2022\/05\/1-300x101.png\" alt=\"Bamboo jar lid\" width=\"300\" height=\"101\" srcset=\"https:\/\/ldswoodworkingmachine.com\/wp-content\/uploads\/2022\/05\/1-300x101.png 300w, https:\/\/ldswoodworkingmachine.com\/wp-content\/uploads\/2022\/05\/1-600x203.png 600w, https:\/\/ldswoodworkingmachine.com\/wp-content\/uploads\/2022\/05\/1.png 748w\" sizes=\"(max-width: 300px) 100vw, 300px\" \/> \u00a0<img data-dominant-color=\"baaa9b\" data-has-transparency=\"true\" style=\"--dominant-color: #baaa9b;\" decoding=\"async\" class=\"has-transparency alignnone wp-image-2584 size-medium\" src=\"https:\/\/ldswoodworkingmachine.com\/wp-content\/uploads\/2022\/05\/3-300x112.png\" alt=\"coffee cup lid\" width=\"300\" height=\"112\" srcset=\"https:\/\/ldswoodworkingmachine.com\/wp-content\/uploads\/2022\/05\/3-300x112.png 300w, https:\/\/ldswoodworkingmachine.com\/wp-content\/uploads\/2022\/05\/3-600x223.png 600w, https:\/\/ldswoodworkingmachine.com\/wp-content\/uploads\/2022\/05\/3.png 747w\" sizes=\"(max-width: 300px) 100vw, 300px\" \/><\/p>\n<p><strong>M\u00e1y Chi Ti\u1ebft<\/strong><\/p>\n<p><img data-dominant-color=\"565856\" data-has-transparency=\"false\" style=\"--dominant-color: #565856;\" fetchpriority=\"high\" decoding=\"async\" class=\"not-transparent alignnone wp-image-2587 size-medium\" src=\"https:\/\/ldswoodworkingmachine.com\/wp-content\/uploads\/2022\/05\/\u5fae\u4fe1\u56fe\u7247_20220509153026-225x300.jpg\" alt=\"CNC DRILLING MACHINE\" width=\"225\" height=\"300\" srcset=\"https:\/\/ldswoodworkingmachine.com\/wp-content\/uploads\/2022\/05\/\u5fae\u4fe1\u56fe\u7247_20220509153026-225x300.jpg 225w, https:\/\/ldswoodworkingmachine.com\/wp-content\/uploads\/2022\/05\/\u5fae\u4fe1\u56fe\u7247_20220509153026-800x1066.webp 800w, https:\/\/ldswoodworkingmachine.com\/wp-content\/uploads\/2022\/05\/\u5fae\u4fe1\u56fe\u7247_20220509153026-768x1024.jpg 768w, https:\/\/ldswoodworkingmachine.com\/wp-content\/uploads\/2022\/05\/\u5fae\u4fe1\u56fe\u7247_20220509153026-1152x1536.jpg 1152w, https:\/\/ldswoodworkingmachine.com\/wp-content\/uploads\/2022\/05\/\u5fae\u4fe1\u56fe\u7247_20220509153026-600x800.jpg 600w, https:\/\/ldswoodworkingmachine.com\/wp-content\/uploads\/2022\/05\/\u5fae\u4fe1\u56fe\u7247_20220509153026.webp 1280w\" sizes=\"(max-width: 225px) 100vw, 225px\" \/>\u00a0 \u00a0\u00a0 <img data-dominant-color=\"555550\" data-has-transparency=\"false\" style=\"--dominant-color: #555550;\" loading=\"lazy\" decoding=\"async\" class=\"not-transparent alignnone wp-image-2588 size-medium\" src=\"https:\/\/ldswoodworkingmachine.com\/wp-content\/uploads\/2022\/05\/\u5fae\u4fe1\u56fe\u7247_20220509153030-225x300.jpg\" alt=\"CUP LID MAKING MACHINE\" width=\"225\" height=\"300\" srcset=\"https:\/\/ldswoodworkingmachine.com\/wp-content\/uploads\/2022\/05\/\u5fae\u4fe1\u56fe\u7247_20220509153030-225x300.jpg 225w, https:\/\/ldswoodworkingmachine.com\/wp-content\/uploads\/2022\/05\/\u5fae\u4fe1\u56fe\u7247_20220509153030-800x1066.webp 800w, https:\/\/ldswoodworkingmachine.com\/wp-content\/uploads\/2022\/05\/\u5fae\u4fe1\u56fe\u7247_20220509153030-768x1024.jpg 768w, https:\/\/ldswoodworkingmachine.com\/wp-content\/uploads\/2022\/05\/\u5fae\u4fe1\u56fe\u7247_20220509153030-1152x1536.jpg 1152w, https:\/\/ldswoodworkingmachine.com\/wp-content\/uploads\/2022\/05\/\u5fae\u4fe1\u56fe\u7247_20220509153030-600x800.jpg 600w, https:\/\/ldswoodworkingmachine.com\/wp-content\/uploads\/2022\/05\/\u5fae\u4fe1\u56fe\u7247_20220509153030.webp 1280w\" sizes=\"(max-width: 225px) 100vw, 225px\" \/> <img data-dominant-color=\"676967\" data-has-transparency=\"false\" style=\"--dominant-color: #676967;\" loading=\"lazy\" decoding=\"async\" class=\"not-transparent alignnone wp-image-2586 size-medium\" src=\"https:\/\/ldswoodworkingmachine.com\/wp-content\/uploads\/2022\/05\/\u5fae\u4fe1\u56fe\u7247_20220509153023-225x300.jpg\" alt=\"WOOD DRILLING MACHINE\" width=\"225\" height=\"300\" srcset=\"https:\/\/ldswoodworkingmachine.com\/wp-content\/uploads\/2022\/05\/\u5fae\u4fe1\u56fe\u7247_20220509153023-225x300.jpg 225w, https:\/\/ldswoodworkingmachine.com\/wp-content\/uploads\/2022\/05\/\u5fae\u4fe1\u56fe\u7247_20220509153023-800x1066.webp 800w, https:\/\/ldswoodworkingmachine.com\/wp-content\/uploads\/2022\/05\/\u5fae\u4fe1\u56fe\u7247_20220509153023-768x1024.jpg 768w, https:\/\/ldswoodworkingmachine.com\/wp-content\/uploads\/2022\/05\/\u5fae\u4fe1\u56fe\u7247_20220509153023-1152x1536.jpg 1152w, https:\/\/ldswoodworkingmachine.com\/wp-content\/uploads\/2022\/05\/\u5fae\u4fe1\u56fe\u7247_20220509153023-600x800.jpg 600w, https:\/\/ldswoodworkingmachine.com\/wp-content\/uploads\/2022\/05\/\u5fae\u4fe1\u56fe\u7247_20220509153023.webp 1280w\" sizes=\"(max-width: 225px) 100vw, 225px\" \/><\/p>\n<div dir=\"auto\">N\u1eafp nh\u1ef1a l\u00e0 m\u1ed9t ph\u1ed5 bi\u1ebfn m\u1ee5c trong cu\u1ed9c s\u1ed1ng h\u00e0ng ng\u00e0y c\u1ee7a ch\u00fang t\u00f4i, \u0111\u1eb7c bi\u1ec7t l\u00e0 \u1edf th\u1ee9c \u0103n v\u00e0 \u0111\u1ed3 u\u1ed1ng, \u0111\u00f3ng g\u00f3i. Tuy nhi\u00ean, nh\u1eefng t\u00e1c \u0111\u1ed9ng x\u1ea5u c\u1ee7a nh\u1ef1a n\u1eafp \u0111\u1eady tr\u00ean m\u00f4i tr\u01b0\u1eddng kh\u00f4ng th\u1ec3 b\u1ecf qua. \u0110\u1ec3 ch\u1ed1ng l\u1ea1i \u0111i\u1ec1u n\u00e0y t\u00f9y ch\u1ecdn l\u1ef1a nh\u01b0 tre n\u1eafp \u0111\u00e3 xu\u1ea5t hi\u1ec7n nh\u01b0 m\u1ed9t t\u01b0\u01a1ng lai b\u1ec1n v\u1eefng b\u1ec1n v\u1eefng .<\/div>\n<div dir=\"auto\">L\u00e0m th\u1ebf n\u00e0o \u0111\u1ec3 l\u00e0m cho n\u1eafp? C\u00f3 m\u00e1y khoan m\u00e1y s\u1ebd d\u1ec5 d\u00e0ng h\u01a1n v\u00e0 hi\u1ec7u qu\u1ea3 h\u01a1n.<\/div>\n<div dir=\"auto\"><\/div>\n<p><strong>Link Video:<\/strong><\/p>\n<p><a href=\"https:\/\/www.youtube.com\/shorts\/DnGLSnqxSE8\">https:\/\/www.youtube.com\/shorts\/DnGLSnqxSE8<\/a><\/p>\n<p>TI\u1ec2U g\u1ed7 m\u00e1y chuy\u00ean s\u1ea3n xu\u1ea5t c\u1ee7a tre v\u00e0 g\u1ed7 n\u1eafp m\u00e1y, ch\u00fang ta s\u1ebd s\u1eed d\u1ee5ng <a href=\"https:\/\/ldswoodworkingmachine.com\/vi\/san-pham\/mxz-7203l-wood-copy-shaper-machine\/\">M\u00e1y t\u1ea1o h\u00ecnh b\u1ea3n sao g\u1ed7<\/a>G\u1ed7 M\u00e1y Khoan, G\u1ed7 Phay. M\u00e1y m\u00e0 anh \u0111ang quan t\u00e2m ? H\u00e3y g\u1eedi cho ch\u00fang t\u00f4i \u0111i\u1ec1u tra, c\u00e1m \u01a1n!<\/p>\n<p><!--more--><\/p>","protected":false},"excerpt":{"rendered":"<ul>\n<li>N\u00f3 l\u00e0 th\u00edch h\u1ee3p cho khoan l\u1edbn hay nh\u1ecf, l\u1ed7 trong tre v\u00e0 g\u1ed7 m\u1ef9, nh\u01b0: c\u1ed1c n\u1eafp \u0111\u1eady, n\u01b0\u1edbc hoa n\u1eafp \u0111\u1eady, d\u1ea7u th\u01a1m h\u1ed9p v\u00e0 c\u00e1c s\u1ea3n ph\u1ea9m x\u1eed l\u00fd.<\/li>\n<li>Ho\u00e0n to\u00e0n t\u1ef1 \u0111\u1ed9ng \u1ed5n \u0111\u1ecbnh, x\u1eed l\u00fd nhanh t\u1ed1c \u0111\u1ed9, \u0111\u1ed9 ch\u00ednh x\u00e1c c\u1ea3i thi\u1ec7n s\u1ea3n xu\u1ea5t c\u01b0\u1eddng \u0111\u1ed9 gi\u1ea3m nh\u00e2n vi\u00ean s\u1ea3n xu\u1ea5t v\u00e0 l\u00e0m gi\u1ea3m tai n\u1ea1n c\u00f4ng nghi\u1ec7p c\u1ee7a c\u00f4ng nh\u00e2n.<\/li>\n<li>M\u00e1y n\u00e0y \u0111\u00e3 \u0111\u01b0\u1ee3c c\u00f4ng nh\u1eadn b\u1edfi ngh\u1ec1 nh\u00e0 s\u1ea3n xu\u1ea5t trong woodware ng\u00e0nh c\u00f4ng nghi\u1ec7p, v\u00e0 l\u00e0 m\u1ed9t ng\u01b0\u1eddi kh\u00f4ng th\u1ec3 thi\u1ebfu thi\u1ebft b\u1ecb c\u01a1 kh\u00ed cho ngh\u1ec1 nh\u00e0 m\u00e1y.<\/li>\n<\/ul>","protected":false},"featured_media":2300,"template":"","meta":{"om_disable_all_campaigns":false,"_monsterinsights_skip_tracking":false,"_monsterinsights_sitenote_active":false,"_monsterinsights_sitenote_note":"","_monsterinsights_sitenote_category":0,"site-sidebar-layout":"default","site-content-layout":"default","ast-site-content-layout":"","site-content-style":"default","site-sidebar-style":"default","ast-global-header-display":"","ast-banner-title-visibility":"","ast-main-header-display":"","ast-hfb-above-header-display":"","ast-hfb-below-header-display":"","ast-hfb-mobile-header-display":"","site-post-title":"","ast-breadcrumbs-content":"","ast-featured-img":"","footer-sml-layout":"","theme-transparent-header-meta":"default","adv-header-id-meta":"","stick-header-meta":"","header-above-stick-meta":"","header-main-stick-meta":"","header-below-stick-meta":"","astra-migrate-meta-layouts":"default","ast-page-background-enabled":"default","ast-page-background-meta":{"desktop":{"background-color":"","background-image":"","background-repeat":"repeat","background-position":"center center","background-size":"auto","background-attachment":"scroll","background-type":"","background-media":"","overlay-type":"","overlay-color":"","overlay-gradient":""},"tablet":{"background-color":"","background-image":"","background-repeat":"repeat","background-position":"center center","background-size":"auto","background-attachment":"scroll","background-type":"","background-media":"","overlay-type":"","overlay-color":"","overlay-gradient":""},"mobile":{"background-color":"","background-image":"","background-repeat":"repeat","background-position":"center center","background-size":"auto","background-attachment":"scroll","background-type":"","background-media":"","overlay-type":"","overlay-color":"","overlay-gradient":""}},"ast-content-background-meta":{"desktop":{"background-color":"var(--ast-global-color-5)","background-image":"","background-repeat":"repeat","background-position":"center center","background-size":"auto","background-attachment":"scroll","background-type":"","background-media":"","overlay-type":"","overlay-color":"","overlay-gradient":""},"tablet":{"background-color":"var(--ast-global-color-5)","background-image":"","background-repeat":"repeat","background-position":"center center","background-size":"auto","background-attachment":"scroll","background-type":"","background-media":"","overlay-type":"","overlay-color":"","overlay-gradient":""},"mobile":{"background-color":"var(--ast-global-color-5)","background-image":"","background-repeat":"repeat","background-position":"center center","background-size":"auto","background-attachment":"scroll","background-type":"","background-media":"","overlay-type":"","overlay-color":"","overlay-gradient":""}},"_joinchat":[]},"product_cat":[61],"product_tag":[],"class_list":{"0":"post-2580","1":"product","2":"type-product","3":"status-publish","4":"has-post-thumbnail","6":"product_cat-cup-lid-making-machine","7":"desktop-align-center","8":"tablet-align-left","9":"mobile-align-left","11":"first","12":"instock","13":"shipping-taxable","14":"product-type-simple"},"yoast_head":"<!-- This site is optimized with the Yoast SEO Premium plugin v24.0 (Yoast SEO v24.1) - https:\/\/yoast.com\/wordpress\/plugins\/seo\/ -->\n<title>CNC Drilling Machine for making bamboo jar lid | LDS Manufacturer<\/title>\n<meta name=\"description\" content=\"CNC Drilling Machine is suitable for drilling large or small holes in bamboo and wood crafts, such as: bamboo jar lids,coffee cup lid or other wood crafts.\" \/>\n<meta name=\"robots\" content=\"index, follow, max-snippet:-1, max-image-preview:large, max-video-preview:-1\" \/>\n<link rel=\"canonical\" href=\"https:\/\/ldswoodworkingmachine.com\/vi\/san-pham\/cnc-cup-lid-drilling-machine\/\" \/>\n<meta property=\"og:locale\" content=\"vi_VN\" \/>\n<meta property=\"og:type\" content=\"article\" \/>\n<meta property=\"og:title\" content=\"CNC Cup Lid Drilling Machine\" \/>\n<meta property=\"og:description\" content=\"CNC Drilling Machine is suitable for drilling large or small holes in bamboo and wood crafts, such as: bamboo jar lids,coffee cup lid or other wood crafts.\" \/>\n<meta property=\"og:url\" content=\"https:\/\/ldswoodworkingmachine.com\/vi\/san-pham\/cnc-cup-lid-drilling-machine\/\" \/>\n<meta property=\"og:site_name\" content=\"LDSWOODWORKINGMACHINE\" \/>\n<meta property=\"article:publisher\" content=\"https:\/\/www.facebook.com\/profile.php?id=100076190379298\" \/>\n<meta property=\"article:modified_time\" content=\"2023-03-15T03:13:04+00:00\" \/>\n<meta property=\"og:image\" content=\"https:\/\/ldswoodworkingmachine.com\/wp-content\/uploads\/2022\/04\/-scaled-e1653446246422.jpg\" \/>\n\t<meta property=\"og:image:width\" content=\"1200\" \/>\n\t<meta property=\"og:image:height\" content=\"1600\" \/>\n\t<meta property=\"og:image:type\" content=\"image\/jpeg\" \/>\n<meta name=\"twitter:card\" content=\"summary_large_image\" \/>\n<meta name=\"twitter:label1\" content=\"\u01af\u1edbc t\u00ednh th\u1eddi gian \u0111\u1ecdc\" \/>\n\t<meta name=\"twitter:data1\" content=\"2 ph\u00fat\" \/>\n<script type=\"application\/ld+json\" class=\"yoast-schema-graph\">{\"@context\":\"https:\/\/schema.org\",\"@graph\":[{\"@type\":\"WebPage\",\"@id\":\"https:\/\/ldswoodworkingmachine.com\/product\/cnc-cup-lid-drilling-machine\",\"url\":\"https:\/\/ldswoodworkingmachine.com\/product\/cnc-cup-lid-drilling-machine\",\"name\":\"CNC Drilling Machine for making bamboo jar lid | LDS Manufacturer\",\"isPartOf\":{\"@id\":\"https:\/\/ldswoodworkingmachine.com\/#website\"},\"primaryImageOfPage\":{\"@id\":\"https:\/\/ldswoodworkingmachine.com\/product\/cnc-cup-lid-drilling-machine#primaryimage\"},\"image\":{\"@id\":\"https:\/\/ldswoodworkingmachine.com\/product\/cnc-cup-lid-drilling-machine#primaryimage\"},\"thumbnailUrl\":\"https:\/\/ldswoodworkingmachine.com\/wp-content\/uploads\/2022\/04\/-scaled-e1653446246422.webp\",\"datePublished\":\"2022-05-09T07:11:27+00:00\",\"dateModified\":\"2023-03-15T03:13:04+00:00\",\"description\":\"CNC Drilling Machine is suitable for drilling large or small holes in bamboo and wood crafts, such as: bamboo jar lids,coffee cup lid or other wood crafts.\",\"breadcrumb\":{\"@id\":\"https:\/\/ldswoodworkingmachine.com\/product\/cnc-cup-lid-drilling-machine#breadcrumb\"},\"inLanguage\":\"vi\",\"potentialAction\":[{\"@type\":\"ReadAction\",\"target\":[\"https:\/\/ldswoodworkingmachine.com\/product\/cnc-cup-lid-drilling-machine\"]}]},{\"@type\":\"ImageObject\",\"inLanguage\":\"vi\",\"@id\":\"https:\/\/ldswoodworkingmachine.com\/product\/cnc-cup-lid-drilling-machine#primaryimage\",\"url\":\"https:\/\/ldswoodworkingmachine.com\/wp-content\/uploads\/2022\/04\/-scaled-e1653446246422.webp\",\"contentUrl\":\"https:\/\/ldswoodworkingmachine.com\/wp-content\/uploads\/2022\/04\/-scaled-e1653446246422.webp\",\"width\":1200,\"height\":1600,\"caption\":\"Cup Lid Making Machine\"},{\"@type\":\"BreadcrumbList\",\"@id\":\"https:\/\/ldswoodworkingmachine.com\/product\/cnc-cup-lid-drilling-machine#breadcrumb\",\"itemListElement\":[{\"@type\":\"ListItem\",\"position\":1,\"name\":\"Home\",\"item\":\"https:\/\/ldswoodworkingmachine.com\/\"},{\"@type\":\"ListItem\",\"position\":2,\"name\":\"All Product\",\"item\":\"https:\/\/ldswoodworkingmachine.com\/shop\"},{\"@type\":\"ListItem\",\"position\":3,\"name\":\"CNC Cup Lid Drilling Machine\"}]},{\"@type\":\"WebSite\",\"@id\":\"https:\/\/ldswoodworkingmachine.com\/#website\",\"url\":\"https:\/\/ldswoodworkingmachine.com\/\",\"name\":\"LDSWOODWORKINGMACHINE\",\"description\":\"WOODWORKING MACHINE\",\"publisher\":{\"@id\":\"https:\/\/ldswoodworkingmachine.com\/#organization\"},\"potentialAction\":[{\"@type\":\"SearchAction\",\"target\":{\"@type\":\"EntryPoint\",\"urlTemplate\":\"https:\/\/ldswoodworkingmachine.com\/?s={search_term_string}\"},\"query-input\":{\"@type\":\"PropertyValueSpecification\",\"valueRequired\":true,\"valueName\":\"search_term_string\"}}],\"inLanguage\":\"vi\"},{\"@type\":\"Organization\",\"@id\":\"https:\/\/ldswoodworkingmachine.com\/#organization\",\"name\":\"LDSWOODWORKINGMACHINE\",\"url\":\"https:\/\/ldswoodworkingmachine.com\/\",\"logo\":{\"@type\":\"ImageObject\",\"inLanguage\":\"vi\",\"@id\":\"https:\/\/ldswoodworkingmachine.com\/#\/schema\/logo\/image\/\",\"url\":\"https:\/\/ldswoodworkingmachine.com\/wp-content\/uploads\/2022\/04\/cropped-12-1.png\",\"contentUrl\":\"https:\/\/ldswoodworkingmachine.com\/wp-content\/uploads\/2022\/04\/cropped-12-1.png\",\"width\":334,\"height\":80,\"caption\":\"LDSWOODWORKINGMACHINE\"},\"image\":{\"@id\":\"https:\/\/ldswoodworkingmachine.com\/#\/schema\/logo\/image\/\"},\"sameAs\":[\"https:\/\/www.facebook.com\/profile.php?id=100076190379298\",\"https:\/\/www.youtube.com\/channel\/UC_ZTI5V0mMTwFrQ29Jmb5Qw?view_as=subscriber\"]}]}<\/script>\n<!-- \/ Yoast SEO Premium plugin. -->","yoast_head_json":{"title":"CNC Drilling Machine for making bamboo jar lid | LDS Manufacturer","description":"CNC Drilling Machine is suitable for drilling large or small holes in bamboo and wood crafts, such as: bamboo jar lids,coffee cup lid or other wood crafts.","robots":{"index":"index","follow":"follow","max-snippet":"max-snippet:-1","max-image-preview":"max-image-preview:large","max-video-preview":"max-video-preview:-1"},"canonical":"https:\/\/ldswoodworkingmachine.com\/vi\/san-pham\/cnc-cup-lid-drilling-machine\/","og_locale":"vi_VN","og_type":"article","og_title":"CNC Cup Lid Drilling Machine","og_description":"CNC Drilling Machine is suitable for drilling large or small holes in bamboo and wood crafts, such as: bamboo jar lids,coffee cup lid or other wood crafts.","og_url":"https:\/\/ldswoodworkingmachine.com\/vi\/san-pham\/cnc-cup-lid-drilling-machine\/","og_site_name":"LDSWOODWORKINGMACHINE","article_publisher":"https:\/\/www.facebook.com\/profile.php?id=100076190379298","article_modified_time":"2023-03-15T03:13:04+00:00","og_image":[{"width":1200,"height":1600,"url":"https:\/\/ldswoodworkingmachine.com\/wp-content\/uploads\/2022\/04\/-scaled-e1653446246422.jpg","type":"image\/jpeg"}],"twitter_card":"summary_large_image","twitter_misc":{"\u01af\u1edbc t\u00ednh th\u1eddi gian \u0111\u1ecdc":"2 ph\u00fat"},"schema":{"@context":"https:\/\/schema.org","@graph":[{"@type":"WebPage","@id":"https:\/\/ldswoodworkingmachine.com\/product\/cnc-cup-lid-drilling-machine","url":"https:\/\/ldswoodworkingmachine.com\/product\/cnc-cup-lid-drilling-machine","name":"CNC Drilling Machine for making bamboo jar lid | LDS Manufacturer","isPartOf":{"@id":"https:\/\/ldswoodworkingmachine.com\/#website"},"primaryImageOfPage":{"@id":"https:\/\/ldswoodworkingmachine.com\/product\/cnc-cup-lid-drilling-machine#primaryimage"},"image":{"@id":"https:\/\/ldswoodworkingmachine.com\/product\/cnc-cup-lid-drilling-machine#primaryimage"},"thumbnailUrl":"https:\/\/ldswoodworkingmachine.com\/wp-content\/uploads\/2022\/04\/-scaled-e1653446246422.webp","datePublished":"2022-05-09T07:11:27+00:00","dateModified":"2023-03-15T03:13:04+00:00","description":"CNC Drilling Machine is suitable for drilling large or small holes in bamboo and wood crafts, such as: bamboo jar lids,coffee cup lid or other wood crafts.","breadcrumb":{"@id":"https:\/\/ldswoodworkingmachine.com\/product\/cnc-cup-lid-drilling-machine#breadcrumb"},"inLanguage":"vi","potentialAction":[{"@type":"ReadAction","target":["https:\/\/ldswoodworkingmachine.com\/product\/cnc-cup-lid-drilling-machine"]}]},{"@type":"ImageObject","inLanguage":"vi","@id":"https:\/\/ldswoodworkingmachine.com\/product\/cnc-cup-lid-drilling-machine#primaryimage","url":"https:\/\/ldswoodworkingmachine.com\/wp-content\/uploads\/2022\/04\/-scaled-e1653446246422.webp","contentUrl":"https:\/\/ldswoodworkingmachine.com\/wp-content\/uploads\/2022\/04\/-scaled-e1653446246422.webp","width":1200,"height":1600,"caption":"Cup Lid Making Machine"},{"@type":"BreadcrumbList","@id":"https:\/\/ldswoodworkingmachine.com\/product\/cnc-cup-lid-drilling-machine#breadcrumb","itemListElement":[{"@type":"ListItem","position":1,"name":"Home","item":"https:\/\/ldswoodworkingmachine.com\/"},{"@type":"ListItem","position":2,"name":"All Product","item":"https:\/\/ldswoodworkingmachine.com\/shop"},{"@type":"ListItem","position":3,"name":"CNC Cup Lid Drilling Machine"}]},{"@type":"WebSite","@id":"https:\/\/ldswoodworkingmachine.com\/#website","url":"https:\/\/ldswoodworkingmachine.com\/","name":"LDSWOODWORKINGMACHINE","description":"WOODWORKING MACHINE","publisher":{"@id":"https:\/\/ldswoodworkingmachine.com\/#organization"},"potentialAction":[{"@type":"SearchAction","target":{"@type":"EntryPoint","urlTemplate":"https:\/\/ldswoodworkingmachine.com\/?s={search_term_string}"},"query-input":{"@type":"PropertyValueSpecification","valueRequired":true,"valueName":"search_term_string"}}],"inLanguage":"vi"},{"@type":"Organization","@id":"https:\/\/ldswoodworkingmachine.com\/#organization","name":"LDSWOODWORKINGMACHINE","url":"https:\/\/ldswoodworkingmachine.com\/","logo":{"@type":"ImageObject","inLanguage":"vi","@id":"https:\/\/ldswoodworkingmachine.com\/#\/schema\/logo\/image\/","url":"https:\/\/ldswoodworkingmachine.com\/wp-content\/uploads\/2022\/04\/cropped-12-1.png","contentUrl":"https:\/\/ldswoodworkingmachine.com\/wp-content\/uploads\/2022\/04\/cropped-12-1.png","width":334,"height":80,"caption":"LDSWOODWORKINGMACHINE"},"image":{"@id":"https:\/\/ldswoodworkingmachine.com\/#\/schema\/logo\/image\/"},"sameAs":["https:\/\/www.facebook.com\/profile.php?id=100076190379298","https:\/\/www.youtube.com\/channel\/UC_ZTI5V0mMTwFrQ29Jmb5Qw?view_as=subscriber"]}]}},"_links":{"self":[{"href":"https:\/\/ldswoodworkingmachine.com\/vi\/wp-json\/wp\/v2\/product\/2580","targetHints":{"allow":["GET"]}}],"collection":[{"href":"https:\/\/ldswoodworkingmachine.com\/vi\/wp-json\/wp\/v2\/product"}],"about":[{"href":"https:\/\/ldswoodworkingmachine.com\/vi\/wp-json\/wp\/v2\/types\/product"}],"wp:featuredmedia":[{"embeddable":true,"href":"https:\/\/ldswoodworkingmachine.com\/vi\/wp-json\/wp\/v2\/media\/2300"}],"wp:attachment":[{"href":"https:\/\/ldswoodworkingmachine.com\/vi\/wp-json\/wp\/v2\/media?parent=2580"}],"wp:term":[{"taxonomy":"product_cat","embeddable":true,"href":"https:\/\/ldswoodworkingmachine.com\/vi\/wp-json\/wp\/v2\/product_cat?post=2580"},{"taxonomy":"product_tag","embeddable":true,"href":"https:\/\/ldswoodworkingmachine.com\/vi\/wp-json\/wp\/v2\/product_tag?post=2580"}],"curies":[{"name":"wp","href":"https:\/\/api.w.org\/{rel}","templated":true}]}}