{"id":2576,"date":"2022-05-09T06:57:35","date_gmt":"2022-05-09T06:57:35","guid":{"rendered":"https:\/\/ldswoodworkingmachine.com\/?post_type=product&#038;p=2576"},"modified":"2023-03-22T06:08:46","modified_gmt":"2023-03-22T06:08:46","slug":"cnc-racket-handle-copying-polishing-machine","status":"publish","type":"product","link":"https:\/\/ldswoodworkingmachine.com\/vi\/san-pham\/cnc-racket-handle-copying-polishing-machine","title":{"rendered":"CNC V\u1ee3t X\u1eed l\u00fd sao Ch\u00e9p, v\u00e0 \u0111\u00e1nh B\u00f3ng M\u00e1y"},"content":{"rendered":"<p><strong>CNC V\u1ee3t X\u1eed l\u00fd sao Ch\u00e9p v\u00e0 \u0110\u00e1nh M\u00e1y ch\u00ednh:<\/strong><\/p>\n<ul>\n<li>T\u1ea5t c\u1ea3 c\u00e1c ch\u01b0\u01a1ng tr\u00ecnh v\u00e0 h\u1ec7 th\u1ed1ng \u0111i\u1ec1u khi\u1ec3n c\u1ee7a m\u00e1y \u0111\u01b0\u1ee3c thi\u1ebft k\u1ebf v\u00e0 l\u1eadp tr\u00ecnh b\u1eb1ng k\u1ef9 s\u01b0 c\u1ee7a ch\u00fang t\u00f4i thay v\u00ec mua t\u1eeb ch\u01b0\u01a1ng tr\u00ecnh v\u00e0 ph\u1ea7n m\u1ec1m c\u00f4ng ty. Ch\u1ec9 b\u1eb1ng c\u00e1ch th\u1ef1c h\u00e0nh ch\u00fang ta c\u00f3 th\u1ec3 bi\u1ebft \u0111\u01b0\u1ee3c ch\u01b0\u01a1ng tr\u00ecnh r\u1ea5t th\u00edch h\u1ee3p cho m\u00e1y c\u1ee7a ch\u00fang t\u00f4i v\u00e0 kh\u00e1ch h\u00e0ng c\u1ee7a ch\u00fang t\u00f4i. N\u00f3i cho t\u00f4i bi\u1ebft nh\u1eefng s\u1ea3n ph\u1ea9m b\u1ea1n l\u00e0m v\u00e0 \u00fd t\u01b0\u1edfng c\u1ee7a b\u1ea1n, v\u00e0 t\u00f9y \u0111\u1ed9c quy\u1ec1n g\u1ed7 m\u00e1y cho b\u1ea1n<\/li>\n<li>Ch\u1ee7 y\u1ebfu qu\u00e1 tr\u00ecnh kh\u00e1c nhau c\u1ee7a v\u1ee3t x\u1eed l\u00fd<\/li>\n<li>\u00c1p d\u1ee5ng \u0111\u1ed9ng c\u01a1 \u0111\u1ec3 l\u00e1i xe th\u1ee9c \u0103n, d\u1ec5 d\u00e0ng \u0111\u1ec3 \u0111i\u1ec1u ch\u1ec9nh<\/li>\n<li>T\u1ef1 \u0111\u1ed9ng b\u1ed1c d\u1ee1, hi\u1ec7u qu\u1ea3<\/li>\n<li>C\u00f4ng su\u1ea5t: 8-12\/ph\u00fat<\/li>\n<\/ul>\n<p><strong style=\"font-size: 16px;\"><strong>CNC V\u1ee3t X\u1eed l\u00fd sao Ch\u00e9p, v\u00e0 \u0111\u00e1nh B\u00f3ng M\u00e1y <\/strong>Th\u00f4ng s\u1ed1 k\u1ef9 thu\u1eadt:<\/strong><\/p>\n<ul>\n<li>X\u1eed l\u00fd chi\u1ec1u d\u00e0i: 50-120<\/li>\n<li>Ch\u1ebf bi\u1ebfn r\u1ed9ng: 20-60 mm<\/li>\n<li>Servo \u0111i\u1ec7n: 750 W<\/li>\n<li>L\u00e0m vi\u1ec7c \u00e1p su\u1ea5t kh\u00f4ng kh\u00ed: 0.6-0.8 H\u00e0m<\/li>\n<li>Ch\u00e2n kh\u00f4ng c\u1ea3ng: 100*2<\/li>\n<li>\u00c1p: c\u00f3 th\u1ec3 \u0111\u01b0\u1ee3c ch\u1ec9nh<\/li>\n<li>T\u1ed1c \u0111\u1ed9 tr\u1ee5c: 12000r\/ph\u00fat,<\/li>\n<li>Tr\u1ee5c ch\u00ednh \u0111i\u1ec7n: 3.7 kw*2<\/li>\n<\/ul>\n<p><strong>\u1ee8ng d\u1ee5ng:<\/strong><\/p>\n<p><img data-dominant-color=\"787275\" data-has-transparency=\"false\" style=\"--dominant-color: #787275;\" fetchpriority=\"high\" decoding=\"async\" class=\"not-transparent alignnone wp-image-2540 size-medium\" src=\"https:\/\/ldswoodworkingmachine.com\/wp-content\/uploads\/2022\/05\/IMG_0676_\u770b\u56fe\u738b-300x207.jpg\" alt=\"CNC milling machine for milling the Table Tennis handle groove\" width=\"300\" height=\"207\" srcset=\"https:\/\/ldswoodworkingmachine.com\/wp-content\/uploads\/2022\/05\/IMG_0676_\u770b\u56fe\u738b-300x207.jpg 300w, https:\/\/ldswoodworkingmachine.com\/wp-content\/uploads\/2022\/05\/IMG_0676_\u770b\u56fe\u738b-800x552.webp 800w, https:\/\/ldswoodworkingmachine.com\/wp-content\/uploads\/2022\/05\/IMG_0676_\u770b\u56fe\u738b-1024x706.jpg 1024w, https:\/\/ldswoodworkingmachine.com\/wp-content\/uploads\/2022\/05\/IMG_0676_\u770b\u56fe\u738b-768x530.jpg 768w, https:\/\/ldswoodworkingmachine.com\/wp-content\/uploads\/2022\/05\/IMG_0676_\u770b\u56fe\u738b-1536x1059.jpg 1536w, https:\/\/ldswoodworkingmachine.com\/wp-content\/uploads\/2022\/05\/IMG_0676_\u770b\u56fe\u738b-2048x1413.jpg 2048w, https:\/\/ldswoodworkingmachine.com\/wp-content\/uploads\/2022\/05\/IMG_0676_\u770b\u56fe\u738b-600x414.jpg 600w\" sizes=\"(max-width: 300px) 100vw, 300px\" \/> <img data-dominant-color=\"989187\" data-has-transparency=\"false\" style=\"--dominant-color: #989187;\" decoding=\"async\" class=\"not-transparent alignnone wp-image-2539 size-medium\" src=\"https:\/\/ldswoodworkingmachine.com\/wp-content\/uploads\/2022\/05\/IMG_0626-300x200.jpg\" alt=\"Table Tennis Handle\" width=\"300\" height=\"200\" srcset=\"https:\/\/ldswoodworkingmachine.com\/wp-content\/uploads\/2022\/05\/IMG_0626-300x200.jpg 300w, https:\/\/ldswoodworkingmachine.com\/wp-content\/uploads\/2022\/05\/IMG_0626-scaled-800x533.webp 800w, https:\/\/ldswoodworkingmachine.com\/wp-content\/uploads\/2022\/05\/IMG_0626-1024x683.jpg 1024w, https:\/\/ldswoodworkingmachine.com\/wp-content\/uploads\/2022\/05\/IMG_0626-768x512.jpg 768w, https:\/\/ldswoodworkingmachine.com\/wp-content\/uploads\/2022\/05\/IMG_0626-1536x1024.jpg 1536w, https:\/\/ldswoodworkingmachine.com\/wp-content\/uploads\/2022\/05\/IMG_0626-2048x1365.jpg 2048w, https:\/\/ldswoodworkingmachine.com\/wp-content\/uploads\/2022\/05\/IMG_0626-scaled-600x400.jpg 600w\" sizes=\"(max-width: 300px) 100vw, 300px\" \/><\/p>\n<p><strong>M\u00e1y Chi Ti\u1ebft<\/strong><\/p>\n<p><img data-dominant-color=\"324d54\" data-has-transparency=\"false\" style=\"--dominant-color: #324d54;\" decoding=\"async\" class=\"not-transparent alignnone wp-image-2541 size-medium\" src=\"https:\/\/ldswoodworkingmachine.com\/wp-content\/uploads\/2022\/05\/\u5fae\u4fe1\u56fe\u7247_20220507100056-300x225.jpg\" alt=\"Table Tennis handle machine\" width=\"300\" height=\"225\" srcset=\"https:\/\/ldswoodworkingmachine.com\/wp-content\/uploads\/2022\/05\/\u5fae\u4fe1\u56fe\u7247_20220507100056-300x225.jpg 300w, https:\/\/ldswoodworkingmachine.com\/wp-content\/uploads\/2022\/05\/\u5fae\u4fe1\u56fe\u7247_20220507100056-800x600.webp 800w, https:\/\/ldswoodworkingmachine.com\/wp-content\/uploads\/2022\/05\/\u5fae\u4fe1\u56fe\u7247_20220507100056-1024x768.jpg 1024w, https:\/\/ldswoodworkingmachine.com\/wp-content\/uploads\/2022\/05\/\u5fae\u4fe1\u56fe\u7247_20220507100056-768x576.jpg 768w, https:\/\/ldswoodworkingmachine.com\/wp-content\/uploads\/2022\/05\/\u5fae\u4fe1\u56fe\u7247_20220507100056-1536x1152.jpg 1536w, https:\/\/ldswoodworkingmachine.com\/wp-content\/uploads\/2022\/05\/\u5fae\u4fe1\u56fe\u7247_20220507100056-600x450.jpg 600w, https:\/\/ldswoodworkingmachine.com\/wp-content\/uploads\/2022\/05\/\u5fae\u4fe1\u56fe\u7247_20220507100056.webp 1706w\" sizes=\"(max-width: 300px) 100vw, 300px\" \/>\u00a0 \u00a0 <img data-dominant-color=\"6a7778\" data-has-transparency=\"false\" style=\"--dominant-color: #6a7778;\" loading=\"lazy\" decoding=\"async\" class=\"not-transparent alignnone size-medium wp-image-2542\" src=\"https:\/\/ldswoodworkingmachine.com\/wp-content\/uploads\/2022\/05\/\u5fae\u4fe1\u56fe\u7247_20220507100133-300x225.jpg\" alt=\"\" width=\"300\" height=\"225\" srcset=\"https:\/\/ldswoodworkingmachine.com\/wp-content\/uploads\/2022\/05\/\u5fae\u4fe1\u56fe\u7247_20220507100133-300x225.jpg 300w, https:\/\/ldswoodworkingmachine.com\/wp-content\/uploads\/2022\/05\/\u5fae\u4fe1\u56fe\u7247_20220507100133-800x600.webp 800w, https:\/\/ldswoodworkingmachine.com\/wp-content\/uploads\/2022\/05\/\u5fae\u4fe1\u56fe\u7247_20220507100133-1024x768.jpg 1024w, https:\/\/ldswoodworkingmachine.com\/wp-content\/uploads\/2022\/05\/\u5fae\u4fe1\u56fe\u7247_20220507100133-768x576.jpg 768w, https:\/\/ldswoodworkingmachine.com\/wp-content\/uploads\/2022\/05\/\u5fae\u4fe1\u56fe\u7247_20220507100133-1536x1152.jpg 1536w, https:\/\/ldswoodworkingmachine.com\/wp-content\/uploads\/2022\/05\/\u5fae\u4fe1\u56fe\u7247_20220507100133-600x450.jpg 600w, https:\/\/ldswoodworkingmachine.com\/wp-content\/uploads\/2022\/05\/\u5fae\u4fe1\u56fe\u7247_20220507100133.webp 1706w\" sizes=\"(max-width: 300px) 100vw, 300px\" \/><\/p>\n<p>C\u00e1c ch\u1ea5t l\u01b0\u1ee3ng kh\u00ed n\u00e9n ph\u1ee5 ki\u1ec7n \u0111\u01b0\u1ee3c ki\u1ec3m so\u00e1t ch\u1eb7t ch\u1ebd<\/p>\n<p><img data-dominant-color=\"5d4b4e\" data-has-transparency=\"false\" style=\"--dominant-color: #5d4b4e;\" loading=\"lazy\" decoding=\"async\" class=\"not-transparent alignnone wp-image-2543 size-medium\" src=\"https:\/\/ldswoodworkingmachine.com\/wp-content\/uploads\/2022\/05\/\u5fae\u4fe1\u56fe\u7247_20220507100137-225x300.jpg\" alt=\"LDS wooddworking  machine\" width=\"225\" height=\"300\" srcset=\"https:\/\/ldswoodworkingmachine.com\/wp-content\/uploads\/2022\/05\/\u5fae\u4fe1\u56fe\u7247_20220507100137-225x300.jpg 225w, https:\/\/ldswoodworkingmachine.com\/wp-content\/uploads\/2022\/05\/\u5fae\u4fe1\u56fe\u7247_20220507100137-800x1066.webp 800w, https:\/\/ldswoodworkingmachine.com\/wp-content\/uploads\/2022\/05\/\u5fae\u4fe1\u56fe\u7247_20220507100137-768x1024.jpg 768w, https:\/\/ldswoodworkingmachine.com\/wp-content\/uploads\/2022\/05\/\u5fae\u4fe1\u56fe\u7247_20220507100137-1152x1536.jpg 1152w, https:\/\/ldswoodworkingmachine.com\/wp-content\/uploads\/2022\/05\/\u5fae\u4fe1\u56fe\u7247_20220507100137-600x800.jpg 600w, https:\/\/ldswoodworkingmachine.com\/wp-content\/uploads\/2022\/05\/\u5fae\u4fe1\u56fe\u7247_20220507100137.webp 1280w\" sizes=\"(max-width: 225px) 100vw, 225px\" \/>\u00a0 \u00a0 \u00a0 \u00a0 \u00a0<img data-dominant-color=\"5c5f5f\" data-has-transparency=\"false\" style=\"--dominant-color: #5c5f5f;\" loading=\"lazy\" decoding=\"async\" class=\"not-transparent alignnone size-medium wp-image-2529\" src=\"https:\/\/ldswoodworkingmachine.com\/wp-content\/uploads\/2022\/05\/\u5fae\u4fe1\u56fe\u7247_20220507090432-300x225.jpg\" alt=\"\" width=\"300\" height=\"225\" srcset=\"https:\/\/ldswoodworkingmachine.com\/wp-content\/uploads\/2022\/05\/\u5fae\u4fe1\u56fe\u7247_20220507090432-300x225.jpg 300w, https:\/\/ldswoodworkingmachine.com\/wp-content\/uploads\/2022\/05\/\u5fae\u4fe1\u56fe\u7247_20220507090432-scaled-800x600.webp 800w, https:\/\/ldswoodworkingmachine.com\/wp-content\/uploads\/2022\/05\/\u5fae\u4fe1\u56fe\u7247_20220507090432-1024x768.jpg 1024w, https:\/\/ldswoodworkingmachine.com\/wp-content\/uploads\/2022\/05\/\u5fae\u4fe1\u56fe\u7247_20220507090432-768x576.jpg 768w, https:\/\/ldswoodworkingmachine.com\/wp-content\/uploads\/2022\/05\/\u5fae\u4fe1\u56fe\u7247_20220507090432-1536x1152.jpg 1536w, https:\/\/ldswoodworkingmachine.com\/wp-content\/uploads\/2022\/05\/\u5fae\u4fe1\u56fe\u7247_20220507090432-2048x1536.jpg 2048w, https:\/\/ldswoodworkingmachine.com\/wp-content\/uploads\/2022\/05\/\u5fae\u4fe1\u56fe\u7247_20220507090432-scaled-600x450.jpg 600w\" sizes=\"(max-width: 300px) 100vw, 300px\" \/><\/p>\n<p>B\u1ed1 tr\u00ed m\u1ea1ch l\u00e0 ho\u00e0n to\u00e0n ph\u00f9 h\u1ee3p v\u1edbi qu\u1ed1c gia ng\u00e0nh c\u00f4ng nghi\u1ec7p chu\u1ea9n b\u1ea3ng \u0111i\u1ec1u khi\u1ec3n C\u1ea3m \u1ee9ng cho ho\u1ea1t \u0111\u1ed9ng d\u1ec5 d\u00e0ng.<\/p>\n<p><strong>Link Video:<\/strong><\/p>\n<p><a href=\"https:\/\/www.youtube.com\/watch?v=XwzakTq3BwM\">https:\/\/www.youtube.com\/watch?v=XwzakTq3BwM<\/a><\/p>\n<p><!--more--><\/p>","protected":false},"excerpt":{"rendered":"<ul>\n<li>Ch\u1ee7 y\u1ebfu qu\u00e1 tr\u00ecnh kh\u00e1c nhau c\u1ee7a v\u1ee3t x\u1eed l\u00fd<\/li>\n<li>\u00c1p d\u1ee5ng \u0111\u1ed9ng c\u01a1 \u0111\u1ec3 l\u00e1i xe th\u1ee9c \u0103n, d\u1ec5 d\u00e0ng \u0111\u1ec3 \u0111i\u1ec1u ch\u1ec9nh<\/li>\n<li>T\u1ef1 \u0111\u1ed9ng b\u1ed1c d\u1ee1, hi\u1ec7u qu\u1ea3<\/li>\n<li>C\u00f4ng su\u1ea5t: 8-12\/ph\u00fat<\/li>\n<\/ul>","protected":false},"featured_media":2542,"template":"","meta":{"om_disable_all_campaigns":false,"_monsterinsights_skip_tracking":false,"_monsterinsights_sitenote_active":false,"_monsterinsights_sitenote_note":"","_monsterinsights_sitenote_category":0,"site-sidebar-layout":"default","site-content-layout":"default","ast-site-content-layout":"","site-content-style":"default","site-sidebar-style":"default","ast-global-header-display":"","ast-banner-title-visibility":"","ast-main-header-display":"","ast-hfb-above-header-display":"","ast-hfb-below-header-display":"","ast-hfb-mobile-header-display":"","site-post-title":"","ast-breadcrumbs-content":"","ast-featured-img":"","footer-sml-layout":"","theme-transparent-header-meta":"default","adv-header-id-meta":"","stick-header-meta":"","header-above-stick-meta":"","header-main-stick-meta":"","header-below-stick-meta":"","astra-migrate-meta-layouts":"default","ast-page-background-enabled":"default","ast-page-background-meta":{"desktop":{"background-color":"","background-image":"","background-repeat":"repeat","background-position":"center center","background-size":"auto","background-attachment":"scroll","background-type":"","background-media":"","overlay-type":"","overlay-color":"","overlay-gradient":""},"tablet":{"background-color":"","background-image":"","background-repeat":"repeat","background-position":"center center","background-size":"auto","background-attachment":"scroll","background-type":"","background-media":"","overlay-type":"","overlay-color":"","overlay-gradient":""},"mobile":{"background-color":"","background-image":"","background-repeat":"repeat","background-position":"center center","background-size":"auto","background-attachment":"scroll","background-type":"","background-media":"","overlay-type":"","overlay-color":"","overlay-gradient":""}},"ast-content-background-meta":{"desktop":{"background-color":"var(--ast-global-color-5)","background-image":"","background-repeat":"repeat","background-position":"center center","background-size":"auto","background-attachment":"scroll","background-type":"","background-media":"","overlay-type":"","overlay-color":"","overlay-gradient":""},"tablet":{"background-color":"var(--ast-global-color-5)","background-image":"","background-repeat":"repeat","background-position":"center center","background-size":"auto","background-attachment":"scroll","background-type":"","background-media":"","overlay-type":"","overlay-color":"","overlay-gradient":""},"mobile":{"background-color":"var(--ast-global-color-5)","background-image":"","background-repeat":"repeat","background-position":"center center","background-size":"auto","background-attachment":"scroll","background-type":"","background-media":"","overlay-type":"","overlay-color":"","overlay-gradient":""}},"_joinchat":[]},"product_cat":[55],"product_tag":[],"class_list":{"0":"post-2576","1":"product","2":"type-product","3":"status-publish","4":"has-post-thumbnail","6":"product_cat-racket-handle-machine","7":"desktop-align-center","8":"tablet-align-left","9":"mobile-align-left","11":"first","12":"instock","13":"shipping-taxable","14":"product-type-simple"},"yoast_head":"<!-- This site is optimized with the Yoast SEO Premium plugin v24.0 (Yoast SEO v24.1) - https:\/\/yoast.com\/wordpress\/plugins\/seo\/ -->\n<title>CNC Racket Handle Copying &amp; Polishing Machine | LDS<\/title>\n<meta name=\"description\" content=\"CNC Racket Handle Copying &amp; Polishing Machine mainly process various of the racket handle.Automatic loading and unloading, Capacity\uff1a8-12Pcs\/min\" \/>\n<meta name=\"robots\" content=\"index, follow, max-snippet:-1, max-image-preview:large, max-video-preview:-1\" \/>\n<link rel=\"canonical\" href=\"https:\/\/ldswoodworkingmachine.com\/vi\/san-pham\/cnc-racket-handle-copying-polishing-machine\/\" \/>\n<meta property=\"og:locale\" content=\"vi_VN\" \/>\n<meta property=\"og:type\" content=\"article\" \/>\n<meta property=\"og:title\" content=\"CNC Racket Handle Copying &amp; Polishing Machine\" \/>\n<meta property=\"og:description\" content=\"CNC Racket Handle Copying &amp; Polishing Machine mainly process various of the racket handle.Automatic loading and unloading, Capacity\uff1a8-12Pcs\/min\" \/>\n<meta property=\"og:url\" content=\"https:\/\/ldswoodworkingmachine.com\/vi\/san-pham\/cnc-racket-handle-copying-polishing-machine\/\" \/>\n<meta property=\"og:site_name\" content=\"LDSWOODWORKINGMACHINE\" \/>\n<meta property=\"article:publisher\" content=\"https:\/\/www.facebook.com\/profile.php?id=100076190379298\" \/>\n<meta property=\"article:modified_time\" content=\"2023-03-22T06:08:46+00:00\" \/>\n<meta property=\"og:image\" content=\"https:\/\/ldswoodworkingmachine.com\/wp-content\/uploads\/2022\/05\/\u5fae\u4fe1\u56fe\u7247_20220507100133.jpg\" \/>\n\t<meta property=\"og:image:width\" content=\"1706\" \/>\n\t<meta property=\"og:image:height\" content=\"1280\" \/>\n\t<meta property=\"og:image:type\" content=\"image\/jpeg\" \/>\n<meta name=\"twitter:card\" content=\"summary_large_image\" \/>\n<meta name=\"twitter:label1\" content=\"\u01af\u1edbc t\u00ednh th\u1eddi gian \u0111\u1ecdc\" \/>\n\t<meta name=\"twitter:data1\" content=\"2 ph\u00fat\" \/>\n<script type=\"application\/ld+json\" class=\"yoast-schema-graph\">{\"@context\":\"https:\/\/schema.org\",\"@graph\":[{\"@type\":\"WebPage\",\"@id\":\"https:\/\/ldswoodworkingmachine.com\/product\/cnc-racket-handle-copying-polishing-machine\",\"url\":\"https:\/\/ldswoodworkingmachine.com\/product\/cnc-racket-handle-copying-polishing-machine\",\"name\":\"CNC Racket Handle Copying & Polishing Machine | LDS\",\"isPartOf\":{\"@id\":\"https:\/\/ldswoodworkingmachine.com\/#website\"},\"primaryImageOfPage\":{\"@id\":\"https:\/\/ldswoodworkingmachine.com\/product\/cnc-racket-handle-copying-polishing-machine#primaryimage\"},\"image\":{\"@id\":\"https:\/\/ldswoodworkingmachine.com\/product\/cnc-racket-handle-copying-polishing-machine#primaryimage\"},\"thumbnailUrl\":\"https:\/\/ldswoodworkingmachine.com\/wp-content\/uploads\/2022\/05\/\u5fae\u4fe1\u56fe\u7247_20220507100133.webp\",\"datePublished\":\"2022-05-09T06:57:35+00:00\",\"dateModified\":\"2023-03-22T06:08:46+00:00\",\"description\":\"CNC Racket Handle Copying & Polishing Machine mainly process various of the racket handle.Automatic loading and unloading, Capacity\uff1a8-12Pcs\/min\",\"breadcrumb\":{\"@id\":\"https:\/\/ldswoodworkingmachine.com\/product\/cnc-racket-handle-copying-polishing-machine#breadcrumb\"},\"inLanguage\":\"vi\",\"potentialAction\":[{\"@type\":\"ReadAction\",\"target\":[\"https:\/\/ldswoodworkingmachine.com\/product\/cnc-racket-handle-copying-polishing-machine\"]}]},{\"@type\":\"ImageObject\",\"inLanguage\":\"vi\",\"@id\":\"https:\/\/ldswoodworkingmachine.com\/product\/cnc-racket-handle-copying-polishing-machine#primaryimage\",\"url\":\"https:\/\/ldswoodworkingmachine.com\/wp-content\/uploads\/2022\/05\/\u5fae\u4fe1\u56fe\u7247_20220507100133.webp\",\"contentUrl\":\"https:\/\/ldswoodworkingmachine.com\/wp-content\/uploads\/2022\/05\/\u5fae\u4fe1\u56fe\u7247_20220507100133.webp\",\"width\":1706,\"height\":1280,\"caption\":\"CNC Racket Handle Copying & Polishing Machine\"},{\"@type\":\"BreadcrumbList\",\"@id\":\"https:\/\/ldswoodworkingmachine.com\/product\/cnc-racket-handle-copying-polishing-machine#breadcrumb\",\"itemListElement\":[{\"@type\":\"ListItem\",\"position\":1,\"name\":\"Home\",\"item\":\"https:\/\/ldswoodworkingmachine.com\/\"},{\"@type\":\"ListItem\",\"position\":2,\"name\":\"All Product\",\"item\":\"https:\/\/ldswoodworkingmachine.com\/shop\"},{\"@type\":\"ListItem\",\"position\":3,\"name\":\"CNC Racket Handle Copying &#038; Polishing Machine\"}]},{\"@type\":\"WebSite\",\"@id\":\"https:\/\/ldswoodworkingmachine.com\/#website\",\"url\":\"https:\/\/ldswoodworkingmachine.com\/\",\"name\":\"LDSWOODWORKINGMACHINE\",\"description\":\"WOODWORKING MACHINE\",\"publisher\":{\"@id\":\"https:\/\/ldswoodworkingmachine.com\/#organization\"},\"potentialAction\":[{\"@type\":\"SearchAction\",\"target\":{\"@type\":\"EntryPoint\",\"urlTemplate\":\"https:\/\/ldswoodworkingmachine.com\/?s={search_term_string}\"},\"query-input\":{\"@type\":\"PropertyValueSpecification\",\"valueRequired\":true,\"valueName\":\"search_term_string\"}}],\"inLanguage\":\"vi\"},{\"@type\":\"Organization\",\"@id\":\"https:\/\/ldswoodworkingmachine.com\/#organization\",\"name\":\"LDSWOODWORKINGMACHINE\",\"url\":\"https:\/\/ldswoodworkingmachine.com\/\",\"logo\":{\"@type\":\"ImageObject\",\"inLanguage\":\"vi\",\"@id\":\"https:\/\/ldswoodworkingmachine.com\/#\/schema\/logo\/image\/\",\"url\":\"https:\/\/ldswoodworkingmachine.com\/wp-content\/uploads\/2022\/04\/cropped-12-1.png\",\"contentUrl\":\"https:\/\/ldswoodworkingmachine.com\/wp-content\/uploads\/2022\/04\/cropped-12-1.png\",\"width\":334,\"height\":80,\"caption\":\"LDSWOODWORKINGMACHINE\"},\"image\":{\"@id\":\"https:\/\/ldswoodworkingmachine.com\/#\/schema\/logo\/image\/\"},\"sameAs\":[\"https:\/\/www.facebook.com\/profile.php?id=100076190379298\",\"https:\/\/www.youtube.com\/channel\/UC_ZTI5V0mMTwFrQ29Jmb5Qw?view_as=subscriber\"]}]}<\/script>\n<!-- \/ Yoast SEO Premium plugin. -->","yoast_head_json":{"title":"CNC Racket Handle Copying & Polishing Machine | LDS","description":"CNC Racket Handle Copying & Polishing Machine mainly process various of the racket handle.Automatic loading and unloading, Capacity\uff1a8-12Pcs\/min","robots":{"index":"index","follow":"follow","max-snippet":"max-snippet:-1","max-image-preview":"max-image-preview:large","max-video-preview":"max-video-preview:-1"},"canonical":"https:\/\/ldswoodworkingmachine.com\/vi\/san-pham\/cnc-racket-handle-copying-polishing-machine\/","og_locale":"vi_VN","og_type":"article","og_title":"CNC Racket Handle Copying & Polishing Machine","og_description":"CNC Racket Handle Copying & Polishing Machine mainly process various of the racket handle.Automatic loading and unloading, Capacity\uff1a8-12Pcs\/min","og_url":"https:\/\/ldswoodworkingmachine.com\/vi\/san-pham\/cnc-racket-handle-copying-polishing-machine\/","og_site_name":"LDSWOODWORKINGMACHINE","article_publisher":"https:\/\/www.facebook.com\/profile.php?id=100076190379298","article_modified_time":"2023-03-22T06:08:46+00:00","og_image":[{"width":1706,"height":1280,"url":"https:\/\/ldswoodworkingmachine.com\/wp-content\/uploads\/2022\/05\/\u5fae\u4fe1\u56fe\u7247_20220507100133.jpg","type":"image\/jpeg"}],"twitter_card":"summary_large_image","twitter_misc":{"\u01af\u1edbc t\u00ednh th\u1eddi gian \u0111\u1ecdc":"2 ph\u00fat"},"schema":{"@context":"https:\/\/schema.org","@graph":[{"@type":"WebPage","@id":"https:\/\/ldswoodworkingmachine.com\/product\/cnc-racket-handle-copying-polishing-machine","url":"https:\/\/ldswoodworkingmachine.com\/product\/cnc-racket-handle-copying-polishing-machine","name":"CNC Racket Handle Copying & Polishing Machine | LDS","isPartOf":{"@id":"https:\/\/ldswoodworkingmachine.com\/#website"},"primaryImageOfPage":{"@id":"https:\/\/ldswoodworkingmachine.com\/product\/cnc-racket-handle-copying-polishing-machine#primaryimage"},"image":{"@id":"https:\/\/ldswoodworkingmachine.com\/product\/cnc-racket-handle-copying-polishing-machine#primaryimage"},"thumbnailUrl":"https:\/\/ldswoodworkingmachine.com\/wp-content\/uploads\/2022\/05\/\u5fae\u4fe1\u56fe\u7247_20220507100133.webp","datePublished":"2022-05-09T06:57:35+00:00","dateModified":"2023-03-22T06:08:46+00:00","description":"CNC Racket Handle Copying & Polishing Machine mainly process various of the racket handle.Automatic loading and unloading, Capacity\uff1a8-12Pcs\/min","breadcrumb":{"@id":"https:\/\/ldswoodworkingmachine.com\/product\/cnc-racket-handle-copying-polishing-machine#breadcrumb"},"inLanguage":"vi","potentialAction":[{"@type":"ReadAction","target":["https:\/\/ldswoodworkingmachine.com\/product\/cnc-racket-handle-copying-polishing-machine"]}]},{"@type":"ImageObject","inLanguage":"vi","@id":"https:\/\/ldswoodworkingmachine.com\/product\/cnc-racket-handle-copying-polishing-machine#primaryimage","url":"https:\/\/ldswoodworkingmachine.com\/wp-content\/uploads\/2022\/05\/\u5fae\u4fe1\u56fe\u7247_20220507100133.webp","contentUrl":"https:\/\/ldswoodworkingmachine.com\/wp-content\/uploads\/2022\/05\/\u5fae\u4fe1\u56fe\u7247_20220507100133.webp","width":1706,"height":1280,"caption":"CNC Racket Handle Copying & Polishing Machine"},{"@type":"BreadcrumbList","@id":"https:\/\/ldswoodworkingmachine.com\/product\/cnc-racket-handle-copying-polishing-machine#breadcrumb","itemListElement":[{"@type":"ListItem","position":1,"name":"Home","item":"https:\/\/ldswoodworkingmachine.com\/"},{"@type":"ListItem","position":2,"name":"All Product","item":"https:\/\/ldswoodworkingmachine.com\/shop"},{"@type":"ListItem","position":3,"name":"CNC Racket Handle Copying &#038; Polishing Machine"}]},{"@type":"WebSite","@id":"https:\/\/ldswoodworkingmachine.com\/#website","url":"https:\/\/ldswoodworkingmachine.com\/","name":"LDSWOODWORKINGMACHINE","description":"WOODWORKING MACHINE","publisher":{"@id":"https:\/\/ldswoodworkingmachine.com\/#organization"},"potentialAction":[{"@type":"SearchAction","target":{"@type":"EntryPoint","urlTemplate":"https:\/\/ldswoodworkingmachine.com\/?s={search_term_string}"},"query-input":{"@type":"PropertyValueSpecification","valueRequired":true,"valueName":"search_term_string"}}],"inLanguage":"vi"},{"@type":"Organization","@id":"https:\/\/ldswoodworkingmachine.com\/#organization","name":"LDSWOODWORKINGMACHINE","url":"https:\/\/ldswoodworkingmachine.com\/","logo":{"@type":"ImageObject","inLanguage":"vi","@id":"https:\/\/ldswoodworkingmachine.com\/#\/schema\/logo\/image\/","url":"https:\/\/ldswoodworkingmachine.com\/wp-content\/uploads\/2022\/04\/cropped-12-1.png","contentUrl":"https:\/\/ldswoodworkingmachine.com\/wp-content\/uploads\/2022\/04\/cropped-12-1.png","width":334,"height":80,"caption":"LDSWOODWORKINGMACHINE"},"image":{"@id":"https:\/\/ldswoodworkingmachine.com\/#\/schema\/logo\/image\/"},"sameAs":["https:\/\/www.facebook.com\/profile.php?id=100076190379298","https:\/\/www.youtube.com\/channel\/UC_ZTI5V0mMTwFrQ29Jmb5Qw?view_as=subscriber"]}]}},"_links":{"self":[{"href":"https:\/\/ldswoodworkingmachine.com\/vi\/wp-json\/wp\/v2\/product\/2576","targetHints":{"allow":["GET"]}}],"collection":[{"href":"https:\/\/ldswoodworkingmachine.com\/vi\/wp-json\/wp\/v2\/product"}],"about":[{"href":"https:\/\/ldswoodworkingmachine.com\/vi\/wp-json\/wp\/v2\/types\/product"}],"wp:featuredmedia":[{"embeddable":true,"href":"https:\/\/ldswoodworkingmachine.com\/vi\/wp-json\/wp\/v2\/media\/2542"}],"wp:attachment":[{"href":"https:\/\/ldswoodworkingmachine.com\/vi\/wp-json\/wp\/v2\/media?parent=2576"}],"wp:term":[{"taxonomy":"product_cat","embeddable":true,"href":"https:\/\/ldswoodworkingmachine.com\/vi\/wp-json\/wp\/v2\/product_cat?post=2576"},{"taxonomy":"product_tag","embeddable":true,"href":"https:\/\/ldswoodworkingmachine.com\/vi\/wp-json\/wp\/v2\/product_tag?post=2576"}],"curies":[{"name":"wp","href":"https:\/\/api.w.org\/{rel}","templated":true}]}}