{"id":2524,"date":"2022-05-07T00:54:27","date_gmt":"2022-05-07T00:54:27","guid":{"rendered":"https:\/\/ldswoodworkingmachine.com\/?post_type=product&#038;p=2524"},"modified":"2022-05-12T08:14:37","modified_gmt":"2022-05-12T08:14:37","slug":"auto-racket-copying-machine","status":"publish","type":"product","link":"https:\/\/ldswoodworkingmachine.com\/vi\/san-pham\/auto-racket-copying-machine","title":{"rendered":"Auto V\u1ee3t Sao Ch\u00e9p M\u00e1y"},"content":{"rendered":"<p><strong>Auto V\u1ee3t sao Ch\u00e9p M\u00e1y ch\u00ednh:<\/strong><\/p>\n<p>Th\u00f4ng qua 1 4kw c\u1eaft tr\u1ee5c, 2 4kw nh\u00e1m tr\u1ee5c qu\u00e1 tr\u00ecnh 10 mi\u1ebfng t\u1ea1i m\u1ed9t th\u1eddi gian t\u1ef1 \u0111\u1ed9ng b\u1ed1c d\u1ee1, th\u00f4ng qua hai-tr\u1ee5c m\u00e1y &amp; khu\u00f4n h\u00ecnh th\u00e0nh ph\u01b0\u01a1ng ph\u00e1p<\/p>\n<p><strong>Chi Ti\u1ebft M\u00e1y :<\/strong><\/p>\n<p><img data-dominant-color=\"676d6b\" data-has-transparency=\"false\" style=\"--dominant-color: #676d6b;\" fetchpriority=\"high\" decoding=\"async\" class=\"not-transparent alignnone size-medium wp-image-2548\" src=\"https:\/\/ldswoodworkingmachine.com\/wp-content\/uploads\/2022\/05\/IMG_0638-300x200.jpg\" alt=\"\" width=\"300\" height=\"200\" srcset=\"https:\/\/ldswoodworkingmachine.com\/wp-content\/uploads\/2022\/05\/IMG_0638-300x200.jpg 300w, https:\/\/ldswoodworkingmachine.com\/wp-content\/uploads\/2022\/05\/IMG_0638-scaled-800x533.webp 800w, https:\/\/ldswoodworkingmachine.com\/wp-content\/uploads\/2022\/05\/IMG_0638-1024x683.jpg 1024w, https:\/\/ldswoodworkingmachine.com\/wp-content\/uploads\/2022\/05\/IMG_0638-768x512.jpg 768w, https:\/\/ldswoodworkingmachine.com\/wp-content\/uploads\/2022\/05\/IMG_0638-1536x1024.jpg 1536w, https:\/\/ldswoodworkingmachine.com\/wp-content\/uploads\/2022\/05\/IMG_0638-2048x1365.jpg 2048w, https:\/\/ldswoodworkingmachine.com\/wp-content\/uploads\/2022\/05\/IMG_0638-scaled-600x400.jpg 600w\" sizes=\"(max-width: 300px) 100vw, 300px\" \/> <img data-dominant-color=\"465e5f\" data-has-transparency=\"false\" style=\"--dominant-color: #465e5f;\" decoding=\"async\" class=\"not-transparent alignnone size-medium wp-image-2549\" src=\"https:\/\/ldswoodworkingmachine.com\/wp-content\/uploads\/2022\/05\/IMG_0640-300x200.jpg\" alt=\"\" width=\"300\" height=\"200\" srcset=\"https:\/\/ldswoodworkingmachine.com\/wp-content\/uploads\/2022\/05\/IMG_0640-300x200.jpg 300w, https:\/\/ldswoodworkingmachine.com\/wp-content\/uploads\/2022\/05\/IMG_0640-scaled-800x533.webp 800w, https:\/\/ldswoodworkingmachine.com\/wp-content\/uploads\/2022\/05\/IMG_0640-1024x683.jpg 1024w, https:\/\/ldswoodworkingmachine.com\/wp-content\/uploads\/2022\/05\/IMG_0640-768x512.jpg 768w, https:\/\/ldswoodworkingmachine.com\/wp-content\/uploads\/2022\/05\/IMG_0640-1536x1024.jpg 1536w, https:\/\/ldswoodworkingmachine.com\/wp-content\/uploads\/2022\/05\/IMG_0640-2048x1365.jpg 2048w, https:\/\/ldswoodworkingmachine.com\/wp-content\/uploads\/2022\/05\/IMG_0640-scaled-600x400.jpg 600w\" sizes=\"(max-width: 300px) 100vw, 300px\" \/><\/p>\n<p>Ch\u1ea5t l\u01b0\u1ee3ng cao, kh\u00ed n\u00e9n ph\u1ee5 ki\u1ec7n, m\u1ea1ch b\u1ed1 tr\u00ed theo \u0111\u00fang ti\u00eau chu\u1ea9n qu\u1ed1c nghi\u1ec7p<\/p>\n<p><img data-dominant-color=\"8c8c8a\" data-has-transparency=\"false\" style=\"--dominant-color: #8c8c8a;\" decoding=\"async\" class=\"not-transparent alignnone size-medium wp-image-2551\" src=\"https:\/\/ldswoodworkingmachine.com\/wp-content\/uploads\/2022\/05\/800-2-300x300.jpg\" alt=\"\" width=\"300\" height=\"300\" srcset=\"https:\/\/ldswoodworkingmachine.com\/wp-content\/uploads\/2022\/05\/800-2-300x300.jpg 300w, https:\/\/ldswoodworkingmachine.com\/wp-content\/uploads\/2022\/05\/800-2-100x100.jpg 100w, https:\/\/ldswoodworkingmachine.com\/wp-content\/uploads\/2022\/05\/800-2-600x600.jpg 600w, https:\/\/ldswoodworkingmachine.com\/wp-content\/uploads\/2022\/05\/800-2-150x150.jpg 150w, https:\/\/ldswoodworkingmachine.com\/wp-content\/uploads\/2022\/05\/800-2-768x768.jpg 768w, https:\/\/ldswoodworkingmachine.com\/wp-content\/uploads\/2022\/05\/800-2.webp 800w\" sizes=\"(max-width: 300px) 100vw, 300px\" \/> <img data-dominant-color=\"706d6b\" data-has-transparency=\"false\" style=\"--dominant-color: #706d6b;\" loading=\"lazy\" decoding=\"async\" class=\"not-transparent alignnone size-medium wp-image-2552\" src=\"https:\/\/ldswoodworkingmachine.com\/wp-content\/uploads\/2022\/05\/IMG_0651-300x200.jpg\" alt=\"\" width=\"300\" height=\"200\" srcset=\"https:\/\/ldswoodworkingmachine.com\/wp-content\/uploads\/2022\/05\/IMG_0651-300x200.jpg 300w, https:\/\/ldswoodworkingmachine.com\/wp-content\/uploads\/2022\/05\/IMG_0651-scaled-800x533.webp 800w, https:\/\/ldswoodworkingmachine.com\/wp-content\/uploads\/2022\/05\/IMG_0651-1024x683.jpg 1024w, https:\/\/ldswoodworkingmachine.com\/wp-content\/uploads\/2022\/05\/IMG_0651-768x512.jpg 768w, https:\/\/ldswoodworkingmachine.com\/wp-content\/uploads\/2022\/05\/IMG_0651-1536x1024.jpg 1536w, https:\/\/ldswoodworkingmachine.com\/wp-content\/uploads\/2022\/05\/IMG_0651-2048x1365.jpg 2048w, https:\/\/ldswoodworkingmachine.com\/wp-content\/uploads\/2022\/05\/IMG_0651-scaled-600x400.jpg 600w\" sizes=\"(max-width: 300px) 100vw, 300px\" \/><\/p>\n<p>X\u1eed l\u00fd 10 t\u1ea1i m\u1ed9t th\u1eddi gian, vi\u1ec7c \u00e1p d\u1ee5ng CNC &amp; khu\u00f4n h\u00ecnh th\u00e0nh ph\u01b0\u01a1ng ph\u00e1p.<\/p>\n<p>&nbsp;<\/p>\n<p>&nbsp;<\/p>\n<p><strong>Link Video:<\/strong><\/p>\n<p><a href=\"https:\/\/www.youtube.com\/watch?v=w9_5vW7uKX4\">https:\/\/www.youtube.com\/watch?v=w9_5vW7uKX4<\/a><\/p>\n<p><!--more--><\/p>","protected":false},"excerpt":{"rendered":"<ol>\n<li>Ch\u1ee7 y\u1ebfu qu\u00e1 tr\u00ecnh c\u00e1c v\u1ee3t x\u1eed l\u00fd.<\/li>\n<li>\u0102n t\u1ef1 \u0111\u1ed9ng \u0111\u1ed9ng c\u01a1 \u0103n thu\u1eadn ti\u1ec7n h\u01a1n \u0111\u1ec3 \u0111i\u1ec1u ch\u1ec9nh..<\/li>\n<li>C\u00f4ng su\u1ea5t: 8-12 \/ph\u00fat<\/li>\n<\/ol>","protected":false},"featured_media":2881,"template":"","meta":{"om_disable_all_campaigns":false,"_monsterinsights_skip_tracking":false,"_monsterinsights_sitenote_active":false,"_monsterinsights_sitenote_note":"","_monsterinsights_sitenote_category":0,"site-sidebar-layout":"default","site-content-layout":"default","ast-site-content-layout":"","site-content-style":"default","site-sidebar-style":"default","ast-global-header-display":"","ast-banner-title-visibility":"","ast-main-header-display":"","ast-hfb-above-header-display":"","ast-hfb-below-header-display":"","ast-hfb-mobile-header-display":"","site-post-title":"","ast-breadcrumbs-content":"","ast-featured-img":"","footer-sml-layout":"","theme-transparent-header-meta":"default","adv-header-id-meta":"","stick-header-meta":"","header-above-stick-meta":"","header-main-stick-meta":"","header-below-stick-meta":"","astra-migrate-meta-layouts":"default","ast-page-background-enabled":"default","ast-page-background-meta":{"desktop":{"background-color":"","background-image":"","background-repeat":"repeat","background-position":"center center","background-size":"auto","background-attachment":"scroll","background-type":"","background-media":"","overlay-type":"","overlay-color":"","overlay-gradient":""},"tablet":{"background-color":"","background-image":"","background-repeat":"repeat","background-position":"center center","background-size":"auto","background-attachment":"scroll","background-type":"","background-media":"","overlay-type":"","overlay-color":"","overlay-gradient":""},"mobile":{"background-color":"","background-image":"","background-repeat":"repeat","background-position":"center center","background-size":"auto","background-attachment":"scroll","background-type":"","background-media":"","overlay-type":"","overlay-color":"","overlay-gradient":""}},"ast-content-background-meta":{"desktop":{"background-color":"var(--ast-global-color-5)","background-image":"","background-repeat":"repeat","background-position":"center center","background-size":"auto","background-attachment":"scroll","background-type":"","background-media":"","overlay-type":"","overlay-color":"","overlay-gradient":""},"tablet":{"background-color":"var(--ast-global-color-5)","background-image":"","background-repeat":"repeat","background-position":"center center","background-size":"auto","background-attachment":"scroll","background-type":"","background-media":"","overlay-type":"","overlay-color":"","overlay-gradient":""},"mobile":{"background-color":"var(--ast-global-color-5)","background-image":"","background-repeat":"repeat","background-position":"center center","background-size":"auto","background-attachment":"scroll","background-type":"","background-media":"","overlay-type":"","overlay-color":"","overlay-gradient":""}},"_joinchat":[]},"product_cat":[55],"product_tag":[],"class_list":{"0":"post-2524","1":"product","2":"type-product","3":"status-publish","4":"has-post-thumbnail","6":"product_cat-racket-handle-machine","7":"desktop-align-center","8":"tablet-align-left","9":"mobile-align-left","11":"first","12":"instock","13":"shipping-taxable","14":"product-type-simple"},"yoast_head":"<!-- This site is optimized with the Yoast SEO Premium plugin v24.0 (Yoast SEO v24.1) - https:\/\/yoast.com\/wordpress\/plugins\/seo\/ -->\n<title>Auto Racket Copying Machine - LDSWOODWORKINGMACHINE<\/title>\n<meta name=\"robots\" content=\"index, follow, max-snippet:-1, max-image-preview:large, max-video-preview:-1\" \/>\n<link rel=\"canonical\" href=\"https:\/\/ldswoodworkingmachine.com\/vi\/san-pham\/auto-racket-copying-machine\/\" \/>\n<meta property=\"og:locale\" content=\"vi_VN\" \/>\n<meta property=\"og:type\" content=\"article\" \/>\n<meta property=\"og:title\" content=\"Auto Racket Copying Machine\" \/>\n<meta property=\"og:description\" content=\"Mainly process the Various racket handles.  Automatic feeding, Servo motor feed, more convenient to adjust..  Capacity\uff1a8-12Pcs \/min\" \/>\n<meta property=\"og:url\" content=\"https:\/\/ldswoodworkingmachine.com\/vi\/san-pham\/auto-racket-copying-machine\/\" \/>\n<meta property=\"og:site_name\" content=\"LDSWOODWORKINGMACHINE\" \/>\n<meta property=\"article:publisher\" content=\"https:\/\/www.facebook.com\/profile.php?id=100076190379298\" \/>\n<meta property=\"article:modified_time\" content=\"2022-05-12T08:14:37+00:00\" \/>\n<meta property=\"og:image\" content=\"https:\/\/ldswoodworkingmachine.com\/wp-content\/uploads\/2022\/05\/\u672a\u6807\u9898-4.jpg\" \/>\n\t<meta property=\"og:image:width\" content=\"624\" \/>\n\t<meta property=\"og:image:height\" content=\"624\" \/>\n\t<meta property=\"og:image:type\" content=\"image\/jpeg\" \/>\n<meta name=\"twitter:card\" content=\"summary_large_image\" \/>\n<meta name=\"twitter:label1\" content=\"\u01af\u1edbc t\u00ednh th\u1eddi gian \u0111\u1ecdc\" \/>\n\t<meta name=\"twitter:data1\" content=\"1 ph\u00fat\" \/>\n<script type=\"application\/ld+json\" class=\"yoast-schema-graph\">{\"@context\":\"https:\/\/schema.org\",\"@graph\":[{\"@type\":\"WebPage\",\"@id\":\"https:\/\/ldswoodworkingmachine.com\/product\/auto-racket-copying-machine\",\"url\":\"https:\/\/ldswoodworkingmachine.com\/product\/auto-racket-copying-machine\",\"name\":\"Auto Racket Copying Machine - LDSWOODWORKINGMACHINE\",\"isPartOf\":{\"@id\":\"https:\/\/ldswoodworkingmachine.com\/#website\"},\"primaryImageOfPage\":{\"@id\":\"https:\/\/ldswoodworkingmachine.com\/product\/auto-racket-copying-machine#primaryimage\"},\"image\":{\"@id\":\"https:\/\/ldswoodworkingmachine.com\/product\/auto-racket-copying-machine#primaryimage\"},\"thumbnailUrl\":\"https:\/\/ldswoodworkingmachine.com\/wp-content\/uploads\/2022\/05\/\u672a\u6807\u9898-4.webp\",\"datePublished\":\"2022-05-07T00:54:27+00:00\",\"dateModified\":\"2022-05-12T08:14:37+00:00\",\"breadcrumb\":{\"@id\":\"https:\/\/ldswoodworkingmachine.com\/product\/auto-racket-copying-machine#breadcrumb\"},\"inLanguage\":\"vi\",\"potentialAction\":[{\"@type\":\"ReadAction\",\"target\":[\"https:\/\/ldswoodworkingmachine.com\/product\/auto-racket-copying-machine\"]}]},{\"@type\":\"ImageObject\",\"inLanguage\":\"vi\",\"@id\":\"https:\/\/ldswoodworkingmachine.com\/product\/auto-racket-copying-machine#primaryimage\",\"url\":\"https:\/\/ldswoodworkingmachine.com\/wp-content\/uploads\/2022\/05\/\u672a\u6807\u9898-4.webp\",\"contentUrl\":\"https:\/\/ldswoodworkingmachine.com\/wp-content\/uploads\/2022\/05\/\u672a\u6807\u9898-4.webp\",\"width\":624,\"height\":624,\"caption\":\"Racket Plate copying & sanding machine\"},{\"@type\":\"BreadcrumbList\",\"@id\":\"https:\/\/ldswoodworkingmachine.com\/product\/auto-racket-copying-machine#breadcrumb\",\"itemListElement\":[{\"@type\":\"ListItem\",\"position\":1,\"name\":\"Home\",\"item\":\"https:\/\/ldswoodworkingmachine.com\/\"},{\"@type\":\"ListItem\",\"position\":2,\"name\":\"All Product\",\"item\":\"https:\/\/ldswoodworkingmachine.com\/shop\"},{\"@type\":\"ListItem\",\"position\":3,\"name\":\"Auto Racket Copying Machine\"}]},{\"@type\":\"WebSite\",\"@id\":\"https:\/\/ldswoodworkingmachine.com\/#website\",\"url\":\"https:\/\/ldswoodworkingmachine.com\/\",\"name\":\"LDSWOODWORKINGMACHINE\",\"description\":\"WOODWORKING MACHINE\",\"publisher\":{\"@id\":\"https:\/\/ldswoodworkingmachine.com\/#organization\"},\"potentialAction\":[{\"@type\":\"SearchAction\",\"target\":{\"@type\":\"EntryPoint\",\"urlTemplate\":\"https:\/\/ldswoodworkingmachine.com\/?s={search_term_string}\"},\"query-input\":{\"@type\":\"PropertyValueSpecification\",\"valueRequired\":true,\"valueName\":\"search_term_string\"}}],\"inLanguage\":\"vi\"},{\"@type\":\"Organization\",\"@id\":\"https:\/\/ldswoodworkingmachine.com\/#organization\",\"name\":\"LDSWOODWORKINGMACHINE\",\"url\":\"https:\/\/ldswoodworkingmachine.com\/\",\"logo\":{\"@type\":\"ImageObject\",\"inLanguage\":\"vi\",\"@id\":\"https:\/\/ldswoodworkingmachine.com\/#\/schema\/logo\/image\/\",\"url\":\"https:\/\/ldswoodworkingmachine.com\/wp-content\/uploads\/2022\/04\/cropped-12-1.png\",\"contentUrl\":\"https:\/\/ldswoodworkingmachine.com\/wp-content\/uploads\/2022\/04\/cropped-12-1.png\",\"width\":334,\"height\":80,\"caption\":\"LDSWOODWORKINGMACHINE\"},\"image\":{\"@id\":\"https:\/\/ldswoodworkingmachine.com\/#\/schema\/logo\/image\/\"},\"sameAs\":[\"https:\/\/www.facebook.com\/profile.php?id=100076190379298\",\"https:\/\/www.youtube.com\/channel\/UC_ZTI5V0mMTwFrQ29Jmb5Qw?view_as=subscriber\"]}]}<\/script>\n<!-- \/ Yoast SEO Premium plugin. -->","yoast_head_json":{"title":"Auto Racket Copying Machine - LDSWOODWORKINGMACHINE","robots":{"index":"index","follow":"follow","max-snippet":"max-snippet:-1","max-image-preview":"max-image-preview:large","max-video-preview":"max-video-preview:-1"},"canonical":"https:\/\/ldswoodworkingmachine.com\/vi\/san-pham\/auto-racket-copying-machine\/","og_locale":"vi_VN","og_type":"article","og_title":"Auto Racket Copying Machine","og_description":"Mainly process the Various racket handles.  Automatic feeding, Servo motor feed, more convenient to adjust..  Capacity\uff1a8-12Pcs \/min","og_url":"https:\/\/ldswoodworkingmachine.com\/vi\/san-pham\/auto-racket-copying-machine\/","og_site_name":"LDSWOODWORKINGMACHINE","article_publisher":"https:\/\/www.facebook.com\/profile.php?id=100076190379298","article_modified_time":"2022-05-12T08:14:37+00:00","og_image":[{"width":624,"height":624,"url":"https:\/\/ldswoodworkingmachine.com\/wp-content\/uploads\/2022\/05\/\u672a\u6807\u9898-4.jpg","type":"image\/jpeg"}],"twitter_card":"summary_large_image","twitter_misc":{"\u01af\u1edbc t\u00ednh th\u1eddi gian \u0111\u1ecdc":"1 ph\u00fat"},"schema":{"@context":"https:\/\/schema.org","@graph":[{"@type":"WebPage","@id":"https:\/\/ldswoodworkingmachine.com\/product\/auto-racket-copying-machine","url":"https:\/\/ldswoodworkingmachine.com\/product\/auto-racket-copying-machine","name":"Auto Racket Copying Machine - LDSWOODWORKINGMACHINE","isPartOf":{"@id":"https:\/\/ldswoodworkingmachine.com\/#website"},"primaryImageOfPage":{"@id":"https:\/\/ldswoodworkingmachine.com\/product\/auto-racket-copying-machine#primaryimage"},"image":{"@id":"https:\/\/ldswoodworkingmachine.com\/product\/auto-racket-copying-machine#primaryimage"},"thumbnailUrl":"https:\/\/ldswoodworkingmachine.com\/wp-content\/uploads\/2022\/05\/\u672a\u6807\u9898-4.webp","datePublished":"2022-05-07T00:54:27+00:00","dateModified":"2022-05-12T08:14:37+00:00","breadcrumb":{"@id":"https:\/\/ldswoodworkingmachine.com\/product\/auto-racket-copying-machine#breadcrumb"},"inLanguage":"vi","potentialAction":[{"@type":"ReadAction","target":["https:\/\/ldswoodworkingmachine.com\/product\/auto-racket-copying-machine"]}]},{"@type":"ImageObject","inLanguage":"vi","@id":"https:\/\/ldswoodworkingmachine.com\/product\/auto-racket-copying-machine#primaryimage","url":"https:\/\/ldswoodworkingmachine.com\/wp-content\/uploads\/2022\/05\/\u672a\u6807\u9898-4.webp","contentUrl":"https:\/\/ldswoodworkingmachine.com\/wp-content\/uploads\/2022\/05\/\u672a\u6807\u9898-4.webp","width":624,"height":624,"caption":"Racket Plate copying & sanding machine"},{"@type":"BreadcrumbList","@id":"https:\/\/ldswoodworkingmachine.com\/product\/auto-racket-copying-machine#breadcrumb","itemListElement":[{"@type":"ListItem","position":1,"name":"Home","item":"https:\/\/ldswoodworkingmachine.com\/"},{"@type":"ListItem","position":2,"name":"All Product","item":"https:\/\/ldswoodworkingmachine.com\/shop"},{"@type":"ListItem","position":3,"name":"Auto Racket Copying Machine"}]},{"@type":"WebSite","@id":"https:\/\/ldswoodworkingmachine.com\/#website","url":"https:\/\/ldswoodworkingmachine.com\/","name":"LDSWOODWORKINGMACHINE","description":"WOODWORKING MACHINE","publisher":{"@id":"https:\/\/ldswoodworkingmachine.com\/#organization"},"potentialAction":[{"@type":"SearchAction","target":{"@type":"EntryPoint","urlTemplate":"https:\/\/ldswoodworkingmachine.com\/?s={search_term_string}"},"query-input":{"@type":"PropertyValueSpecification","valueRequired":true,"valueName":"search_term_string"}}],"inLanguage":"vi"},{"@type":"Organization","@id":"https:\/\/ldswoodworkingmachine.com\/#organization","name":"LDSWOODWORKINGMACHINE","url":"https:\/\/ldswoodworkingmachine.com\/","logo":{"@type":"ImageObject","inLanguage":"vi","@id":"https:\/\/ldswoodworkingmachine.com\/#\/schema\/logo\/image\/","url":"https:\/\/ldswoodworkingmachine.com\/wp-content\/uploads\/2022\/04\/cropped-12-1.png","contentUrl":"https:\/\/ldswoodworkingmachine.com\/wp-content\/uploads\/2022\/04\/cropped-12-1.png","width":334,"height":80,"caption":"LDSWOODWORKINGMACHINE"},"image":{"@id":"https:\/\/ldswoodworkingmachine.com\/#\/schema\/logo\/image\/"},"sameAs":["https:\/\/www.facebook.com\/profile.php?id=100076190379298","https:\/\/www.youtube.com\/channel\/UC_ZTI5V0mMTwFrQ29Jmb5Qw?view_as=subscriber"]}]}},"_links":{"self":[{"href":"https:\/\/ldswoodworkingmachine.com\/vi\/wp-json\/wp\/v2\/product\/2524","targetHints":{"allow":["GET"]}}],"collection":[{"href":"https:\/\/ldswoodworkingmachine.com\/vi\/wp-json\/wp\/v2\/product"}],"about":[{"href":"https:\/\/ldswoodworkingmachine.com\/vi\/wp-json\/wp\/v2\/types\/product"}],"wp:featuredmedia":[{"embeddable":true,"href":"https:\/\/ldswoodworkingmachine.com\/vi\/wp-json\/wp\/v2\/media\/2881"}],"wp:attachment":[{"href":"https:\/\/ldswoodworkingmachine.com\/vi\/wp-json\/wp\/v2\/media?parent=2524"}],"wp:term":[{"taxonomy":"product_cat","embeddable":true,"href":"https:\/\/ldswoodworkingmachine.com\/vi\/wp-json\/wp\/v2\/product_cat?post=2524"},{"taxonomy":"product_tag","embeddable":true,"href":"https:\/\/ldswoodworkingmachine.com\/vi\/wp-json\/wp\/v2\/product_tag?post=2524"}],"curies":[{"name":"wp","href":"https:\/\/api.w.org\/{rel}","templated":true}]}}