{"id":2446,"date":"2022-04-28T06:54:27","date_gmt":"2022-04-28T06:54:27","guid":{"rendered":"https:\/\/ldswoodworkingmachine.com\/?post_type=product&#038;p=2446"},"modified":"2023-03-23T04:06:03","modified_gmt":"2023-03-23T04:06:03","slug":"mx7212-wood-copy-shaper-machine","status":"publish","type":"product","link":"https:\/\/ldswoodworkingmachine.com\/vi\/san-pham\/mx7212-wood-copy-shaper-machine","title":{"rendered":"MX7212 M\u00e1y t\u1ea1o h\u00ecnh g\u1ed7"},"content":{"rendered":"<p>TRUY\u1ec0N 7212 t\u1ef1 \u0110\u1ed9ng g\u1ed7 sao ch\u00e9p \u00e9p m\u00e1y t\u00ednh n\u0103ng ch\u00ednh:<\/p>\n<ul>\n<li>M\u00e1y n\u00e0y \u0111\u00e3 \u0111\u01b0\u1ee3c c\u1ea3i thi\u1ec7n c\u00f4ng c\u1ee7a tr\u1ee5c \u00e9p m\u00e1y v\u1edbi M\u00c1Y t\u00ednh \u0111i\u1ec1u khi\u1ec3n, c\u00e1c h\u00ecnh t\u1ed1c \u0111\u1ed9 l\u00e0 cao nh\u01b0 m\u00e1y copy \u00e9p m\u00e1y, nh\u01b0ng, v\u1edbi gi\u00e1 l\u00e0 \u00edt t\u1ed1n k\u00e9m.<\/li>\n<li>S\u1eed d\u1ee5ng hai \u0111\u1ea7u sao ch\u00e9p \u00e9p v\u1edbi th\u1ee9c \u0103n t\u1ef1 \u0111\u1ed9ng,t\u1ef1 \u0111\u1ed9ng s\u1ea3n xu\u1ea5t v\u1edbi \u00edt \u0111\u1ed9ng,n\u00f3 kh\u00f4ng ch\u1ec9 ti\u1ebft ki\u1ec7m v\u1ed1n \u0111\u1ea7u t\u01b0 c\u1ee7a b\u1ea1n, nh\u01b0ng c\u0169ng l\u00e0m gi\u1ea3m chi ph\u00ed c\u1ee7a b\u1ea1n c\u1ee7a s\u1ea3n xu\u1ea5t.<\/li>\n<li>T\u1ea5t c\u1ea3 c\u00e1c ho\u1ea1t \u0111\u1ed9ng \u0111i\u1ec1u khi\u1ec3n \u0111\u01b0\u1ee3c t\u1eadp trung trong h\u1ed9p \u0111i\u1ec1u khi\u1ec3n, v\u00e0 \u0111i\u1ec1u khi\u1ec3n \u0111\u01b0\u1ee3c s\u1eafp x\u1ebfp t\u1ed1t, tr\u00ean b\u1ea3ng \u0111i\u1ec1u khi\u1ec3n cho d\u1ec5 d\u00e0ng h\u01a1n ch\u1ea1m \u0111\u1ebfn ho\u1ea1t \u0111\u1ed9ng.<\/li>\n<li>Th\u1ee9c \u0103n m\u1ee9c c\u00f3 th\u1ec3 \u0111i\u1ec1u ch\u1ec9nh cho t\u1ed1i \u01b0u ra, theo ch\u1ee9ng d\u00e0y v\u00e0 th\u00e0nh h\u00ecnh d\u1ea1ng.<\/li>\n<li>K\u1ebf \u0111\u1ed9c \u0111\u00e1o c\u1ee7a b\u1ea3ng ch\u1ea1y theo chi\u1ec1u kim \u0111\u1ed3ng h\u1ed3 v\u00e0 ng\u01b0\u1ee3c chi\u1ec1u kim \u0111\u1ed3ng h\u1ed3, mi\u1ec5n ph\u00ed t\u1eeb r\u00e1ch ng\u0169 c\u1ed1c trong khi c\u1eaft h\u01b0\u1edbng kh\u00e1c nhau c\u1ee7a ng\u0169 c\u1ed1c trong c\u00e1c c\u1ed5 phi\u1ebfu.<\/li>\n<li>\u0110\u1ea7u c\u1eaft \u0103n \u0111\u01b0\u1ee3c \u0111i\u1ec1u khi\u1ec3n b\u1edfi m\u00e1y th\u1ee7y l\u1ef1c h\u1ec7 th\u1ed1ng l\u00e0m cho n\u00f3 tr\u01a1n tru \u00e1p d\u1ee5ng m\u1ed9t th\u1eadm ch\u00ed \u00e1p l\u1ef1c, cung c\u1ea5p v\u00e0 c\u1eaft.<\/li>\n<li>C\u1eaft \u0111\u1ea7u th\u1ee9c \u0103n \u0111\u01b0\u1ee3c thi\u1ebft k\u1ebf t\u1ef1 \u0111\u1ed9ng ch\u1eadm khi n\u00f3 ti\u1ebfp c\u1eadn \u0111\u1ebfn ph\u1ea7n c\u00f4ng vi\u1ec7c, \u0111\u1ea3m b\u1ea3o kh\u00f4ng bump x\u1ea3y ra v\u00e0 kh\u00f4ng c\u1eaft mark tr\u00e1i t\u1ea1i th\u1eddi \u0111i\u1ec3m b\u1eaft \u0111\u1ea7u, \u0111i\u1ec1u n\u00e0y s\u1ebd cho \u0111\u1eb7c bi\u1ec7t k\u1ebft th\u00fac \u00eam.<\/li>\n<li>V\u1edbi \u0111\u00f4i-c\u1ecdc \u0111\u00f4i-b\u1ecb c\u1eaft, n\u00f3 h\u00ecnh d\u1ea1ng theo g\u1ed7 s\u1ecdc \u0111\u1ec3 tr\u00e1nh n\u1ee9t &amp; m\u1ea3nh, d\u1ec5 d\u00e0ng cho t\u00e1i nh\u00e1m.<\/li>\n<li>C\u00f4ng nghi\u1ec7p n\u1eb7ng, \u0111\u1ed9ng c\u01a1 cho kh\u1ea3 n\u0103ng c\u1eaft t\u1ed1i \u0111a.<\/li>\n<li>Ch\u00ednh x\u00e1c k\u00edn cu\u1ed9c s\u1ed1ng l\u00e2u d\u00e0i, t\u1ed1c \u0111\u1ed9 cao mang cho b\u1ec1n s\u1eed d\u1ee5ng.<\/li>\n<li>N\u1eb7ng t\u1ea5m khung b\u1eb1ng kim lo\u1ea1i v\u00e0 gang b\u00e0n.<\/li>\n<li>Th\u00edch h\u1ee3p cho m\u1ee5c x\u01b0\u01a1ng l\u00e0m vi\u1ec7c nh\u1ecf m\u1ea3nh, \u0111\u1ed3 n\u1ed9i th\u1ea5t&#039; x\u1eed l\u00fd, ho\u1eb7c ph\u1ee9c t\u1ea1p nh\u1ecdn,cho phay c\u1ee7a tr\u00f2n, h\u00ecnh ph\u00f4i nh\u01b0 ch\u1ed7 b\u1ec1 m\u1eb7t b\u1ebfp th\u1edbt, b\u00e0n c\u00e0 ph\u00ea, etc.<\/li>\n<li>M\u00e1y c\u00f3 hai \u0111\u1ea7u,m\u1ed9t \u0111\u1ea7u v\u1edbi c\u1eaft \u0111\u1ea7u kh\u00e1c c\u00f3 th\u1ec3 \u0111\u01b0\u1ee3c s\u1eed d\u1ee5ng nh\u01b0 c\u1eaft cho c\u1eaft t\u1ed1t hay b\u00e0n ch\u1ea3i b\u00e1nh xe, h\u1ed3 s\u01a1 nh\u00e1m tr\u1ed1ng cho t\u1ed1t nh\u00e1m k\u1ebft th\u00fac.<\/li>\n<\/ul>\n<p>Th\u00f4ng s\u1ed1 k\u1ef9 thu\u1eadt:<\/p>\n<table>\n<tbody>\n<tr class=\"firstRow\">\n<td valign=\"top\" width=\"435\">C\u1eaft \u0111\u01b0\u1eddng k\u00ednh<\/td>\n<td valign=\"top\" width=\"435\"><span style=\"vertical-align: inherit;\"><span style=\"vertical-align: inherit;\">110-1150 mm<\/span><\/span><\/td>\n<\/tr>\n<tr>\n<td valign=\"top\" width=\"435\">T\u1ed1i \u0110a H\u00ecnh Ch\u1eef Nh\u1eadt C\u1eaft<\/td>\n<td valign=\"top\" width=\"435\"><span style=\"vertical-align: inherit;\"><span style=\"vertical-align: inherit;\">2:1<\/span><\/span><\/td>\n<\/tr>\n<tr>\n<td valign=\"top\" width=\"435\">C\u1eaft T\u1ed1i \u0110a D\u00e0y<\/td>\n<td valign=\"top\" width=\"435\"><span style=\"vertical-align: inherit;\"><span style=\"vertical-align: inherit;\">130 mm<\/span><\/span><\/td>\n<\/tr>\n<tr>\n<td valign=\"top\" width=\"435\">B\u00e0n l\u00e0m vi\u1ec7c k\u00edch th\u01b0\u1edbc<\/td>\n<td valign=\"top\" width=\"435\"><span style=\"vertical-align: inherit;\"><span style=\"vertical-align: inherit;\">phi 700 mm<\/span><\/span><\/td>\n<\/tr>\n<tr>\n<td valign=\"top\" width=\"435\">C\u1eaft tr\u1ee5c \u0111\u01b0\u1eddng k\u00ednh<\/td>\n<td valign=\"top\" width=\"435\"><span style=\"vertical-align: inherit;\"><span style=\"vertical-align: inherit;\">phi 30mm<\/span><\/span><\/td>\n<\/tr>\n<tr>\n<td valign=\"top\" width=\"435\">L\u0103n d\u1eabn \u0111\u01b0\u1eddng k\u00ednh<\/td>\n<td valign=\"top\" width=\"435\"><span style=\"vertical-align: inherit;\"><span style=\"vertical-align: inherit;\">phi 100<\/span><\/span><\/td>\n<\/tr>\n<tr>\n<td valign=\"top\" width=\"435\">T\u1ed1c \u0111\u1ed9 tr\u1ee5c<\/td>\n<td valign=\"top\" width=\"435\"><span style=\"vertical-align: inherit;\"><span style=\"vertical-align: inherit;\">9000 v\u00f2ng\/ph\u00fat<\/span><\/span><\/td>\n<\/tr>\n<tr>\n<td valign=\"top\" width=\"435\">B\u00e0n l\u00e0m vi\u1ec7c t\u1ed1c \u0111\u1ed9<\/td>\n<td valign=\"top\" width=\"435\"><span style=\"vertical-align: inherit;\"><span style=\"vertical-align: inherit;\">1.5-6r\/m<\/span><\/span><\/td>\n<\/tr>\n<tr>\n<td colspan=\"1\" rowspan=\"1\" valign=\"top\">\u0110\u1ed9ng c\u01a1 tr\u1ee5c ch\u00ednh quy\u1ec1n l\u1ef1c<\/td>\n<td colspan=\"1\" rowspan=\"1\" valign=\"top\"><span style=\"vertical-align: inherit;\"><span style=\"vertical-align: inherit;\">55kw<\/span><\/span><\/td>\n<\/tr>\n<tr>\n<td colspan=\"1\" rowspan=\"1\" valign=\"top\">B\u00e0n l\u00e0m vi\u1ec7c l\u00e1i xe \u0111i\u1ec7n<\/td>\n<td colspan=\"1\" rowspan=\"1\" valign=\"top\"><span style=\"vertical-align: inherit;\"><span style=\"vertical-align: inherit;\">1.5 kW<\/span><\/span><\/td>\n<\/tr>\n<tr>\n<td colspan=\"1\" rowspan=\"1\" valign=\"top\">L\u00e0m vi\u1ec7c \u00e1p su\u1ea5t kh\u00f4ng kh\u00ed<\/td>\n<td colspan=\"1\" rowspan=\"1\" valign=\"top\"><span style=\"vertical-align: inherit;\"><span style=\"vertical-align: inherit;\">0.6-0.8 H\u00e0m<\/span><\/span><\/td>\n<\/tr>\n<tr>\n<td colspan=\"1\" rowspan=\"1\" valign=\"top\">B\u1ee5i \u0111\u01b0\u1eddng k\u00ednh \u1ed5 c\u1eafm<\/td>\n<td colspan=\"1\" rowspan=\"1\" valign=\"top\"><span style=\"vertical-align: inherit;\"><span style=\"vertical-align: inherit;\">100*4 Chi\u1ebfc<\/span><\/span><\/td>\n<\/tr>\n<tr>\n<td valign=\"top\" width=\"435\">K\u00edch th\u01b0\u1edbc<\/td>\n<td valign=\"top\" width=\"435\"><span style=\"vertical-align: inherit;\"><span style=\"vertical-align: inherit;\">L\u00fac 16 gi\u1edd 30 ph\u00fat*1450*2400<\/span><\/span><\/td>\n<\/tr>\n<tr>\n<td valign=\"top\" width=\"435\">C\u00e2n<\/td>\n<td valign=\"top\" width=\"435\"><span style=\"vertical-align: inherit;\"><span style=\"vertical-align: inherit;\">1200KGS<\/span><\/span><\/td>\n<\/tr>\n<\/tbody>\n<\/table>\n<p>\u1ee8ng d\u1ee5ng:<\/p>\n<p><img data-dominant-color=\"e7caaa\" data-has-transparency=\"true\" style=\"--dominant-color: #e7caaa;\" fetchpriority=\"high\" decoding=\"async\" class=\"has-transparency alignnone size-medium wp-image-2447\" src=\"https:\/\/ldswoodworkingmachine.com\/wp-content\/uploads\/2022\/04\/16511299121-300x277.png\" alt=\"\" width=\"300\" height=\"277\" srcset=\"https:\/\/ldswoodworkingmachine.com\/wp-content\/uploads\/2022\/04\/16511299121-300x277.png 300w, https:\/\/ldswoodworkingmachine.com\/wp-content\/uploads\/2022\/04\/16511299121-100x92.png 100w, https:\/\/ldswoodworkingmachine.com\/wp-content\/uploads\/2022\/04\/16511299121.png 496w\" sizes=\"(max-width: 300px) 100vw, 300px\" \/> <img data-dominant-color=\"cbb8a5\" data-has-transparency=\"true\" style=\"--dominant-color: #cbb8a5;\" decoding=\"async\" class=\"has-transparency alignnone size-medium wp-image-2448\" src=\"https:\/\/ldswoodworkingmachine.com\/wp-content\/uploads\/2022\/04\/16511299691-300x242.png\" alt=\"\" width=\"300\" height=\"242\" srcset=\"https:\/\/ldswoodworkingmachine.com\/wp-content\/uploads\/2022\/04\/16511299691-300x242.png 300w, https:\/\/ldswoodworkingmachine.com\/wp-content\/uploads\/2022\/04\/16511299691-100x81.png 100w, https:\/\/ldswoodworkingmachine.com\/wp-content\/uploads\/2022\/04\/16511299691.png 503w\" sizes=\"(max-width: 300px) 100vw, 300px\" \/> <img data-dominant-color=\"f2d7b9\" data-has-transparency=\"true\" style=\"--dominant-color: #f2d7b9;\" decoding=\"async\" class=\"has-transparency alignnone size-medium wp-image-2450\" src=\"https:\/\/ldswoodworkingmachine.com\/wp-content\/uploads\/2022\/04\/16511304081-285x300.png\" alt=\"\" width=\"285\" height=\"300\" srcset=\"https:\/\/ldswoodworkingmachine.com\/wp-content\/uploads\/2022\/04\/16511304081-285x300.png 285w, https:\/\/ldswoodworkingmachine.com\/wp-content\/uploads\/2022\/04\/16511304081-100x105.png 100w, https:\/\/ldswoodworkingmachine.com\/wp-content\/uploads\/2022\/04\/16511304081.png 536w\" sizes=\"(max-width: 285px) 100vw, 285px\" \/> <img data-dominant-color=\"a38b77\" data-has-transparency=\"true\" style=\"--dominant-color: #a38b77;\" loading=\"lazy\" decoding=\"async\" class=\"has-transparency alignnone size-medium wp-image-2451\" src=\"https:\/\/ldswoodworkingmachine.com\/wp-content\/uploads\/2022\/04\/16511304951-300x240.png\" alt=\"\" width=\"300\" height=\"240\" srcset=\"https:\/\/ldswoodworkingmachine.com\/wp-content\/uploads\/2022\/04\/16511304951-300x240.png 300w, https:\/\/ldswoodworkingmachine.com\/wp-content\/uploads\/2022\/04\/16511304951-600x480.png 600w, https:\/\/ldswoodworkingmachine.com\/wp-content\/uploads\/2022\/04\/16511304951.png 609w\" sizes=\"(max-width: 300px) 100vw, 300px\" \/><\/p>\n<p><!--more--><\/p>\n<p>&nbsp;<\/p>\n<p>Link Video tr\u00ean youtube t\u00ednh:<\/p>\n<p><a href=\"https:\/\/www.youtube.com\/watch?v=tQSQ11iF0Mo\">https:\/\/www.youtube.com\/watch?v=tQSQ11iF0Mo<\/a><\/p>","protected":false},"excerpt":{"rendered":"<p>\u0110\u00e2y l\u00e0 lo\u1ea1i g\u1ed7 sao ch\u00e9p \u00e9p m\u00e1y ch\u1ee7 y\u1ebfu \u0111\u01b0\u1ee3c s\u1eed d\u1ee5ng cho phay c\u1ee7a tr\u00f2n, h\u00ecnh ph\u00f4i nh\u01b0 ch\u1ed7 b\u1ec1 m\u1eb7t b\u1ebfp th\u1edbt, b\u00e0n c\u00e0 ph\u00ea, etc.<\/p>","protected":false},"featured_media":2879,"template":"","meta":{"om_disable_all_campaigns":false,"_monsterinsights_skip_tracking":false,"_monsterinsights_sitenote_active":false,"_monsterinsights_sitenote_note":"","_monsterinsights_sitenote_category":0,"site-sidebar-layout":"default","site-content-layout":"default","ast-site-content-layout":"","site-content-style":"default","site-sidebar-style":"default","ast-global-header-display":"","ast-banner-title-visibility":"","ast-main-header-display":"","ast-hfb-above-header-display":"","ast-hfb-below-header-display":"","ast-hfb-mobile-header-display":"","site-post-title":"","ast-breadcrumbs-content":"","ast-featured-img":"","footer-sml-layout":"","theme-transparent-header-meta":"default","adv-header-id-meta":"","stick-header-meta":"","header-above-stick-meta":"","header-main-stick-meta":"","header-below-stick-meta":"","astra-migrate-meta-layouts":"default","ast-page-background-enabled":"default","ast-page-background-meta":{"desktop":{"background-color":"","background-image":"","background-repeat":"repeat","background-position":"center center","background-size":"auto","background-attachment":"scroll","background-type":"","background-media":"","overlay-type":"","overlay-color":"","overlay-gradient":""},"tablet":{"background-color":"","background-image":"","background-repeat":"repeat","background-position":"center center","background-size":"auto","background-attachment":"scroll","background-type":"","background-media":"","overlay-type":"","overlay-color":"","overlay-gradient":""},"mobile":{"background-color":"","background-image":"","background-repeat":"repeat","background-position":"center center","background-size":"auto","background-attachment":"scroll","background-type":"","background-media":"","overlay-type":"","overlay-color":"","overlay-gradient":""}},"ast-content-background-meta":{"desktop":{"background-color":"var(--ast-global-color-5)","background-image":"","background-repeat":"repeat","background-position":"center center","background-size":"auto","background-attachment":"scroll","background-type":"","background-media":"","overlay-type":"","overlay-color":"","overlay-gradient":""},"tablet":{"background-color":"var(--ast-global-color-5)","background-image":"","background-repeat":"repeat","background-position":"center center","background-size":"auto","background-attachment":"scroll","background-type":"","background-media":"","overlay-type":"","overlay-color":"","overlay-gradient":""},"mobile":{"background-color":"var(--ast-global-color-5)","background-image":"","background-repeat":"repeat","background-position":"center center","background-size":"auto","background-attachment":"scroll","background-type":"","background-media":"","overlay-type":"","overlay-color":"","overlay-gradient":""}},"_joinchat":[]},"product_cat":[54],"product_tag":[],"class_list":{"0":"post-2446","1":"product","2":"type-product","3":"status-publish","4":"has-post-thumbnail","6":"product_cat-wood-copy-shaper-machine","7":"desktop-align-center","8":"tablet-align-left","9":"mobile-align-left","11":"first","12":"instock","13":"shipping-taxable","14":"product-type-simple"},"yoast_head":"<!-- This site is optimized with the Yoast SEO Premium plugin v24.0 (Yoast SEO v24.1) - https:\/\/yoast.com\/wordpress\/plugins\/seo\/ -->\n<title>MX7212 Wood copy shaper machine - LDSWOODWORKINGMACHINE<\/title>\n<meta name=\"description\" content=\"This type of\u00a0 wood copy shaper machine is mainly used for milling of circular, rectangular and oval workpieces, such as seat surfaces, kitchen cutting boards, coffee tables, etc.\" \/>\n<meta name=\"robots\" content=\"index, follow, max-snippet:-1, max-image-preview:large, max-video-preview:-1\" \/>\n<link rel=\"canonical\" href=\"https:\/\/ldswoodworkingmachine.com\/vi\/san-pham\/mx7212-wood-copy-shaper-machine\/\" \/>\n<meta property=\"og:locale\" content=\"vi_VN\" \/>\n<meta property=\"og:type\" content=\"article\" \/>\n<meta property=\"og:title\" content=\"MX-7212 Automatic wood copy shaper machine\" \/>\n<meta property=\"og:description\" content=\"This type of\u00a0 wood copy shaper machine is mainly used for milling of circular, rectangular and oval workpieces, such as seat surfaces, kitchen cutting boards, coffee tables, etc.\" \/>\n<meta property=\"og:url\" content=\"https:\/\/ldswoodworkingmachine.com\/vi\/san-pham\/mx7212-wood-copy-shaper-machine\/\" \/>\n<meta property=\"og:site_name\" content=\"LDSWOODWORKINGMACHINE\" \/>\n<meta property=\"article:publisher\" content=\"https:\/\/www.facebook.com\/profile.php?id=100076190379298\" \/>\n<meta property=\"article:modified_time\" content=\"2023-03-23T04:06:03+00:00\" \/>\n<meta property=\"og:image\" content=\"https:\/\/ldswoodworkingmachine.com\/wp-content\/uploads\/2022\/04\/-1-2-e1652342046487.jpg\" \/>\n\t<meta property=\"og:image:width\" content=\"623\" \/>\n\t<meta property=\"og:image:height\" content=\"623\" \/>\n\t<meta property=\"og:image:type\" content=\"image\/jpeg\" \/>\n<meta name=\"twitter:card\" content=\"summary_large_image\" \/>\n<meta name=\"twitter:title\" content=\"MX-7212 Automatic wood copy shaper machine\" \/>\n<meta name=\"twitter:description\" content=\"This type of\u00a0 wood copy shaper machine is mainly used for milling of circular, rectangular and oval workpieces, such as seat surfaces, kitchen cutting boards, coffee tables, etc.\" \/>\n<meta name=\"twitter:image\" content=\"https:\/\/ldswoodworkingmachine.com\/wp-content\/uploads\/2022\/04\/-1-2-e1652342046487.webp\" \/>\n<meta name=\"twitter:label1\" content=\"\u01af\u1edbc t\u00ednh th\u1eddi gian \u0111\u1ecdc\" \/>\n\t<meta name=\"twitter:data1\" content=\"3 ph\u00fat\" \/>\n<script type=\"application\/ld+json\" class=\"yoast-schema-graph\">{\"@context\":\"https:\/\/schema.org\",\"@graph\":[{\"@type\":\"WebPage\",\"@id\":\"https:\/\/ldswoodworkingmachine.com\/product\/mx7212-wood-copy-shaper-machine\",\"url\":\"https:\/\/ldswoodworkingmachine.com\/product\/mx7212-wood-copy-shaper-machine\",\"name\":\"MX7212 Wood copy shaper machine - LDSWOODWORKINGMACHINE\",\"isPartOf\":{\"@id\":\"https:\/\/ldswoodworkingmachine.com\/#website\"},\"primaryImageOfPage\":{\"@id\":\"https:\/\/ldswoodworkingmachine.com\/product\/mx7212-wood-copy-shaper-machine#primaryimage\"},\"image\":{\"@id\":\"https:\/\/ldswoodworkingmachine.com\/product\/mx7212-wood-copy-shaper-machine#primaryimage\"},\"thumbnailUrl\":\"https:\/\/ldswoodworkingmachine.com\/wp-content\/uploads\/2022\/04\/-1-2-e1652342046487.webp\",\"datePublished\":\"2022-04-28T06:54:27+00:00\",\"dateModified\":\"2023-03-23T04:06:03+00:00\",\"description\":\"This type of\u00a0 wood copy shaper machine is mainly used for milling of circular, rectangular and oval workpieces, such as seat surfaces, kitchen cutting boards, coffee tables, etc.\",\"breadcrumb\":{\"@id\":\"https:\/\/ldswoodworkingmachine.com\/product\/mx7212-wood-copy-shaper-machine#breadcrumb\"},\"inLanguage\":\"vi\",\"potentialAction\":[{\"@type\":\"ReadAction\",\"target\":[\"https:\/\/ldswoodworkingmachine.com\/product\/mx7212-wood-copy-shaper-machine\"]}]},{\"@type\":\"ImageObject\",\"inLanguage\":\"vi\",\"@id\":\"https:\/\/ldswoodworkingmachine.com\/product\/mx7212-wood-copy-shaper-machine#primaryimage\",\"url\":\"https:\/\/ldswoodworkingmachine.com\/wp-content\/uploads\/2022\/04\/-1-2-e1652342046487.webp\",\"contentUrl\":\"https:\/\/ldswoodworkingmachine.com\/wp-content\/uploads\/2022\/04\/-1-2-e1652342046487.webp\",\"width\":623,\"height\":623,\"caption\":\"MX7212 Wood copy shaper machine\"},{\"@type\":\"BreadcrumbList\",\"@id\":\"https:\/\/ldswoodworkingmachine.com\/product\/mx7212-wood-copy-shaper-machine#breadcrumb\",\"itemListElement\":[{\"@type\":\"ListItem\",\"position\":1,\"name\":\"Home\",\"item\":\"https:\/\/ldswoodworkingmachine.com\/\"},{\"@type\":\"ListItem\",\"position\":2,\"name\":\"All Product\",\"item\":\"https:\/\/ldswoodworkingmachine.com\/shop\"},{\"@type\":\"ListItem\",\"position\":3,\"name\":\"MX7212 Wood copy shaper machine\"}]},{\"@type\":\"WebSite\",\"@id\":\"https:\/\/ldswoodworkingmachine.com\/#website\",\"url\":\"https:\/\/ldswoodworkingmachine.com\/\",\"name\":\"LDSWOODWORKINGMACHINE\",\"description\":\"WOODWORKING MACHINE\",\"publisher\":{\"@id\":\"https:\/\/ldswoodworkingmachine.com\/#organization\"},\"potentialAction\":[{\"@type\":\"SearchAction\",\"target\":{\"@type\":\"EntryPoint\",\"urlTemplate\":\"https:\/\/ldswoodworkingmachine.com\/?s={search_term_string}\"},\"query-input\":{\"@type\":\"PropertyValueSpecification\",\"valueRequired\":true,\"valueName\":\"search_term_string\"}}],\"inLanguage\":\"vi\"},{\"@type\":\"Organization\",\"@id\":\"https:\/\/ldswoodworkingmachine.com\/#organization\",\"name\":\"LDSWOODWORKINGMACHINE\",\"url\":\"https:\/\/ldswoodworkingmachine.com\/\",\"logo\":{\"@type\":\"ImageObject\",\"inLanguage\":\"vi\",\"@id\":\"https:\/\/ldswoodworkingmachine.com\/#\/schema\/logo\/image\/\",\"url\":\"https:\/\/ldswoodworkingmachine.com\/wp-content\/uploads\/2022\/04\/cropped-12-1.png\",\"contentUrl\":\"https:\/\/ldswoodworkingmachine.com\/wp-content\/uploads\/2022\/04\/cropped-12-1.png\",\"width\":334,\"height\":80,\"caption\":\"LDSWOODWORKINGMACHINE\"},\"image\":{\"@id\":\"https:\/\/ldswoodworkingmachine.com\/#\/schema\/logo\/image\/\"},\"sameAs\":[\"https:\/\/www.facebook.com\/profile.php?id=100076190379298\",\"https:\/\/www.youtube.com\/channel\/UC_ZTI5V0mMTwFrQ29Jmb5Qw?view_as=subscriber\"]}]}<\/script>\n<!-- \/ Yoast SEO Premium plugin. -->","yoast_head_json":{"title":"MX7212 Wood copy shaper machine - LDSWOODWORKINGMACHINE","description":"This type of\u00a0 wood copy shaper machine is mainly used for milling of circular, rectangular and oval workpieces, such as seat surfaces, kitchen cutting boards, coffee tables, etc.","robots":{"index":"index","follow":"follow","max-snippet":"max-snippet:-1","max-image-preview":"max-image-preview:large","max-video-preview":"max-video-preview:-1"},"canonical":"https:\/\/ldswoodworkingmachine.com\/vi\/san-pham\/mx7212-wood-copy-shaper-machine\/","og_locale":"vi_VN","og_type":"article","og_title":"MX-7212 Automatic wood copy shaper machine","og_description":"This type of\u00a0 wood copy shaper machine is mainly used for milling of circular, rectangular and oval workpieces, such as seat surfaces, kitchen cutting boards, coffee tables, etc.","og_url":"https:\/\/ldswoodworkingmachine.com\/vi\/san-pham\/mx7212-wood-copy-shaper-machine\/","og_site_name":"LDSWOODWORKINGMACHINE","article_publisher":"https:\/\/www.facebook.com\/profile.php?id=100076190379298","article_modified_time":"2023-03-23T04:06:03+00:00","og_image":[{"width":623,"height":623,"url":"https:\/\/ldswoodworkingmachine.com\/wp-content\/uploads\/2022\/04\/-1-2-e1652342046487.jpg","type":"image\/jpeg"}],"twitter_card":"summary_large_image","twitter_title":"MX-7212 Automatic wood copy shaper machine","twitter_description":"This type of\u00a0 wood copy shaper machine is mainly used for milling of circular, rectangular and oval workpieces, such as seat surfaces, kitchen cutting boards, coffee tables, etc.","twitter_image":"https:\/\/ldswoodworkingmachine.com\/wp-content\/uploads\/2022\/04\/-1-2-e1652342046487.webp","twitter_misc":{"\u01af\u1edbc t\u00ednh th\u1eddi gian \u0111\u1ecdc":"3 ph\u00fat"},"schema":{"@context":"https:\/\/schema.org","@graph":[{"@type":"WebPage","@id":"https:\/\/ldswoodworkingmachine.com\/product\/mx7212-wood-copy-shaper-machine","url":"https:\/\/ldswoodworkingmachine.com\/product\/mx7212-wood-copy-shaper-machine","name":"MX7212 Wood copy shaper machine - LDSWOODWORKINGMACHINE","isPartOf":{"@id":"https:\/\/ldswoodworkingmachine.com\/#website"},"primaryImageOfPage":{"@id":"https:\/\/ldswoodworkingmachine.com\/product\/mx7212-wood-copy-shaper-machine#primaryimage"},"image":{"@id":"https:\/\/ldswoodworkingmachine.com\/product\/mx7212-wood-copy-shaper-machine#primaryimage"},"thumbnailUrl":"https:\/\/ldswoodworkingmachine.com\/wp-content\/uploads\/2022\/04\/-1-2-e1652342046487.webp","datePublished":"2022-04-28T06:54:27+00:00","dateModified":"2023-03-23T04:06:03+00:00","description":"This type of\u00a0 wood copy shaper machine is mainly used for milling of circular, rectangular and oval workpieces, such as seat surfaces, kitchen cutting boards, coffee tables, etc.","breadcrumb":{"@id":"https:\/\/ldswoodworkingmachine.com\/product\/mx7212-wood-copy-shaper-machine#breadcrumb"},"inLanguage":"vi","potentialAction":[{"@type":"ReadAction","target":["https:\/\/ldswoodworkingmachine.com\/product\/mx7212-wood-copy-shaper-machine"]}]},{"@type":"ImageObject","inLanguage":"vi","@id":"https:\/\/ldswoodworkingmachine.com\/product\/mx7212-wood-copy-shaper-machine#primaryimage","url":"https:\/\/ldswoodworkingmachine.com\/wp-content\/uploads\/2022\/04\/-1-2-e1652342046487.webp","contentUrl":"https:\/\/ldswoodworkingmachine.com\/wp-content\/uploads\/2022\/04\/-1-2-e1652342046487.webp","width":623,"height":623,"caption":"MX7212 Wood copy shaper machine"},{"@type":"BreadcrumbList","@id":"https:\/\/ldswoodworkingmachine.com\/product\/mx7212-wood-copy-shaper-machine#breadcrumb","itemListElement":[{"@type":"ListItem","position":1,"name":"Home","item":"https:\/\/ldswoodworkingmachine.com\/"},{"@type":"ListItem","position":2,"name":"All Product","item":"https:\/\/ldswoodworkingmachine.com\/shop"},{"@type":"ListItem","position":3,"name":"MX7212 Wood copy shaper machine"}]},{"@type":"WebSite","@id":"https:\/\/ldswoodworkingmachine.com\/#website","url":"https:\/\/ldswoodworkingmachine.com\/","name":"LDSWOODWORKINGMACHINE","description":"WOODWORKING MACHINE","publisher":{"@id":"https:\/\/ldswoodworkingmachine.com\/#organization"},"potentialAction":[{"@type":"SearchAction","target":{"@type":"EntryPoint","urlTemplate":"https:\/\/ldswoodworkingmachine.com\/?s={search_term_string}"},"query-input":{"@type":"PropertyValueSpecification","valueRequired":true,"valueName":"search_term_string"}}],"inLanguage":"vi"},{"@type":"Organization","@id":"https:\/\/ldswoodworkingmachine.com\/#organization","name":"LDSWOODWORKINGMACHINE","url":"https:\/\/ldswoodworkingmachine.com\/","logo":{"@type":"ImageObject","inLanguage":"vi","@id":"https:\/\/ldswoodworkingmachine.com\/#\/schema\/logo\/image\/","url":"https:\/\/ldswoodworkingmachine.com\/wp-content\/uploads\/2022\/04\/cropped-12-1.png","contentUrl":"https:\/\/ldswoodworkingmachine.com\/wp-content\/uploads\/2022\/04\/cropped-12-1.png","width":334,"height":80,"caption":"LDSWOODWORKINGMACHINE"},"image":{"@id":"https:\/\/ldswoodworkingmachine.com\/#\/schema\/logo\/image\/"},"sameAs":["https:\/\/www.facebook.com\/profile.php?id=100076190379298","https:\/\/www.youtube.com\/channel\/UC_ZTI5V0mMTwFrQ29Jmb5Qw?view_as=subscriber"]}]}},"_links":{"self":[{"href":"https:\/\/ldswoodworkingmachine.com\/vi\/wp-json\/wp\/v2\/product\/2446","targetHints":{"allow":["GET"]}}],"collection":[{"href":"https:\/\/ldswoodworkingmachine.com\/vi\/wp-json\/wp\/v2\/product"}],"about":[{"href":"https:\/\/ldswoodworkingmachine.com\/vi\/wp-json\/wp\/v2\/types\/product"}],"wp:featuredmedia":[{"embeddable":true,"href":"https:\/\/ldswoodworkingmachine.com\/vi\/wp-json\/wp\/v2\/media\/2879"}],"wp:attachment":[{"href":"https:\/\/ldswoodworkingmachine.com\/vi\/wp-json\/wp\/v2\/media?parent=2446"}],"wp:term":[{"taxonomy":"product_cat","embeddable":true,"href":"https:\/\/ldswoodworkingmachine.com\/vi\/wp-json\/wp\/v2\/product_cat?post=2446"},{"taxonomy":"product_tag","embeddable":true,"href":"https:\/\/ldswoodworkingmachine.com\/vi\/wp-json\/wp\/v2\/product_tag?post=2446"}],"curies":[{"name":"wp","href":"https:\/\/api.w.org\/{rel}","templated":true}]}}