{"id":3761,"date":"2023-07-20T03:54:23","date_gmt":"2023-07-20T03:54:23","guid":{"rendered":"https:\/\/ldswoodworkingmachine.com\/?post_type=product&#038;p=3761"},"modified":"2023-07-20T04:00:17","modified_gmt":"2023-07-20T04:00:17","slug":"wooden-thread-cutting-machine-cnc-for-making-perfume-cover","status":"publish","type":"product","link":"https:\/\/ldswoodworkingmachine.com\/tr\/urun\/wooden-thread-cutting-machine-cnc-for-making-perfume-cover","title":{"rendered":"Parf\u00fcm Kapa\u011f\u0131 Yapmak i\u00e7in Ah\u015fap \u0130plik Kesme Makinesi CNC"},"content":{"rendered":"<p><strong>Parf\u00fcm Kapaklar\u0131 Yapmak i\u00e7in Ah\u015fap \u0130plik Kesme Makinesi CNC<\/strong><\/p>\n<p>&nbsp;<\/p>\n<p><img data-dominant-color=\"ced6d6\" data-has-transparency=\"false\" style=\"--dominant-color: #ced6d6;\" fetchpriority=\"high\" decoding=\"async\" class=\"not-transparent size-medium wp-image-3762 alignleft\" src=\"https:\/\/ldswoodworkingmachine.com\/wp-content\/uploads\/2023\/07\/CNC-Wooden-Thread-Cutting-Machine-300x300.webp\" alt=\"CNC Wooden Thread Cutting Machine\" width=\"300\" height=\"300\" srcset=\"https:\/\/ldswoodworkingmachine.com\/wp-content\/uploads\/2023\/07\/CNC-Wooden-Thread-Cutting-Machine-300x300.webp 300w, https:\/\/ldswoodworkingmachine.com\/wp-content\/uploads\/2023\/07\/CNC-Wooden-Thread-Cutting-Machine-jpg-100x100.webp 100w, https:\/\/ldswoodworkingmachine.com\/wp-content\/uploads\/2023\/07\/CNC-Wooden-Thread-Cutting-Machine-150x150.webp 150w, https:\/\/ldswoodworkingmachine.com\/wp-content\/uploads\/2023\/07\/CNC-Wooden-Thread-Cutting-Machine-768x768.webp 768w, https:\/\/ldswoodworkingmachine.com\/wp-content\/uploads\/2023\/07\/elementor\/thumbs\/CNC-Wooden-Thread-Cutting-Machine-jpg-q9o71j4mdtw6uxu47ohoxiqgkhmtxoml78llt5wpsw.webp 400w, https:\/\/ldswoodworkingmachine.com\/wp-content\/uploads\/2023\/07\/elementor\/thumbs\/CNC-Wooden-Thread-Cutting-Machine-jpg-q9o71j4nloomgxzumlcv1lktltuglfub316rykdxu0.webp 500w, https:\/\/ldswoodworkingmachine.com\/wp-content\/uploads\/2023\/07\/CNC-Wooden-Thread-Cutting-Machine-jpg.webp 800w\" sizes=\"(max-width: 300px) 100vw, 300px\" \/><\/p>\n<ul>\n<li>Ah\u015fap \u0130plik Kesme Makinesi, resimde g\u00f6sterildi\u011fi gibi ah\u015fap parf\u00fcm \u015fi\u015fesi kapaklar\u0131 \u00fcretmek i\u00e7in profesyonel olarak \u00f6zelle\u015ftirilmi\u015ftir.<\/li>\n<\/ul>\n<p><img data-dominant-color=\"dededf\" data-has-transparency=\"true\" style=\"--dominant-color: #dededf;\" decoding=\"async\" class=\"has-transparency alignnone size-medium wp-image-3775\" src=\"https:\/\/ldswoodworkingmachine.com\/wp-content\/uploads\/2023\/07\/1689822468323-255x300.png\" alt=\"perfume bottle cap\" width=\"255\" height=\"300\" srcset=\"https:\/\/ldswoodworkingmachine.com\/wp-content\/uploads\/2023\/07\/1689822468323-255x300.png 255w, https:\/\/ldswoodworkingmachine.com\/wp-content\/uploads\/2023\/07\/1689822468323.png 528w\" sizes=\"(max-width: 255px) 100vw, 255px\" \/><\/p>\n<ul>\n<li>Frezeleme di\u015f a\u00e7ma ve delme i\u015flemlerini tek bir makinede birle\u015ftirerek hassas ve verimli sonu\u00e7lar sa\u011flar.<\/li>\n<li>Her t\u00fcrl\u00fc ipli\u011fi frezeleyebilen CNC Sistemi, basit parametre ayarlar\u0131yla kolayca elde edilebilir.<\/li>\n<li>Otomatik y\u00fckleme ve bo\u015faltma, g\u00fcvenli ve emek tasarrufu.<\/li>\n<\/ul>\n<p><img data-dominant-color=\"837f7c\" data-has-transparency=\"false\" style=\"--dominant-color: #837f7c;\" decoding=\"async\" class=\"not-transparent size-medium wp-image-3766 alignleft\" src=\"https:\/\/ldswoodworkingmachine.com\/wp-content\/uploads\/2023\/07\/cnc-wood-router-300x225.webp\" alt=\"cnc wood router\" width=\"300\" height=\"225\" srcset=\"https:\/\/ldswoodworkingmachine.com\/wp-content\/uploads\/2023\/07\/cnc-wood-router-300x225.webp 300w, https:\/\/ldswoodworkingmachine.com\/wp-content\/uploads\/2023\/07\/cnc-wood-router-scaled-800x600.webp 800w, https:\/\/ldswoodworkingmachine.com\/wp-content\/uploads\/2023\/07\/cnc-wood-router-1024x768.webp 1024w, https:\/\/ldswoodworkingmachine.com\/wp-content\/uploads\/2023\/07\/cnc-wood-router-768x576.webp 768w, https:\/\/ldswoodworkingmachine.com\/wp-content\/uploads\/2023\/07\/cnc-wood-router-1536x1152.webp 1536w, https:\/\/ldswoodworkingmachine.com\/wp-content\/uploads\/2023\/07\/cnc-wood-router-2048x1536.webp 2048w\" sizes=\"(max-width: 300px) 100vw, 300px\" \/><\/p>\n<p>&nbsp;<\/p>\n<p>\u0130lk olarak, b\u00fcy\u00fck delikler a\u00e7ar ve ard\u0131ndan di\u015fleri frezeler. Makinenin kalitesi ilk bak\u0131\u015fta g\u00f6r\u00fclebilir.<\/p>\n<p>&nbsp;<\/p>\n<p>&nbsp;<\/p>\n<p>&nbsp;<\/p>\n<p><img data-dominant-color=\"6c6665\" data-has-transparency=\"false\" style=\"--dominant-color: #6c6665;\" loading=\"lazy\" decoding=\"async\" class=\"not-transparent size-medium wp-image-3767 alignleft\" src=\"https:\/\/ldswoodworkingmachine.com\/wp-content\/uploads\/2023\/07\/wood-drilling-machine-300x300.webp\" alt=\"wood drilling machine\" width=\"300\" height=\"300\" srcset=\"https:\/\/ldswoodworkingmachine.com\/wp-content\/uploads\/2023\/07\/wood-drilling-machine-300x300.webp 300w, https:\/\/ldswoodworkingmachine.com\/wp-content\/uploads\/2023\/07\/wood-drilling-machine-jpg-100x100.webp 100w, https:\/\/ldswoodworkingmachine.com\/wp-content\/uploads\/2023\/07\/wood-drilling-machine-150x150.webp 150w, https:\/\/ldswoodworkingmachine.com\/wp-content\/uploads\/2023\/07\/wood-drilling-machine-768x768.webp 768w, https:\/\/ldswoodworkingmachine.com\/wp-content\/uploads\/2023\/07\/wood-drilling-machine-jpg.webp 800w\" sizes=\"(max-width: 300px) 100vw, 300px\" \/><\/p>\n<p>&nbsp;<\/p>\n<p>Delme tasar\u0131m\u0131, makinenin alt k\u0131sm\u0131nda bulunur ve ayn\u0131 anda iki k\u00fc\u00e7\u00fck delik a\u00e7arak kompakt cihaz\u0131n daha da fazla i\u015flevselli\u011fe sahip olmas\u0131n\u0131 sa\u011flar.<\/p>\n<p>&nbsp;<\/p>\n<p>&nbsp;<\/p>\n<p>&nbsp;<\/p>\n<p>&nbsp;<\/p>\n<p>&nbsp;<\/p>\n<p><img data-dominant-color=\"6c6969\" data-has-transparency=\"false\" style=\"--dominant-color: #6c6969;\" loading=\"lazy\" decoding=\"async\" class=\"not-transparent size-medium wp-image-3764 alignleft\" src=\"https:\/\/ldswoodworkingmachine.com\/wp-content\/uploads\/2023\/07\/electrical-box-300x225.webp\" alt=\"electrical box\" width=\"300\" height=\"225\" srcset=\"https:\/\/ldswoodworkingmachine.com\/wp-content\/uploads\/2023\/07\/electrical-box-300x225.webp 300w, https:\/\/ldswoodworkingmachine.com\/wp-content\/uploads\/2023\/07\/electrical-box-jpg-800x600.webp 800w, https:\/\/ldswoodworkingmachine.com\/wp-content\/uploads\/2023\/07\/electrical-box-1024x768.webp 1024w, https:\/\/ldswoodworkingmachine.com\/wp-content\/uploads\/2023\/07\/electrical-box-768x576.webp 768w, https:\/\/ldswoodworkingmachine.com\/wp-content\/uploads\/2023\/07\/electrical-box-1536x1152.webp 1536w, https:\/\/ldswoodworkingmachine.com\/wp-content\/uploads\/2023\/07\/electrical-box-jpg.webp 1706w\" sizes=\"(max-width: 300px) 100vw, 300px\" \/><\/p>\n<p>Devrelerin d\u00fczenli d\u00fczenlenmesi CE standartlar\u0131na uygundur ve makine CE sertifikas\u0131 alm\u0131\u015ft\u0131r.<\/p>\n<p>&nbsp;<\/p>\n<p>&nbsp;<\/p>\n<p>&nbsp;<\/p>\n<p>&nbsp;<\/p>\n<p><img data-dominant-color=\"7c7772\" data-has-transparency=\"false\" style=\"--dominant-color: #7c7772;\" loading=\"lazy\" decoding=\"async\" class=\"not-transparent size-medium wp-image-3768 alignleft\" src=\"https:\/\/ldswoodworkingmachine.com\/wp-content\/uploads\/2023\/07\/1-300x138.webp\" alt=\"\" width=\"300\" height=\"138\" srcset=\"https:\/\/ldswoodworkingmachine.com\/wp-content\/uploads\/2023\/07\/1-300x138.webp 300w, https:\/\/ldswoodworkingmachine.com\/wp-content\/uploads\/2023\/07\/1-jpg-800x369.webp 800w, https:\/\/ldswoodworkingmachine.com\/wp-content\/uploads\/2023\/07\/1-1024x473.webp 1024w, https:\/\/ldswoodworkingmachine.com\/wp-content\/uploads\/2023\/07\/1-768x354.webp 768w, https:\/\/ldswoodworkingmachine.com\/wp-content\/uploads\/2023\/07\/1-1536x709.webp 1536w, https:\/\/ldswoodworkingmachine.com\/wp-content\/uploads\/2023\/07\/1-jpg.webp 1664w\" sizes=\"(max-width: 300px) 100vw, 300px\" \/><\/p>\n<p>&nbsp;<\/p>\n<p>Parf\u00fcm \u015fi\u015fesi kapaklar\u0131n\u0131n bir\u00e7ok farkl\u0131 \u015feklini \u00fcretebiliriz. Herhangi bir \u00f6zel gereksiniminiz varsa, l\u00fctfen bizimle ileti\u015fime ge\u00e7mekten \u00e7ekinmeyin.<\/p>\n<p>&nbsp;<\/p>\n<p>&nbsp;<\/p>\n<p>Daha fazla bilgi i\u00e7in videoyu kontrol edin\uff1a<\/p>\n<p>1.https:\/\/www.youtube.com\/shorts\/RvSJspvl_m8<\/p>\n<p>2.https:\/\/www.youtube.com\/shorts\/6EsYIbPFqNo<\/p>\n<p>3.https:\/\/www.youtube.com\/shorts\/Jgn0LLTc_0k<\/p>\n<p>&nbsp;<\/p>\n<p>LDS A\u011eA\u00c7 i\u015fleme makinesi, a\u015fa\u011f\u0131dakiler de dahil olmak \u00fczere tam otomatik CNC a\u011fa\u00e7 i\u015fleme makinelerinin \u00fcretiminde ve geli\u015ftirilmesinde uzmanla\u015fm\u0131\u015ft\u0131r <a href=\"https:\/\/ldswoodworkingmachine.com\/tr\/wood-copy-shaper-machine\/\">ah\u015fap kopyalama \u015fekillendirme makineleri<\/a>, <a href=\"https:\/\/ldswoodworkingmachine.com\/tr\/wood-comb-making-machine\/\">tarak yapma makineleri<\/a>, <a href=\"https:\/\/ldswoodworkingmachine.com\/tr\/bamboo-toothbrush-making-machine\/\">bambu di\u015f f\u0131r\u00e7as\u0131 yapma makineleri<\/a>, <a href=\"https:\/\/ldswoodworkingmachine.com\/tr\/cup-lid-making-machine\/\">kapak kapak yapma makineleri<\/a>, <a href=\"https:\/\/ldswoodworkingmachine.com\/tr\/urun\/cnc-copy-shaper-machine-for-making-wooden-knife-handle\/\">b\u0131\u00e7ak sap\u0131 yapma makineleri<\/a>, <a href=\"https:\/\/ldswoodworkingmachine.com\/tr\/urun\/mxz-7203l-wood-copy-shaper-machine\/\">f\u0131r\u00e7a sap\u0131 yapma makineleri<\/a>ve daha fazlas\u0131.<!--more--><\/p>\n<p>&nbsp;<\/p>","protected":false},"excerpt":{"rendered":"<ul>\n<li>Bu ekipman, ah\u015fap parf\u00fcm \u015fi\u015fesi kapaklar\u0131 \u00fcretmek i\u00e7in profesyonel olarak \u00f6zelle\u015ftirilmi\u015ftir.<\/li>\n<li>Frezeleme di\u015f a\u00e7ma ve delme i\u015flemlerini tek bir makinede birle\u015ftirerek hassas ve verimli sonu\u00e7lar sa\u011flar.<\/li>\n<li>Her t\u00fcrl\u00fc ipli\u011fi frezeleyebilen CNC Sistemi, basit parametre ayarlar\u0131yla kolayca elde edilebilir.<\/li>\n<li>Otomatik y\u00fckleme ve bo\u015faltma, g\u00fcvenli ve emek tasarrufu.<\/li>\n<\/ul>","protected":false},"featured_media":3762,"template":"","meta":{"om_disable_all_campaigns":false,"_monsterinsights_skip_tracking":false,"_monsterinsights_sitenote_active":false,"_monsterinsights_sitenote_note":"","_monsterinsights_sitenote_category":0,"site-sidebar-layout":"default","site-content-layout":"default","ast-site-content-layout":"","site-content-style":"default","site-sidebar-style":"default","ast-global-header-display":"","ast-banner-title-visibility":"","ast-main-header-display":"","ast-hfb-above-header-display":"","ast-hfb-below-header-display":"","ast-hfb-mobile-header-display":"","site-post-title":"","ast-breadcrumbs-content":"","ast-featured-img":"","footer-sml-layout":"","theme-transparent-header-meta":"default","adv-header-id-meta":"","stick-header-meta":"","header-above-stick-meta":"","header-main-stick-meta":"","header-below-stick-meta":"","astra-migrate-meta-layouts":"default","ast-page-background-enabled":"default","ast-page-background-meta":{"desktop":{"background-color":"","background-image":"","background-repeat":"repeat","background-position":"center center","background-size":"auto","background-attachment":"scroll","background-type":"","background-media":"","overlay-type":"","overlay-color":"","overlay-gradient":""},"tablet":{"background-color":"","background-image":"","background-repeat":"repeat","background-position":"center center","background-size":"auto","background-attachment":"scroll","background-type":"","background-media":"","overlay-type":"","overlay-color":"","overlay-gradient":""},"mobile":{"background-color":"","background-image":"","background-repeat":"repeat","background-position":"center center","background-size":"auto","background-attachment":"scroll","background-type":"","background-media":"","overlay-type":"","overlay-color":"","overlay-gradient":""}},"ast-content-background-meta":{"desktop":{"background-color":"var(--ast-global-color-5)","background-image":"","background-repeat":"repeat","background-position":"center center","background-size":"auto","background-attachment":"scroll","background-type":"","background-media":"","overlay-type":"","overlay-color":"","overlay-gradient":""},"tablet":{"background-color":"var(--ast-global-color-5)","background-image":"","background-repeat":"repeat","background-position":"center center","background-size":"auto","background-attachment":"scroll","background-type":"","background-media":"","overlay-type":"","overlay-color":"","overlay-gradient":""},"mobile":{"background-color":"var(--ast-global-color-5)","background-image":"","background-repeat":"repeat","background-position":"center center","background-size":"auto","background-attachment":"scroll","background-type":"","background-media":"","overlay-type":"","overlay-color":"","overlay-gradient":""}},"_joinchat":[]},"product_cat":[61],"product_tag":[],"class_list":{"0":"post-3761","1":"product","2":"type-product","3":"status-publish","4":"has-post-thumbnail","6":"product_cat-cup-lid-making-machine","7":"desktop-align-center","8":"tablet-align-left","9":"mobile-align-left","11":"first","12":"instock","13":"shipping-taxable","14":"product-type-simple"},"yoast_head":"<!-- This site is optimized with the Yoast SEO Premium plugin v24.0 (Yoast SEO v24.1) - https:\/\/yoast.com\/wordpress\/plugins\/seo\/ -->\n<title>Wooden Thread Cutting Machine CNC For Making Perfume Cover - LDSWOODWORKINGMACHINE<\/title>\n<meta name=\"description\" content=\"Wooden Thread Cutting Machine manufacturing wooden perfume bottle caps,combines milling thread and drilling in one machine,Please share drawings to custom.\" \/>\n<meta name=\"robots\" content=\"index, follow, max-snippet:-1, max-image-preview:large, max-video-preview:-1\" \/>\n<link rel=\"canonical\" href=\"https:\/\/ldswoodworkingmachine.com\/tr\/urun\/wooden-thread-cutting-machine-cnc-for-making-perfume-cover\/\" \/>\n<meta property=\"og:locale\" content=\"tr_TR\" \/>\n<meta property=\"og:type\" content=\"article\" \/>\n<meta property=\"og:title\" content=\"Wooden Thread Cutting Machine CNC For Making Perfume Cover\" \/>\n<meta property=\"og:description\" content=\"Wooden Thread Cutting Machine manufacturing wooden perfume bottle caps,combines milling thread and drilling in one machine,Please share drawings to custom.\" \/>\n<meta property=\"og:url\" content=\"https:\/\/ldswoodworkingmachine.com\/tr\/urun\/wooden-thread-cutting-machine-cnc-for-making-perfume-cover\/\" \/>\n<meta property=\"og:site_name\" content=\"LDSWOODWORKINGMACHINE\" \/>\n<meta property=\"article:publisher\" content=\"https:\/\/www.facebook.com\/profile.php?id=100076190379298\" \/>\n<meta property=\"article:modified_time\" content=\"2023-07-20T04:00:17+00:00\" \/>\n<meta property=\"og:image\" content=\"https:\/\/ldswoodworkingmachine.com\/wp-content\/uploads\/2023\/07\/CNC-Wooden-Thread-Cutting-Machine-jpg.webp\" \/>\n\t<meta property=\"og:image:width\" content=\"800\" \/>\n\t<meta property=\"og:image:height\" content=\"800\" \/>\n\t<meta property=\"og:image:type\" content=\"image\/jpeg\" \/>\n<meta name=\"twitter:card\" content=\"summary_large_image\" \/>\n<meta name=\"twitter:label1\" content=\"Tahmini okuma s\u00fcresi\" \/>\n\t<meta name=\"twitter:data1\" content=\"3 dakika\" \/>\n<script type=\"application\/ld+json\" class=\"yoast-schema-graph\">{\"@context\":\"https:\/\/schema.org\",\"@graph\":[{\"@type\":\"WebPage\",\"@id\":\"https:\/\/ldswoodworkingmachine.com\/product\/wooden-thread-cutting-machine-cnc-for-making-perfume-cover\",\"url\":\"https:\/\/ldswoodworkingmachine.com\/product\/wooden-thread-cutting-machine-cnc-for-making-perfume-cover\",\"name\":\"Wooden Thread Cutting Machine CNC For Making Perfume Cover - LDSWOODWORKINGMACHINE\",\"isPartOf\":{\"@id\":\"https:\/\/ldswoodworkingmachine.com\/#website\"},\"primaryImageOfPage\":{\"@id\":\"https:\/\/ldswoodworkingmachine.com\/product\/wooden-thread-cutting-machine-cnc-for-making-perfume-cover#primaryimage\"},\"image\":{\"@id\":\"https:\/\/ldswoodworkingmachine.com\/product\/wooden-thread-cutting-machine-cnc-for-making-perfume-cover#primaryimage\"},\"thumbnailUrl\":\"https:\/\/ldswoodworkingmachine.com\/wp-content\/uploads\/2023\/07\/CNC-Wooden-Thread-Cutting-Machine-jpg.webp\",\"datePublished\":\"2023-07-20T03:54:23+00:00\",\"dateModified\":\"2023-07-20T04:00:17+00:00\",\"description\":\"Wooden Thread Cutting Machine manufacturing wooden perfume bottle caps,combines milling thread and drilling in one machine,Please share drawings to custom.\",\"breadcrumb\":{\"@id\":\"https:\/\/ldswoodworkingmachine.com\/product\/wooden-thread-cutting-machine-cnc-for-making-perfume-cover#breadcrumb\"},\"inLanguage\":\"tr\",\"potentialAction\":[{\"@type\":\"ReadAction\",\"target\":[\"https:\/\/ldswoodworkingmachine.com\/product\/wooden-thread-cutting-machine-cnc-for-making-perfume-cover\"]}]},{\"@type\":\"ImageObject\",\"inLanguage\":\"tr\",\"@id\":\"https:\/\/ldswoodworkingmachine.com\/product\/wooden-thread-cutting-machine-cnc-for-making-perfume-cover#primaryimage\",\"url\":\"https:\/\/ldswoodworkingmachine.com\/wp-content\/uploads\/2023\/07\/CNC-Wooden-Thread-Cutting-Machine-jpg.webp\",\"contentUrl\":\"https:\/\/ldswoodworkingmachine.com\/wp-content\/uploads\/2023\/07\/CNC-Wooden-Thread-Cutting-Machine-jpg.webp\",\"width\":800,\"height\":800,\"caption\":\"CNC Wooden Thread Cutting Machine\"},{\"@type\":\"BreadcrumbList\",\"@id\":\"https:\/\/ldswoodworkingmachine.com\/product\/wooden-thread-cutting-machine-cnc-for-making-perfume-cover#breadcrumb\",\"itemListElement\":[{\"@type\":\"ListItem\",\"position\":1,\"name\":\"Home\",\"item\":\"https:\/\/ldswoodworkingmachine.com\/\"},{\"@type\":\"ListItem\",\"position\":2,\"name\":\"All Product\",\"item\":\"https:\/\/ldswoodworkingmachine.com\/shop\"},{\"@type\":\"ListItem\",\"position\":3,\"name\":\"Wooden Thread Cutting Machine CNC For Making Perfume Cover\"}]},{\"@type\":\"WebSite\",\"@id\":\"https:\/\/ldswoodworkingmachine.com\/#website\",\"url\":\"https:\/\/ldswoodworkingmachine.com\/\",\"name\":\"LDSWOODWORKINGMACHINE\",\"description\":\"WOODWORKING MACHINE\",\"publisher\":{\"@id\":\"https:\/\/ldswoodworkingmachine.com\/#organization\"},\"potentialAction\":[{\"@type\":\"SearchAction\",\"target\":{\"@type\":\"EntryPoint\",\"urlTemplate\":\"https:\/\/ldswoodworkingmachine.com\/?s={search_term_string}\"},\"query-input\":{\"@type\":\"PropertyValueSpecification\",\"valueRequired\":true,\"valueName\":\"search_term_string\"}}],\"inLanguage\":\"tr\"},{\"@type\":\"Organization\",\"@id\":\"https:\/\/ldswoodworkingmachine.com\/#organization\",\"name\":\"LDSWOODWORKINGMACHINE\",\"url\":\"https:\/\/ldswoodworkingmachine.com\/\",\"logo\":{\"@type\":\"ImageObject\",\"inLanguage\":\"tr\",\"@id\":\"https:\/\/ldswoodworkingmachine.com\/#\/schema\/logo\/image\/\",\"url\":\"https:\/\/ldswoodworkingmachine.com\/wp-content\/uploads\/2022\/04\/cropped-12-1.png\",\"contentUrl\":\"https:\/\/ldswoodworkingmachine.com\/wp-content\/uploads\/2022\/04\/cropped-12-1.png\",\"width\":334,\"height\":80,\"caption\":\"LDSWOODWORKINGMACHINE\"},\"image\":{\"@id\":\"https:\/\/ldswoodworkingmachine.com\/#\/schema\/logo\/image\/\"},\"sameAs\":[\"https:\/\/www.facebook.com\/profile.php?id=100076190379298\",\"https:\/\/www.youtube.com\/channel\/UC_ZTI5V0mMTwFrQ29Jmb5Qw?view_as=subscriber\"]}]}<\/script>\n<!-- \/ Yoast SEO Premium plugin. -->","yoast_head_json":{"title":"Wooden Thread Cutting Machine CNC For Making Perfume Cover - LDSWOODWORKINGMACHINE","description":"Wooden Thread Cutting Machine manufacturing wooden perfume bottle caps,combines milling thread and drilling in one machine,Please share drawings to custom.","robots":{"index":"index","follow":"follow","max-snippet":"max-snippet:-1","max-image-preview":"max-image-preview:large","max-video-preview":"max-video-preview:-1"},"canonical":"https:\/\/ldswoodworkingmachine.com\/tr\/urun\/wooden-thread-cutting-machine-cnc-for-making-perfume-cover\/","og_locale":"tr_TR","og_type":"article","og_title":"Wooden Thread Cutting Machine CNC For Making Perfume Cover","og_description":"Wooden Thread Cutting Machine manufacturing wooden perfume bottle caps,combines milling thread and drilling in one machine,Please share drawings to custom.","og_url":"https:\/\/ldswoodworkingmachine.com\/tr\/urun\/wooden-thread-cutting-machine-cnc-for-making-perfume-cover\/","og_site_name":"LDSWOODWORKINGMACHINE","article_publisher":"https:\/\/www.facebook.com\/profile.php?id=100076190379298","article_modified_time":"2023-07-20T04:00:17+00:00","og_image":[{"width":800,"height":800,"url":"https:\/\/ldswoodworkingmachine.com\/wp-content\/uploads\/2023\/07\/CNC-Wooden-Thread-Cutting-Machine-jpg.webp","type":"image\/jpeg"}],"twitter_card":"summary_large_image","twitter_misc":{"Tahmini okuma s\u00fcresi":"3 dakika"},"schema":{"@context":"https:\/\/schema.org","@graph":[{"@type":"WebPage","@id":"https:\/\/ldswoodworkingmachine.com\/product\/wooden-thread-cutting-machine-cnc-for-making-perfume-cover","url":"https:\/\/ldswoodworkingmachine.com\/product\/wooden-thread-cutting-machine-cnc-for-making-perfume-cover","name":"Wooden Thread Cutting Machine CNC For Making Perfume Cover - LDSWOODWORKINGMACHINE","isPartOf":{"@id":"https:\/\/ldswoodworkingmachine.com\/#website"},"primaryImageOfPage":{"@id":"https:\/\/ldswoodworkingmachine.com\/product\/wooden-thread-cutting-machine-cnc-for-making-perfume-cover#primaryimage"},"image":{"@id":"https:\/\/ldswoodworkingmachine.com\/product\/wooden-thread-cutting-machine-cnc-for-making-perfume-cover#primaryimage"},"thumbnailUrl":"https:\/\/ldswoodworkingmachine.com\/wp-content\/uploads\/2023\/07\/CNC-Wooden-Thread-Cutting-Machine-jpg.webp","datePublished":"2023-07-20T03:54:23+00:00","dateModified":"2023-07-20T04:00:17+00:00","description":"Wooden Thread Cutting Machine manufacturing wooden perfume bottle caps,combines milling thread and drilling in one machine,Please share drawings to custom.","breadcrumb":{"@id":"https:\/\/ldswoodworkingmachine.com\/product\/wooden-thread-cutting-machine-cnc-for-making-perfume-cover#breadcrumb"},"inLanguage":"tr","potentialAction":[{"@type":"ReadAction","target":["https:\/\/ldswoodworkingmachine.com\/product\/wooden-thread-cutting-machine-cnc-for-making-perfume-cover"]}]},{"@type":"ImageObject","inLanguage":"tr","@id":"https:\/\/ldswoodworkingmachine.com\/product\/wooden-thread-cutting-machine-cnc-for-making-perfume-cover#primaryimage","url":"https:\/\/ldswoodworkingmachine.com\/wp-content\/uploads\/2023\/07\/CNC-Wooden-Thread-Cutting-Machine-jpg.webp","contentUrl":"https:\/\/ldswoodworkingmachine.com\/wp-content\/uploads\/2023\/07\/CNC-Wooden-Thread-Cutting-Machine-jpg.webp","width":800,"height":800,"caption":"CNC Wooden Thread Cutting Machine"},{"@type":"BreadcrumbList","@id":"https:\/\/ldswoodworkingmachine.com\/product\/wooden-thread-cutting-machine-cnc-for-making-perfume-cover#breadcrumb","itemListElement":[{"@type":"ListItem","position":1,"name":"Home","item":"https:\/\/ldswoodworkingmachine.com\/"},{"@type":"ListItem","position":2,"name":"All Product","item":"https:\/\/ldswoodworkingmachine.com\/shop"},{"@type":"ListItem","position":3,"name":"Wooden Thread Cutting Machine CNC For Making Perfume Cover"}]},{"@type":"WebSite","@id":"https:\/\/ldswoodworkingmachine.com\/#website","url":"https:\/\/ldswoodworkingmachine.com\/","name":"LDSWOODWORKINGMACHINE","description":"WOODWORKING MACHINE","publisher":{"@id":"https:\/\/ldswoodworkingmachine.com\/#organization"},"potentialAction":[{"@type":"SearchAction","target":{"@type":"EntryPoint","urlTemplate":"https:\/\/ldswoodworkingmachine.com\/?s={search_term_string}"},"query-input":{"@type":"PropertyValueSpecification","valueRequired":true,"valueName":"search_term_string"}}],"inLanguage":"tr"},{"@type":"Organization","@id":"https:\/\/ldswoodworkingmachine.com\/#organization","name":"LDSWOODWORKINGMACHINE","url":"https:\/\/ldswoodworkingmachine.com\/","logo":{"@type":"ImageObject","inLanguage":"tr","@id":"https:\/\/ldswoodworkingmachine.com\/#\/schema\/logo\/image\/","url":"https:\/\/ldswoodworkingmachine.com\/wp-content\/uploads\/2022\/04\/cropped-12-1.png","contentUrl":"https:\/\/ldswoodworkingmachine.com\/wp-content\/uploads\/2022\/04\/cropped-12-1.png","width":334,"height":80,"caption":"LDSWOODWORKINGMACHINE"},"image":{"@id":"https:\/\/ldswoodworkingmachine.com\/#\/schema\/logo\/image\/"},"sameAs":["https:\/\/www.facebook.com\/profile.php?id=100076190379298","https:\/\/www.youtube.com\/channel\/UC_ZTI5V0mMTwFrQ29Jmb5Qw?view_as=subscriber"]}]}},"_links":{"self":[{"href":"https:\/\/ldswoodworkingmachine.com\/tr\/wp-json\/wp\/v2\/product\/3761","targetHints":{"allow":["GET"]}}],"collection":[{"href":"https:\/\/ldswoodworkingmachine.com\/tr\/wp-json\/wp\/v2\/product"}],"about":[{"href":"https:\/\/ldswoodworkingmachine.com\/tr\/wp-json\/wp\/v2\/types\/product"}],"wp:featuredmedia":[{"embeddable":true,"href":"https:\/\/ldswoodworkingmachine.com\/tr\/wp-json\/wp\/v2\/media\/3762"}],"wp:attachment":[{"href":"https:\/\/ldswoodworkingmachine.com\/tr\/wp-json\/wp\/v2\/media?parent=3761"}],"wp:term":[{"taxonomy":"product_cat","embeddable":true,"href":"https:\/\/ldswoodworkingmachine.com\/tr\/wp-json\/wp\/v2\/product_cat?post=3761"},{"taxonomy":"product_tag","embeddable":true,"href":"https:\/\/ldswoodworkingmachine.com\/tr\/wp-json\/wp\/v2\/product_tag?post=3761"}],"curies":[{"name":"wp","href":"https:\/\/api.w.org\/{rel}","templated":true}]}}