{"id":3675,"date":"2023-06-13T09:43:25","date_gmt":"2023-06-13T09:43:25","guid":{"rendered":"https:\/\/ldswoodworkingmachine.com\/?post_type=product&#038;p=3675"},"modified":"2023-06-13T09:50:09","modified_gmt":"2023-06-13T09:50:09","slug":"cnc-wooden-comb-milling-machine-massage-comb-groove-machine","status":"publish","type":"product","link":"https:\/\/ldswoodworkingmachine.com\/tr\/urun\/cnc-wooden-comb-milling-machine-massage-comb-groove-machine","title":{"rendered":"CNC Ah\u015fap Tarak Freze Makinesi \/ Masaj Tarak Oluk Makinesi"},"content":{"rendered":"<p style=\"text-align: center;\"><strong>CNC Ah\u015fap Tarak Freze Makinesi \/ Masaj Tarak Oluk Makinesi<\/strong><\/p>\n<ul>\n<li>Malzeme eksikli\u011fi,kendi kendini kontrol etme, ar\u0131za istemi ve di\u011fer i\u015flevler nedeniyle otomatik kapanma i\u015flevlerine sahiptir.<\/li>\n<li>Tam otomatik sistem,tek tu\u015fla \u00e7al\u0131\u015ft\u0131rma ekipman\u0131n \u00e7al\u0131\u015fma parametrelerini ayarlamak kolayd\u0131r.<\/li>\n<li>CNC sistemi\uff0cCAD \u00e7izimi yoluyla, i\u015flenen \u00fcr\u00fcn\u00fcn \u015fekli keyfi olarak de\u011fi\u015ftirilebilir ve i\u015flem basittir.<\/li>\n<li>Verimli toz toplama, neredeyse tozsuz \u00e7al\u0131\u015fma sa\u011flar.<\/li>\n<li>Bu ekipman ah\u015fap masaj taraklar\u0131n\u0131n \u00fcretiminde uzmanla\u015fm\u0131\u015ft\u0131r. \u00dcr\u00fcn\u00fcn\u00fcz\u00fcn frezeleme oluklar\u0131na ihtiyac\u0131 varsa, l\u00fctfen bizimle ileti\u015fime ge\u00e7in ve sizin i\u00e7in \u00f6zel bir CNC makinesini \u00f6zelle\u015ftirmek i\u00e7in \u00e7izimleri bize g\u00f6nderin.<\/li>\n<\/ul>\n<p><strong>CNC Ah\u015fap Masaj Tara\u011f\u0131 Kanal A\u00e7ma Makinesi Detaylar\u0131<\/strong><\/p>\n<p><img data-dominant-color=\"646262\" data-has-transparency=\"false\" style=\"--dominant-color: #646262;\" fetchpriority=\"high\" decoding=\"async\" class=\"not-transparent size-medium wp-image-3678\" src=\"https:\/\/ldswoodworkingmachine.com\/wp-content\/uploads\/2023\/06\/2-800-300x300.webp\" alt=\"Wooden Comb milling Machine-details 2\" width=\"300\" height=\"300\" srcset=\"https:\/\/ldswoodworkingmachine.com\/wp-content\/uploads\/2023\/06\/2-800-300x300.webp 300w, https:\/\/ldswoodworkingmachine.com\/wp-content\/uploads\/2023\/06\/2-800-jpg-100x100.webp 100w, https:\/\/ldswoodworkingmachine.com\/wp-content\/uploads\/2023\/06\/2-800-150x150.webp 150w, https:\/\/ldswoodworkingmachine.com\/wp-content\/uploads\/2023\/06\/2-800-768x768.webp 768w, https:\/\/ldswoodworkingmachine.com\/wp-content\/uploads\/2023\/06\/2-800-jpg.webp 800w\" sizes=\"(max-width: 300px) 100vw, 300px\" \/><\/p>\n<p><img data-dominant-color=\"6d716f\" data-has-transparency=\"false\" style=\"--dominant-color: #6d716f;\" decoding=\"async\" class=\"not-transparent size-medium wp-image-3677\" src=\"https:\/\/ldswoodworkingmachine.com\/wp-content\/uploads\/2023\/06\/1-800-300x300.webp\" alt=\"Wooden Comb milling Machine-details 3\" width=\"300\" height=\"300\" srcset=\"https:\/\/ldswoodworkingmachine.com\/wp-content\/uploads\/2023\/06\/1-800-300x300.webp 300w, https:\/\/ldswoodworkingmachine.com\/wp-content\/uploads\/2023\/06\/1-800-jpg-100x100.webp 100w, https:\/\/ldswoodworkingmachine.com\/wp-content\/uploads\/2023\/06\/1-800-150x150.webp 150w, https:\/\/ldswoodworkingmachine.com\/wp-content\/uploads\/2023\/06\/1-800-768x768.webp 768w, https:\/\/ldswoodworkingmachine.com\/wp-content\/uploads\/2023\/06\/1-800-jpg.webp 800w\" sizes=\"(max-width: 300px) 100vw, 300px\" \/><\/p>\n<p><img data-dominant-color=\"6d716f\" data-has-transparency=\"false\" style=\"--dominant-color: #6d716f;\" decoding=\"async\" class=\"not-transparent size-medium wp-image-3677\" src=\"https:\/\/ldswoodworkingmachine.com\/wp-content\/uploads\/2023\/06\/1-800-300x300.webp\" alt=\"Wooden Comb milling Machine-details 3\" width=\"300\" height=\"300\" srcset=\"https:\/\/ldswoodworkingmachine.com\/wp-content\/uploads\/2023\/06\/1-800-300x300.webp 300w, https:\/\/ldswoodworkingmachine.com\/wp-content\/uploads\/2023\/06\/1-800-jpg-100x100.webp 100w, https:\/\/ldswoodworkingmachine.com\/wp-content\/uploads\/2023\/06\/1-800-150x150.webp 150w, https:\/\/ldswoodworkingmachine.com\/wp-content\/uploads\/2023\/06\/1-800-768x768.webp 768w, https:\/\/ldswoodworkingmachine.com\/wp-content\/uploads\/2023\/06\/1-800-jpg.webp 800w\" sizes=\"(max-width: 300px) 100vw, 300px\" \/><\/p>\n<p>Daha fazla bilgi edinin,l\u00fctfen video ba\u011flant\u0131s\u0131n\u0131 kontrol edin:<a href=\"https:\/\/www.youtube.com\/shorts\/eY_86JtrL-M\">https:\/\/www.youtube.com\/shorts\/eY_86JtrL-M<\/a><\/p>\n<p><!--more--><\/p>","protected":false},"excerpt":{"rendered":"<ul>\n<li>CNC sistemi\uff0cCAD \u00e7izimi yoluyla, i\u015flenen \u00fcr\u00fcn\u00fcn \u015fekli keyfi olarak de\u011fi\u015ftirilebilir ve i\u015flem basittir.<\/li>\n<li>Verimli toz toplama, neredeyse tozsuz \u00e7al\u0131\u015fma sa\u011flar.<\/li>\n<li>Tam otomatik sistem,tek tu\u015fla \u00e7al\u0131\u015ft\u0131rma ekipman\u0131n \u00e7al\u0131\u015fma parametrelerini ayarlamak kolayd\u0131r.<\/li>\n<\/ul>","protected":false},"featured_media":3686,"template":"","meta":{"om_disable_all_campaigns":false,"_monsterinsights_skip_tracking":false,"_monsterinsights_sitenote_active":false,"_monsterinsights_sitenote_note":"","_monsterinsights_sitenote_category":0,"site-sidebar-layout":"default","site-content-layout":"default","ast-site-content-layout":"","site-content-style":"default","site-sidebar-style":"default","ast-global-header-display":"","ast-banner-title-visibility":"","ast-main-header-display":"","ast-hfb-above-header-display":"","ast-hfb-below-header-display":"","ast-hfb-mobile-header-display":"","site-post-title":"","ast-breadcrumbs-content":"","ast-featured-img":"","footer-sml-layout":"","theme-transparent-header-meta":"default","adv-header-id-meta":"","stick-header-meta":"","header-above-stick-meta":"","header-main-stick-meta":"","header-below-stick-meta":"","astra-migrate-meta-layouts":"default","ast-page-background-enabled":"default","ast-page-background-meta":{"desktop":{"background-color":"","background-image":"","background-repeat":"repeat","background-position":"center center","background-size":"auto","background-attachment":"scroll","background-type":"","background-media":"","overlay-type":"","overlay-color":"","overlay-gradient":""},"tablet":{"background-color":"","background-image":"","background-repeat":"repeat","background-position":"center center","background-size":"auto","background-attachment":"scroll","background-type":"","background-media":"","overlay-type":"","overlay-color":"","overlay-gradient":""},"mobile":{"background-color":"","background-image":"","background-repeat":"repeat","background-position":"center center","background-size":"auto","background-attachment":"scroll","background-type":"","background-media":"","overlay-type":"","overlay-color":"","overlay-gradient":""}},"ast-content-background-meta":{"desktop":{"background-color":"var(--ast-global-color-5)","background-image":"","background-repeat":"repeat","background-position":"center center","background-size":"auto","background-attachment":"scroll","background-type":"","background-media":"","overlay-type":"","overlay-color":"","overlay-gradient":""},"tablet":{"background-color":"var(--ast-global-color-5)","background-image":"","background-repeat":"repeat","background-position":"center center","background-size":"auto","background-attachment":"scroll","background-type":"","background-media":"","overlay-type":"","overlay-color":"","overlay-gradient":""},"mobile":{"background-color":"var(--ast-global-color-5)","background-image":"","background-repeat":"repeat","background-position":"center center","background-size":"auto","background-attachment":"scroll","background-type":"","background-media":"","overlay-type":"","overlay-color":"","overlay-gradient":""}},"_joinchat":[]},"product_cat":[65],"product_tag":[],"class_list":{"0":"post-3675","1":"product","2":"type-product","3":"status-publish","4":"has-post-thumbnail","6":"product_cat-comb-making-machine","7":"desktop-align-center","8":"tablet-align-left","9":"mobile-align-left","11":"first","12":"instock","13":"shipping-taxable","14":"product-type-simple"},"yoast_head":"<!-- This site is optimized with the Yoast SEO Premium plugin v24.0 (Yoast SEO v24.1) - https:\/\/yoast.com\/wordpress\/plugins\/seo\/ -->\n<title>Wooden comb Machine CNC Chinese manufacturer -LDS<\/title>\n<meta name=\"description\" content=\"Professional Manufacturer of CNC Wooden comb Machine. Contact Now. Reliable Service. Fast Delivery. Customizable. Competitive Price. Free Quote.\" \/>\n<meta name=\"robots\" content=\"index, follow, max-snippet:-1, max-image-preview:large, max-video-preview:-1\" \/>\n<link rel=\"canonical\" href=\"https:\/\/ldswoodworkingmachine.com\/tr\/urun\/cnc-wooden-comb-milling-machine-massage-comb-groove-machine\/\" \/>\n<meta property=\"og:locale\" content=\"tr_TR\" \/>\n<meta property=\"og:type\" content=\"article\" \/>\n<meta property=\"og:title\" content=\"CNC Wooden Comb Milling Machine\/Massage Comb Groove Machine\" \/>\n<meta property=\"og:description\" content=\"Professional Manufacturer of CNC Wooden comb Machine. Contact Now. Reliable Service. Fast Delivery. Customizable. Competitive Price. Free Quote.\" \/>\n<meta property=\"og:url\" content=\"https:\/\/ldswoodworkingmachine.com\/tr\/urun\/cnc-wooden-comb-milling-machine-massage-comb-groove-machine\/\" \/>\n<meta property=\"og:site_name\" content=\"LDSWOODWORKINGMACHINE\" \/>\n<meta property=\"article:publisher\" content=\"https:\/\/www.facebook.com\/profile.php?id=100076190379298\" \/>\n<meta property=\"article:modified_time\" content=\"2023-06-13T09:50:09+00:00\" \/>\n<meta property=\"og:image\" content=\"https:\/\/ldswoodworkingmachine.com\/wp-content\/uploads\/2023\/06\/-jpg.webp\" \/>\n\t<meta property=\"og:image:width\" content=\"800\" \/>\n\t<meta property=\"og:image:height\" content=\"800\" \/>\n\t<meta property=\"og:image:type\" content=\"image\/jpeg\" \/>\n<meta name=\"twitter:card\" content=\"summary_large_image\" \/>\n<meta name=\"twitter:label1\" content=\"Tahmini okuma s\u00fcresi\" \/>\n\t<meta name=\"twitter:data1\" content=\"2 dakika\" \/>\n<script type=\"application\/ld+json\" class=\"yoast-schema-graph\">{\"@context\":\"https:\/\/schema.org\",\"@graph\":[{\"@type\":\"WebPage\",\"@id\":\"https:\/\/ldswoodworkingmachine.com\/product\/cnc-wooden-comb-milling-machine-massage-comb-groove-machine\",\"url\":\"https:\/\/ldswoodworkingmachine.com\/product\/cnc-wooden-comb-milling-machine-massage-comb-groove-machine\",\"name\":\"Wooden comb Machine CNC Chinese manufacturer -LDS\",\"isPartOf\":{\"@id\":\"https:\/\/ldswoodworkingmachine.com\/#website\"},\"primaryImageOfPage\":{\"@id\":\"https:\/\/ldswoodworkingmachine.com\/product\/cnc-wooden-comb-milling-machine-massage-comb-groove-machine#primaryimage\"},\"image\":{\"@id\":\"https:\/\/ldswoodworkingmachine.com\/product\/cnc-wooden-comb-milling-machine-massage-comb-groove-machine#primaryimage\"},\"thumbnailUrl\":\"https:\/\/ldswoodworkingmachine.com\/wp-content\/uploads\/2023\/06\/-jpg.webp\",\"datePublished\":\"2023-06-13T09:43:25+00:00\",\"dateModified\":\"2023-06-13T09:50:09+00:00\",\"description\":\"Professional Manufacturer of CNC Wooden comb Machine. Contact Now. Reliable Service. Fast Delivery. Customizable. Competitive Price. Free Quote.\",\"breadcrumb\":{\"@id\":\"https:\/\/ldswoodworkingmachine.com\/product\/cnc-wooden-comb-milling-machine-massage-comb-groove-machine#breadcrumb\"},\"inLanguage\":\"tr\",\"potentialAction\":[{\"@type\":\"ReadAction\",\"target\":[\"https:\/\/ldswoodworkingmachine.com\/product\/cnc-wooden-comb-milling-machine-massage-comb-groove-machine\"]}]},{\"@type\":\"ImageObject\",\"inLanguage\":\"tr\",\"@id\":\"https:\/\/ldswoodworkingmachine.com\/product\/cnc-wooden-comb-milling-machine-massage-comb-groove-machine#primaryimage\",\"url\":\"https:\/\/ldswoodworkingmachine.com\/wp-content\/uploads\/2023\/06\/-jpg.webp\",\"contentUrl\":\"https:\/\/ldswoodworkingmachine.com\/wp-content\/uploads\/2023\/06\/-jpg.webp\",\"width\":800,\"height\":800,\"caption\":\"CNC milling machine\"},{\"@type\":\"BreadcrumbList\",\"@id\":\"https:\/\/ldswoodworkingmachine.com\/product\/cnc-wooden-comb-milling-machine-massage-comb-groove-machine#breadcrumb\",\"itemListElement\":[{\"@type\":\"ListItem\",\"position\":1,\"name\":\"Home\",\"item\":\"https:\/\/ldswoodworkingmachine.com\/\"},{\"@type\":\"ListItem\",\"position\":2,\"name\":\"All Product\",\"item\":\"https:\/\/ldswoodworkingmachine.com\/shop\"},{\"@type\":\"ListItem\",\"position\":3,\"name\":\"CNC Wooden Comb Milling Machine\/Massage Comb Groove Machine\"}]},{\"@type\":\"WebSite\",\"@id\":\"https:\/\/ldswoodworkingmachine.com\/#website\",\"url\":\"https:\/\/ldswoodworkingmachine.com\/\",\"name\":\"LDSWOODWORKINGMACHINE\",\"description\":\"WOODWORKING MACHINE\",\"publisher\":{\"@id\":\"https:\/\/ldswoodworkingmachine.com\/#organization\"},\"potentialAction\":[{\"@type\":\"SearchAction\",\"target\":{\"@type\":\"EntryPoint\",\"urlTemplate\":\"https:\/\/ldswoodworkingmachine.com\/?s={search_term_string}\"},\"query-input\":{\"@type\":\"PropertyValueSpecification\",\"valueRequired\":true,\"valueName\":\"search_term_string\"}}],\"inLanguage\":\"tr\"},{\"@type\":\"Organization\",\"@id\":\"https:\/\/ldswoodworkingmachine.com\/#organization\",\"name\":\"LDSWOODWORKINGMACHINE\",\"url\":\"https:\/\/ldswoodworkingmachine.com\/\",\"logo\":{\"@type\":\"ImageObject\",\"inLanguage\":\"tr\",\"@id\":\"https:\/\/ldswoodworkingmachine.com\/#\/schema\/logo\/image\/\",\"url\":\"https:\/\/ldswoodworkingmachine.com\/wp-content\/uploads\/2022\/04\/cropped-12-1.png\",\"contentUrl\":\"https:\/\/ldswoodworkingmachine.com\/wp-content\/uploads\/2022\/04\/cropped-12-1.png\",\"width\":334,\"height\":80,\"caption\":\"LDSWOODWORKINGMACHINE\"},\"image\":{\"@id\":\"https:\/\/ldswoodworkingmachine.com\/#\/schema\/logo\/image\/\"},\"sameAs\":[\"https:\/\/www.facebook.com\/profile.php?id=100076190379298\",\"https:\/\/www.youtube.com\/channel\/UC_ZTI5V0mMTwFrQ29Jmb5Qw?view_as=subscriber\"]}]}<\/script>\n<!-- \/ Yoast SEO Premium plugin. -->","yoast_head_json":{"title":"Wooden comb Machine CNC Chinese manufacturer -LDS","description":"Professional Manufacturer of CNC Wooden comb Machine. Contact Now. Reliable Service. Fast Delivery. Customizable. Competitive Price. Free Quote.","robots":{"index":"index","follow":"follow","max-snippet":"max-snippet:-1","max-image-preview":"max-image-preview:large","max-video-preview":"max-video-preview:-1"},"canonical":"https:\/\/ldswoodworkingmachine.com\/tr\/urun\/cnc-wooden-comb-milling-machine-massage-comb-groove-machine\/","og_locale":"tr_TR","og_type":"article","og_title":"CNC Wooden Comb Milling Machine\/Massage Comb Groove Machine","og_description":"Professional Manufacturer of CNC Wooden comb Machine. Contact Now. Reliable Service. Fast Delivery. Customizable. Competitive Price. Free Quote.","og_url":"https:\/\/ldswoodworkingmachine.com\/tr\/urun\/cnc-wooden-comb-milling-machine-massage-comb-groove-machine\/","og_site_name":"LDSWOODWORKINGMACHINE","article_publisher":"https:\/\/www.facebook.com\/profile.php?id=100076190379298","article_modified_time":"2023-06-13T09:50:09+00:00","og_image":[{"width":800,"height":800,"url":"https:\/\/ldswoodworkingmachine.com\/wp-content\/uploads\/2023\/06\/-jpg.webp","type":"image\/jpeg"}],"twitter_card":"summary_large_image","twitter_misc":{"Tahmini okuma s\u00fcresi":"2 dakika"},"schema":{"@context":"https:\/\/schema.org","@graph":[{"@type":"WebPage","@id":"https:\/\/ldswoodworkingmachine.com\/product\/cnc-wooden-comb-milling-machine-massage-comb-groove-machine","url":"https:\/\/ldswoodworkingmachine.com\/product\/cnc-wooden-comb-milling-machine-massage-comb-groove-machine","name":"Wooden comb Machine CNC Chinese manufacturer -LDS","isPartOf":{"@id":"https:\/\/ldswoodworkingmachine.com\/#website"},"primaryImageOfPage":{"@id":"https:\/\/ldswoodworkingmachine.com\/product\/cnc-wooden-comb-milling-machine-massage-comb-groove-machine#primaryimage"},"image":{"@id":"https:\/\/ldswoodworkingmachine.com\/product\/cnc-wooden-comb-milling-machine-massage-comb-groove-machine#primaryimage"},"thumbnailUrl":"https:\/\/ldswoodworkingmachine.com\/wp-content\/uploads\/2023\/06\/-jpg.webp","datePublished":"2023-06-13T09:43:25+00:00","dateModified":"2023-06-13T09:50:09+00:00","description":"Professional Manufacturer of CNC Wooden comb Machine. Contact Now. Reliable Service. Fast Delivery. Customizable. Competitive Price. Free Quote.","breadcrumb":{"@id":"https:\/\/ldswoodworkingmachine.com\/product\/cnc-wooden-comb-milling-machine-massage-comb-groove-machine#breadcrumb"},"inLanguage":"tr","potentialAction":[{"@type":"ReadAction","target":["https:\/\/ldswoodworkingmachine.com\/product\/cnc-wooden-comb-milling-machine-massage-comb-groove-machine"]}]},{"@type":"ImageObject","inLanguage":"tr","@id":"https:\/\/ldswoodworkingmachine.com\/product\/cnc-wooden-comb-milling-machine-massage-comb-groove-machine#primaryimage","url":"https:\/\/ldswoodworkingmachine.com\/wp-content\/uploads\/2023\/06\/-jpg.webp","contentUrl":"https:\/\/ldswoodworkingmachine.com\/wp-content\/uploads\/2023\/06\/-jpg.webp","width":800,"height":800,"caption":"CNC milling machine"},{"@type":"BreadcrumbList","@id":"https:\/\/ldswoodworkingmachine.com\/product\/cnc-wooden-comb-milling-machine-massage-comb-groove-machine#breadcrumb","itemListElement":[{"@type":"ListItem","position":1,"name":"Home","item":"https:\/\/ldswoodworkingmachine.com\/"},{"@type":"ListItem","position":2,"name":"All Product","item":"https:\/\/ldswoodworkingmachine.com\/shop"},{"@type":"ListItem","position":3,"name":"CNC Wooden Comb Milling Machine\/Massage Comb Groove Machine"}]},{"@type":"WebSite","@id":"https:\/\/ldswoodworkingmachine.com\/#website","url":"https:\/\/ldswoodworkingmachine.com\/","name":"LDSWOODWORKINGMACHINE","description":"WOODWORKING MACHINE","publisher":{"@id":"https:\/\/ldswoodworkingmachine.com\/#organization"},"potentialAction":[{"@type":"SearchAction","target":{"@type":"EntryPoint","urlTemplate":"https:\/\/ldswoodworkingmachine.com\/?s={search_term_string}"},"query-input":{"@type":"PropertyValueSpecification","valueRequired":true,"valueName":"search_term_string"}}],"inLanguage":"tr"},{"@type":"Organization","@id":"https:\/\/ldswoodworkingmachine.com\/#organization","name":"LDSWOODWORKINGMACHINE","url":"https:\/\/ldswoodworkingmachine.com\/","logo":{"@type":"ImageObject","inLanguage":"tr","@id":"https:\/\/ldswoodworkingmachine.com\/#\/schema\/logo\/image\/","url":"https:\/\/ldswoodworkingmachine.com\/wp-content\/uploads\/2022\/04\/cropped-12-1.png","contentUrl":"https:\/\/ldswoodworkingmachine.com\/wp-content\/uploads\/2022\/04\/cropped-12-1.png","width":334,"height":80,"caption":"LDSWOODWORKINGMACHINE"},"image":{"@id":"https:\/\/ldswoodworkingmachine.com\/#\/schema\/logo\/image\/"},"sameAs":["https:\/\/www.facebook.com\/profile.php?id=100076190379298","https:\/\/www.youtube.com\/channel\/UC_ZTI5V0mMTwFrQ29Jmb5Qw?view_as=subscriber"]}]}},"_links":{"self":[{"href":"https:\/\/ldswoodworkingmachine.com\/tr\/wp-json\/wp\/v2\/product\/3675","targetHints":{"allow":["GET"]}}],"collection":[{"href":"https:\/\/ldswoodworkingmachine.com\/tr\/wp-json\/wp\/v2\/product"}],"about":[{"href":"https:\/\/ldswoodworkingmachine.com\/tr\/wp-json\/wp\/v2\/types\/product"}],"wp:featuredmedia":[{"embeddable":true,"href":"https:\/\/ldswoodworkingmachine.com\/tr\/wp-json\/wp\/v2\/media\/3686"}],"wp:attachment":[{"href":"https:\/\/ldswoodworkingmachine.com\/tr\/wp-json\/wp\/v2\/media?parent=3675"}],"wp:term":[{"taxonomy":"product_cat","embeddable":true,"href":"https:\/\/ldswoodworkingmachine.com\/tr\/wp-json\/wp\/v2\/product_cat?post=3675"},{"taxonomy":"product_tag","embeddable":true,"href":"https:\/\/ldswoodworkingmachine.com\/tr\/wp-json\/wp\/v2\/product_tag?post=3675"}],"curies":[{"name":"wp","href":"https:\/\/api.w.org\/{rel}","templated":true}]}}