{"id":3639,"date":"2023-05-24T07:47:19","date_gmt":"2023-05-24T07:47:19","guid":{"rendered":"https:\/\/ldswoodworkingmachine.com\/?post_type=product&#038;p=3639"},"modified":"2023-06-13T08:17:37","modified_gmt":"2023-06-13T08:17:37","slug":"cnc-copy-shaper-machine-for-making-wooden-knife-handle","status":"publish","type":"product","link":"https:\/\/ldswoodworkingmachine.com\/tr\/urun\/cnc-copy-shaper-machine-for-making-wooden-knife-handle","title":{"rendered":"Ah\u015fap b\u0131\u00e7ak sap\u0131 yapmak i\u00e7in CNC Kopya \u015eekillendirme Makinesi"},"content":{"rendered":"<p style=\"text-align: center;\"><strong>CNC Kopya \u015eekillendirme Makinesi <\/strong><\/p>\n<p><img data-dominant-color=\"cad4d4\" data-has-transparency=\"false\" style=\"--dominant-color: #cad4d4;\" fetchpriority=\"high\" decoding=\"async\" class=\"not-transparent size-medium wp-image-3641 alignleft\" src=\"https:\/\/ldswoodworkingmachine.com\/wp-content\/uploads\/2023\/05\/\u672a\u6807\u9898-2-300x215.jpg\" alt=\"wooden knife handle machine\" width=\"300\" height=\"215\" srcset=\"https:\/\/ldswoodworkingmachine.com\/wp-content\/uploads\/2023\/05\/\u672a\u6807\u9898-2-300x215.jpg 300w, https:\/\/ldswoodworkingmachine.com\/wp-content\/uploads\/2023\/05\/\u672a\u6807\u9898-2-800x574.webp 800w, https:\/\/ldswoodworkingmachine.com\/wp-content\/uploads\/2023\/05\/\u672a\u6807\u9898-2-1024x735.jpg 1024w, https:\/\/ldswoodworkingmachine.com\/wp-content\/uploads\/2023\/05\/\u672a\u6807\u9898-2-768x551.jpg 768w, https:\/\/ldswoodworkingmachine.com\/wp-content\/uploads\/2023\/05\/\u672a\u6807\u9898-2.webp 1200w\" sizes=\"(max-width: 300px) 100vw, 300px\" \/><\/p>\n<p><img data-dominant-color=\"555351\" data-has-transparency=\"false\" style=\"--dominant-color: #555351;\" decoding=\"async\" class=\"not-transparent size-medium wp-image-3642 alignleft\" src=\"https:\/\/ldswoodworkingmachine.com\/wp-content\/uploads\/2023\/05\/\u5fae\u4fe1\u56fe\u7247_20230524150036-300x225.jpg\" alt=\"wooden knife handle copy machine\" width=\"300\" height=\"225\" srcset=\"https:\/\/ldswoodworkingmachine.com\/wp-content\/uploads\/2023\/05\/\u5fae\u4fe1\u56fe\u7247_20230524150036-300x225.jpg 300w, https:\/\/ldswoodworkingmachine.com\/wp-content\/uploads\/2023\/05\/\u5fae\u4fe1\u56fe\u7247_20230524150036-800x600.webp 800w, https:\/\/ldswoodworkingmachine.com\/wp-content\/uploads\/2023\/05\/\u5fae\u4fe1\u56fe\u7247_20230524150036-1024x768.jpg 1024w, https:\/\/ldswoodworkingmachine.com\/wp-content\/uploads\/2023\/05\/\u5fae\u4fe1\u56fe\u7247_20230524150036-768x576.jpg 768w, https:\/\/ldswoodworkingmachine.com\/wp-content\/uploads\/2023\/05\/\u5fae\u4fe1\u56fe\u7247_20230524150036-1536x1152.jpg 1536w, https:\/\/ldswoodworkingmachine.com\/wp-content\/uploads\/2023\/05\/\u5fae\u4fe1\u56fe\u7247_20230524150036.webp 1706w\" sizes=\"(max-width: 300px) 100vw, 300px\" \/><\/p>\n<p>&nbsp;<\/p>\n<p>&nbsp;<\/p>\n<p>&nbsp;<\/p>\n<p>&nbsp;<\/p>\n<p>&nbsp;<\/p>\n<p>&nbsp;<\/p>\n<ul>\n<li>CNC Makinesinin birincil uygulamas\u0131, k\u00fc\u00e7\u00fck i\u015f par\u00e7alar\u0131n\u0131 ve el sanatlar\u0131n\u0131 i\u015flemek ve k\u00fc\u00e7\u00fck yaylar\u0131 i\u015fleme zorlu\u011funu etkili bir \u015fekilde ele almakt\u0131r.<\/li>\n<li>Malzeme eksikli\u011fi,kendi kendini kontrol etme, ar\u0131za istemi ve di\u011fer i\u015flevler nedeniyle otomatik kapanma i\u015flevlerine sahiptir.<\/li>\n<li>Tam otomatik sistem,tek tu\u015fla \u00e7al\u0131\u015ft\u0131rma ekipman\u0131n \u00e7al\u0131\u015fma parametrelerini ayarlamak kolayd\u0131r.<\/li>\n<li>CNC sistemi\uff0cCAD \u00e7izimi yoluyla, i\u015flenen \u00fcr\u00fcn\u00fcn \u015fekli keyfi olarak de\u011fi\u015ftirilebilir ve i\u015flem basittir.<\/li>\n<li>2 Adet elmas kesici ile<\/li>\n<\/ul>\n<p><strong>\u00dcr\u00fcn parametreleri<\/strong><\/p>\n<p>Voltaj:380V 50Hz (\u00f6zelle\u015ftirilebilir)<\/p>\n<p>Kesici milin g\u00fcc\u00fc:3.7 KW * 2<\/p>\n<p>Servo motorun g\u00fcc\u00fc: 400W * 3<\/p>\n<p>Maksimum i\u015fleme geni\u015fli\u011fi: 50mm<\/p>\n<p>Maksimum i\u015fleme Kal\u0131nl\u0131\u011f\u0131: 20mm<\/p>\n<p>Maksimum i\u015fleme uzunlu\u011fu: 200mm<\/p>\n<p>A\u011f\u0131rl\u0131k: 600kg<\/p>\n<p>Boyutlar: 1200 * 900 * 1780mm<\/p>\n<div style=\"width: 960px;\" class=\"wp-video\"><!--[if lt IE 9]><script>document.createElement('video');<\/script><![endif]-->\n<video class=\"wp-video-shortcode\" id=\"video-3639-1\" width=\"960\" height=\"544\" preload=\"metadata\" controls=\"controls\"><source type=\"video\/mp4\" src=\"https:\/\/ldswoodworkingmachine.com\/wp-content\/uploads\/2023\/05\/\u6570\u63a7\u5200\u67c4\u4eff\u5f62\u673a.mp4?_=1\" \/><a href=\"https:\/\/ldswoodworkingmachine.com\/wp-content\/uploads\/2023\/05\/\u6570\u63a7\u5200\u67c4\u4eff\u5f62\u673a.mp4\">https:\/\/ldswoodworkingmachine.com\/wp-content\/uploads\/2023\/05\/\u6570\u63a7\u5200\u67c4\u4eff\u5f62\u673a.mp4<\/a><\/video><\/div>\n<p><strong><a href=\"https:\/\/www.youtube.com\/watch?v=iUJ4X5h6cL8\">Videdo Ba\u011flant\u0131s\u0131: Ah\u015fap b\u0131\u00e7ak sap\u0131 yapmak i\u00e7in CNC Kopya \u015eekillendirme Makinesinin videosu<\/a><\/strong><\/p>\n<p><!--more--><\/p>","protected":false},"excerpt":{"rendered":"<p>CNC Kopya \u015eekillendirme Makinesinin birincil uygulamas\u0131, k\u00fc\u00e7\u00fck i\u015f par\u00e7alar\u0131n\u0131 ve el sanatlar\u0131n\u0131 i\u015flemek ve k\u00fc\u00e7\u00fck yaylar\u0131 i\u015fleme zorlu\u011funu etkili bir \u015fekilde ele almakt\u0131r.<\/p>","protected":false},"featured_media":3640,"template":"","meta":{"om_disable_all_campaigns":false,"_monsterinsights_skip_tracking":false,"_monsterinsights_sitenote_active":false,"_monsterinsights_sitenote_note":"","_monsterinsights_sitenote_category":0,"site-sidebar-layout":"default","site-content-layout":"default","ast-site-content-layout":"","site-content-style":"default","site-sidebar-style":"default","ast-global-header-display":"","ast-banner-title-visibility":"","ast-main-header-display":"","ast-hfb-above-header-display":"","ast-hfb-below-header-display":"","ast-hfb-mobile-header-display":"","site-post-title":"","ast-breadcrumbs-content":"","ast-featured-img":"","footer-sml-layout":"","theme-transparent-header-meta":"default","adv-header-id-meta":"","stick-header-meta":"","header-above-stick-meta":"","header-main-stick-meta":"","header-below-stick-meta":"","astra-migrate-meta-layouts":"default","ast-page-background-enabled":"default","ast-page-background-meta":{"desktop":{"background-color":"","background-image":"","background-repeat":"repeat","background-position":"center center","background-size":"auto","background-attachment":"scroll","background-type":"","background-media":"","overlay-type":"","overlay-color":"","overlay-gradient":""},"tablet":{"background-color":"","background-image":"","background-repeat":"repeat","background-position":"center center","background-size":"auto","background-attachment":"scroll","background-type":"","background-media":"","overlay-type":"","overlay-color":"","overlay-gradient":""},"mobile":{"background-color":"","background-image":"","background-repeat":"repeat","background-position":"center center","background-size":"auto","background-attachment":"scroll","background-type":"","background-media":"","overlay-type":"","overlay-color":"","overlay-gradient":""}},"ast-content-background-meta":{"desktop":{"background-color":"var(--ast-global-color-5)","background-image":"","background-repeat":"repeat","background-position":"center center","background-size":"auto","background-attachment":"scroll","background-type":"","background-media":"","overlay-type":"","overlay-color":"","overlay-gradient":""},"tablet":{"background-color":"var(--ast-global-color-5)","background-image":"","background-repeat":"repeat","background-position":"center center","background-size":"auto","background-attachment":"scroll","background-type":"","background-media":"","overlay-type":"","overlay-color":"","overlay-gradient":""},"mobile":{"background-color":"var(--ast-global-color-5)","background-image":"","background-repeat":"repeat","background-position":"center center","background-size":"auto","background-attachment":"scroll","background-type":"","background-media":"","overlay-type":"","overlay-color":"","overlay-gradient":""}},"_joinchat":[]},"product_cat":[54],"product_tag":[],"class_list":{"0":"post-3639","1":"product","2":"type-product","3":"status-publish","4":"has-post-thumbnail","6":"product_cat-wood-copy-shaper-machine","7":"desktop-align-center","8":"tablet-align-left","9":"mobile-align-left","11":"first","12":"instock","13":"shipping-taxable","14":"product-type-simple"},"yoast_head":"<!-- This site is optimized with the Yoast SEO Premium plugin v24.0 (Yoast SEO v24.1) - https:\/\/yoast.com\/wordpress\/plugins\/seo\/ -->\n<title>CNC Copy Shaper Machine for making wooden knife handle<\/title>\n<meta name=\"description\" content=\"CNC Copy Shaper Machine is to process small workpieces and handicrafts, effectively addressing the challenge of processing small arcs.\" \/>\n<meta name=\"robots\" content=\"index, follow, max-snippet:-1, max-image-preview:large, max-video-preview:-1\" \/>\n<link rel=\"canonical\" href=\"https:\/\/ldswoodworkingmachine.com\/tr\/urun\/cnc-copy-shaper-machine-for-making-wooden-knife-handle\/\" \/>\n<meta property=\"og:locale\" content=\"tr_TR\" \/>\n<meta property=\"og:type\" content=\"article\" \/>\n<meta property=\"og:title\" content=\"CNC Copy Shaper Machine for making wooden knife handle\" \/>\n<meta property=\"og:description\" content=\"CNC Copy Shaper Machine is to process small workpieces and handicrafts, effectively addressing the challenge of processing small arcs.\" \/>\n<meta property=\"og:url\" content=\"https:\/\/ldswoodworkingmachine.com\/tr\/urun\/cnc-copy-shaper-machine-for-making-wooden-knife-handle\/\" \/>\n<meta property=\"og:site_name\" content=\"LDSWOODWORKINGMACHINE\" \/>\n<meta property=\"article:publisher\" content=\"https:\/\/www.facebook.com\/profile.php?id=100076190379298\" \/>\n<meta property=\"article:modified_time\" content=\"2023-06-13T08:17:37+00:00\" \/>\n<meta property=\"og:image\" content=\"https:\/\/ldswoodworkingmachine.com\/wp-content\/uploads\/2023\/05\/CNC-WOOD-COPY-SHAPER-MACHINE.jpg\" \/>\n\t<meta property=\"og:image:width\" content=\"800\" \/>\n\t<meta property=\"og:image:height\" content=\"800\" \/>\n\t<meta property=\"og:image:type\" content=\"image\/jpeg\" \/>\n<meta name=\"twitter:card\" content=\"summary_large_image\" \/>\n<meta name=\"twitter:label1\" content=\"Tahmini okuma s\u00fcresi\" \/>\n\t<meta name=\"twitter:data1\" content=\"1 dakika\" \/>\n<script type=\"application\/ld+json\" class=\"yoast-schema-graph\">{\"@context\":\"https:\/\/schema.org\",\"@graph\":[{\"@type\":\"WebPage\",\"@id\":\"https:\/\/ldswoodworkingmachine.com\/product\/cnc-copy-shaper-machine-for-making-wooden-knife-handle\",\"url\":\"https:\/\/ldswoodworkingmachine.com\/product\/cnc-copy-shaper-machine-for-making-wooden-knife-handle\",\"name\":\"CNC Copy Shaper Machine for making wooden knife handle\",\"isPartOf\":{\"@id\":\"https:\/\/ldswoodworkingmachine.com\/#website\"},\"primaryImageOfPage\":{\"@id\":\"https:\/\/ldswoodworkingmachine.com\/product\/cnc-copy-shaper-machine-for-making-wooden-knife-handle#primaryimage\"},\"image\":{\"@id\":\"https:\/\/ldswoodworkingmachine.com\/product\/cnc-copy-shaper-machine-for-making-wooden-knife-handle#primaryimage\"},\"thumbnailUrl\":\"https:\/\/ldswoodworkingmachine.com\/wp-content\/uploads\/2023\/05\/CNC-WOOD-COPY-SHAPER-MACHINE.webp\",\"datePublished\":\"2023-05-24T07:47:19+00:00\",\"dateModified\":\"2023-06-13T08:17:37+00:00\",\"description\":\"CNC Copy Shaper Machine is to process small workpieces and handicrafts, effectively addressing the challenge of processing small arcs.\",\"breadcrumb\":{\"@id\":\"https:\/\/ldswoodworkingmachine.com\/product\/cnc-copy-shaper-machine-for-making-wooden-knife-handle#breadcrumb\"},\"inLanguage\":\"tr\",\"potentialAction\":[{\"@type\":\"ReadAction\",\"target\":[\"https:\/\/ldswoodworkingmachine.com\/product\/cnc-copy-shaper-machine-for-making-wooden-knife-handle\"]}]},{\"@type\":\"ImageObject\",\"inLanguage\":\"tr\",\"@id\":\"https:\/\/ldswoodworkingmachine.com\/product\/cnc-copy-shaper-machine-for-making-wooden-knife-handle#primaryimage\",\"url\":\"https:\/\/ldswoodworkingmachine.com\/wp-content\/uploads\/2023\/05\/CNC-WOOD-COPY-SHAPER-MACHINE.webp\",\"contentUrl\":\"https:\/\/ldswoodworkingmachine.com\/wp-content\/uploads\/2023\/05\/CNC-WOOD-COPY-SHAPER-MACHINE.webp\",\"width\":800,\"height\":800,\"caption\":\"CNC wood copy shaper machine for making wooden knife handle\"},{\"@type\":\"BreadcrumbList\",\"@id\":\"https:\/\/ldswoodworkingmachine.com\/product\/cnc-copy-shaper-machine-for-making-wooden-knife-handle#breadcrumb\",\"itemListElement\":[{\"@type\":\"ListItem\",\"position\":1,\"name\":\"Home\",\"item\":\"https:\/\/ldswoodworkingmachine.com\/\"},{\"@type\":\"ListItem\",\"position\":2,\"name\":\"All Product\",\"item\":\"https:\/\/ldswoodworkingmachine.com\/shop\"},{\"@type\":\"ListItem\",\"position\":3,\"name\":\"CNC Copy Shaper Machine for making wooden knife handle\"}]},{\"@type\":\"WebSite\",\"@id\":\"https:\/\/ldswoodworkingmachine.com\/#website\",\"url\":\"https:\/\/ldswoodworkingmachine.com\/\",\"name\":\"LDSWOODWORKINGMACHINE\",\"description\":\"WOODWORKING MACHINE\",\"publisher\":{\"@id\":\"https:\/\/ldswoodworkingmachine.com\/#organization\"},\"potentialAction\":[{\"@type\":\"SearchAction\",\"target\":{\"@type\":\"EntryPoint\",\"urlTemplate\":\"https:\/\/ldswoodworkingmachine.com\/?s={search_term_string}\"},\"query-input\":{\"@type\":\"PropertyValueSpecification\",\"valueRequired\":true,\"valueName\":\"search_term_string\"}}],\"inLanguage\":\"tr\"},{\"@type\":\"Organization\",\"@id\":\"https:\/\/ldswoodworkingmachine.com\/#organization\",\"name\":\"LDSWOODWORKINGMACHINE\",\"url\":\"https:\/\/ldswoodworkingmachine.com\/\",\"logo\":{\"@type\":\"ImageObject\",\"inLanguage\":\"tr\",\"@id\":\"https:\/\/ldswoodworkingmachine.com\/#\/schema\/logo\/image\/\",\"url\":\"https:\/\/ldswoodworkingmachine.com\/wp-content\/uploads\/2022\/04\/cropped-12-1.png\",\"contentUrl\":\"https:\/\/ldswoodworkingmachine.com\/wp-content\/uploads\/2022\/04\/cropped-12-1.png\",\"width\":334,\"height\":80,\"caption\":\"LDSWOODWORKINGMACHINE\"},\"image\":{\"@id\":\"https:\/\/ldswoodworkingmachine.com\/#\/schema\/logo\/image\/\"},\"sameAs\":[\"https:\/\/www.facebook.com\/profile.php?id=100076190379298\",\"https:\/\/www.youtube.com\/channel\/UC_ZTI5V0mMTwFrQ29Jmb5Qw?view_as=subscriber\"]}]}<\/script>\n<!-- \/ Yoast SEO Premium plugin. -->","yoast_head_json":{"title":"CNC Copy Shaper Machine for making wooden knife handle","description":"CNC Copy Shaper Machine is to process small workpieces and handicrafts, effectively addressing the challenge of processing small arcs.","robots":{"index":"index","follow":"follow","max-snippet":"max-snippet:-1","max-image-preview":"max-image-preview:large","max-video-preview":"max-video-preview:-1"},"canonical":"https:\/\/ldswoodworkingmachine.com\/tr\/urun\/cnc-copy-shaper-machine-for-making-wooden-knife-handle\/","og_locale":"tr_TR","og_type":"article","og_title":"CNC Copy Shaper Machine for making wooden knife handle","og_description":"CNC Copy Shaper Machine is to process small workpieces and handicrafts, effectively addressing the challenge of processing small arcs.","og_url":"https:\/\/ldswoodworkingmachine.com\/tr\/urun\/cnc-copy-shaper-machine-for-making-wooden-knife-handle\/","og_site_name":"LDSWOODWORKINGMACHINE","article_publisher":"https:\/\/www.facebook.com\/profile.php?id=100076190379298","article_modified_time":"2023-06-13T08:17:37+00:00","og_image":[{"width":800,"height":800,"url":"https:\/\/ldswoodworkingmachine.com\/wp-content\/uploads\/2023\/05\/CNC-WOOD-COPY-SHAPER-MACHINE.jpg","type":"image\/jpeg"}],"twitter_card":"summary_large_image","twitter_misc":{"Tahmini okuma s\u00fcresi":"1 dakika"},"schema":{"@context":"https:\/\/schema.org","@graph":[{"@type":"WebPage","@id":"https:\/\/ldswoodworkingmachine.com\/product\/cnc-copy-shaper-machine-for-making-wooden-knife-handle","url":"https:\/\/ldswoodworkingmachine.com\/product\/cnc-copy-shaper-machine-for-making-wooden-knife-handle","name":"CNC Copy Shaper Machine for making wooden knife handle","isPartOf":{"@id":"https:\/\/ldswoodworkingmachine.com\/#website"},"primaryImageOfPage":{"@id":"https:\/\/ldswoodworkingmachine.com\/product\/cnc-copy-shaper-machine-for-making-wooden-knife-handle#primaryimage"},"image":{"@id":"https:\/\/ldswoodworkingmachine.com\/product\/cnc-copy-shaper-machine-for-making-wooden-knife-handle#primaryimage"},"thumbnailUrl":"https:\/\/ldswoodworkingmachine.com\/wp-content\/uploads\/2023\/05\/CNC-WOOD-COPY-SHAPER-MACHINE.webp","datePublished":"2023-05-24T07:47:19+00:00","dateModified":"2023-06-13T08:17:37+00:00","description":"CNC Copy Shaper Machine is to process small workpieces and handicrafts, effectively addressing the challenge of processing small arcs.","breadcrumb":{"@id":"https:\/\/ldswoodworkingmachine.com\/product\/cnc-copy-shaper-machine-for-making-wooden-knife-handle#breadcrumb"},"inLanguage":"tr","potentialAction":[{"@type":"ReadAction","target":["https:\/\/ldswoodworkingmachine.com\/product\/cnc-copy-shaper-machine-for-making-wooden-knife-handle"]}]},{"@type":"ImageObject","inLanguage":"tr","@id":"https:\/\/ldswoodworkingmachine.com\/product\/cnc-copy-shaper-machine-for-making-wooden-knife-handle#primaryimage","url":"https:\/\/ldswoodworkingmachine.com\/wp-content\/uploads\/2023\/05\/CNC-WOOD-COPY-SHAPER-MACHINE.webp","contentUrl":"https:\/\/ldswoodworkingmachine.com\/wp-content\/uploads\/2023\/05\/CNC-WOOD-COPY-SHAPER-MACHINE.webp","width":800,"height":800,"caption":"CNC wood copy shaper machine for making wooden knife handle"},{"@type":"BreadcrumbList","@id":"https:\/\/ldswoodworkingmachine.com\/product\/cnc-copy-shaper-machine-for-making-wooden-knife-handle#breadcrumb","itemListElement":[{"@type":"ListItem","position":1,"name":"Home","item":"https:\/\/ldswoodworkingmachine.com\/"},{"@type":"ListItem","position":2,"name":"All Product","item":"https:\/\/ldswoodworkingmachine.com\/shop"},{"@type":"ListItem","position":3,"name":"CNC Copy Shaper Machine for making wooden knife handle"}]},{"@type":"WebSite","@id":"https:\/\/ldswoodworkingmachine.com\/#website","url":"https:\/\/ldswoodworkingmachine.com\/","name":"LDSWOODWORKINGMACHINE","description":"WOODWORKING MACHINE","publisher":{"@id":"https:\/\/ldswoodworkingmachine.com\/#organization"},"potentialAction":[{"@type":"SearchAction","target":{"@type":"EntryPoint","urlTemplate":"https:\/\/ldswoodworkingmachine.com\/?s={search_term_string}"},"query-input":{"@type":"PropertyValueSpecification","valueRequired":true,"valueName":"search_term_string"}}],"inLanguage":"tr"},{"@type":"Organization","@id":"https:\/\/ldswoodworkingmachine.com\/#organization","name":"LDSWOODWORKINGMACHINE","url":"https:\/\/ldswoodworkingmachine.com\/","logo":{"@type":"ImageObject","inLanguage":"tr","@id":"https:\/\/ldswoodworkingmachine.com\/#\/schema\/logo\/image\/","url":"https:\/\/ldswoodworkingmachine.com\/wp-content\/uploads\/2022\/04\/cropped-12-1.png","contentUrl":"https:\/\/ldswoodworkingmachine.com\/wp-content\/uploads\/2022\/04\/cropped-12-1.png","width":334,"height":80,"caption":"LDSWOODWORKINGMACHINE"},"image":{"@id":"https:\/\/ldswoodworkingmachine.com\/#\/schema\/logo\/image\/"},"sameAs":["https:\/\/www.facebook.com\/profile.php?id=100076190379298","https:\/\/www.youtube.com\/channel\/UC_ZTI5V0mMTwFrQ29Jmb5Qw?view_as=subscriber"]}]}},"_links":{"self":[{"href":"https:\/\/ldswoodworkingmachine.com\/tr\/wp-json\/wp\/v2\/product\/3639","targetHints":{"allow":["GET"]}}],"collection":[{"href":"https:\/\/ldswoodworkingmachine.com\/tr\/wp-json\/wp\/v2\/product"}],"about":[{"href":"https:\/\/ldswoodworkingmachine.com\/tr\/wp-json\/wp\/v2\/types\/product"}],"wp:featuredmedia":[{"embeddable":true,"href":"https:\/\/ldswoodworkingmachine.com\/tr\/wp-json\/wp\/v2\/media\/3640"}],"wp:attachment":[{"href":"https:\/\/ldswoodworkingmachine.com\/tr\/wp-json\/wp\/v2\/media?parent=3639"}],"wp:term":[{"taxonomy":"product_cat","embeddable":true,"href":"https:\/\/ldswoodworkingmachine.com\/tr\/wp-json\/wp\/v2\/product_cat?post=3639"},{"taxonomy":"product_tag","embeddable":true,"href":"https:\/\/ldswoodworkingmachine.com\/tr\/wp-json\/wp\/v2\/product_tag?post=3639"}],"curies":[{"name":"wp","href":"https:\/\/api.w.org\/{rel}","templated":true}]}}