{"id":2659,"date":"2022-05-10T06:16:03","date_gmt":"2022-05-10T06:16:03","guid":{"rendered":"https:\/\/ldswoodworkingmachine.com\/?post_type=product&#038;p=2659"},"modified":"2023-03-22T06:20:30","modified_gmt":"2023-03-22T06:20:30","slug":"china-manufacturer-mxz-7503-double-side-wood-copy-shaper-machine","status":"publish","type":"product","link":"https:\/\/ldswoodworkingmachine.com\/tr\/urun\/china-manufacturer-mxz-7503-double-side-wood-copy-shaper-machine","title":{"rendered":"MXZ-7503 \u00c7ift tarafl\u0131 Ah\u015fap kopyalama \u015fekillendirme makinesi"},"content":{"rendered":"<p><strong>\u00a0MXZ-7503 \u00c7ift tarafl\u0131 Ah\u015fap kopyalama \u015fekillendirme makinesi ana \u00f6zellikleri:<\/strong><\/p>\n<p>1.Tam otomatik: Otomatik besleme ve \u00e7\u0131k\u0131\u015f besleme: PLC kontrol\u00fc, otomatik ve manuel \u00e7al\u0131\u015ft\u0131rma hepsi mevcut<\/p>\n<p>2.G\u00fcvenilir kalite ve iyi performans: T\u00fcm ana par\u00e7alar Siemens,Schneider,SKF vb. Gibi \u00fcnl\u00fc marka \u00fcr\u00fcnleri kullan\u0131yor.<\/p>\n<p>3.Kullan\u0131m\u0131 kolay: Makineyi dokunmatik ekran denetleyicisi ile \u00e7al\u0131\u015ft\u0131rabilirsiniz.<\/p>\n<p>4.Y\u00fcksek verimli: Bir dakikada 3-6 i\u015f par\u00e7as\u0131n\u0131 i\u015fleyebilir ve bir i\u015f\u00e7i 3-5 set makineyi \u00e7al\u0131\u015ft\u0131rabilir.<\/p>\n<p>5.Bak\u0131m\u0131 kolay: Paslanmaya kar\u015f\u0131 korumal\u0131 y\u00fcksek kaliteli \u00e7elik yap\u0131 benimsenmi\u015ftir ve t\u00fcm elektrikli par\u00e7alar g\u00fcvenilir bir markad\u0131r.<\/p>\n<p>6.Yayg\u0131n uygulama: Yuvarlak kapak,b\u0131\u00e7ak sap\u0131,f\u0131r\u00e7a sap\u0131,direk kapaklar\u0131,bardak kapa\u011f\u0131,pizza taba\u011f\u0131,ka\u015f\u0131k,ah\u015fap el i\u015fleri,sanat e\u015fyalar\u0131 ve di\u011fer \u015fekilli ah\u015fap e\u015fyalar gibi bir\u00e7ok k\u00fc\u00e7\u00fck ah\u015fap e\u015fyan\u0131n i\u015flenmesi i\u00e7in uygundur.<\/p>\n<p>7.\u00d6zelle\u015ftirilebilir Kopyalama ve Cilalama<\/p>\n<p><strong>Teknik Parametreler:<\/strong><\/p>\n<table style=\"font-size: 16px; font-style: normal;\">\n<tbody>\n<tr class=\"firstRow\">\n<td valign=\"top\" width=\"435\">Mil say\u0131s\u0131<\/td>\n<td valign=\"top\" width=\"435\">Tek<\/td>\n<\/tr>\n<tr>\n<td valign=\"top\" width=\"435\">\u00c7al\u0131\u015fma Hava Bas\u0131nc\u0131<\/td>\n<td valign=\"top\" width=\"435\">0.6-0.8 Mpa<\/td>\n<\/tr>\n<tr>\n<td valign=\"top\" width=\"435\">Kesici Motor G\u00fcc\u00fc<\/td>\n<td valign=\"top\" width=\"435\">5.5 kW<\/td>\n<\/tr>\n<tr>\n<td valign=\"top\" width=\"435\">D\u00f6ner Motor G\u00fcc\u00fc<\/td>\n<td valign=\"top\" width=\"435\">0.4 kW<\/td>\n<\/tr>\n<tr>\n<td valign=\"top\" width=\"435\">Besleme H\u0131z\u0131<\/td>\n<td valign=\"top\" width=\"435\">4-20r \/ dak<\/td>\n<\/tr>\n<tr>\n<td valign=\"top\" width=\"435\">Kesici Mil H\u0131z\u0131<\/td>\n<td valign=\"top\" width=\"435\">9000 rpm<\/td>\n<\/tr>\n<tr>\n<td valign=\"top\" width=\"435\">Mil \u00c7ap\u0131<\/td>\n<td valign=\"top\" width=\"435\">25,4 mm<\/td>\n<\/tr>\n<tr>\n<td valign=\"top\" width=\"435\">\u015eekillendirme Uzunlu\u011fu<\/td>\n<td valign=\"top\" width=\"435\">20-300mm<\/td>\n<\/tr>\n<tr>\n<td colspan=\"1\" rowspan=\"1\" valign=\"top\">\u015eekillendirme Geni\u015fli\u011fi<\/td>\n<td colspan=\"1\" rowspan=\"1\" valign=\"top\">15-180mm<\/td>\n<\/tr>\n<tr>\n<td colspan=\"1\" rowspan=\"1\" valign=\"top\">\u015eekillendirme Y\u00fcksekli\u011fi<\/td>\n<td colspan=\"1\" rowspan=\"1\" valign=\"top\">5-50mm<\/td>\n<\/tr>\n<tr>\n<td colspan=\"1\" rowspan=\"1\" valign=\"top\">Toz \u00e7\u0131k\u0131\u015f \u00c7ap\u0131<\/td>\n<td colspan=\"1\" rowspan=\"1\" valign=\"top\">100mm<\/td>\n<\/tr>\n<tr>\n<td colspan=\"1\" rowspan=\"1\" valign=\"top\">Maksimum Dikd\u00f6rtgen Kesim<\/td>\n<td colspan=\"1\" rowspan=\"1\" valign=\"top\">2:1<\/td>\n<\/tr>\n<tr>\n<td valign=\"top\" width=\"435\">Boyutlar<\/td>\n<td valign=\"top\" width=\"435\">1395*1270*1790mm<\/td>\n<\/tr>\n<tr>\n<td valign=\"top\" width=\"435\">NET A\u011f\u0131rl\u0131k<\/td>\n<td valign=\"top\" width=\"435\">800KGS<\/td>\n<\/tr>\n<\/tbody>\n<\/table>\n<p><strong>\u00c7ift tarafl\u0131 Ah\u015fap kopyalama \u015fekillendirme makinesi, bambu bardak kapaklar\u0131, bambu taraklar, bambu di\u015f f\u0131r\u00e7alar\u0131, b\u0131\u00e7ak kulplar\u0131, f\u0131r\u00e7a kulplar\u0131 vb.Gibi k\u00fc\u00e7\u00fck Bambu ve ah\u015fap el sanatlar\u0131 i\u00e7in tasarlanm\u0131\u015ft\u0131r.<\/strong><\/p>\n<p><strong>\u00d6rnekler:<\/strong><\/p>\n<p><img data-dominant-color=\"ddbb99\" data-has-transparency=\"true\" style=\"--dominant-color: #ddbb99;\" fetchpriority=\"high\" decoding=\"async\" class=\"has-transparency alignnone wp-image-2167 size-medium\" src=\"https:\/\/ldswoodworkingmachine.com\/wp-content\/uploads\/2022\/04\/16489710271-300x174.png\" alt=\"bamboo lid of Glass box \" width=\"300\" height=\"174\" srcset=\"https:\/\/ldswoodworkingmachine.com\/wp-content\/uploads\/2022\/04\/16489710271-300x174.png 300w, https:\/\/ldswoodworkingmachine.com\/wp-content\/uploads\/2022\/04\/16489710271-600x348.png 600w, https:\/\/ldswoodworkingmachine.com\/wp-content\/uploads\/2022\/04\/16489710271.png 639w\" sizes=\"(max-width: 300px) 100vw, 300px\" \/><\/p>\n<p><img data-dominant-color=\"bdb8aa\" data-has-transparency=\"true\" style=\"--dominant-color: #bdb8aa;\" decoding=\"async\" class=\"has-transparency alignnone wp-image-2166 size-medium\" src=\"https:\/\/ldswoodworkingmachine.com\/wp-content\/uploads\/2022\/04\/16489704431-300x248.png\" alt=\"wood brush handle\" width=\"300\" height=\"248\" srcset=\"https:\/\/ldswoodworkingmachine.com\/wp-content\/uploads\/2022\/04\/16489704431-300x248.png 300w, https:\/\/ldswoodworkingmachine.com\/wp-content\/uploads\/2022\/04\/16489704431.png 555w\" sizes=\"(max-width: 300px) 100vw, 300px\" \/> <img data-dominant-color=\"c1ae98\" data-has-transparency=\"false\" style=\"--dominant-color: #c1ae98;\" decoding=\"async\" class=\"not-transparent alignnone wp-image-2145 size-medium\" src=\"https:\/\/ldswoodworkingmachine.com\/wp-content\/uploads\/2022\/04\/\u5fae\u4fe1\u56fe\u7247_20180521161003-300x263.jpg\" alt=\"bamboo lid of Glass bottle\" width=\"300\" height=\"263\" srcset=\"https:\/\/ldswoodworkingmachine.com\/wp-content\/uploads\/2022\/04\/\u5fae\u4fe1\u56fe\u7247_20180521161003-300x263.jpg 300w, https:\/\/ldswoodworkingmachine.com\/wp-content\/uploads\/2022\/04\/\u5fae\u4fe1\u56fe\u7247_20180521161003-800x700.webp 800w, https:\/\/ldswoodworkingmachine.com\/wp-content\/uploads\/2022\/04\/\u5fae\u4fe1\u56fe\u7247_20180521161003-1024x896.jpg 1024w, https:\/\/ldswoodworkingmachine.com\/wp-content\/uploads\/2022\/04\/\u5fae\u4fe1\u56fe\u7247_20180521161003-768x672.jpg 768w, https:\/\/ldswoodworkingmachine.com\/wp-content\/uploads\/2022\/04\/\u5fae\u4fe1\u56fe\u7247_20180521161003-600x525.jpg 600w, https:\/\/ldswoodworkingmachine.com\/wp-content\/uploads\/2022\/04\/\u5fae\u4fe1\u56fe\u7247_20180521161003.webp 1234w\" sizes=\"(max-width: 300px) 100vw, 300px\" \/> <img data-dominant-color=\"b1a28a\" data-has-transparency=\"true\" style=\"--dominant-color: #b1a28a;\" loading=\"lazy\" decoding=\"async\" class=\"has-transparency alignnone wp-image-2143 size-medium\" src=\"https:\/\/ldswoodworkingmachine.com\/wp-content\/uploads\/2022\/04\/16489576651-300x296.png\" alt=\"wood brush handle\" width=\"300\" height=\"296\" srcset=\"https:\/\/ldswoodworkingmachine.com\/wp-content\/uploads\/2022\/04\/16489576651-300x296.png 300w, https:\/\/ldswoodworkingmachine.com\/wp-content\/uploads\/2022\/04\/16489576651-100x100.png 100w, https:\/\/ldswoodworkingmachine.com\/wp-content\/uploads\/2022\/04\/16489576651-800x790.png 800w, https:\/\/ldswoodworkingmachine.com\/wp-content\/uploads\/2022\/04\/16489576651-768x759.png 768w, https:\/\/ldswoodworkingmachine.com\/wp-content\/uploads\/2022\/04\/16489576651-600x593.png 600w, https:\/\/ldswoodworkingmachine.com\/wp-content\/uploads\/2022\/04\/16489576651.png 972w\" sizes=\"(max-width: 300px) 100vw, 300px\" \/> <img data-dominant-color=\"dbbfaf\" data-has-transparency=\"true\" style=\"--dominant-color: #dbbfaf;\" loading=\"lazy\" decoding=\"async\" class=\"has-transparency alignnone wp-image-2142 size-medium\" src=\"https:\/\/ldswoodworkingmachine.com\/wp-content\/uploads\/2022\/04\/16489561661-300x195.png\" alt=\"Bamboo and Wood Cutting Board (Tableware)\" width=\"300\" height=\"195\" srcset=\"https:\/\/ldswoodworkingmachine.com\/wp-content\/uploads\/2022\/04\/16489561661-300x195.png 300w, https:\/\/ldswoodworkingmachine.com\/wp-content\/uploads\/2022\/04\/16489561661.png 547w\" sizes=\"(max-width: 300px) 100vw, 300px\" \/> <img data-dominant-color=\"e4c1a2\" data-has-transparency=\"false\" style=\"--dominant-color: #e4c1a2;\" loading=\"lazy\" decoding=\"async\" class=\"not-transparent alignnone wp-image-2141 size-medium\" src=\"https:\/\/ldswoodworkingmachine.com\/wp-content\/uploads\/2022\/04\/16489558521-300x300.png\" alt=\"wood copy shaper machine for making wood comb\" width=\"300\" height=\"300\" srcset=\"https:\/\/ldswoodworkingmachine.com\/wp-content\/uploads\/2022\/04\/16489558521-300x300.png 300w, https:\/\/ldswoodworkingmachine.com\/wp-content\/uploads\/2022\/04\/16489558521-100x100.png 100w, https:\/\/ldswoodworkingmachine.com\/wp-content\/uploads\/2022\/04\/16489558521-150x150.png 150w, https:\/\/ldswoodworkingmachine.com\/wp-content\/uploads\/2022\/04\/16489558521.png 555w\" sizes=\"(max-width: 300px) 100vw, 300px\" \/> <img data-dominant-color=\"cdbcae\" data-has-transparency=\"false\" style=\"--dominant-color: #cdbcae;\" loading=\"lazy\" decoding=\"async\" class=\"not-transparent alignnone wp-image-2140 size-medium\" src=\"https:\/\/ldswoodworkingmachine.com\/wp-content\/uploads\/2022\/04\/16489542461-298x300.png\" alt=\"wood copy shaper machine for making wood knife handle\" width=\"298\" height=\"300\" srcset=\"https:\/\/ldswoodworkingmachine.com\/wp-content\/uploads\/2022\/04\/16489542461-298x300.png 298w, https:\/\/ldswoodworkingmachine.com\/wp-content\/uploads\/2022\/04\/16489542461-100x100.png 100w, https:\/\/ldswoodworkingmachine.com\/wp-content\/uploads\/2022\/04\/16489542461-150x150.png 150w, https:\/\/ldswoodworkingmachine.com\/wp-content\/uploads\/2022\/04\/16489542461.png 555w\" sizes=\"(max-width: 298px) 100vw, 298px\" \/> <img data-dominant-color=\"b29272\" data-has-transparency=\"true\" style=\"--dominant-color: #b29272;\" loading=\"lazy\" decoding=\"async\" class=\"has-transparency alignnone wp-image-2139 size-medium\" src=\"https:\/\/ldswoodworkingmachine.com\/wp-content\/uploads\/2022\/04\/16489540351-300x204.png\" alt=\"wood copy shaper machine for making bamboo jar lid\" width=\"300\" height=\"204\" srcset=\"https:\/\/ldswoodworkingmachine.com\/wp-content\/uploads\/2022\/04\/16489540351-300x204.png 300w, https:\/\/ldswoodworkingmachine.com\/wp-content\/uploads\/2022\/04\/16489540351.png 537w\" sizes=\"(max-width: 300px) 100vw, 300px\" \/><\/p>\n<p>Video Ba\u011flant\u0131s\u0131 :<\/p>\n<p><a href=\"https:\/\/www.youtube.com\/watch?v=OX9L9bGZ46g\">https:\/\/www.youtube.com\/watch?v=OX9L9bGZ46g<\/a><\/p>\n<p><!--more--><\/p>","protected":false},"excerpt":{"rendered":"<p>\u00c7ift tarafl\u0131 Ah\u015fap kopyalama \u015fekillendirme makinesi, bambu bardak kapaklar\u0131, bambu taraklar, bambu di\u015f f\u0131r\u00e7alar\u0131, b\u0131\u00e7ak kulplar\u0131, f\u0131r\u00e7a kulplar\u0131 vb.Gibi k\u00fc\u00e7\u00fck Bambu ve ah\u015fap el sanatlar\u0131 i\u00e7in tasarlanm\u0131\u015ft\u0131r.<\/p>","protected":false},"featured_media":2930,"template":"","meta":{"om_disable_all_campaigns":false,"_monsterinsights_skip_tracking":false,"_monsterinsights_sitenote_active":false,"_monsterinsights_sitenote_note":"","_monsterinsights_sitenote_category":0,"site-sidebar-layout":"default","site-content-layout":"default","ast-site-content-layout":"","site-content-style":"default","site-sidebar-style":"default","ast-global-header-display":"","ast-banner-title-visibility":"","ast-main-header-display":"","ast-hfb-above-header-display":"","ast-hfb-below-header-display":"","ast-hfb-mobile-header-display":"","site-post-title":"","ast-breadcrumbs-content":"","ast-featured-img":"","footer-sml-layout":"","theme-transparent-header-meta":"default","adv-header-id-meta":"","stick-header-meta":"","header-above-stick-meta":"","header-main-stick-meta":"","header-below-stick-meta":"","astra-migrate-meta-layouts":"default","ast-page-background-enabled":"default","ast-page-background-meta":{"desktop":{"background-color":"","background-image":"","background-repeat":"repeat","background-position":"center center","background-size":"auto","background-attachment":"scroll","background-type":"","background-media":"","overlay-type":"","overlay-color":"","overlay-gradient":""},"tablet":{"background-color":"","background-image":"","background-repeat":"repeat","background-position":"center center","background-size":"auto","background-attachment":"scroll","background-type":"","background-media":"","overlay-type":"","overlay-color":"","overlay-gradient":""},"mobile":{"background-color":"","background-image":"","background-repeat":"repeat","background-position":"center center","background-size":"auto","background-attachment":"scroll","background-type":"","background-media":"","overlay-type":"","overlay-color":"","overlay-gradient":""}},"ast-content-background-meta":{"desktop":{"background-color":"var(--ast-global-color-5)","background-image":"","background-repeat":"repeat","background-position":"center center","background-size":"auto","background-attachment":"scroll","background-type":"","background-media":"","overlay-type":"","overlay-color":"","overlay-gradient":""},"tablet":{"background-color":"var(--ast-global-color-5)","background-image":"","background-repeat":"repeat","background-position":"center center","background-size":"auto","background-attachment":"scroll","background-type":"","background-media":"","overlay-type":"","overlay-color":"","overlay-gradient":""},"mobile":{"background-color":"var(--ast-global-color-5)","background-image":"","background-repeat":"repeat","background-position":"center center","background-size":"auto","background-attachment":"scroll","background-type":"","background-media":"","overlay-type":"","overlay-color":"","overlay-gradient":""}},"_joinchat":[]},"product_cat":[54],"product_tag":[],"class_list":{"0":"post-2659","1":"product","2":"type-product","3":"status-publish","4":"has-post-thumbnail","6":"product_cat-wood-copy-shaper-machine","7":"desktop-align-center","8":"tablet-align-left","9":"mobile-align-left","11":"first","12":"instock","13":"shipping-taxable","14":"product-type-simple"},"yoast_head":"<!-- This site is optimized with the Yoast SEO Premium plugin v24.0 (Yoast SEO v24.1) - https:\/\/yoast.com\/wordpress\/plugins\/seo\/ -->\n<title>China Manufacturer Double-side Wood copy shaper machine | LDS<\/title>\n<meta name=\"description\" content=\"Double-side Wood copy shaper machine is designed for small Bamboo &amp; wood handicraft, such as cup lids, combs, toothbrushes, knife  brush handles, etc.\" \/>\n<meta name=\"robots\" content=\"index, follow, max-snippet:-1, max-image-preview:large, max-video-preview:-1\" \/>\n<link rel=\"canonical\" href=\"https:\/\/ldswoodworkingmachine.com\/tr\/urun\/china-manufacturer-mxz-7503-double-side-wood-copy-shaper-machine\/\" \/>\n<meta property=\"og:locale\" content=\"tr_TR\" \/>\n<meta property=\"og:type\" content=\"article\" \/>\n<meta property=\"og:title\" content=\"MXZ-7503 Double-side Wood copy shaper machine\" \/>\n<meta property=\"og:description\" content=\"Double-side Wood copy shaper machine is designed for small Bamboo &amp; wood handicraft, such as cup lids, combs, toothbrushes, knife  brush handles, etc.\" \/>\n<meta property=\"og:url\" content=\"https:\/\/ldswoodworkingmachine.com\/tr\/urun\/china-manufacturer-mxz-7503-double-side-wood-copy-shaper-machine\/\" \/>\n<meta property=\"og:site_name\" content=\"LDSWOODWORKINGMACHINE\" \/>\n<meta property=\"article:publisher\" content=\"https:\/\/www.facebook.com\/profile.php?id=100076190379298\" \/>\n<meta property=\"article:modified_time\" content=\"2023-03-22T06:20:30+00:00\" \/>\n<meta property=\"og:image\" content=\"https:\/\/ldswoodworkingmachine.com\/wp-content\/uploads\/2022\/05\/1-2.jpg\" \/>\n\t<meta property=\"og:image:width\" content=\"800\" \/>\n\t<meta property=\"og:image:height\" content=\"800\" \/>\n\t<meta property=\"og:image:type\" content=\"image\/jpeg\" \/>\n<meta name=\"twitter:card\" content=\"summary_large_image\" \/>\n<meta name=\"twitter:label1\" content=\"Tahmini okuma s\u00fcresi\" \/>\n\t<meta name=\"twitter:data1\" content=\"3 dakika\" \/>\n<script type=\"application\/ld+json\" class=\"yoast-schema-graph\">{\"@context\":\"https:\/\/schema.org\",\"@graph\":[{\"@type\":\"WebPage\",\"@id\":\"https:\/\/ldswoodworkingmachine.com\/product\/china-manufacturer-mxz-7503-double-side-wood-copy-shaper-machine\",\"url\":\"https:\/\/ldswoodworkingmachine.com\/product\/china-manufacturer-mxz-7503-double-side-wood-copy-shaper-machine\",\"name\":\"China Manufacturer Double-side Wood copy shaper machine | LDS\",\"isPartOf\":{\"@id\":\"https:\/\/ldswoodworkingmachine.com\/#website\"},\"primaryImageOfPage\":{\"@id\":\"https:\/\/ldswoodworkingmachine.com\/product\/china-manufacturer-mxz-7503-double-side-wood-copy-shaper-machine#primaryimage\"},\"image\":{\"@id\":\"https:\/\/ldswoodworkingmachine.com\/product\/china-manufacturer-mxz-7503-double-side-wood-copy-shaper-machine#primaryimage\"},\"thumbnailUrl\":\"https:\/\/ldswoodworkingmachine.com\/wp-content\/uploads\/2022\/05\/1-2.webp\",\"datePublished\":\"2022-05-10T06:16:03+00:00\",\"dateModified\":\"2023-03-22T06:20:30+00:00\",\"description\":\"Double-side Wood copy shaper machine is designed for small Bamboo & wood handicraft, such as cup lids, combs, toothbrushes, knife \\\\ brush handles, etc.\",\"breadcrumb\":{\"@id\":\"https:\/\/ldswoodworkingmachine.com\/product\/china-manufacturer-mxz-7503-double-side-wood-copy-shaper-machine#breadcrumb\"},\"inLanguage\":\"tr\",\"potentialAction\":[{\"@type\":\"ReadAction\",\"target\":[\"https:\/\/ldswoodworkingmachine.com\/product\/china-manufacturer-mxz-7503-double-side-wood-copy-shaper-machine\"]}]},{\"@type\":\"ImageObject\",\"inLanguage\":\"tr\",\"@id\":\"https:\/\/ldswoodworkingmachine.com\/product\/china-manufacturer-mxz-7503-double-side-wood-copy-shaper-machine#primaryimage\",\"url\":\"https:\/\/ldswoodworkingmachine.com\/wp-content\/uploads\/2022\/05\/1-2.webp\",\"contentUrl\":\"https:\/\/ldswoodworkingmachine.com\/wp-content\/uploads\/2022\/05\/1-2.webp\",\"width\":800,\"height\":800,\"caption\":\"MXZ-7503 Double-side Wood copy shaper machine\"},{\"@type\":\"BreadcrumbList\",\"@id\":\"https:\/\/ldswoodworkingmachine.com\/product\/china-manufacturer-mxz-7503-double-side-wood-copy-shaper-machine#breadcrumb\",\"itemListElement\":[{\"@type\":\"ListItem\",\"position\":1,\"name\":\"Home\",\"item\":\"https:\/\/ldswoodworkingmachine.com\/\"},{\"@type\":\"ListItem\",\"position\":2,\"name\":\"All Product\",\"item\":\"https:\/\/ldswoodworkingmachine.com\/shop\"},{\"@type\":\"ListItem\",\"position\":3,\"name\":\"MXZ-7503 Double-side Wood copy shaper machine\"}]},{\"@type\":\"WebSite\",\"@id\":\"https:\/\/ldswoodworkingmachine.com\/#website\",\"url\":\"https:\/\/ldswoodworkingmachine.com\/\",\"name\":\"LDSWOODWORKINGMACHINE\",\"description\":\"WOODWORKING MACHINE\",\"publisher\":{\"@id\":\"https:\/\/ldswoodworkingmachine.com\/#organization\"},\"potentialAction\":[{\"@type\":\"SearchAction\",\"target\":{\"@type\":\"EntryPoint\",\"urlTemplate\":\"https:\/\/ldswoodworkingmachine.com\/?s={search_term_string}\"},\"query-input\":{\"@type\":\"PropertyValueSpecification\",\"valueRequired\":true,\"valueName\":\"search_term_string\"}}],\"inLanguage\":\"tr\"},{\"@type\":\"Organization\",\"@id\":\"https:\/\/ldswoodworkingmachine.com\/#organization\",\"name\":\"LDSWOODWORKINGMACHINE\",\"url\":\"https:\/\/ldswoodworkingmachine.com\/\",\"logo\":{\"@type\":\"ImageObject\",\"inLanguage\":\"tr\",\"@id\":\"https:\/\/ldswoodworkingmachine.com\/#\/schema\/logo\/image\/\",\"url\":\"https:\/\/ldswoodworkingmachine.com\/wp-content\/uploads\/2022\/04\/cropped-12-1.png\",\"contentUrl\":\"https:\/\/ldswoodworkingmachine.com\/wp-content\/uploads\/2022\/04\/cropped-12-1.png\",\"width\":334,\"height\":80,\"caption\":\"LDSWOODWORKINGMACHINE\"},\"image\":{\"@id\":\"https:\/\/ldswoodworkingmachine.com\/#\/schema\/logo\/image\/\"},\"sameAs\":[\"https:\/\/www.facebook.com\/profile.php?id=100076190379298\",\"https:\/\/www.youtube.com\/channel\/UC_ZTI5V0mMTwFrQ29Jmb5Qw?view_as=subscriber\"]}]}<\/script>\n<!-- \/ Yoast SEO Premium plugin. -->","yoast_head_json":{"title":"China Manufacturer Double-side Wood copy shaper machine | LDS","description":"Double-side Wood copy shaper machine is designed for small Bamboo & wood handicraft, such as cup lids, combs, toothbrushes, knife  brush handles, etc.","robots":{"index":"index","follow":"follow","max-snippet":"max-snippet:-1","max-image-preview":"max-image-preview:large","max-video-preview":"max-video-preview:-1"},"canonical":"https:\/\/ldswoodworkingmachine.com\/tr\/urun\/china-manufacturer-mxz-7503-double-side-wood-copy-shaper-machine\/","og_locale":"tr_TR","og_type":"article","og_title":"MXZ-7503 Double-side Wood copy shaper machine","og_description":"Double-side Wood copy shaper machine is designed for small Bamboo & wood handicraft, such as cup lids, combs, toothbrushes, knife  brush handles, etc.","og_url":"https:\/\/ldswoodworkingmachine.com\/tr\/urun\/china-manufacturer-mxz-7503-double-side-wood-copy-shaper-machine\/","og_site_name":"LDSWOODWORKINGMACHINE","article_publisher":"https:\/\/www.facebook.com\/profile.php?id=100076190379298","article_modified_time":"2023-03-22T06:20:30+00:00","og_image":[{"width":800,"height":800,"url":"https:\/\/ldswoodworkingmachine.com\/wp-content\/uploads\/2022\/05\/1-2.jpg","type":"image\/jpeg"}],"twitter_card":"summary_large_image","twitter_misc":{"Tahmini okuma s\u00fcresi":"3 dakika"},"schema":{"@context":"https:\/\/schema.org","@graph":[{"@type":"WebPage","@id":"https:\/\/ldswoodworkingmachine.com\/product\/china-manufacturer-mxz-7503-double-side-wood-copy-shaper-machine","url":"https:\/\/ldswoodworkingmachine.com\/product\/china-manufacturer-mxz-7503-double-side-wood-copy-shaper-machine","name":"China Manufacturer Double-side Wood copy shaper machine | LDS","isPartOf":{"@id":"https:\/\/ldswoodworkingmachine.com\/#website"},"primaryImageOfPage":{"@id":"https:\/\/ldswoodworkingmachine.com\/product\/china-manufacturer-mxz-7503-double-side-wood-copy-shaper-machine#primaryimage"},"image":{"@id":"https:\/\/ldswoodworkingmachine.com\/product\/china-manufacturer-mxz-7503-double-side-wood-copy-shaper-machine#primaryimage"},"thumbnailUrl":"https:\/\/ldswoodworkingmachine.com\/wp-content\/uploads\/2022\/05\/1-2.webp","datePublished":"2022-05-10T06:16:03+00:00","dateModified":"2023-03-22T06:20:30+00:00","description":"Double-side Wood copy shaper machine is designed for small Bamboo & wood handicraft, such as cup lids, combs, toothbrushes, knife \\ brush handles, etc.","breadcrumb":{"@id":"https:\/\/ldswoodworkingmachine.com\/product\/china-manufacturer-mxz-7503-double-side-wood-copy-shaper-machine#breadcrumb"},"inLanguage":"tr","potentialAction":[{"@type":"ReadAction","target":["https:\/\/ldswoodworkingmachine.com\/product\/china-manufacturer-mxz-7503-double-side-wood-copy-shaper-machine"]}]},{"@type":"ImageObject","inLanguage":"tr","@id":"https:\/\/ldswoodworkingmachine.com\/product\/china-manufacturer-mxz-7503-double-side-wood-copy-shaper-machine#primaryimage","url":"https:\/\/ldswoodworkingmachine.com\/wp-content\/uploads\/2022\/05\/1-2.webp","contentUrl":"https:\/\/ldswoodworkingmachine.com\/wp-content\/uploads\/2022\/05\/1-2.webp","width":800,"height":800,"caption":"MXZ-7503 Double-side Wood copy shaper machine"},{"@type":"BreadcrumbList","@id":"https:\/\/ldswoodworkingmachine.com\/product\/china-manufacturer-mxz-7503-double-side-wood-copy-shaper-machine#breadcrumb","itemListElement":[{"@type":"ListItem","position":1,"name":"Home","item":"https:\/\/ldswoodworkingmachine.com\/"},{"@type":"ListItem","position":2,"name":"All Product","item":"https:\/\/ldswoodworkingmachine.com\/shop"},{"@type":"ListItem","position":3,"name":"MXZ-7503 Double-side Wood copy shaper machine"}]},{"@type":"WebSite","@id":"https:\/\/ldswoodworkingmachine.com\/#website","url":"https:\/\/ldswoodworkingmachine.com\/","name":"LDSWOODWORKINGMACHINE","description":"WOODWORKING MACHINE","publisher":{"@id":"https:\/\/ldswoodworkingmachine.com\/#organization"},"potentialAction":[{"@type":"SearchAction","target":{"@type":"EntryPoint","urlTemplate":"https:\/\/ldswoodworkingmachine.com\/?s={search_term_string}"},"query-input":{"@type":"PropertyValueSpecification","valueRequired":true,"valueName":"search_term_string"}}],"inLanguage":"tr"},{"@type":"Organization","@id":"https:\/\/ldswoodworkingmachine.com\/#organization","name":"LDSWOODWORKINGMACHINE","url":"https:\/\/ldswoodworkingmachine.com\/","logo":{"@type":"ImageObject","inLanguage":"tr","@id":"https:\/\/ldswoodworkingmachine.com\/#\/schema\/logo\/image\/","url":"https:\/\/ldswoodworkingmachine.com\/wp-content\/uploads\/2022\/04\/cropped-12-1.png","contentUrl":"https:\/\/ldswoodworkingmachine.com\/wp-content\/uploads\/2022\/04\/cropped-12-1.png","width":334,"height":80,"caption":"LDSWOODWORKINGMACHINE"},"image":{"@id":"https:\/\/ldswoodworkingmachine.com\/#\/schema\/logo\/image\/"},"sameAs":["https:\/\/www.facebook.com\/profile.php?id=100076190379298","https:\/\/www.youtube.com\/channel\/UC_ZTI5V0mMTwFrQ29Jmb5Qw?view_as=subscriber"]}]}},"_links":{"self":[{"href":"https:\/\/ldswoodworkingmachine.com\/tr\/wp-json\/wp\/v2\/product\/2659","targetHints":{"allow":["GET"]}}],"collection":[{"href":"https:\/\/ldswoodworkingmachine.com\/tr\/wp-json\/wp\/v2\/product"}],"about":[{"href":"https:\/\/ldswoodworkingmachine.com\/tr\/wp-json\/wp\/v2\/types\/product"}],"wp:featuredmedia":[{"embeddable":true,"href":"https:\/\/ldswoodworkingmachine.com\/tr\/wp-json\/wp\/v2\/media\/2930"}],"wp:attachment":[{"href":"https:\/\/ldswoodworkingmachine.com\/tr\/wp-json\/wp\/v2\/media?parent=2659"}],"wp:term":[{"taxonomy":"product_cat","embeddable":true,"href":"https:\/\/ldswoodworkingmachine.com\/tr\/wp-json\/wp\/v2\/product_cat?post=2659"},{"taxonomy":"product_tag","embeddable":true,"href":"https:\/\/ldswoodworkingmachine.com\/tr\/wp-json\/wp\/v2\/product_tag?post=2659"}],"curies":[{"name":"wp","href":"https:\/\/api.w.org\/{rel}","templated":true}]}}