{"id":2646,"date":"2022-05-10T05:47:35","date_gmt":"2022-05-10T05:47:35","guid":{"rendered":"https:\/\/ldswoodworkingmachine.com\/?post_type=product&#038;p=2646"},"modified":"2023-03-15T08:48:14","modified_gmt":"2023-03-15T08:48:14","slug":"cnc-cutting-machine-for-making-bamboo-wood-comb","status":"publish","type":"product","link":"https:\/\/ldswoodworkingmachine.com\/tr\/urun\/cnc-cutting-machine-for-making-bamboo-wood-comb","title":{"rendered":"Bambu ve ah\u015fap tarak yapmak i\u00e7in CNC Kesme makinesi"},"content":{"rendered":"<p><strong>CNC kesme makinesi ana \u00f6zellikleri:<\/strong><\/p>\n<ul>\n<li>CNC kesme makinesi esas olarak bambu ve ah\u015fap taraklar\u0131n, bakalit taraklar\u0131n ve korna taraklar\u0131n\u0131n a\u00e7\u0131k di\u015f i\u015flenmesi i\u00e7in kullan\u0131l\u0131r.<\/li>\n<li>Basit kullan\u0131m, y\u00fcksek verimlilik ve istikrarl\u0131 kalite ile ah\u015fap taraklar\u0131n seri \u00fcretimi<\/li>\n<li>Kapasite:10-20 adet\/dak<\/li>\n<\/ul>\n<p><strong style=\"font-size: 16px;\">CNC Kesme Makinesi Teknik Parametreler:<\/strong><\/p>\n<ul>\n<li>\u0130\u015fleme uzunlu\u011fu: 50-250mm<\/li>\n<li>\u0130\u015fleme kal\u0131nl\u0131\u011f\u0131: 5-50mm<\/li>\n<li>\u0130\u015fleme derinli\u011fi: 0-50mm<\/li>\n<li>G\u00fc\u00e7: 3.5 KW<\/li>\n<li>Mil g\u00fcc\u00fc:2.5 KW<\/li>\n<li>Boyutlar: 2200 * 1300*1500mm<\/li>\n<li>Voltaj: \u00f6zelle\u015ftirilebilir<\/li>\n<\/ul>\n<p><strong>Uygulama\uff1a<\/strong><\/p>\n<p><img data-dominant-color=\"a9a2a1\" data-has-transparency=\"false\" style=\"--dominant-color: #a9a2a1;\" decoding=\"async\" class=\"not-transparent alignnone wp-image-2647 size-thumbnail\" src=\"https:\/\/ldswoodworkingmachine.com\/wp-content\/uploads\/2022\/05\/\u672a\u6807\u9898-2-150x148.jpg\" alt=\"CNC cutting machine make bamboo comb\" width=\"150\" height=\"148\" srcset=\"https:\/\/ldswoodworkingmachine.com\/wp-content\/uploads\/2022\/05\/\u672a\u6807\u9898-2-150x148.jpg 150w, https:\/\/ldswoodworkingmachine.com\/wp-content\/uploads\/2022\/05\/\u672a\u6807\u9898-2-100x100.jpg 100w\" sizes=\"(max-width: 150px) 100vw, 150px\" \/> <img data-dominant-color=\"cecbc8\" data-has-transparency=\"false\" style=\"--dominant-color: #cecbc8;\" decoding=\"async\" class=\"not-transparent alignnone wp-image-2648 size-thumbnail\" src=\"https:\/\/ldswoodworkingmachine.com\/wp-content\/uploads\/2022\/05\/\u672a\u6807\u9898-3-150x150.jpg\" alt=\"bamboo &amp; wood comb\" width=\"150\" height=\"150\" srcset=\"https:\/\/ldswoodworkingmachine.com\/wp-content\/uploads\/2022\/05\/\u672a\u6807\u9898-3-150x150.jpg 150w, https:\/\/ldswoodworkingmachine.com\/wp-content\/uploads\/2022\/05\/\u672a\u6807\u9898-3-100x100.jpg 100w\" sizes=\"(max-width: 150px) 100vw, 150px\" \/><\/p>\n<p>Makine d\u00fcz di\u015fleri ve sarmal di\u015fleri i\u015fleyebilir ve baz\u0131lar\u0131nda di\u015flerin \u00fcst\u00fcnde Yay bulunur (A\u015fa\u011f\u0131daki resimleri kontrol edin) ve makine hepsini i\u015fleyebilir.<\/p>\n<p><img data-dominant-color=\"ad9d92\" data-has-transparency=\"true\" style=\"--dominant-color: #ad9d92;\" fetchpriority=\"high\" decoding=\"async\" class=\"has-transparency alignnone  wp-image-3185\" src=\"https:\/\/ldswoodworkingmachine.com\/wp-content\/uploads\/2022\/05\/\u5fae\u4fe1\u56fe\u7247_20230315160928-300x300.png\" alt=\"wood comb\" width=\"238\" height=\"238\" srcset=\"https:\/\/ldswoodworkingmachine.com\/wp-content\/uploads\/2022\/05\/\u5fae\u4fe1\u56fe\u7247_20230315160928-300x300.png 300w, https:\/\/ldswoodworkingmachine.com\/wp-content\/uploads\/2022\/05\/\u5fae\u4fe1\u56fe\u7247_20230315160928-100x100.png 100w, https:\/\/ldswoodworkingmachine.com\/wp-content\/uploads\/2022\/05\/\u5fae\u4fe1\u56fe\u7247_20230315160928-150x150.png 150w, https:\/\/ldswoodworkingmachine.com\/wp-content\/uploads\/2022\/05\/\u5fae\u4fe1\u56fe\u7247_20230315160928-768x768.png 768w, https:\/\/ldswoodworkingmachine.com\/wp-content\/uploads\/2022\/05\/\u5fae\u4fe1\u56fe\u7247_20230315160928.png 800w\" sizes=\"(max-width: 238px) 100vw, 238px\" \/> <img data-dominant-color=\"f6e4db\" data-has-transparency=\"false\" style=\"--dominant-color: #f6e4db;\" loading=\"lazy\" decoding=\"async\" class=\"not-transparent alignnone wp-image-3186\" src=\"https:\/\/ldswoodworkingmachine.com\/wp-content\/uploads\/2022\/05\/\u5fae\u4fe1\u56fe\u7247_20230315160932-300x300.png\" alt=\"CNC cutting machine make wood comb \" width=\"268\" height=\"268\" srcset=\"https:\/\/ldswoodworkingmachine.com\/wp-content\/uploads\/2022\/05\/\u5fae\u4fe1\u56fe\u7247_20230315160932-300x300.png 300w, https:\/\/ldswoodworkingmachine.com\/wp-content\/uploads\/2022\/05\/\u5fae\u4fe1\u56fe\u7247_20230315160932-100x100.png 100w, https:\/\/ldswoodworkingmachine.com\/wp-content\/uploads\/2022\/05\/\u5fae\u4fe1\u56fe\u7247_20230315160932-150x150.png 150w, https:\/\/ldswoodworkingmachine.com\/wp-content\/uploads\/2022\/05\/\u5fae\u4fe1\u56fe\u7247_20230315160932-768x768.png 768w, https:\/\/ldswoodworkingmachine.com\/wp-content\/uploads\/2022\/05\/\u5fae\u4fe1\u56fe\u7247_20230315160932.png 800w\" sizes=\"(max-width: 268px) 100vw, 268px\" \/><\/p>\n<p><strong>Video Ba\u011flant\u0131s\u0131:<\/strong><\/p>\n<p><a href=\"https:\/\/www.youtube.com\/watch?v=O8hX7Zl7wJ4\">https:\/\/www.youtube.com\/watch?v=O8hX7Zl7wJ4<\/a><\/p>\n<p><!--more--><\/p>","protected":false},"excerpt":{"rendered":"<ul>\n<li>CNC Kesme Makinesi esas olarak bambu ve ah\u015fap taraklar\u0131n, bakalit taraklar\u0131n ve korna taraklar\u0131n\u0131n a\u00e7\u0131k di\u015f i\u015flenmesi i\u00e7in kullan\u0131l\u0131r.<\/li>\n<li>Basit kullan\u0131m, y\u00fcksek verimlilik ve istikrarl\u0131 kalite ile ah\u015fap taraklar\u0131n seri \u00fcretimi<\/li>\n<li>Kapasite:10-20 adet<\/li>\n<\/ul>","protected":false},"featured_media":3009,"template":"","meta":{"om_disable_all_campaigns":false,"_monsterinsights_skip_tracking":false,"_monsterinsights_sitenote_active":false,"_monsterinsights_sitenote_note":"","_monsterinsights_sitenote_category":0,"site-sidebar-layout":"default","site-content-layout":"default","ast-site-content-layout":"","site-content-style":"default","site-sidebar-style":"default","ast-global-header-display":"","ast-banner-title-visibility":"","ast-main-header-display":"","ast-hfb-above-header-display":"","ast-hfb-below-header-display":"","ast-hfb-mobile-header-display":"","site-post-title":"","ast-breadcrumbs-content":"","ast-featured-img":"","footer-sml-layout":"","theme-transparent-header-meta":"default","adv-header-id-meta":"","stick-header-meta":"","header-above-stick-meta":"","header-main-stick-meta":"","header-below-stick-meta":"","astra-migrate-meta-layouts":"default","ast-page-background-enabled":"default","ast-page-background-meta":{"desktop":{"background-color":"","background-image":"","background-repeat":"repeat","background-position":"center center","background-size":"auto","background-attachment":"scroll","background-type":"","background-media":"","overlay-type":"","overlay-color":"","overlay-gradient":""},"tablet":{"background-color":"","background-image":"","background-repeat":"repeat","background-position":"center center","background-size":"auto","background-attachment":"scroll","background-type":"","background-media":"","overlay-type":"","overlay-color":"","overlay-gradient":""},"mobile":{"background-color":"","background-image":"","background-repeat":"repeat","background-position":"center center","background-size":"auto","background-attachment":"scroll","background-type":"","background-media":"","overlay-type":"","overlay-color":"","overlay-gradient":""}},"ast-content-background-meta":{"desktop":{"background-color":"var(--ast-global-color-5)","background-image":"","background-repeat":"repeat","background-position":"center center","background-size":"auto","background-attachment":"scroll","background-type":"","background-media":"","overlay-type":"","overlay-color":"","overlay-gradient":""},"tablet":{"background-color":"var(--ast-global-color-5)","background-image":"","background-repeat":"repeat","background-position":"center center","background-size":"auto","background-attachment":"scroll","background-type":"","background-media":"","overlay-type":"","overlay-color":"","overlay-gradient":""},"mobile":{"background-color":"var(--ast-global-color-5)","background-image":"","background-repeat":"repeat","background-position":"center center","background-size":"auto","background-attachment":"scroll","background-type":"","background-media":"","overlay-type":"","overlay-color":"","overlay-gradient":""}},"_joinchat":[]},"product_cat":[65],"product_tag":[],"class_list":{"0":"post-2646","1":"product","2":"type-product","3":"status-publish","4":"has-post-thumbnail","6":"product_cat-comb-making-machine","7":"desktop-align-center","8":"tablet-align-left","9":"mobile-align-left","11":"first","12":"instock","13":"shipping-taxable","14":"product-type-simple"},"yoast_head":"<!-- This site is optimized with the Yoast SEO Premium plugin v24.0 (Yoast SEO v24.1) - https:\/\/yoast.com\/wordpress\/plugins\/seo\/ -->\n<title>CNC Cutting Machine Make Bamboo Comb | LDS Manufacturer<\/title>\n<meta name=\"description\" content=\"CNC cutting machine is used for open-tooth processing of bamboo and wood combs, bakelite and horn combs.Machine with multiple patent and CE certificate.\" \/>\n<meta name=\"robots\" content=\"index, follow, max-snippet:-1, max-image-preview:large, max-video-preview:-1\" \/>\n<link rel=\"canonical\" href=\"https:\/\/ldswoodworkingmachine.com\/tr\/urun\/cnc-cutting-machine-for-making-bamboo-wood-comb\/\" \/>\n<meta property=\"og:locale\" content=\"tr_TR\" \/>\n<meta property=\"og:type\" content=\"article\" \/>\n<meta property=\"og:title\" content=\"CNC Cutting Machine for making bamboo &amp; wood comb\" \/>\n<meta property=\"og:description\" content=\"CNC cutting machine is used for open-tooth processing of bamboo and wood combs, bakelite and horn combs.Machine with multiple patent and CE certificate.\" \/>\n<meta property=\"og:url\" content=\"https:\/\/ldswoodworkingmachine.com\/tr\/urun\/cnc-cutting-machine-for-making-bamboo-wood-comb\/\" \/>\n<meta property=\"og:site_name\" content=\"LDSWOODWORKINGMACHINE\" \/>\n<meta property=\"article:publisher\" content=\"https:\/\/www.facebook.com\/profile.php?id=100076190379298\" \/>\n<meta property=\"article:modified_time\" content=\"2023-03-15T08:48:14+00:00\" \/>\n<meta property=\"og:image\" content=\"https:\/\/ldswoodworkingmachine.com\/wp-content\/uploads\/2022\/05\/\u672a\u6807\u9898-1-1.jpg\" \/>\n\t<meta property=\"og:image:width\" content=\"400\" \/>\n\t<meta property=\"og:image:height\" content=\"400\" \/>\n\t<meta property=\"og:image:type\" content=\"image\/jpeg\" \/>\n<meta name=\"twitter:card\" content=\"summary_large_image\" \/>\n<meta name=\"twitter:label1\" content=\"Tahmini okuma s\u00fcresi\" \/>\n\t<meta name=\"twitter:data1\" content=\"2 dakika\" \/>\n<script type=\"application\/ld+json\" class=\"yoast-schema-graph\">{\"@context\":\"https:\/\/schema.org\",\"@graph\":[{\"@type\":\"WebPage\",\"@id\":\"https:\/\/ldswoodworkingmachine.com\/product\/cnc-cutting-machine-for-making-bamboo-wood-comb\",\"url\":\"https:\/\/ldswoodworkingmachine.com\/product\/cnc-cutting-machine-for-making-bamboo-wood-comb\",\"name\":\"CNC Cutting Machine Make Bamboo Comb | LDS Manufacturer\",\"isPartOf\":{\"@id\":\"https:\/\/ldswoodworkingmachine.com\/#website\"},\"primaryImageOfPage\":{\"@id\":\"https:\/\/ldswoodworkingmachine.com\/product\/cnc-cutting-machine-for-making-bamboo-wood-comb#primaryimage\"},\"image\":{\"@id\":\"https:\/\/ldswoodworkingmachine.com\/product\/cnc-cutting-machine-for-making-bamboo-wood-comb#primaryimage\"},\"thumbnailUrl\":\"https:\/\/ldswoodworkingmachine.com\/wp-content\/uploads\/2022\/05\/\u672a\u6807\u9898-1-1.webp\",\"datePublished\":\"2022-05-10T05:47:35+00:00\",\"dateModified\":\"2023-03-15T08:48:14+00:00\",\"description\":\"CNC cutting machine is used for open-tooth processing of bamboo and wood combs, bakelite and horn combs.Machine with multiple patent and CE certificate.\",\"breadcrumb\":{\"@id\":\"https:\/\/ldswoodworkingmachine.com\/product\/cnc-cutting-machine-for-making-bamboo-wood-comb#breadcrumb\"},\"inLanguage\":\"tr\",\"potentialAction\":[{\"@type\":\"ReadAction\",\"target\":[\"https:\/\/ldswoodworkingmachine.com\/product\/cnc-cutting-machine-for-making-bamboo-wood-comb\"]}]},{\"@type\":\"ImageObject\",\"inLanguage\":\"tr\",\"@id\":\"https:\/\/ldswoodworkingmachine.com\/product\/cnc-cutting-machine-for-making-bamboo-wood-comb#primaryimage\",\"url\":\"https:\/\/ldswoodworkingmachine.com\/wp-content\/uploads\/2022\/05\/\u672a\u6807\u9898-1-1.webp\",\"contentUrl\":\"https:\/\/ldswoodworkingmachine.com\/wp-content\/uploads\/2022\/05\/\u672a\u6807\u9898-1-1.webp\",\"width\":400,\"height\":400,\"caption\":\"CNC comb cutting machine\"},{\"@type\":\"BreadcrumbList\",\"@id\":\"https:\/\/ldswoodworkingmachine.com\/product\/cnc-cutting-machine-for-making-bamboo-wood-comb#breadcrumb\",\"itemListElement\":[{\"@type\":\"ListItem\",\"position\":1,\"name\":\"Home\",\"item\":\"https:\/\/ldswoodworkingmachine.com\/\"},{\"@type\":\"ListItem\",\"position\":2,\"name\":\"All Product\",\"item\":\"https:\/\/ldswoodworkingmachine.com\/shop\"},{\"@type\":\"ListItem\",\"position\":3,\"name\":\"CNC Cutting Machine for making bamboo &#038; wood comb\"}]},{\"@type\":\"WebSite\",\"@id\":\"https:\/\/ldswoodworkingmachine.com\/#website\",\"url\":\"https:\/\/ldswoodworkingmachine.com\/\",\"name\":\"LDSWOODWORKINGMACHINE\",\"description\":\"WOODWORKING MACHINE\",\"publisher\":{\"@id\":\"https:\/\/ldswoodworkingmachine.com\/#organization\"},\"potentialAction\":[{\"@type\":\"SearchAction\",\"target\":{\"@type\":\"EntryPoint\",\"urlTemplate\":\"https:\/\/ldswoodworkingmachine.com\/?s={search_term_string}\"},\"query-input\":{\"@type\":\"PropertyValueSpecification\",\"valueRequired\":true,\"valueName\":\"search_term_string\"}}],\"inLanguage\":\"tr\"},{\"@type\":\"Organization\",\"@id\":\"https:\/\/ldswoodworkingmachine.com\/#organization\",\"name\":\"LDSWOODWORKINGMACHINE\",\"url\":\"https:\/\/ldswoodworkingmachine.com\/\",\"logo\":{\"@type\":\"ImageObject\",\"inLanguage\":\"tr\",\"@id\":\"https:\/\/ldswoodworkingmachine.com\/#\/schema\/logo\/image\/\",\"url\":\"https:\/\/ldswoodworkingmachine.com\/wp-content\/uploads\/2022\/04\/cropped-12-1.png\",\"contentUrl\":\"https:\/\/ldswoodworkingmachine.com\/wp-content\/uploads\/2022\/04\/cropped-12-1.png\",\"width\":334,\"height\":80,\"caption\":\"LDSWOODWORKINGMACHINE\"},\"image\":{\"@id\":\"https:\/\/ldswoodworkingmachine.com\/#\/schema\/logo\/image\/\"},\"sameAs\":[\"https:\/\/www.facebook.com\/profile.php?id=100076190379298\",\"https:\/\/www.youtube.com\/channel\/UC_ZTI5V0mMTwFrQ29Jmb5Qw?view_as=subscriber\"]}]}<\/script>\n<!-- \/ Yoast SEO Premium plugin. -->","yoast_head_json":{"title":"CNC Cutting Machine Make Bamboo Comb | LDS Manufacturer","description":"CNC cutting machine is used for open-tooth processing of bamboo and wood combs, bakelite and horn combs.Machine with multiple patent and CE certificate.","robots":{"index":"index","follow":"follow","max-snippet":"max-snippet:-1","max-image-preview":"max-image-preview:large","max-video-preview":"max-video-preview:-1"},"canonical":"https:\/\/ldswoodworkingmachine.com\/tr\/urun\/cnc-cutting-machine-for-making-bamboo-wood-comb\/","og_locale":"tr_TR","og_type":"article","og_title":"CNC Cutting Machine for making bamboo & wood comb","og_description":"CNC cutting machine is used for open-tooth processing of bamboo and wood combs, bakelite and horn combs.Machine with multiple patent and CE certificate.","og_url":"https:\/\/ldswoodworkingmachine.com\/tr\/urun\/cnc-cutting-machine-for-making-bamboo-wood-comb\/","og_site_name":"LDSWOODWORKINGMACHINE","article_publisher":"https:\/\/www.facebook.com\/profile.php?id=100076190379298","article_modified_time":"2023-03-15T08:48:14+00:00","og_image":[{"width":400,"height":400,"url":"https:\/\/ldswoodworkingmachine.com\/wp-content\/uploads\/2022\/05\/\u672a\u6807\u9898-1-1.jpg","type":"image\/jpeg"}],"twitter_card":"summary_large_image","twitter_misc":{"Tahmini okuma s\u00fcresi":"2 dakika"},"schema":{"@context":"https:\/\/schema.org","@graph":[{"@type":"WebPage","@id":"https:\/\/ldswoodworkingmachine.com\/product\/cnc-cutting-machine-for-making-bamboo-wood-comb","url":"https:\/\/ldswoodworkingmachine.com\/product\/cnc-cutting-machine-for-making-bamboo-wood-comb","name":"CNC Cutting Machine Make Bamboo Comb | LDS Manufacturer","isPartOf":{"@id":"https:\/\/ldswoodworkingmachine.com\/#website"},"primaryImageOfPage":{"@id":"https:\/\/ldswoodworkingmachine.com\/product\/cnc-cutting-machine-for-making-bamboo-wood-comb#primaryimage"},"image":{"@id":"https:\/\/ldswoodworkingmachine.com\/product\/cnc-cutting-machine-for-making-bamboo-wood-comb#primaryimage"},"thumbnailUrl":"https:\/\/ldswoodworkingmachine.com\/wp-content\/uploads\/2022\/05\/\u672a\u6807\u9898-1-1.webp","datePublished":"2022-05-10T05:47:35+00:00","dateModified":"2023-03-15T08:48:14+00:00","description":"CNC cutting machine is used for open-tooth processing of bamboo and wood combs, bakelite and horn combs.Machine with multiple patent and CE certificate.","breadcrumb":{"@id":"https:\/\/ldswoodworkingmachine.com\/product\/cnc-cutting-machine-for-making-bamboo-wood-comb#breadcrumb"},"inLanguage":"tr","potentialAction":[{"@type":"ReadAction","target":["https:\/\/ldswoodworkingmachine.com\/product\/cnc-cutting-machine-for-making-bamboo-wood-comb"]}]},{"@type":"ImageObject","inLanguage":"tr","@id":"https:\/\/ldswoodworkingmachine.com\/product\/cnc-cutting-machine-for-making-bamboo-wood-comb#primaryimage","url":"https:\/\/ldswoodworkingmachine.com\/wp-content\/uploads\/2022\/05\/\u672a\u6807\u9898-1-1.webp","contentUrl":"https:\/\/ldswoodworkingmachine.com\/wp-content\/uploads\/2022\/05\/\u672a\u6807\u9898-1-1.webp","width":400,"height":400,"caption":"CNC comb cutting machine"},{"@type":"BreadcrumbList","@id":"https:\/\/ldswoodworkingmachine.com\/product\/cnc-cutting-machine-for-making-bamboo-wood-comb#breadcrumb","itemListElement":[{"@type":"ListItem","position":1,"name":"Home","item":"https:\/\/ldswoodworkingmachine.com\/"},{"@type":"ListItem","position":2,"name":"All Product","item":"https:\/\/ldswoodworkingmachine.com\/shop"},{"@type":"ListItem","position":3,"name":"CNC Cutting Machine for making bamboo &#038; wood comb"}]},{"@type":"WebSite","@id":"https:\/\/ldswoodworkingmachine.com\/#website","url":"https:\/\/ldswoodworkingmachine.com\/","name":"LDSWOODWORKINGMACHINE","description":"WOODWORKING MACHINE","publisher":{"@id":"https:\/\/ldswoodworkingmachine.com\/#organization"},"potentialAction":[{"@type":"SearchAction","target":{"@type":"EntryPoint","urlTemplate":"https:\/\/ldswoodworkingmachine.com\/?s={search_term_string}"},"query-input":{"@type":"PropertyValueSpecification","valueRequired":true,"valueName":"search_term_string"}}],"inLanguage":"tr"},{"@type":"Organization","@id":"https:\/\/ldswoodworkingmachine.com\/#organization","name":"LDSWOODWORKINGMACHINE","url":"https:\/\/ldswoodworkingmachine.com\/","logo":{"@type":"ImageObject","inLanguage":"tr","@id":"https:\/\/ldswoodworkingmachine.com\/#\/schema\/logo\/image\/","url":"https:\/\/ldswoodworkingmachine.com\/wp-content\/uploads\/2022\/04\/cropped-12-1.png","contentUrl":"https:\/\/ldswoodworkingmachine.com\/wp-content\/uploads\/2022\/04\/cropped-12-1.png","width":334,"height":80,"caption":"LDSWOODWORKINGMACHINE"},"image":{"@id":"https:\/\/ldswoodworkingmachine.com\/#\/schema\/logo\/image\/"},"sameAs":["https:\/\/www.facebook.com\/profile.php?id=100076190379298","https:\/\/www.youtube.com\/channel\/UC_ZTI5V0mMTwFrQ29Jmb5Qw?view_as=subscriber"]}]}},"_links":{"self":[{"href":"https:\/\/ldswoodworkingmachine.com\/tr\/wp-json\/wp\/v2\/product\/2646","targetHints":{"allow":["GET"]}}],"collection":[{"href":"https:\/\/ldswoodworkingmachine.com\/tr\/wp-json\/wp\/v2\/product"}],"about":[{"href":"https:\/\/ldswoodworkingmachine.com\/tr\/wp-json\/wp\/v2\/types\/product"}],"wp:featuredmedia":[{"embeddable":true,"href":"https:\/\/ldswoodworkingmachine.com\/tr\/wp-json\/wp\/v2\/media\/3009"}],"wp:attachment":[{"href":"https:\/\/ldswoodworkingmachine.com\/tr\/wp-json\/wp\/v2\/media?parent=2646"}],"wp:term":[{"taxonomy":"product_cat","embeddable":true,"href":"https:\/\/ldswoodworkingmachine.com\/tr\/wp-json\/wp\/v2\/product_cat?post=2646"},{"taxonomy":"product_tag","embeddable":true,"href":"https:\/\/ldswoodworkingmachine.com\/tr\/wp-json\/wp\/v2\/product_tag?post=2646"}],"curies":[{"name":"wp","href":"https:\/\/api.w.org\/{rel}","templated":true}]}}