{"id":2614,"date":"2022-05-10T02:12:02","date_gmt":"2022-05-10T02:12:02","guid":{"rendered":"https:\/\/ldswoodworkingmachine.com\/?post_type=product&#038;p=2614"},"modified":"2022-05-10T08:12:59","modified_gmt":"2022-05-10T08:12:59","slug":"auto-co2-laser-logo-machine","status":"publish","type":"product","link":"https:\/\/ldswoodworkingmachine.com\/tr\/urun\/auto-co2-laser-logo-machine","title":{"rendered":"Otomatik CO2 Lazer Logo Makinesi"},"content":{"rendered":"<p><strong>Otomatik CO2 Lazer Logo Makinesi ana \u00f6zellikleri:<\/strong><\/p>\n<ul>\n<li>Gecikmeyi azaltmak i\u00e7in y\u00fcksek h\u0131zl\u0131 ayna tarama kafas\u0131 benimsenmi\u015ftir<\/li>\n<li>Almanya&#039;dan ithal ayna, k\u00fc\u00e7\u00fck boy<\/li>\n<li>Kay\u0131p k\u00fc\u00e7\u00fckt\u00fcr ve \u0131\u015f\u0131n da\u011f\u0131l\u0131m\u0131 daha homojendir<\/li>\n<\/ul>\n<p><strong style=\"font-size: 16px;\">Teknik Parametreler:<\/strong><\/p>\n<table width=\"704\">\n<tbody>\n<tr>\n<td width=\"138\">Lazer dalga boyu<\/td>\n<td width=\"118\">10,6 \u00b5m<\/td>\n<td width=\"203\">Grafik formatlar\u0131 i\u00e7in destek<\/td>\n<td width=\"245\">AI, DXF, BMP, JPGE, PLT vb.<\/td>\n<\/tr>\n<tr>\n<td>I\u015f\u0131k kalitesi<\/td>\n<td>\uff1c1.2\u33a1<\/td>\n<td>Gerilim<\/td>\n<td>AC220V\u00b110%<\/td>\n<\/tr>\n<tr>\n<td>Darbe frekans\u0131<\/td>\n<td>0 ~ 25KHz<\/td>\n<td>S\u0131kl\u0131k<\/td>\n<td>50 \/ 60Hz<\/td>\n<\/tr>\n<tr>\n<td>Lazer g\u00fcc\u00fc<\/td>\n<td>30W<\/td>\n<td>Boyutlar<\/td>\n<td>1120*820*1650<\/td>\n<\/tr>\n<tr>\n<td>So\u011futma yolu<\/td>\n<td>Hava so\u011futma<\/td>\n<td>A\u011f\u0131rl\u0131k<\/td>\n<td>258kg<\/td>\n<\/tr>\n<tr>\n<td>\u00c7izgi geni\u015fli\u011fi<\/td>\n<td>0.1 mm<\/td>\n<td>\u00c7evreyi kullanma<\/td>\n<td width=\"245\">s\u0131cakl\u0131k:10 ~ 35\u2103,nem:5 ~ 85% Yo\u011funla\u015fma yok, toz veya daha az toz yok<\/td>\n<\/tr>\n<tr>\n<td>Karakter<\/td>\n<td>1,5 mm<\/td>\n<td>Toplam g\u00fc\u00e7<\/td>\n<td>\uff1c1,75 Kw \/ \uff1c2,05 Kw<\/td>\n<\/tr>\n<tr>\n<td width=\"138\">LOGO h\u0131z\u0131n\u0131 i\u015faretleme<\/td>\n<td>0-10000 mm \/ sn<\/td>\n<td>Lazer g\u00fcvenlik derecesi<\/td>\n<td>\u2173<\/td>\n<\/tr>\n<\/tbody>\n<\/table>\n<p><strong>Uygulama\uff1a<\/strong><\/p>\n<p><img data-dominant-color=\"c9ab8e\" data-has-transparency=\"true\" style=\"--dominant-color: #c9ab8e;\" fetchpriority=\"high\" decoding=\"async\" class=\"has-transparency alignnone size-medium wp-image-2616\" src=\"https:\/\/ldswoodworkingmachine.com\/wp-content\/uploads\/2022\/05\/16521496471-300x262.png\" alt=\"\" width=\"300\" height=\"262\" srcset=\"https:\/\/ldswoodworkingmachine.com\/wp-content\/uploads\/2022\/05\/16521496471-300x262.png 300w, https:\/\/ldswoodworkingmachine.com\/wp-content\/uploads\/2022\/05\/16521496471-100x87.png 100w, https:\/\/ldswoodworkingmachine.com\/wp-content\/uploads\/2022\/05\/16521496471.png 322w\" sizes=\"(max-width: 300px) 100vw, 300px\" \/><\/p>\n<p><strong>Video Ba\u011flant\u0131s\u0131:<\/strong><\/p>\n<p><a href=\"https:\/\/www.youtube.com\/watch?v=pbhbT883BFQ\">https:\/\/www.youtube.com\/watch?v=pbhbT883BFQ<\/a><\/p>\n<p><!--more--><\/p>","protected":false},"excerpt":{"rendered":"<ul>\n<li>Gecikmeyi azaltmak i\u00e7in y\u00fcksek h\u0131zl\u0131 ayna tarama kafas\u0131 benimsenmi\u015ftir<\/li>\n<li>Almanya&#039;dan ithal ayna, k\u00fc\u00e7\u00fck boy<\/li>\n<li>Kay\u0131p k\u00fc\u00e7\u00fckt\u00fcr ve \u0131\u015f\u0131n da\u011f\u0131l\u0131m\u0131 daha homojendir<\/li>\n<\/ul>","protected":false},"featured_media":2643,"template":"","meta":{"om_disable_all_campaigns":false,"_monsterinsights_skip_tracking":false,"_monsterinsights_sitenote_active":false,"_monsterinsights_sitenote_note":"","_monsterinsights_sitenote_category":0,"site-sidebar-layout":"default","site-content-layout":"default","ast-site-content-layout":"","site-content-style":"default","site-sidebar-style":"default","ast-global-header-display":"","ast-banner-title-visibility":"","ast-main-header-display":"","ast-hfb-above-header-display":"","ast-hfb-below-header-display":"","ast-hfb-mobile-header-display":"","site-post-title":"","ast-breadcrumbs-content":"","ast-featured-img":"","footer-sml-layout":"","theme-transparent-header-meta":"default","adv-header-id-meta":"","stick-header-meta":"","header-above-stick-meta":"","header-main-stick-meta":"","header-below-stick-meta":"","astra-migrate-meta-layouts":"default","ast-page-background-enabled":"default","ast-page-background-meta":{"desktop":{"background-color":"","background-image":"","background-repeat":"repeat","background-position":"center center","background-size":"auto","background-attachment":"scroll","background-type":"","background-media":"","overlay-type":"","overlay-color":"","overlay-gradient":""},"tablet":{"background-color":"","background-image":"","background-repeat":"repeat","background-position":"center center","background-size":"auto","background-attachment":"scroll","background-type":"","background-media":"","overlay-type":"","overlay-color":"","overlay-gradient":""},"mobile":{"background-color":"","background-image":"","background-repeat":"repeat","background-position":"center center","background-size":"auto","background-attachment":"scroll","background-type":"","background-media":"","overlay-type":"","overlay-color":"","overlay-gradient":""}},"ast-content-background-meta":{"desktop":{"background-color":"var(--ast-global-color-5)","background-image":"","background-repeat":"repeat","background-position":"center center","background-size":"auto","background-attachment":"scroll","background-type":"","background-media":"","overlay-type":"","overlay-color":"","overlay-gradient":""},"tablet":{"background-color":"var(--ast-global-color-5)","background-image":"","background-repeat":"repeat","background-position":"center center","background-size":"auto","background-attachment":"scroll","background-type":"","background-media":"","overlay-type":"","overlay-color":"","overlay-gradient":""},"mobile":{"background-color":"var(--ast-global-color-5)","background-image":"","background-repeat":"repeat","background-position":"center center","background-size":"auto","background-attachment":"scroll","background-type":"","background-media":"","overlay-type":"","overlay-color":"","overlay-gradient":""}},"_joinchat":[]},"product_cat":[57],"product_tag":[],"class_list":{"0":"post-2614","1":"product","2":"type-product","3":"status-publish","4":"has-post-thumbnail","6":"product_cat-bamboo-toothbrush-making-machine","7":"desktop-align-center","8":"tablet-align-left","9":"mobile-align-left","11":"first","12":"instock","13":"shipping-taxable","14":"product-type-simple"},"yoast_head":"<!-- This site is optimized with the Yoast SEO Premium plugin v24.0 (Yoast SEO v24.1) - https:\/\/yoast.com\/wordpress\/plugins\/seo\/ -->\n<title>Auto CO2 Laser Logo Machine - LDSWOODWORKINGMACHINE<\/title>\n<meta name=\"robots\" content=\"index, follow, max-snippet:-1, max-image-preview:large, max-video-preview:-1\" \/>\n<link rel=\"canonical\" href=\"https:\/\/ldswoodworkingmachine.com\/tr\/urun\/auto-co2-laser-logo-machine\/\" \/>\n<meta property=\"og:locale\" content=\"tr_TR\" \/>\n<meta property=\"og:type\" content=\"article\" \/>\n<meta property=\"og:title\" content=\"Auto CO2 Laser Logo Machine\" \/>\n<meta property=\"og:description\" content=\"High speed mirror scanning head is adopted to reduce the delay improve making spped  Imported mirror from Germany,small size  The loss is small and the beam distribution is more uniform\" \/>\n<meta property=\"og:url\" content=\"https:\/\/ldswoodworkingmachine.com\/tr\/urun\/auto-co2-laser-logo-machine\/\" \/>\n<meta property=\"og:site_name\" content=\"LDSWOODWORKINGMACHINE\" \/>\n<meta property=\"article:publisher\" content=\"https:\/\/www.facebook.com\/profile.php?id=100076190379298\" \/>\n<meta property=\"article:modified_time\" content=\"2022-05-10T08:12:59+00:00\" \/>\n<meta property=\"og:image\" content=\"https:\/\/ldswoodworkingmachine.com\/wp-content\/uploads\/2022\/05\/LOGO\u673a.jpg\" \/>\n\t<meta property=\"og:image:width\" content=\"630\" \/>\n\t<meta property=\"og:image:height\" content=\"675\" \/>\n\t<meta property=\"og:image:type\" content=\"image\/jpeg\" \/>\n<meta name=\"twitter:card\" content=\"summary_large_image\" \/>\n<meta name=\"twitter:label1\" content=\"Tahmini okuma s\u00fcresi\" \/>\n\t<meta name=\"twitter:data1\" content=\"1 dakika\" \/>\n<script type=\"application\/ld+json\" class=\"yoast-schema-graph\">{\"@context\":\"https:\/\/schema.org\",\"@graph\":[{\"@type\":\"WebPage\",\"@id\":\"https:\/\/ldswoodworkingmachine.com\/product\/auto-co2-laser-logo-machine\",\"url\":\"https:\/\/ldswoodworkingmachine.com\/product\/auto-co2-laser-logo-machine\",\"name\":\"Auto CO2 Laser Logo Machine - LDSWOODWORKINGMACHINE\",\"isPartOf\":{\"@id\":\"https:\/\/ldswoodworkingmachine.com\/#website\"},\"primaryImageOfPage\":{\"@id\":\"https:\/\/ldswoodworkingmachine.com\/product\/auto-co2-laser-logo-machine#primaryimage\"},\"image\":{\"@id\":\"https:\/\/ldswoodworkingmachine.com\/product\/auto-co2-laser-logo-machine#primaryimage\"},\"thumbnailUrl\":\"https:\/\/ldswoodworkingmachine.com\/wp-content\/uploads\/2022\/05\/LOGO\u673a.webp\",\"datePublished\":\"2022-05-10T02:12:02+00:00\",\"dateModified\":\"2022-05-10T08:12:59+00:00\",\"breadcrumb\":{\"@id\":\"https:\/\/ldswoodworkingmachine.com\/product\/auto-co2-laser-logo-machine#breadcrumb\"},\"inLanguage\":\"tr\",\"potentialAction\":[{\"@type\":\"ReadAction\",\"target\":[\"https:\/\/ldswoodworkingmachine.com\/product\/auto-co2-laser-logo-machine\"]}]},{\"@type\":\"ImageObject\",\"inLanguage\":\"tr\",\"@id\":\"https:\/\/ldswoodworkingmachine.com\/product\/auto-co2-laser-logo-machine#primaryimage\",\"url\":\"https:\/\/ldswoodworkingmachine.com\/wp-content\/uploads\/2022\/05\/LOGO\u673a.webp\",\"contentUrl\":\"https:\/\/ldswoodworkingmachine.com\/wp-content\/uploads\/2022\/05\/LOGO\u673a.webp\",\"width\":630,\"height\":675,\"caption\":\"laser logo machine\"},{\"@type\":\"BreadcrumbList\",\"@id\":\"https:\/\/ldswoodworkingmachine.com\/product\/auto-co2-laser-logo-machine#breadcrumb\",\"itemListElement\":[{\"@type\":\"ListItem\",\"position\":1,\"name\":\"Home\",\"item\":\"https:\/\/ldswoodworkingmachine.com\/\"},{\"@type\":\"ListItem\",\"position\":2,\"name\":\"All Product\",\"item\":\"https:\/\/ldswoodworkingmachine.com\/shop\"},{\"@type\":\"ListItem\",\"position\":3,\"name\":\"Auto CO2 Laser Logo Machine\"}]},{\"@type\":\"WebSite\",\"@id\":\"https:\/\/ldswoodworkingmachine.com\/#website\",\"url\":\"https:\/\/ldswoodworkingmachine.com\/\",\"name\":\"LDSWOODWORKINGMACHINE\",\"description\":\"WOODWORKING MACHINE\",\"publisher\":{\"@id\":\"https:\/\/ldswoodworkingmachine.com\/#organization\"},\"potentialAction\":[{\"@type\":\"SearchAction\",\"target\":{\"@type\":\"EntryPoint\",\"urlTemplate\":\"https:\/\/ldswoodworkingmachine.com\/?s={search_term_string}\"},\"query-input\":{\"@type\":\"PropertyValueSpecification\",\"valueRequired\":true,\"valueName\":\"search_term_string\"}}],\"inLanguage\":\"tr\"},{\"@type\":\"Organization\",\"@id\":\"https:\/\/ldswoodworkingmachine.com\/#organization\",\"name\":\"LDSWOODWORKINGMACHINE\",\"url\":\"https:\/\/ldswoodworkingmachine.com\/\",\"logo\":{\"@type\":\"ImageObject\",\"inLanguage\":\"tr\",\"@id\":\"https:\/\/ldswoodworkingmachine.com\/#\/schema\/logo\/image\/\",\"url\":\"https:\/\/ldswoodworkingmachine.com\/wp-content\/uploads\/2022\/04\/cropped-12-1.png\",\"contentUrl\":\"https:\/\/ldswoodworkingmachine.com\/wp-content\/uploads\/2022\/04\/cropped-12-1.png\",\"width\":334,\"height\":80,\"caption\":\"LDSWOODWORKINGMACHINE\"},\"image\":{\"@id\":\"https:\/\/ldswoodworkingmachine.com\/#\/schema\/logo\/image\/\"},\"sameAs\":[\"https:\/\/www.facebook.com\/profile.php?id=100076190379298\",\"https:\/\/www.youtube.com\/channel\/UC_ZTI5V0mMTwFrQ29Jmb5Qw?view_as=subscriber\"]}]}<\/script>\n<!-- \/ Yoast SEO Premium plugin. -->","yoast_head_json":{"title":"Auto CO2 Laser Logo Machine - LDSWOODWORKINGMACHINE","robots":{"index":"index","follow":"follow","max-snippet":"max-snippet:-1","max-image-preview":"max-image-preview:large","max-video-preview":"max-video-preview:-1"},"canonical":"https:\/\/ldswoodworkingmachine.com\/tr\/urun\/auto-co2-laser-logo-machine\/","og_locale":"tr_TR","og_type":"article","og_title":"Auto CO2 Laser Logo Machine","og_description":"High speed mirror scanning head is adopted to reduce the delay improve making spped  Imported mirror from Germany,small size  The loss is small and the beam distribution is more uniform","og_url":"https:\/\/ldswoodworkingmachine.com\/tr\/urun\/auto-co2-laser-logo-machine\/","og_site_name":"LDSWOODWORKINGMACHINE","article_publisher":"https:\/\/www.facebook.com\/profile.php?id=100076190379298","article_modified_time":"2022-05-10T08:12:59+00:00","og_image":[{"width":630,"height":675,"url":"https:\/\/ldswoodworkingmachine.com\/wp-content\/uploads\/2022\/05\/LOGO\u673a.jpg","type":"image\/jpeg"}],"twitter_card":"summary_large_image","twitter_misc":{"Tahmini okuma s\u00fcresi":"1 dakika"},"schema":{"@context":"https:\/\/schema.org","@graph":[{"@type":"WebPage","@id":"https:\/\/ldswoodworkingmachine.com\/product\/auto-co2-laser-logo-machine","url":"https:\/\/ldswoodworkingmachine.com\/product\/auto-co2-laser-logo-machine","name":"Auto CO2 Laser Logo Machine - LDSWOODWORKINGMACHINE","isPartOf":{"@id":"https:\/\/ldswoodworkingmachine.com\/#website"},"primaryImageOfPage":{"@id":"https:\/\/ldswoodworkingmachine.com\/product\/auto-co2-laser-logo-machine#primaryimage"},"image":{"@id":"https:\/\/ldswoodworkingmachine.com\/product\/auto-co2-laser-logo-machine#primaryimage"},"thumbnailUrl":"https:\/\/ldswoodworkingmachine.com\/wp-content\/uploads\/2022\/05\/LOGO\u673a.webp","datePublished":"2022-05-10T02:12:02+00:00","dateModified":"2022-05-10T08:12:59+00:00","breadcrumb":{"@id":"https:\/\/ldswoodworkingmachine.com\/product\/auto-co2-laser-logo-machine#breadcrumb"},"inLanguage":"tr","potentialAction":[{"@type":"ReadAction","target":["https:\/\/ldswoodworkingmachine.com\/product\/auto-co2-laser-logo-machine"]}]},{"@type":"ImageObject","inLanguage":"tr","@id":"https:\/\/ldswoodworkingmachine.com\/product\/auto-co2-laser-logo-machine#primaryimage","url":"https:\/\/ldswoodworkingmachine.com\/wp-content\/uploads\/2022\/05\/LOGO\u673a.webp","contentUrl":"https:\/\/ldswoodworkingmachine.com\/wp-content\/uploads\/2022\/05\/LOGO\u673a.webp","width":630,"height":675,"caption":"laser logo machine"},{"@type":"BreadcrumbList","@id":"https:\/\/ldswoodworkingmachine.com\/product\/auto-co2-laser-logo-machine#breadcrumb","itemListElement":[{"@type":"ListItem","position":1,"name":"Home","item":"https:\/\/ldswoodworkingmachine.com\/"},{"@type":"ListItem","position":2,"name":"All Product","item":"https:\/\/ldswoodworkingmachine.com\/shop"},{"@type":"ListItem","position":3,"name":"Auto CO2 Laser Logo Machine"}]},{"@type":"WebSite","@id":"https:\/\/ldswoodworkingmachine.com\/#website","url":"https:\/\/ldswoodworkingmachine.com\/","name":"LDSWOODWORKINGMACHINE","description":"WOODWORKING MACHINE","publisher":{"@id":"https:\/\/ldswoodworkingmachine.com\/#organization"},"potentialAction":[{"@type":"SearchAction","target":{"@type":"EntryPoint","urlTemplate":"https:\/\/ldswoodworkingmachine.com\/?s={search_term_string}"},"query-input":{"@type":"PropertyValueSpecification","valueRequired":true,"valueName":"search_term_string"}}],"inLanguage":"tr"},{"@type":"Organization","@id":"https:\/\/ldswoodworkingmachine.com\/#organization","name":"LDSWOODWORKINGMACHINE","url":"https:\/\/ldswoodworkingmachine.com\/","logo":{"@type":"ImageObject","inLanguage":"tr","@id":"https:\/\/ldswoodworkingmachine.com\/#\/schema\/logo\/image\/","url":"https:\/\/ldswoodworkingmachine.com\/wp-content\/uploads\/2022\/04\/cropped-12-1.png","contentUrl":"https:\/\/ldswoodworkingmachine.com\/wp-content\/uploads\/2022\/04\/cropped-12-1.png","width":334,"height":80,"caption":"LDSWOODWORKINGMACHINE"},"image":{"@id":"https:\/\/ldswoodworkingmachine.com\/#\/schema\/logo\/image\/"},"sameAs":["https:\/\/www.facebook.com\/profile.php?id=100076190379298","https:\/\/www.youtube.com\/channel\/UC_ZTI5V0mMTwFrQ29Jmb5Qw?view_as=subscriber"]}]}},"_links":{"self":[{"href":"https:\/\/ldswoodworkingmachine.com\/tr\/wp-json\/wp\/v2\/product\/2614","targetHints":{"allow":["GET"]}}],"collection":[{"href":"https:\/\/ldswoodworkingmachine.com\/tr\/wp-json\/wp\/v2\/product"}],"about":[{"href":"https:\/\/ldswoodworkingmachine.com\/tr\/wp-json\/wp\/v2\/types\/product"}],"wp:featuredmedia":[{"embeddable":true,"href":"https:\/\/ldswoodworkingmachine.com\/tr\/wp-json\/wp\/v2\/media\/2643"}],"wp:attachment":[{"href":"https:\/\/ldswoodworkingmachine.com\/tr\/wp-json\/wp\/v2\/media?parent=2614"}],"wp:term":[{"taxonomy":"product_cat","embeddable":true,"href":"https:\/\/ldswoodworkingmachine.com\/tr\/wp-json\/wp\/v2\/product_cat?post=2614"},{"taxonomy":"product_tag","embeddable":true,"href":"https:\/\/ldswoodworkingmachine.com\/tr\/wp-json\/wp\/v2\/product_tag?post=2614"}],"curies":[{"name":"wp","href":"https:\/\/api.w.org\/{rel}","templated":true}]}}