{"id":2607,"date":"2022-05-10T02:08:53","date_gmt":"2022-05-10T02:08:53","guid":{"rendered":"https:\/\/ldswoodworkingmachine.com\/?post_type=product&#038;p=2607"},"modified":"2023-03-22T02:44:34","modified_gmt":"2023-03-22T02:44:34","slug":"bamboo-toothbrush-tuftingtrimming-machine","status":"publish","type":"product","link":"https:\/\/ldswoodworkingmachine.com\/tr\/urun\/bamboo-toothbrush-tuftingtrimming-machine","title":{"rendered":"Bambu Di\u015f F\u0131r\u00e7as\u0131 tafting ve K\u0131rpma Makinesi"},"content":{"rendered":"<p><strong>Bambu Di\u015f F\u0131r\u00e7as\u0131 tafting ve K\u0131rpma Makinesi \u00dcr\u00fcn detaylar\u0131:<\/strong><\/p>\n<p>Model Numaras\u0131: BHF-160T<\/p>\n<p>\u00dcr\u00fcn Ad\u0131:Bambu Di\u015f F\u0131r\u00e7as\u0131 tafting ve K\u0131rpma Makinesi<\/p>\n<p>Durum: Yeni<\/p>\n<p>Sat\u0131\u015f sonras\u0131 servis: \u00dccretsiz Yedek Par\u00e7a,M\u00fchendis mevcut servis makineleri oveaseas.<\/p>\n<p><strong>\u00d6DEME ve G\u00d6NDER\u0130M ko\u015fullar\u0131<\/strong><\/p>\n<p>Minimum Sipari\u015f Adedi: 1 Set<\/p>\n<p>Fiyat\u0131: $ 25000 - $35000<\/p>\n<p>Fiyat \u00d6\u011eES\u0130CIF, CNF, EXW, FOB<\/p>\n<p>Yetenek kayna\u011f\u0131: 10 Set per Month<\/p>\n<p>Paketleme Detaylar\u0131: Ah\u015fap Kutu<\/p>\n<p>Nakliye \u015eartlar\u0131: Deniz Yoluyla<\/p>\n<p>Liman: Guangzhou veya SHENZHEN \u00c7in<\/p>\n<p>Teslim S\u00fcresi: Yakla\u015f\u0131k 25 G\u00fcn<\/p>\n<p><strong>TEKN\u0130K VER\u0130LER<\/strong><\/p>\n<table class=\"table table-bordered\">\n<tbody>\n<tr class=\"firstRow\">\n<td valign=\"top\" width=\"320\">\u0130\u015flev<\/td>\n<td valign=\"top\" width=\"320\">DELME ve TAFT\u0130NG<\/td>\n<\/tr>\n<tr>\n<td colspan=\"1\" rowspan=\"1\" valign=\"top\" width=\"0\">Tafting Modu<\/td>\n<td colspan=\"1\" rowspan=\"1\" valign=\"top\" width=\"320\">Z\u0131mba Modu<\/td>\n<\/tr>\n<tr>\n<td valign=\"top\" width=\"320\">\u00c7al\u0131\u015fma Modu<\/td>\n<td valign=\"top\" width=\"320\">Yar\u0131 otomatik<\/td>\n<\/tr>\n<tr>\n<td colspan=\"1\" rowspan=\"1\" valign=\"top\" width=\"0\">F\u0131r\u00e7a Blo\u011fu Malzemesi<\/td>\n<td colspan=\"1\" rowspan=\"1\" valign=\"top\" width=\"320\">Bambu ve Ah\u015fap<\/td>\n<\/tr>\n<tr>\n<td colspan=\"1\" rowspan=\"1\" valign=\"top\" width=\"0\">Deliklerin \u00c7ap\u0131 (mm)<\/td>\n<td colspan=\"1\" rowspan=\"1\" valign=\"top\" width=\"320\">2-6<\/td>\n<\/tr>\n<tr>\n<td colspan=\"1\" rowspan=\"1\" valign=\"top\" width=\"0\">Maks. Filament(mm)<\/td>\n<td colspan=\"1\" rowspan=\"1\" valign=\"top\" width=\"320\">250<\/td>\n<\/tr>\n<tr>\n<td colspan=\"1\" rowspan=\"1\" valign=\"top\" width=\"0\">Filament Malzemesi<\/td>\n<td colspan=\"1\" rowspan=\"1\" valign=\"top\" width=\"320\">PP, PVC, PET, Naylon vb.<\/td>\n<\/tr>\n<tr>\n<td colspan=\"1\" rowspan=\"1\" valign=\"top\" width=\"0\">K\u0131l Kab\u0131<\/td>\n<td colspan=\"1\" rowspan=\"1\" valign=\"top\" width=\"320\">\u00c7ift Renk<\/td>\n<\/tr>\n<tr>\n<td valign=\"top\" width=\"320\">\u00dcretim H\u0131z\u0131<\/td>\n<td valign=\"top\" width=\"320\">540-600 Delik\/Dakika<\/td>\n<\/tr>\n<tr>\n<td valign=\"top\" width=\"320\">Motor<\/td>\n<td valign=\"top\" width=\"320\">Servo Motor<\/td>\n<\/tr>\n<tr>\n<td colspan=\"1\" rowspan=\"1\" valign=\"top\" width=\"326\">Makinenin Boyutlar\u0131 (u*g * y,mm)<\/td>\n<td colspan=\"1\" rowspan=\"1\" valign=\"top\" width=\"320\">1900*1250*1800<\/td>\n<\/tr>\n<tr>\n<td colspan=\"1\" rowspan=\"1\" valign=\"top\" width=\"0\">G\u00fc\u00e7 Kutusunun Boyutlar\u0131 (u*g * y,mm)<\/td>\n<td colspan=\"1\" rowspan=\"1\" valign=\"top\" width=\"320\">550*600*1300<\/td>\n<\/tr>\n<tr>\n<td colspan=\"1\" rowspan=\"1\" valign=\"top\" width=\"0\">A\u011f\u0131rl\u0131k (KG)<\/td>\n<td colspan=\"1\" rowspan=\"1\" valign=\"top\" width=\"320\">Yakla\u015f\u0131k 1000<\/td>\n<\/tr>\n<tr>\n<td colspan=\"1\" rowspan=\"1\" valign=\"top\" width=\"0\">Garanti (Y\u0131l)<\/td>\n<td colspan=\"1\" rowspan=\"1\" valign=\"top\" width=\"320\">3<\/td>\n<\/tr>\n<\/tbody>\n<\/table>\n<p><strong>vurgular<\/strong><\/p>\n<p>(1) Bu makine \u00e7ift renkli bambu \u00fcretmek i\u00e7in kullan\u0131l\u0131r toothbrush.It y\u00fcksek verimlilik,y\u00fcksek i\u015flev h\u0131z\u0131 ve kullan\u0131m\u0131 kolay \u00f6zelliklere sahiptir.<\/p>\n<p>(2) Yakla\u015f\u0131k 10 y\u0131ld\u0131r f\u0131r\u00e7a end\u00fcstrisinde faaliyet g\u00f6steriyoruz ve kapsaml\u0131 deneyime sahibiz.<\/p>\n<p>(3) Makinemiz d\u00fcnyada 28 \u00fclkeye ihra\u00e7 edilmi\u015ftir.<\/p>\n<p><strong>Detayl\u0131 G\u00d6R\u00dcNT\u00dcLER<\/strong><\/p>\n<p><img data-dominant-color=\"f7f2ec\" data-has-transparency=\"false\" style=\"--dominant-color: #f7f2ec;\" fetchpriority=\"high\" decoding=\"async\" class=\"not-transparent alignnone wp-image-2608 size-medium\" src=\"https:\/\/ldswoodworkingmachine.com\/wp-content\/uploads\/2022\/05\/20200111758144-300x300.jpg\" alt=\"Bamboo Toothbrush tufting&amp;Trimming Machine\" width=\"300\" height=\"300\" srcset=\"https:\/\/ldswoodworkingmachine.com\/wp-content\/uploads\/2022\/05\/20200111758144-300x300.jpg 300w, https:\/\/ldswoodworkingmachine.com\/wp-content\/uploads\/2022\/05\/20200111758144-100x100.jpg 100w, https:\/\/ldswoodworkingmachine.com\/wp-content\/uploads\/2022\/05\/20200111758144-150x150.jpg 150w, https:\/\/ldswoodworkingmachine.com\/wp-content\/uploads\/2022\/05\/20200111758144.webp 600w\" sizes=\"(max-width: 300px) 100vw, 300px\" \/> <img data-dominant-color=\"f5f2ef\" data-has-transparency=\"false\" style=\"--dominant-color: #f5f2ef;\" decoding=\"async\" class=\"not-transparent alignnone wp-image-2609 size-medium\" src=\"https:\/\/ldswoodworkingmachine.com\/wp-content\/uploads\/2022\/05\/20200111949698-300x300.jpg\" alt=\"bamboo toothbrush making machine china\" width=\"300\" height=\"300\" srcset=\"https:\/\/ldswoodworkingmachine.com\/wp-content\/uploads\/2022\/05\/20200111949698-300x300.jpg 300w, https:\/\/ldswoodworkingmachine.com\/wp-content\/uploads\/2022\/05\/20200111949698-100x100.jpg 100w, https:\/\/ldswoodworkingmachine.com\/wp-content\/uploads\/2022\/05\/20200111949698-150x150.jpg 150w, https:\/\/ldswoodworkingmachine.com\/wp-content\/uploads\/2022\/05\/20200111949698.webp 600w\" sizes=\"(max-width: 300px) 100vw, 300px\" \/><\/p>\n<p><!--more--><\/p>","protected":false},"excerpt":{"rendered":"<p>Minimum Sipari\u015f Adedi: 1 Set<\/p>\n<p>Fiyat\u0131: $ 25000 - $35000<\/p>\n<p>Fiyat \u00d6\u011eES\u0130CIF, CNF, EXW, FOB<\/p>\n<p>Yetenek kayna\u011f\u0131: 10 Set per Month<\/p>\n<p>Paketleme Detaylar\u0131: Ah\u015fap Kutu<\/p>\n<p>Nakliye \u015eartlar\u0131: Deniz Yoluyla<\/p>\n<p>Liman: Guangzhou veya SHENZHEN \u00c7in<\/p>\n<p>Teslim S\u00fcresi: Yakla\u015f\u0131k 25 G\u00fcn<\/p>","protected":false},"featured_media":2602,"template":"","meta":{"om_disable_all_campaigns":false,"_monsterinsights_skip_tracking":false,"_monsterinsights_sitenote_active":false,"_monsterinsights_sitenote_note":"","_monsterinsights_sitenote_category":0,"site-sidebar-layout":"default","site-content-layout":"default","ast-site-content-layout":"","site-content-style":"default","site-sidebar-style":"default","ast-global-header-display":"","ast-banner-title-visibility":"","ast-main-header-display":"","ast-hfb-above-header-display":"","ast-hfb-below-header-display":"","ast-hfb-mobile-header-display":"","site-post-title":"","ast-breadcrumbs-content":"","ast-featured-img":"","footer-sml-layout":"","theme-transparent-header-meta":"default","adv-header-id-meta":"","stick-header-meta":"","header-above-stick-meta":"","header-main-stick-meta":"","header-below-stick-meta":"","astra-migrate-meta-layouts":"default","ast-page-background-enabled":"default","ast-page-background-meta":{"desktop":{"background-color":"","background-image":"","background-repeat":"repeat","background-position":"center center","background-size":"auto","background-attachment":"scroll","background-type":"","background-media":"","overlay-type":"","overlay-color":"","overlay-gradient":""},"tablet":{"background-color":"","background-image":"","background-repeat":"repeat","background-position":"center center","background-size":"auto","background-attachment":"scroll","background-type":"","background-media":"","overlay-type":"","overlay-color":"","overlay-gradient":""},"mobile":{"background-color":"","background-image":"","background-repeat":"repeat","background-position":"center center","background-size":"auto","background-attachment":"scroll","background-type":"","background-media":"","overlay-type":"","overlay-color":"","overlay-gradient":""}},"ast-content-background-meta":{"desktop":{"background-color":"var(--ast-global-color-5)","background-image":"","background-repeat":"repeat","background-position":"center center","background-size":"auto","background-attachment":"scroll","background-type":"","background-media":"","overlay-type":"","overlay-color":"","overlay-gradient":""},"tablet":{"background-color":"var(--ast-global-color-5)","background-image":"","background-repeat":"repeat","background-position":"center center","background-size":"auto","background-attachment":"scroll","background-type":"","background-media":"","overlay-type":"","overlay-color":"","overlay-gradient":""},"mobile":{"background-color":"var(--ast-global-color-5)","background-image":"","background-repeat":"repeat","background-position":"center center","background-size":"auto","background-attachment":"scroll","background-type":"","background-media":"","overlay-type":"","overlay-color":"","overlay-gradient":""}},"_joinchat":[]},"product_cat":[57],"product_tag":[],"class_list":{"0":"post-2607","1":"product","2":"type-product","3":"status-publish","4":"has-post-thumbnail","6":"product_cat-bamboo-toothbrush-making-machine","7":"desktop-align-center","8":"tablet-align-left","9":"mobile-align-left","11":"first","12":"instock","13":"shipping-taxable","14":"product-type-simple"},"yoast_head":"<!-- This site is optimized with the Yoast SEO Premium plugin v24.0 (Yoast SEO v24.1) - https:\/\/yoast.com\/wordpress\/plugins\/seo\/ -->\n<title>Bamboo Toothbrush tufting&amp;Trimming Machine Manufacturer | LDS<\/title>\n<meta name=\"description\" content=\"Bamboo Toothbrush tufting&amp;Trimming Machine is used to manufacture double-color bamboo toothbrush.Machine has been exported to 28 countries in the world.\" \/>\n<meta name=\"robots\" content=\"index, follow, max-snippet:-1, max-image-preview:large, max-video-preview:-1\" \/>\n<link rel=\"canonical\" href=\"https:\/\/ldswoodworkingmachine.com\/tr\/urun\/bamboo-toothbrush-tuftingtrimming-machine\/\" \/>\n<meta property=\"og:locale\" content=\"tr_TR\" \/>\n<meta property=\"og:type\" content=\"article\" \/>\n<meta property=\"og:title\" content=\"Bamboo Toothbrush tufting&amp;Trimming Machine\" \/>\n<meta property=\"og:description\" content=\"Bamboo Toothbrush tufting&amp;Trimming Machine is used to manufacture double-color bamboo toothbrush.Machine has been exported to 28 countries in the world.\" \/>\n<meta property=\"og:url\" content=\"https:\/\/ldswoodworkingmachine.com\/tr\/urun\/bamboo-toothbrush-tuftingtrimming-machine\/\" \/>\n<meta property=\"og:site_name\" content=\"LDSWOODWORKINGMACHINE\" \/>\n<meta property=\"article:publisher\" content=\"https:\/\/www.facebook.com\/profile.php?id=100076190379298\" \/>\n<meta property=\"article:modified_time\" content=\"2023-03-22T02:44:34+00:00\" \/>\n<meta property=\"og:image\" content=\"https:\/\/ldswoodworkingmachine.com\/wp-content\/uploads\/2022\/05\/\u56fe\u72471-1.png\" \/>\n\t<meta property=\"og:image:width\" content=\"783\" \/>\n\t<meta property=\"og:image:height\" content=\"521\" \/>\n\t<meta property=\"og:image:type\" content=\"image\/png\" \/>\n<meta name=\"twitter:card\" content=\"summary_large_image\" \/>\n<meta name=\"twitter:label1\" content=\"Tahmini okuma s\u00fcresi\" \/>\n\t<meta name=\"twitter:data1\" content=\"2 dakika\" \/>\n<script type=\"application\/ld+json\" class=\"yoast-schema-graph\">{\"@context\":\"https:\/\/schema.org\",\"@graph\":[{\"@type\":\"WebPage\",\"@id\":\"https:\/\/ldswoodworkingmachine.com\/product\/bamboo-toothbrush-tuftingtrimming-machine\",\"url\":\"https:\/\/ldswoodworkingmachine.com\/product\/bamboo-toothbrush-tuftingtrimming-machine\",\"name\":\"Bamboo Toothbrush tufting&Trimming Machine Manufacturer | LDS\",\"isPartOf\":{\"@id\":\"https:\/\/ldswoodworkingmachine.com\/#website\"},\"primaryImageOfPage\":{\"@id\":\"https:\/\/ldswoodworkingmachine.com\/product\/bamboo-toothbrush-tuftingtrimming-machine#primaryimage\"},\"image\":{\"@id\":\"https:\/\/ldswoodworkingmachine.com\/product\/bamboo-toothbrush-tuftingtrimming-machine#primaryimage\"},\"thumbnailUrl\":\"https:\/\/ldswoodworkingmachine.com\/wp-content\/uploads\/2022\/05\/\u56fe\u72471-1.png\",\"datePublished\":\"2022-05-10T02:08:53+00:00\",\"dateModified\":\"2023-03-22T02:44:34+00:00\",\"description\":\"Bamboo Toothbrush tufting&Trimming Machine is used to manufacture double-color bamboo toothbrush.Machine has been exported to 28 countries in the world.\",\"breadcrumb\":{\"@id\":\"https:\/\/ldswoodworkingmachine.com\/product\/bamboo-toothbrush-tuftingtrimming-machine#breadcrumb\"},\"inLanguage\":\"tr\",\"potentialAction\":[{\"@type\":\"ReadAction\",\"target\":[\"https:\/\/ldswoodworkingmachine.com\/product\/bamboo-toothbrush-tuftingtrimming-machine\"]}]},{\"@type\":\"ImageObject\",\"inLanguage\":\"tr\",\"@id\":\"https:\/\/ldswoodworkingmachine.com\/product\/bamboo-toothbrush-tuftingtrimming-machine#primaryimage\",\"url\":\"https:\/\/ldswoodworkingmachine.com\/wp-content\/uploads\/2022\/05\/\u56fe\u72471-1.png\",\"contentUrl\":\"https:\/\/ldswoodworkingmachine.com\/wp-content\/uploads\/2022\/05\/\u56fe\u72471-1.png\",\"width\":783,\"height\":521,\"caption\":\"Bamboo Toothbrush tufting&Trimming macchine Machine\"},{\"@type\":\"BreadcrumbList\",\"@id\":\"https:\/\/ldswoodworkingmachine.com\/product\/bamboo-toothbrush-tuftingtrimming-machine#breadcrumb\",\"itemListElement\":[{\"@type\":\"ListItem\",\"position\":1,\"name\":\"Home\",\"item\":\"https:\/\/ldswoodworkingmachine.com\/\"},{\"@type\":\"ListItem\",\"position\":2,\"name\":\"All Product\",\"item\":\"https:\/\/ldswoodworkingmachine.com\/shop\"},{\"@type\":\"ListItem\",\"position\":3,\"name\":\"Bamboo Toothbrush tufting&#038;Trimming Machine\"}]},{\"@type\":\"WebSite\",\"@id\":\"https:\/\/ldswoodworkingmachine.com\/#website\",\"url\":\"https:\/\/ldswoodworkingmachine.com\/\",\"name\":\"LDSWOODWORKINGMACHINE\",\"description\":\"WOODWORKING MACHINE\",\"publisher\":{\"@id\":\"https:\/\/ldswoodworkingmachine.com\/#organization\"},\"potentialAction\":[{\"@type\":\"SearchAction\",\"target\":{\"@type\":\"EntryPoint\",\"urlTemplate\":\"https:\/\/ldswoodworkingmachine.com\/?s={search_term_string}\"},\"query-input\":{\"@type\":\"PropertyValueSpecification\",\"valueRequired\":true,\"valueName\":\"search_term_string\"}}],\"inLanguage\":\"tr\"},{\"@type\":\"Organization\",\"@id\":\"https:\/\/ldswoodworkingmachine.com\/#organization\",\"name\":\"LDSWOODWORKINGMACHINE\",\"url\":\"https:\/\/ldswoodworkingmachine.com\/\",\"logo\":{\"@type\":\"ImageObject\",\"inLanguage\":\"tr\",\"@id\":\"https:\/\/ldswoodworkingmachine.com\/#\/schema\/logo\/image\/\",\"url\":\"https:\/\/ldswoodworkingmachine.com\/wp-content\/uploads\/2022\/04\/cropped-12-1.png\",\"contentUrl\":\"https:\/\/ldswoodworkingmachine.com\/wp-content\/uploads\/2022\/04\/cropped-12-1.png\",\"width\":334,\"height\":80,\"caption\":\"LDSWOODWORKINGMACHINE\"},\"image\":{\"@id\":\"https:\/\/ldswoodworkingmachine.com\/#\/schema\/logo\/image\/\"},\"sameAs\":[\"https:\/\/www.facebook.com\/profile.php?id=100076190379298\",\"https:\/\/www.youtube.com\/channel\/UC_ZTI5V0mMTwFrQ29Jmb5Qw?view_as=subscriber\"]}]}<\/script>\n<!-- \/ Yoast SEO Premium plugin. -->","yoast_head_json":{"title":"Bamboo Toothbrush tufting&Trimming Machine Manufacturer | LDS","description":"Bamboo Toothbrush tufting&Trimming Machine is used to manufacture double-color bamboo toothbrush.Machine has been exported to 28 countries in the world.","robots":{"index":"index","follow":"follow","max-snippet":"max-snippet:-1","max-image-preview":"max-image-preview:large","max-video-preview":"max-video-preview:-1"},"canonical":"https:\/\/ldswoodworkingmachine.com\/tr\/urun\/bamboo-toothbrush-tuftingtrimming-machine\/","og_locale":"tr_TR","og_type":"article","og_title":"Bamboo Toothbrush tufting&Trimming Machine","og_description":"Bamboo Toothbrush tufting&Trimming Machine is used to manufacture double-color bamboo toothbrush.Machine has been exported to 28 countries in the world.","og_url":"https:\/\/ldswoodworkingmachine.com\/tr\/urun\/bamboo-toothbrush-tuftingtrimming-machine\/","og_site_name":"LDSWOODWORKINGMACHINE","article_publisher":"https:\/\/www.facebook.com\/profile.php?id=100076190379298","article_modified_time":"2023-03-22T02:44:34+00:00","og_image":[{"width":783,"height":521,"url":"https:\/\/ldswoodworkingmachine.com\/wp-content\/uploads\/2022\/05\/\u56fe\u72471-1.png","type":"image\/png"}],"twitter_card":"summary_large_image","twitter_misc":{"Tahmini okuma s\u00fcresi":"2 dakika"},"schema":{"@context":"https:\/\/schema.org","@graph":[{"@type":"WebPage","@id":"https:\/\/ldswoodworkingmachine.com\/product\/bamboo-toothbrush-tuftingtrimming-machine","url":"https:\/\/ldswoodworkingmachine.com\/product\/bamboo-toothbrush-tuftingtrimming-machine","name":"Bamboo Toothbrush tufting&Trimming Machine Manufacturer | LDS","isPartOf":{"@id":"https:\/\/ldswoodworkingmachine.com\/#website"},"primaryImageOfPage":{"@id":"https:\/\/ldswoodworkingmachine.com\/product\/bamboo-toothbrush-tuftingtrimming-machine#primaryimage"},"image":{"@id":"https:\/\/ldswoodworkingmachine.com\/product\/bamboo-toothbrush-tuftingtrimming-machine#primaryimage"},"thumbnailUrl":"https:\/\/ldswoodworkingmachine.com\/wp-content\/uploads\/2022\/05\/\u56fe\u72471-1.png","datePublished":"2022-05-10T02:08:53+00:00","dateModified":"2023-03-22T02:44:34+00:00","description":"Bamboo Toothbrush tufting&Trimming Machine is used to manufacture double-color bamboo toothbrush.Machine has been exported to 28 countries in the world.","breadcrumb":{"@id":"https:\/\/ldswoodworkingmachine.com\/product\/bamboo-toothbrush-tuftingtrimming-machine#breadcrumb"},"inLanguage":"tr","potentialAction":[{"@type":"ReadAction","target":["https:\/\/ldswoodworkingmachine.com\/product\/bamboo-toothbrush-tuftingtrimming-machine"]}]},{"@type":"ImageObject","inLanguage":"tr","@id":"https:\/\/ldswoodworkingmachine.com\/product\/bamboo-toothbrush-tuftingtrimming-machine#primaryimage","url":"https:\/\/ldswoodworkingmachine.com\/wp-content\/uploads\/2022\/05\/\u56fe\u72471-1.png","contentUrl":"https:\/\/ldswoodworkingmachine.com\/wp-content\/uploads\/2022\/05\/\u56fe\u72471-1.png","width":783,"height":521,"caption":"Bamboo Toothbrush tufting&Trimming macchine Machine"},{"@type":"BreadcrumbList","@id":"https:\/\/ldswoodworkingmachine.com\/product\/bamboo-toothbrush-tuftingtrimming-machine#breadcrumb","itemListElement":[{"@type":"ListItem","position":1,"name":"Home","item":"https:\/\/ldswoodworkingmachine.com\/"},{"@type":"ListItem","position":2,"name":"All Product","item":"https:\/\/ldswoodworkingmachine.com\/shop"},{"@type":"ListItem","position":3,"name":"Bamboo Toothbrush tufting&#038;Trimming Machine"}]},{"@type":"WebSite","@id":"https:\/\/ldswoodworkingmachine.com\/#website","url":"https:\/\/ldswoodworkingmachine.com\/","name":"LDSWOODWORKINGMACHINE","description":"WOODWORKING MACHINE","publisher":{"@id":"https:\/\/ldswoodworkingmachine.com\/#organization"},"potentialAction":[{"@type":"SearchAction","target":{"@type":"EntryPoint","urlTemplate":"https:\/\/ldswoodworkingmachine.com\/?s={search_term_string}"},"query-input":{"@type":"PropertyValueSpecification","valueRequired":true,"valueName":"search_term_string"}}],"inLanguage":"tr"},{"@type":"Organization","@id":"https:\/\/ldswoodworkingmachine.com\/#organization","name":"LDSWOODWORKINGMACHINE","url":"https:\/\/ldswoodworkingmachine.com\/","logo":{"@type":"ImageObject","inLanguage":"tr","@id":"https:\/\/ldswoodworkingmachine.com\/#\/schema\/logo\/image\/","url":"https:\/\/ldswoodworkingmachine.com\/wp-content\/uploads\/2022\/04\/cropped-12-1.png","contentUrl":"https:\/\/ldswoodworkingmachine.com\/wp-content\/uploads\/2022\/04\/cropped-12-1.png","width":334,"height":80,"caption":"LDSWOODWORKINGMACHINE"},"image":{"@id":"https:\/\/ldswoodworkingmachine.com\/#\/schema\/logo\/image\/"},"sameAs":["https:\/\/www.facebook.com\/profile.php?id=100076190379298","https:\/\/www.youtube.com\/channel\/UC_ZTI5V0mMTwFrQ29Jmb5Qw?view_as=subscriber"]}]}},"_links":{"self":[{"href":"https:\/\/ldswoodworkingmachine.com\/tr\/wp-json\/wp\/v2\/product\/2607","targetHints":{"allow":["GET"]}}],"collection":[{"href":"https:\/\/ldswoodworkingmachine.com\/tr\/wp-json\/wp\/v2\/product"}],"about":[{"href":"https:\/\/ldswoodworkingmachine.com\/tr\/wp-json\/wp\/v2\/types\/product"}],"wp:featuredmedia":[{"embeddable":true,"href":"https:\/\/ldswoodworkingmachine.com\/tr\/wp-json\/wp\/v2\/media\/2602"}],"wp:attachment":[{"href":"https:\/\/ldswoodworkingmachine.com\/tr\/wp-json\/wp\/v2\/media?parent=2607"}],"wp:term":[{"taxonomy":"product_cat","embeddable":true,"href":"https:\/\/ldswoodworkingmachine.com\/tr\/wp-json\/wp\/v2\/product_cat?post=2607"},{"taxonomy":"product_tag","embeddable":true,"href":"https:\/\/ldswoodworkingmachine.com\/tr\/wp-json\/wp\/v2\/product_tag?post=2607"}],"curies":[{"name":"wp","href":"https:\/\/api.w.org\/{rel}","templated":true}]}}