{"id":2580,"date":"2022-05-09T07:11:27","date_gmt":"2022-05-09T07:11:27","guid":{"rendered":"https:\/\/ldswoodworkingmachine.com\/?post_type=product&#038;p=2580"},"modified":"2023-03-15T03:13:04","modified_gmt":"2023-03-15T03:13:04","slug":"cnc-cup-lid-drilling-machine","status":"publish","type":"product","link":"https:\/\/ldswoodworkingmachine.com\/tr\/urun\/cnc-cup-lid-drilling-machine","title":{"rendered":"CNC Bardak Kapa\u011f\u0131 Delme Makinesi"},"content":{"rendered":"<p><strong>CNC Delme Makinesi ana \u00f6zellikleri:<\/strong><\/p>\n<ul>\n<li>Bambu kavanoz kapaklar\u0131, kahve fincan\u0131 kapa\u011f\u0131 veya di\u011fer ah\u015fap el sanatlar\u0131 gibi bambu ve ah\u015fap el sanatlar\u0131nda b\u00fcy\u00fck veya k\u00fc\u00e7\u00fck delikler a\u00e7mak i\u00e7in uygundur.<\/li>\n<li>Tam otomatik \u00e7al\u0131\u015fma, g\u00fc\u00e7l\u00fc stabilite, h\u0131zl\u0131 i\u015flem h\u0131z\u0131, y\u00fcksek do\u011fruluk, \u00fcretim yo\u011funlu\u011funu iyile\u015ftirir, \u00fcretim personelini azalt\u0131r ve i\u015f\u00e7ilerin end\u00fcstriyel kazalar\u0131n\u0131 b\u00fcy\u00fck \u00f6l\u00e7\u00fcde azalt\u0131r.<\/li>\n<li>Bu makine, ah\u015fap e\u015fya end\u00fcstrisindeki zanaat \u00fcreticileri taraf\u0131ndan tan\u0131nm\u0131\u015ft\u0131r ve zanaat fabrikalar\u0131 i\u00e7in vazge\u00e7ilmez bir mekanik ekipmand\u0131r.<\/li>\n<\/ul>\n<p><strong style=\"font-size: 16px;\">Teknik Parametreler:<\/strong><\/p>\n<ul>\n<li>\u0130\u015fleme uzunlu\u011fu: 20-100mm<\/li>\n<li>\u0130\u015fleme Kal\u0131nl\u0131\u011f\u0131: 5-50mm<\/li>\n<li>\u00c7al\u0131\u015fma hava bas\u0131nc\u0131: 0.6-0.8 Mpa<\/li>\n<li>Vakum ba\u011flant\u0131 noktas\u0131: 100mm<\/li>\n<li>Voltaj: \u00f6zelle\u015ftirilebilir<\/li>\n<\/ul>\n<p><strong>Uygulama\uff1a<\/strong><\/p>\n<p><img data-dominant-color=\"b8ab9d\" data-has-transparency=\"true\" style=\"--dominant-color: #b8ab9d;\" decoding=\"async\" class=\"has-transparency alignnone wp-image-2582 size-medium\" src=\"https:\/\/ldswoodworkingmachine.com\/wp-content\/uploads\/2022\/05\/1-300x101.png\" alt=\"Bamboo jar lid\" width=\"300\" height=\"101\" srcset=\"https:\/\/ldswoodworkingmachine.com\/wp-content\/uploads\/2022\/05\/1-300x101.png 300w, https:\/\/ldswoodworkingmachine.com\/wp-content\/uploads\/2022\/05\/1-600x203.png 600w, https:\/\/ldswoodworkingmachine.com\/wp-content\/uploads\/2022\/05\/1.png 748w\" sizes=\"(max-width: 300px) 100vw, 300px\" \/> \u00a0<img data-dominant-color=\"baaa9b\" data-has-transparency=\"true\" style=\"--dominant-color: #baaa9b;\" decoding=\"async\" class=\"has-transparency alignnone wp-image-2584 size-medium\" src=\"https:\/\/ldswoodworkingmachine.com\/wp-content\/uploads\/2022\/05\/3-300x112.png\" alt=\"coffee cup lid\" width=\"300\" height=\"112\" srcset=\"https:\/\/ldswoodworkingmachine.com\/wp-content\/uploads\/2022\/05\/3-300x112.png 300w, https:\/\/ldswoodworkingmachine.com\/wp-content\/uploads\/2022\/05\/3-600x223.png 600w, https:\/\/ldswoodworkingmachine.com\/wp-content\/uploads\/2022\/05\/3.png 747w\" sizes=\"(max-width: 300px) 100vw, 300px\" \/><\/p>\n<p><strong>Makine Detay\u0131<\/strong><\/p>\n<p><img data-dominant-color=\"565856\" data-has-transparency=\"false\" style=\"--dominant-color: #565856;\" fetchpriority=\"high\" decoding=\"async\" class=\"not-transparent alignnone wp-image-2587 size-medium\" src=\"https:\/\/ldswoodworkingmachine.com\/wp-content\/uploads\/2022\/05\/\u5fae\u4fe1\u56fe\u7247_20220509153026-225x300.jpg\" alt=\"CNC DRILLING MACHINE\" width=\"225\" height=\"300\" srcset=\"https:\/\/ldswoodworkingmachine.com\/wp-content\/uploads\/2022\/05\/\u5fae\u4fe1\u56fe\u7247_20220509153026-225x300.jpg 225w, https:\/\/ldswoodworkingmachine.com\/wp-content\/uploads\/2022\/05\/\u5fae\u4fe1\u56fe\u7247_20220509153026-800x1066.webp 800w, https:\/\/ldswoodworkingmachine.com\/wp-content\/uploads\/2022\/05\/\u5fae\u4fe1\u56fe\u7247_20220509153026-768x1024.jpg 768w, https:\/\/ldswoodworkingmachine.com\/wp-content\/uploads\/2022\/05\/\u5fae\u4fe1\u56fe\u7247_20220509153026-1152x1536.jpg 1152w, https:\/\/ldswoodworkingmachine.com\/wp-content\/uploads\/2022\/05\/\u5fae\u4fe1\u56fe\u7247_20220509153026-600x800.jpg 600w, https:\/\/ldswoodworkingmachine.com\/wp-content\/uploads\/2022\/05\/\u5fae\u4fe1\u56fe\u7247_20220509153026.webp 1280w\" sizes=\"(max-width: 225px) 100vw, 225px\" \/>\u00a0 \u00a0\u00a0 <img data-dominant-color=\"555550\" data-has-transparency=\"false\" style=\"--dominant-color: #555550;\" loading=\"lazy\" decoding=\"async\" class=\"not-transparent alignnone wp-image-2588 size-medium\" src=\"https:\/\/ldswoodworkingmachine.com\/wp-content\/uploads\/2022\/05\/\u5fae\u4fe1\u56fe\u7247_20220509153030-225x300.jpg\" alt=\"CUP LID MAKING MACHINE\" width=\"225\" height=\"300\" srcset=\"https:\/\/ldswoodworkingmachine.com\/wp-content\/uploads\/2022\/05\/\u5fae\u4fe1\u56fe\u7247_20220509153030-225x300.jpg 225w, https:\/\/ldswoodworkingmachine.com\/wp-content\/uploads\/2022\/05\/\u5fae\u4fe1\u56fe\u7247_20220509153030-800x1066.webp 800w, https:\/\/ldswoodworkingmachine.com\/wp-content\/uploads\/2022\/05\/\u5fae\u4fe1\u56fe\u7247_20220509153030-768x1024.jpg 768w, https:\/\/ldswoodworkingmachine.com\/wp-content\/uploads\/2022\/05\/\u5fae\u4fe1\u56fe\u7247_20220509153030-1152x1536.jpg 1152w, https:\/\/ldswoodworkingmachine.com\/wp-content\/uploads\/2022\/05\/\u5fae\u4fe1\u56fe\u7247_20220509153030-600x800.jpg 600w, https:\/\/ldswoodworkingmachine.com\/wp-content\/uploads\/2022\/05\/\u5fae\u4fe1\u56fe\u7247_20220509153030.webp 1280w\" sizes=\"(max-width: 225px) 100vw, 225px\" \/> <img data-dominant-color=\"676967\" data-has-transparency=\"false\" style=\"--dominant-color: #676967;\" loading=\"lazy\" decoding=\"async\" class=\"not-transparent alignnone wp-image-2586 size-medium\" src=\"https:\/\/ldswoodworkingmachine.com\/wp-content\/uploads\/2022\/05\/\u5fae\u4fe1\u56fe\u7247_20220509153023-225x300.jpg\" alt=\"WOOD DRILLING MACHINE\" width=\"225\" height=\"300\" srcset=\"https:\/\/ldswoodworkingmachine.com\/wp-content\/uploads\/2022\/05\/\u5fae\u4fe1\u56fe\u7247_20220509153023-225x300.jpg 225w, https:\/\/ldswoodworkingmachine.com\/wp-content\/uploads\/2022\/05\/\u5fae\u4fe1\u56fe\u7247_20220509153023-800x1066.webp 800w, https:\/\/ldswoodworkingmachine.com\/wp-content\/uploads\/2022\/05\/\u5fae\u4fe1\u56fe\u7247_20220509153023-768x1024.jpg 768w, https:\/\/ldswoodworkingmachine.com\/wp-content\/uploads\/2022\/05\/\u5fae\u4fe1\u56fe\u7247_20220509153023-1152x1536.jpg 1152w, https:\/\/ldswoodworkingmachine.com\/wp-content\/uploads\/2022\/05\/\u5fae\u4fe1\u56fe\u7247_20220509153023-600x800.jpg 600w, https:\/\/ldswoodworkingmachine.com\/wp-content\/uploads\/2022\/05\/\u5fae\u4fe1\u56fe\u7247_20220509153023.webp 1280w\" sizes=\"(max-width: 225px) 100vw, 225px\" \/><\/p>\n<div dir=\"auto\">Plastik kapaklar g\u00fcnl\u00fck hayat\u0131m\u0131zda, \u00f6zellikle yiyecek ve i\u00e7ecek ambalajlar\u0131nda her yerde bulunan bir \u00fcr\u00fcnd\u00fcr. Ancak plastik kapaklar\u0131n \u00e7evre \u00fczerindeki olumsuz etkisi g\u00f6z ard\u0131 edilemez. Bununla m\u00fccadele etmek i\u00e7in bambu kapaklar gibi alternatif se\u00e7enekler daha s\u00fcrd\u00fcr\u00fclebilir bir s\u00fcrd\u00fcr\u00fclebilir olarak ortaya \u00e7\u0131km\u0131\u015ft\u0131r .<\/div>\n<div dir=\"auto\">Bambu kapak nas\u0131l yap\u0131l\u0131r? CNC delme makinesine sahip olmak daha kolay ve daha verimli olacakt\u0131r.<\/div>\n<div dir=\"auto\"><\/div>\n<p><strong>Video Ba\u011flant\u0131s\u0131:<\/strong><\/p>\n<p><a href=\"https:\/\/www.youtube.com\/shorts\/DnGLSnqxSE8\">https:\/\/www.youtube.com\/shorts\/DnGLSnqxSE8<\/a><\/p>\n<p>LDS a\u011fa\u00e7 i\u015fleme makinesi bambu ve ah\u015fap kapak makineleri \u00fcretiminde uzmanla\u015fm\u0131\u015f, kullanaca\u011f\u0131z <a href=\"https:\/\/ldswoodworkingmachine.com\/tr\/urun\/mxz-7203l-wood-copy-shaper-machine\/\">Ah\u015fap Kopya \u015eekillendirme Makinesi<\/a>, Ah\u015fap Delme Makinesi, Ah\u015fap Freze Makinesi. Hangi makineyle ilgileniyorsun ? L\u00fctfen bize soru\u015fturma g\u00f6nderin, te\u015fekk\u00fcr ederim!<\/p>\n<p><!--more--><\/p>","protected":false},"excerpt":{"rendered":"<ul>\n<li>Bardak kapaklar\u0131, parf\u00fcm kapaklar\u0131, aromaterapi kutular\u0131 ve di\u011fer \u00fcr\u00fcn i\u015fleme gibi bambu ve ah\u015fap el sanatlar\u0131nda b\u00fcy\u00fck veya k\u00fc\u00e7\u00fck delikler a\u00e7mak i\u00e7in uygundur.<\/li>\n<li>Tam otomatik \u00e7al\u0131\u015fma, g\u00fc\u00e7l\u00fc stabilite, h\u0131zl\u0131 i\u015flem h\u0131z\u0131, y\u00fcksek do\u011fruluk, \u00fcretim yo\u011funlu\u011funu iyile\u015ftirir, \u00fcretim personelini azalt\u0131r ve i\u015f\u00e7ilerin end\u00fcstriyel kazalar\u0131n\u0131 b\u00fcy\u00fck \u00f6l\u00e7\u00fcde azalt\u0131r.<\/li>\n<li>Bu makine, ah\u015fap e\u015fya end\u00fcstrisindeki zanaat \u00fcreticileri taraf\u0131ndan tan\u0131nm\u0131\u015ft\u0131r ve zanaat fabrikalar\u0131 i\u00e7in vazge\u00e7ilmez bir mekanik ekipmand\u0131r.<\/li>\n<\/ul>","protected":false},"featured_media":2300,"template":"","meta":{"om_disable_all_campaigns":false,"_monsterinsights_skip_tracking":false,"_monsterinsights_sitenote_active":false,"_monsterinsights_sitenote_note":"","_monsterinsights_sitenote_category":0,"site-sidebar-layout":"default","site-content-layout":"default","ast-site-content-layout":"","site-content-style":"default","site-sidebar-style":"default","ast-global-header-display":"","ast-banner-title-visibility":"","ast-main-header-display":"","ast-hfb-above-header-display":"","ast-hfb-below-header-display":"","ast-hfb-mobile-header-display":"","site-post-title":"","ast-breadcrumbs-content":"","ast-featured-img":"","footer-sml-layout":"","theme-transparent-header-meta":"default","adv-header-id-meta":"","stick-header-meta":"","header-above-stick-meta":"","header-main-stick-meta":"","header-below-stick-meta":"","astra-migrate-meta-layouts":"default","ast-page-background-enabled":"default","ast-page-background-meta":{"desktop":{"background-color":"","background-image":"","background-repeat":"repeat","background-position":"center center","background-size":"auto","background-attachment":"scroll","background-type":"","background-media":"","overlay-type":"","overlay-color":"","overlay-gradient":""},"tablet":{"background-color":"","background-image":"","background-repeat":"repeat","background-position":"center center","background-size":"auto","background-attachment":"scroll","background-type":"","background-media":"","overlay-type":"","overlay-color":"","overlay-gradient":""},"mobile":{"background-color":"","background-image":"","background-repeat":"repeat","background-position":"center center","background-size":"auto","background-attachment":"scroll","background-type":"","background-media":"","overlay-type":"","overlay-color":"","overlay-gradient":""}},"ast-content-background-meta":{"desktop":{"background-color":"var(--ast-global-color-5)","background-image":"","background-repeat":"repeat","background-position":"center center","background-size":"auto","background-attachment":"scroll","background-type":"","background-media":"","overlay-type":"","overlay-color":"","overlay-gradient":""},"tablet":{"background-color":"var(--ast-global-color-5)","background-image":"","background-repeat":"repeat","background-position":"center center","background-size":"auto","background-attachment":"scroll","background-type":"","background-media":"","overlay-type":"","overlay-color":"","overlay-gradient":""},"mobile":{"background-color":"var(--ast-global-color-5)","background-image":"","background-repeat":"repeat","background-position":"center center","background-size":"auto","background-attachment":"scroll","background-type":"","background-media":"","overlay-type":"","overlay-color":"","overlay-gradient":""}},"_joinchat":[]},"product_cat":[61],"product_tag":[],"class_list":{"0":"post-2580","1":"product","2":"type-product","3":"status-publish","4":"has-post-thumbnail","6":"product_cat-cup-lid-making-machine","7":"desktop-align-center","8":"tablet-align-left","9":"mobile-align-left","11":"first","12":"instock","13":"shipping-taxable","14":"product-type-simple"},"yoast_head":"<!-- This site is optimized with the Yoast SEO Premium plugin v24.0 (Yoast SEO v24.1) - https:\/\/yoast.com\/wordpress\/plugins\/seo\/ -->\n<title>CNC Drilling Machine for making bamboo jar lid | LDS Manufacturer<\/title>\n<meta name=\"description\" content=\"CNC Drilling Machine is suitable for drilling large or small holes in bamboo and wood crafts, such as: bamboo jar lids,coffee cup lid or other wood crafts.\" \/>\n<meta name=\"robots\" content=\"index, follow, max-snippet:-1, max-image-preview:large, max-video-preview:-1\" \/>\n<link rel=\"canonical\" href=\"https:\/\/ldswoodworkingmachine.com\/tr\/urun\/cnc-cup-lid-drilling-machine\/\" \/>\n<meta property=\"og:locale\" content=\"tr_TR\" \/>\n<meta property=\"og:type\" content=\"article\" \/>\n<meta property=\"og:title\" content=\"CNC Cup Lid Drilling Machine\" \/>\n<meta property=\"og:description\" content=\"CNC Drilling Machine is suitable for drilling large or small holes in bamboo and wood crafts, such as: bamboo jar lids,coffee cup lid or other wood crafts.\" \/>\n<meta property=\"og:url\" content=\"https:\/\/ldswoodworkingmachine.com\/tr\/urun\/cnc-cup-lid-drilling-machine\/\" \/>\n<meta property=\"og:site_name\" content=\"LDSWOODWORKINGMACHINE\" \/>\n<meta property=\"article:publisher\" content=\"https:\/\/www.facebook.com\/profile.php?id=100076190379298\" \/>\n<meta property=\"article:modified_time\" content=\"2023-03-15T03:13:04+00:00\" \/>\n<meta property=\"og:image\" content=\"https:\/\/ldswoodworkingmachine.com\/wp-content\/uploads\/2022\/04\/-scaled-e1653446246422.jpg\" \/>\n\t<meta property=\"og:image:width\" content=\"1200\" \/>\n\t<meta property=\"og:image:height\" content=\"1600\" \/>\n\t<meta property=\"og:image:type\" content=\"image\/jpeg\" \/>\n<meta name=\"twitter:card\" content=\"summary_large_image\" \/>\n<meta name=\"twitter:label1\" content=\"Tahmini okuma s\u00fcresi\" \/>\n\t<meta name=\"twitter:data1\" content=\"2 dakika\" \/>\n<script type=\"application\/ld+json\" class=\"yoast-schema-graph\">{\"@context\":\"https:\/\/schema.org\",\"@graph\":[{\"@type\":\"WebPage\",\"@id\":\"https:\/\/ldswoodworkingmachine.com\/product\/cnc-cup-lid-drilling-machine\",\"url\":\"https:\/\/ldswoodworkingmachine.com\/product\/cnc-cup-lid-drilling-machine\",\"name\":\"CNC Drilling Machine for making bamboo jar lid | LDS Manufacturer\",\"isPartOf\":{\"@id\":\"https:\/\/ldswoodworkingmachine.com\/#website\"},\"primaryImageOfPage\":{\"@id\":\"https:\/\/ldswoodworkingmachine.com\/product\/cnc-cup-lid-drilling-machine#primaryimage\"},\"image\":{\"@id\":\"https:\/\/ldswoodworkingmachine.com\/product\/cnc-cup-lid-drilling-machine#primaryimage\"},\"thumbnailUrl\":\"https:\/\/ldswoodworkingmachine.com\/wp-content\/uploads\/2022\/04\/-scaled-e1653446246422.webp\",\"datePublished\":\"2022-05-09T07:11:27+00:00\",\"dateModified\":\"2023-03-15T03:13:04+00:00\",\"description\":\"CNC Drilling Machine is suitable for drilling large or small holes in bamboo and wood crafts, such as: bamboo jar lids,coffee cup lid or other wood crafts.\",\"breadcrumb\":{\"@id\":\"https:\/\/ldswoodworkingmachine.com\/product\/cnc-cup-lid-drilling-machine#breadcrumb\"},\"inLanguage\":\"tr\",\"potentialAction\":[{\"@type\":\"ReadAction\",\"target\":[\"https:\/\/ldswoodworkingmachine.com\/product\/cnc-cup-lid-drilling-machine\"]}]},{\"@type\":\"ImageObject\",\"inLanguage\":\"tr\",\"@id\":\"https:\/\/ldswoodworkingmachine.com\/product\/cnc-cup-lid-drilling-machine#primaryimage\",\"url\":\"https:\/\/ldswoodworkingmachine.com\/wp-content\/uploads\/2022\/04\/-scaled-e1653446246422.webp\",\"contentUrl\":\"https:\/\/ldswoodworkingmachine.com\/wp-content\/uploads\/2022\/04\/-scaled-e1653446246422.webp\",\"width\":1200,\"height\":1600,\"caption\":\"Cup Lid Making Machine\"},{\"@type\":\"BreadcrumbList\",\"@id\":\"https:\/\/ldswoodworkingmachine.com\/product\/cnc-cup-lid-drilling-machine#breadcrumb\",\"itemListElement\":[{\"@type\":\"ListItem\",\"position\":1,\"name\":\"Home\",\"item\":\"https:\/\/ldswoodworkingmachine.com\/\"},{\"@type\":\"ListItem\",\"position\":2,\"name\":\"All Product\",\"item\":\"https:\/\/ldswoodworkingmachine.com\/shop\"},{\"@type\":\"ListItem\",\"position\":3,\"name\":\"CNC Cup Lid Drilling Machine\"}]},{\"@type\":\"WebSite\",\"@id\":\"https:\/\/ldswoodworkingmachine.com\/#website\",\"url\":\"https:\/\/ldswoodworkingmachine.com\/\",\"name\":\"LDSWOODWORKINGMACHINE\",\"description\":\"WOODWORKING MACHINE\",\"publisher\":{\"@id\":\"https:\/\/ldswoodworkingmachine.com\/#organization\"},\"potentialAction\":[{\"@type\":\"SearchAction\",\"target\":{\"@type\":\"EntryPoint\",\"urlTemplate\":\"https:\/\/ldswoodworkingmachine.com\/?s={search_term_string}\"},\"query-input\":{\"@type\":\"PropertyValueSpecification\",\"valueRequired\":true,\"valueName\":\"search_term_string\"}}],\"inLanguage\":\"tr\"},{\"@type\":\"Organization\",\"@id\":\"https:\/\/ldswoodworkingmachine.com\/#organization\",\"name\":\"LDSWOODWORKINGMACHINE\",\"url\":\"https:\/\/ldswoodworkingmachine.com\/\",\"logo\":{\"@type\":\"ImageObject\",\"inLanguage\":\"tr\",\"@id\":\"https:\/\/ldswoodworkingmachine.com\/#\/schema\/logo\/image\/\",\"url\":\"https:\/\/ldswoodworkingmachine.com\/wp-content\/uploads\/2022\/04\/cropped-12-1.png\",\"contentUrl\":\"https:\/\/ldswoodworkingmachine.com\/wp-content\/uploads\/2022\/04\/cropped-12-1.png\",\"width\":334,\"height\":80,\"caption\":\"LDSWOODWORKINGMACHINE\"},\"image\":{\"@id\":\"https:\/\/ldswoodworkingmachine.com\/#\/schema\/logo\/image\/\"},\"sameAs\":[\"https:\/\/www.facebook.com\/profile.php?id=100076190379298\",\"https:\/\/www.youtube.com\/channel\/UC_ZTI5V0mMTwFrQ29Jmb5Qw?view_as=subscriber\"]}]}<\/script>\n<!-- \/ Yoast SEO Premium plugin. -->","yoast_head_json":{"title":"CNC Drilling Machine for making bamboo jar lid | LDS Manufacturer","description":"CNC Drilling Machine is suitable for drilling large or small holes in bamboo and wood crafts, such as: bamboo jar lids,coffee cup lid or other wood crafts.","robots":{"index":"index","follow":"follow","max-snippet":"max-snippet:-1","max-image-preview":"max-image-preview:large","max-video-preview":"max-video-preview:-1"},"canonical":"https:\/\/ldswoodworkingmachine.com\/tr\/urun\/cnc-cup-lid-drilling-machine\/","og_locale":"tr_TR","og_type":"article","og_title":"CNC Cup Lid Drilling Machine","og_description":"CNC Drilling Machine is suitable for drilling large or small holes in bamboo and wood crafts, such as: bamboo jar lids,coffee cup lid or other wood crafts.","og_url":"https:\/\/ldswoodworkingmachine.com\/tr\/urun\/cnc-cup-lid-drilling-machine\/","og_site_name":"LDSWOODWORKINGMACHINE","article_publisher":"https:\/\/www.facebook.com\/profile.php?id=100076190379298","article_modified_time":"2023-03-15T03:13:04+00:00","og_image":[{"width":1200,"height":1600,"url":"https:\/\/ldswoodworkingmachine.com\/wp-content\/uploads\/2022\/04\/-scaled-e1653446246422.jpg","type":"image\/jpeg"}],"twitter_card":"summary_large_image","twitter_misc":{"Tahmini okuma s\u00fcresi":"2 dakika"},"schema":{"@context":"https:\/\/schema.org","@graph":[{"@type":"WebPage","@id":"https:\/\/ldswoodworkingmachine.com\/product\/cnc-cup-lid-drilling-machine","url":"https:\/\/ldswoodworkingmachine.com\/product\/cnc-cup-lid-drilling-machine","name":"CNC Drilling Machine for making bamboo jar lid | LDS Manufacturer","isPartOf":{"@id":"https:\/\/ldswoodworkingmachine.com\/#website"},"primaryImageOfPage":{"@id":"https:\/\/ldswoodworkingmachine.com\/product\/cnc-cup-lid-drilling-machine#primaryimage"},"image":{"@id":"https:\/\/ldswoodworkingmachine.com\/product\/cnc-cup-lid-drilling-machine#primaryimage"},"thumbnailUrl":"https:\/\/ldswoodworkingmachine.com\/wp-content\/uploads\/2022\/04\/-scaled-e1653446246422.webp","datePublished":"2022-05-09T07:11:27+00:00","dateModified":"2023-03-15T03:13:04+00:00","description":"CNC Drilling Machine is suitable for drilling large or small holes in bamboo and wood crafts, such as: bamboo jar lids,coffee cup lid or other wood crafts.","breadcrumb":{"@id":"https:\/\/ldswoodworkingmachine.com\/product\/cnc-cup-lid-drilling-machine#breadcrumb"},"inLanguage":"tr","potentialAction":[{"@type":"ReadAction","target":["https:\/\/ldswoodworkingmachine.com\/product\/cnc-cup-lid-drilling-machine"]}]},{"@type":"ImageObject","inLanguage":"tr","@id":"https:\/\/ldswoodworkingmachine.com\/product\/cnc-cup-lid-drilling-machine#primaryimage","url":"https:\/\/ldswoodworkingmachine.com\/wp-content\/uploads\/2022\/04\/-scaled-e1653446246422.webp","contentUrl":"https:\/\/ldswoodworkingmachine.com\/wp-content\/uploads\/2022\/04\/-scaled-e1653446246422.webp","width":1200,"height":1600,"caption":"Cup Lid Making Machine"},{"@type":"BreadcrumbList","@id":"https:\/\/ldswoodworkingmachine.com\/product\/cnc-cup-lid-drilling-machine#breadcrumb","itemListElement":[{"@type":"ListItem","position":1,"name":"Home","item":"https:\/\/ldswoodworkingmachine.com\/"},{"@type":"ListItem","position":2,"name":"All Product","item":"https:\/\/ldswoodworkingmachine.com\/shop"},{"@type":"ListItem","position":3,"name":"CNC Cup Lid Drilling Machine"}]},{"@type":"WebSite","@id":"https:\/\/ldswoodworkingmachine.com\/#website","url":"https:\/\/ldswoodworkingmachine.com\/","name":"LDSWOODWORKINGMACHINE","description":"WOODWORKING MACHINE","publisher":{"@id":"https:\/\/ldswoodworkingmachine.com\/#organization"},"potentialAction":[{"@type":"SearchAction","target":{"@type":"EntryPoint","urlTemplate":"https:\/\/ldswoodworkingmachine.com\/?s={search_term_string}"},"query-input":{"@type":"PropertyValueSpecification","valueRequired":true,"valueName":"search_term_string"}}],"inLanguage":"tr"},{"@type":"Organization","@id":"https:\/\/ldswoodworkingmachine.com\/#organization","name":"LDSWOODWORKINGMACHINE","url":"https:\/\/ldswoodworkingmachine.com\/","logo":{"@type":"ImageObject","inLanguage":"tr","@id":"https:\/\/ldswoodworkingmachine.com\/#\/schema\/logo\/image\/","url":"https:\/\/ldswoodworkingmachine.com\/wp-content\/uploads\/2022\/04\/cropped-12-1.png","contentUrl":"https:\/\/ldswoodworkingmachine.com\/wp-content\/uploads\/2022\/04\/cropped-12-1.png","width":334,"height":80,"caption":"LDSWOODWORKINGMACHINE"},"image":{"@id":"https:\/\/ldswoodworkingmachine.com\/#\/schema\/logo\/image\/"},"sameAs":["https:\/\/www.facebook.com\/profile.php?id=100076190379298","https:\/\/www.youtube.com\/channel\/UC_ZTI5V0mMTwFrQ29Jmb5Qw?view_as=subscriber"]}]}},"_links":{"self":[{"href":"https:\/\/ldswoodworkingmachine.com\/tr\/wp-json\/wp\/v2\/product\/2580","targetHints":{"allow":["GET"]}}],"collection":[{"href":"https:\/\/ldswoodworkingmachine.com\/tr\/wp-json\/wp\/v2\/product"}],"about":[{"href":"https:\/\/ldswoodworkingmachine.com\/tr\/wp-json\/wp\/v2\/types\/product"}],"wp:featuredmedia":[{"embeddable":true,"href":"https:\/\/ldswoodworkingmachine.com\/tr\/wp-json\/wp\/v2\/media\/2300"}],"wp:attachment":[{"href":"https:\/\/ldswoodworkingmachine.com\/tr\/wp-json\/wp\/v2\/media?parent=2580"}],"wp:term":[{"taxonomy":"product_cat","embeddable":true,"href":"https:\/\/ldswoodworkingmachine.com\/tr\/wp-json\/wp\/v2\/product_cat?post=2580"},{"taxonomy":"product_tag","embeddable":true,"href":"https:\/\/ldswoodworkingmachine.com\/tr\/wp-json\/wp\/v2\/product_tag?post=2580"}],"curies":[{"name":"wp","href":"https:\/\/api.w.org\/{rel}","templated":true}]}}