{"id":2576,"date":"2022-05-09T06:57:35","date_gmt":"2022-05-09T06:57:35","guid":{"rendered":"https:\/\/ldswoodworkingmachine.com\/?post_type=product&#038;p=2576"},"modified":"2023-03-22T06:08:46","modified_gmt":"2023-03-22T06:08:46","slug":"cnc-racket-handle-copying-polishing-machine","status":"publish","type":"product","link":"https:\/\/ldswoodworkingmachine.com\/tr\/urun\/cnc-racket-handle-copying-polishing-machine","title":{"rendered":"CNC Raket Sap\u0131 Kopyalama ve Parlatma Makinesi"},"content":{"rendered":"<p><strong>CNC Raket Kolu Kopyalama ve Parlatma Makinesi ana \u00f6zellikleri:<\/strong><\/p>\n<ul>\n<li>Makinelerin t\u00fcm program ve kontrol sistemleri, program ve yaz\u0131l\u0131m firmalar\u0131ndan sat\u0131n al\u0131nmak yerine m\u00fchendislerimiz taraf\u0131ndan tasarlan\u0131p programlanmaktad\u0131r. Makinelerimiz ve m\u00fc\u015fterilerimiz i\u00e7in hangi programlar\u0131n uygun oldu\u011funu ancak pratik yaparak bilebiliriz. Bana hangi \u00fcr\u00fcnleri ve fikirlerinizi yapt\u0131\u011f\u0131n\u0131z\u0131 s\u00f6yleyin ve sizin i\u00e7in \u00f6zel a\u011fa\u00e7 i\u015fleme makinelerini \u00f6zelle\u015ftirin<\/li>\n<li>Esas olarak \u00e7e\u015fitli raket saplar\u0131n\u0131 i\u015fleyin<\/li>\n<li>Beslemeyi s\u00fcrmek i\u00e7in servo motoru benimseyin, ayarlanmas\u0131 kolay<\/li>\n<li>Otomatik y\u00fckleme ve bo\u015faltma, verimli<\/li>\n<li>Kapasite:8-12 adet\/dak<\/li>\n<\/ul>\n<p><strong style=\"font-size: 16px;\"><strong>CNC Raket Sap\u0131 Kopyalama ve Parlatma Makinesi <\/strong>Teknik Parametreler:<\/strong><\/p>\n<ul>\n<li>\u0130\u015fleme uzunlu\u011fu: 50-120mm<\/li>\n<li>\u0130\u015fleme geni\u015fli\u011fi: 20-60mm<\/li>\n<li>Servo g\u00fcc\u00fc: 750W<\/li>\n<li>\u00c7al\u0131\u015fma hava bas\u0131nc\u0131: 0.6-0.8 Mpa<\/li>\n<li>Vakum ba\u011flant\u0131 noktas\u0131: 100mm * 2<\/li>\n<li>Voltaj: \u00f6zelle\u015ftirilebilir<\/li>\n<li>Mil h\u0131z\u0131: 12000r \/ dak,<\/li>\n<li>Mil g\u00fcc\u00fc: 3.7 kw * 2<\/li>\n<\/ul>\n<p><strong>Uygulama\uff1a<\/strong><\/p>\n<p><img data-dominant-color=\"787275\" data-has-transparency=\"false\" style=\"--dominant-color: #787275;\" fetchpriority=\"high\" decoding=\"async\" class=\"not-transparent alignnone wp-image-2540 size-medium\" src=\"https:\/\/ldswoodworkingmachine.com\/wp-content\/uploads\/2022\/05\/IMG_0676_\u770b\u56fe\u738b-300x207.jpg\" alt=\"CNC milling machine for milling the Table Tennis handle groove\" width=\"300\" height=\"207\" srcset=\"https:\/\/ldswoodworkingmachine.com\/wp-content\/uploads\/2022\/05\/IMG_0676_\u770b\u56fe\u738b-300x207.jpg 300w, https:\/\/ldswoodworkingmachine.com\/wp-content\/uploads\/2022\/05\/IMG_0676_\u770b\u56fe\u738b-800x552.webp 800w, https:\/\/ldswoodworkingmachine.com\/wp-content\/uploads\/2022\/05\/IMG_0676_\u770b\u56fe\u738b-1024x706.jpg 1024w, https:\/\/ldswoodworkingmachine.com\/wp-content\/uploads\/2022\/05\/IMG_0676_\u770b\u56fe\u738b-768x530.jpg 768w, https:\/\/ldswoodworkingmachine.com\/wp-content\/uploads\/2022\/05\/IMG_0676_\u770b\u56fe\u738b-1536x1059.jpg 1536w, https:\/\/ldswoodworkingmachine.com\/wp-content\/uploads\/2022\/05\/IMG_0676_\u770b\u56fe\u738b-2048x1413.jpg 2048w, https:\/\/ldswoodworkingmachine.com\/wp-content\/uploads\/2022\/05\/IMG_0676_\u770b\u56fe\u738b-600x414.jpg 600w\" sizes=\"(max-width: 300px) 100vw, 300px\" \/> <img data-dominant-color=\"989187\" data-has-transparency=\"false\" style=\"--dominant-color: #989187;\" decoding=\"async\" class=\"not-transparent alignnone wp-image-2539 size-medium\" src=\"https:\/\/ldswoodworkingmachine.com\/wp-content\/uploads\/2022\/05\/IMG_0626-300x200.jpg\" alt=\"Table Tennis Handle\" width=\"300\" height=\"200\" srcset=\"https:\/\/ldswoodworkingmachine.com\/wp-content\/uploads\/2022\/05\/IMG_0626-300x200.jpg 300w, https:\/\/ldswoodworkingmachine.com\/wp-content\/uploads\/2022\/05\/IMG_0626-scaled-800x533.webp 800w, https:\/\/ldswoodworkingmachine.com\/wp-content\/uploads\/2022\/05\/IMG_0626-1024x683.jpg 1024w, https:\/\/ldswoodworkingmachine.com\/wp-content\/uploads\/2022\/05\/IMG_0626-768x512.jpg 768w, https:\/\/ldswoodworkingmachine.com\/wp-content\/uploads\/2022\/05\/IMG_0626-1536x1024.jpg 1536w, https:\/\/ldswoodworkingmachine.com\/wp-content\/uploads\/2022\/05\/IMG_0626-2048x1365.jpg 2048w, https:\/\/ldswoodworkingmachine.com\/wp-content\/uploads\/2022\/05\/IMG_0626-scaled-600x400.jpg 600w\" sizes=\"(max-width: 300px) 100vw, 300px\" \/><\/p>\n<p><strong>Makine Detay\u0131<\/strong><\/p>\n<p><img data-dominant-color=\"324d54\" data-has-transparency=\"false\" style=\"--dominant-color: #324d54;\" decoding=\"async\" class=\"not-transparent alignnone wp-image-2541 size-medium\" src=\"https:\/\/ldswoodworkingmachine.com\/wp-content\/uploads\/2022\/05\/\u5fae\u4fe1\u56fe\u7247_20220507100056-300x225.jpg\" alt=\"Table Tennis handle machine\" width=\"300\" height=\"225\" srcset=\"https:\/\/ldswoodworkingmachine.com\/wp-content\/uploads\/2022\/05\/\u5fae\u4fe1\u56fe\u7247_20220507100056-300x225.jpg 300w, https:\/\/ldswoodworkingmachine.com\/wp-content\/uploads\/2022\/05\/\u5fae\u4fe1\u56fe\u7247_20220507100056-800x600.webp 800w, https:\/\/ldswoodworkingmachine.com\/wp-content\/uploads\/2022\/05\/\u5fae\u4fe1\u56fe\u7247_20220507100056-1024x768.jpg 1024w, https:\/\/ldswoodworkingmachine.com\/wp-content\/uploads\/2022\/05\/\u5fae\u4fe1\u56fe\u7247_20220507100056-768x576.jpg 768w, https:\/\/ldswoodworkingmachine.com\/wp-content\/uploads\/2022\/05\/\u5fae\u4fe1\u56fe\u7247_20220507100056-1536x1152.jpg 1536w, https:\/\/ldswoodworkingmachine.com\/wp-content\/uploads\/2022\/05\/\u5fae\u4fe1\u56fe\u7247_20220507100056-600x450.jpg 600w, https:\/\/ldswoodworkingmachine.com\/wp-content\/uploads\/2022\/05\/\u5fae\u4fe1\u56fe\u7247_20220507100056.webp 1706w\" sizes=\"(max-width: 300px) 100vw, 300px\" \/>\u00a0 \u00a0 <img data-dominant-color=\"6a7778\" data-has-transparency=\"false\" style=\"--dominant-color: #6a7778;\" loading=\"lazy\" decoding=\"async\" class=\"not-transparent alignnone size-medium wp-image-2542\" src=\"https:\/\/ldswoodworkingmachine.com\/wp-content\/uploads\/2022\/05\/\u5fae\u4fe1\u56fe\u7247_20220507100133-300x225.jpg\" alt=\"\" width=\"300\" height=\"225\" srcset=\"https:\/\/ldswoodworkingmachine.com\/wp-content\/uploads\/2022\/05\/\u5fae\u4fe1\u56fe\u7247_20220507100133-300x225.jpg 300w, https:\/\/ldswoodworkingmachine.com\/wp-content\/uploads\/2022\/05\/\u5fae\u4fe1\u56fe\u7247_20220507100133-800x600.webp 800w, https:\/\/ldswoodworkingmachine.com\/wp-content\/uploads\/2022\/05\/\u5fae\u4fe1\u56fe\u7247_20220507100133-1024x768.jpg 1024w, https:\/\/ldswoodworkingmachine.com\/wp-content\/uploads\/2022\/05\/\u5fae\u4fe1\u56fe\u7247_20220507100133-768x576.jpg 768w, https:\/\/ldswoodworkingmachine.com\/wp-content\/uploads\/2022\/05\/\u5fae\u4fe1\u56fe\u7247_20220507100133-1536x1152.jpg 1536w, https:\/\/ldswoodworkingmachine.com\/wp-content\/uploads\/2022\/05\/\u5fae\u4fe1\u56fe\u7247_20220507100133-600x450.jpg 600w, https:\/\/ldswoodworkingmachine.com\/wp-content\/uploads\/2022\/05\/\u5fae\u4fe1\u56fe\u7247_20220507100133.webp 1706w\" sizes=\"(max-width: 300px) 100vw, 300px\" \/><\/p>\n<p>Pn\u00f6matik aksesuarlar\u0131n gelen kalitesi s\u0131k\u0131 bir \u015fekilde kontrol edilir<\/p>\n<p><img data-dominant-color=\"5d4b4e\" data-has-transparency=\"false\" style=\"--dominant-color: #5d4b4e;\" loading=\"lazy\" decoding=\"async\" class=\"not-transparent alignnone wp-image-2543 size-medium\" src=\"https:\/\/ldswoodworkingmachine.com\/wp-content\/uploads\/2022\/05\/\u5fae\u4fe1\u56fe\u7247_20220507100137-225x300.jpg\" alt=\"LDS wooddworking  machine\" width=\"225\" height=\"300\" srcset=\"https:\/\/ldswoodworkingmachine.com\/wp-content\/uploads\/2022\/05\/\u5fae\u4fe1\u56fe\u7247_20220507100137-225x300.jpg 225w, https:\/\/ldswoodworkingmachine.com\/wp-content\/uploads\/2022\/05\/\u5fae\u4fe1\u56fe\u7247_20220507100137-800x1066.webp 800w, https:\/\/ldswoodworkingmachine.com\/wp-content\/uploads\/2022\/05\/\u5fae\u4fe1\u56fe\u7247_20220507100137-768x1024.jpg 768w, https:\/\/ldswoodworkingmachine.com\/wp-content\/uploads\/2022\/05\/\u5fae\u4fe1\u56fe\u7247_20220507100137-1152x1536.jpg 1152w, https:\/\/ldswoodworkingmachine.com\/wp-content\/uploads\/2022\/05\/\u5fae\u4fe1\u56fe\u7247_20220507100137-600x800.jpg 600w, https:\/\/ldswoodworkingmachine.com\/wp-content\/uploads\/2022\/05\/\u5fae\u4fe1\u56fe\u7247_20220507100137.webp 1280w\" sizes=\"(max-width: 225px) 100vw, 225px\" \/>\u00a0 \u00a0 \u00a0 \u00a0 \u00a0<img data-dominant-color=\"5c5f5f\" data-has-transparency=\"false\" style=\"--dominant-color: #5c5f5f;\" loading=\"lazy\" decoding=\"async\" class=\"not-transparent alignnone size-medium wp-image-2529\" src=\"https:\/\/ldswoodworkingmachine.com\/wp-content\/uploads\/2022\/05\/\u5fae\u4fe1\u56fe\u7247_20220507090432-300x225.jpg\" alt=\"\" width=\"300\" height=\"225\" srcset=\"https:\/\/ldswoodworkingmachine.com\/wp-content\/uploads\/2022\/05\/\u5fae\u4fe1\u56fe\u7247_20220507090432-300x225.jpg 300w, https:\/\/ldswoodworkingmachine.com\/wp-content\/uploads\/2022\/05\/\u5fae\u4fe1\u56fe\u7247_20220507090432-scaled-800x600.webp 800w, https:\/\/ldswoodworkingmachine.com\/wp-content\/uploads\/2022\/05\/\u5fae\u4fe1\u56fe\u7247_20220507090432-1024x768.jpg 1024w, https:\/\/ldswoodworkingmachine.com\/wp-content\/uploads\/2022\/05\/\u5fae\u4fe1\u56fe\u7247_20220507090432-768x576.jpg 768w, https:\/\/ldswoodworkingmachine.com\/wp-content\/uploads\/2022\/05\/\u5fae\u4fe1\u56fe\u7247_20220507090432-1536x1152.jpg 1536w, https:\/\/ldswoodworkingmachine.com\/wp-content\/uploads\/2022\/05\/\u5fae\u4fe1\u56fe\u7247_20220507090432-2048x1536.jpg 2048w, https:\/\/ldswoodworkingmachine.com\/wp-content\/uploads\/2022\/05\/\u5fae\u4fe1\u56fe\u7247_20220507090432-scaled-600x450.jpg 600w\" sizes=\"(max-width: 300px) 100vw, 300px\" \/><\/p>\n<p>Devre d\u00fczeni kesinlikle ulusal end\u00fcstri standartlar\u0131na uygundur,Kolay kullan\u0131m i\u00e7in dokunmatik kontrol paneli.<\/p>\n<p><strong>Video Ba\u011flant\u0131s\u0131:<\/strong><\/p>\n<p><a href=\"https:\/\/www.youtube.com\/watch?v=XwzakTq3BwM\">https:\/\/www.youtube.com\/watch?v=XwzakTq3BwM<\/a><\/p>\n<p><!--more--><\/p>","protected":false},"excerpt":{"rendered":"<ul>\n<li>Esas olarak \u00e7e\u015fitli raket saplar\u0131n\u0131 i\u015fleyin<\/li>\n<li>Beslemeyi s\u00fcrmek i\u00e7in servo motoru benimseyin, ayarlanmas\u0131 kolay<\/li>\n<li>Otomatik y\u00fckleme ve bo\u015faltma, verimli<\/li>\n<li>Kapasite:8-12 adet\/dak<\/li>\n<\/ul>","protected":false},"featured_media":2542,"template":"","meta":{"om_disable_all_campaigns":false,"_monsterinsights_skip_tracking":false,"_monsterinsights_sitenote_active":false,"_monsterinsights_sitenote_note":"","_monsterinsights_sitenote_category":0,"site-sidebar-layout":"default","site-content-layout":"default","ast-site-content-layout":"","site-content-style":"default","site-sidebar-style":"default","ast-global-header-display":"","ast-banner-title-visibility":"","ast-main-header-display":"","ast-hfb-above-header-display":"","ast-hfb-below-header-display":"","ast-hfb-mobile-header-display":"","site-post-title":"","ast-breadcrumbs-content":"","ast-featured-img":"","footer-sml-layout":"","theme-transparent-header-meta":"default","adv-header-id-meta":"","stick-header-meta":"","header-above-stick-meta":"","header-main-stick-meta":"","header-below-stick-meta":"","astra-migrate-meta-layouts":"default","ast-page-background-enabled":"default","ast-page-background-meta":{"desktop":{"background-color":"","background-image":"","background-repeat":"repeat","background-position":"center center","background-size":"auto","background-attachment":"scroll","background-type":"","background-media":"","overlay-type":"","overlay-color":"","overlay-gradient":""},"tablet":{"background-color":"","background-image":"","background-repeat":"repeat","background-position":"center center","background-size":"auto","background-attachment":"scroll","background-type":"","background-media":"","overlay-type":"","overlay-color":"","overlay-gradient":""},"mobile":{"background-color":"","background-image":"","background-repeat":"repeat","background-position":"center center","background-size":"auto","background-attachment":"scroll","background-type":"","background-media":"","overlay-type":"","overlay-color":"","overlay-gradient":""}},"ast-content-background-meta":{"desktop":{"background-color":"var(--ast-global-color-5)","background-image":"","background-repeat":"repeat","background-position":"center center","background-size":"auto","background-attachment":"scroll","background-type":"","background-media":"","overlay-type":"","overlay-color":"","overlay-gradient":""},"tablet":{"background-color":"var(--ast-global-color-5)","background-image":"","background-repeat":"repeat","background-position":"center center","background-size":"auto","background-attachment":"scroll","background-type":"","background-media":"","overlay-type":"","overlay-color":"","overlay-gradient":""},"mobile":{"background-color":"var(--ast-global-color-5)","background-image":"","background-repeat":"repeat","background-position":"center center","background-size":"auto","background-attachment":"scroll","background-type":"","background-media":"","overlay-type":"","overlay-color":"","overlay-gradient":""}},"_joinchat":[]},"product_cat":[55],"product_tag":[],"class_list":{"0":"post-2576","1":"product","2":"type-product","3":"status-publish","4":"has-post-thumbnail","6":"product_cat-racket-handle-machine","7":"desktop-align-center","8":"tablet-align-left","9":"mobile-align-left","11":"first","12":"instock","13":"shipping-taxable","14":"product-type-simple"},"yoast_head":"<!-- This site is optimized with the Yoast SEO Premium plugin v24.0 (Yoast SEO v24.1) - https:\/\/yoast.com\/wordpress\/plugins\/seo\/ -->\n<title>CNC Racket Handle Copying &amp; Polishing Machine | LDS<\/title>\n<meta name=\"description\" content=\"CNC Racket Handle Copying &amp; Polishing Machine mainly process various of the racket handle.Automatic loading and unloading, Capacity\uff1a8-12Pcs\/min\" \/>\n<meta name=\"robots\" content=\"index, follow, max-snippet:-1, max-image-preview:large, max-video-preview:-1\" \/>\n<link rel=\"canonical\" href=\"https:\/\/ldswoodworkingmachine.com\/tr\/urun\/cnc-racket-handle-copying-polishing-machine\/\" \/>\n<meta property=\"og:locale\" content=\"tr_TR\" \/>\n<meta property=\"og:type\" content=\"article\" \/>\n<meta property=\"og:title\" content=\"CNC Racket Handle Copying &amp; Polishing Machine\" \/>\n<meta property=\"og:description\" content=\"CNC Racket Handle Copying &amp; Polishing Machine mainly process various of the racket handle.Automatic loading and unloading, Capacity\uff1a8-12Pcs\/min\" \/>\n<meta property=\"og:url\" content=\"https:\/\/ldswoodworkingmachine.com\/tr\/urun\/cnc-racket-handle-copying-polishing-machine\/\" \/>\n<meta property=\"og:site_name\" content=\"LDSWOODWORKINGMACHINE\" \/>\n<meta property=\"article:publisher\" content=\"https:\/\/www.facebook.com\/profile.php?id=100076190379298\" \/>\n<meta property=\"article:modified_time\" content=\"2023-03-22T06:08:46+00:00\" \/>\n<meta property=\"og:image\" content=\"https:\/\/ldswoodworkingmachine.com\/wp-content\/uploads\/2022\/05\/\u5fae\u4fe1\u56fe\u7247_20220507100133.jpg\" \/>\n\t<meta property=\"og:image:width\" content=\"1706\" \/>\n\t<meta property=\"og:image:height\" content=\"1280\" \/>\n\t<meta property=\"og:image:type\" content=\"image\/jpeg\" \/>\n<meta name=\"twitter:card\" content=\"summary_large_image\" \/>\n<meta name=\"twitter:label1\" content=\"Tahmini okuma s\u00fcresi\" \/>\n\t<meta name=\"twitter:data1\" content=\"2 dakika\" \/>\n<script type=\"application\/ld+json\" class=\"yoast-schema-graph\">{\"@context\":\"https:\/\/schema.org\",\"@graph\":[{\"@type\":\"WebPage\",\"@id\":\"https:\/\/ldswoodworkingmachine.com\/product\/cnc-racket-handle-copying-polishing-machine\",\"url\":\"https:\/\/ldswoodworkingmachine.com\/product\/cnc-racket-handle-copying-polishing-machine\",\"name\":\"CNC Racket Handle Copying & Polishing Machine | LDS\",\"isPartOf\":{\"@id\":\"https:\/\/ldswoodworkingmachine.com\/#website\"},\"primaryImageOfPage\":{\"@id\":\"https:\/\/ldswoodworkingmachine.com\/product\/cnc-racket-handle-copying-polishing-machine#primaryimage\"},\"image\":{\"@id\":\"https:\/\/ldswoodworkingmachine.com\/product\/cnc-racket-handle-copying-polishing-machine#primaryimage\"},\"thumbnailUrl\":\"https:\/\/ldswoodworkingmachine.com\/wp-content\/uploads\/2022\/05\/\u5fae\u4fe1\u56fe\u7247_20220507100133.webp\",\"datePublished\":\"2022-05-09T06:57:35+00:00\",\"dateModified\":\"2023-03-22T06:08:46+00:00\",\"description\":\"CNC Racket Handle Copying & Polishing Machine mainly process various of the racket handle.Automatic loading and unloading, Capacity\uff1a8-12Pcs\/min\",\"breadcrumb\":{\"@id\":\"https:\/\/ldswoodworkingmachine.com\/product\/cnc-racket-handle-copying-polishing-machine#breadcrumb\"},\"inLanguage\":\"tr\",\"potentialAction\":[{\"@type\":\"ReadAction\",\"target\":[\"https:\/\/ldswoodworkingmachine.com\/product\/cnc-racket-handle-copying-polishing-machine\"]}]},{\"@type\":\"ImageObject\",\"inLanguage\":\"tr\",\"@id\":\"https:\/\/ldswoodworkingmachine.com\/product\/cnc-racket-handle-copying-polishing-machine#primaryimage\",\"url\":\"https:\/\/ldswoodworkingmachine.com\/wp-content\/uploads\/2022\/05\/\u5fae\u4fe1\u56fe\u7247_20220507100133.webp\",\"contentUrl\":\"https:\/\/ldswoodworkingmachine.com\/wp-content\/uploads\/2022\/05\/\u5fae\u4fe1\u56fe\u7247_20220507100133.webp\",\"width\":1706,\"height\":1280,\"caption\":\"CNC Racket Handle Copying & Polishing Machine\"},{\"@type\":\"BreadcrumbList\",\"@id\":\"https:\/\/ldswoodworkingmachine.com\/product\/cnc-racket-handle-copying-polishing-machine#breadcrumb\",\"itemListElement\":[{\"@type\":\"ListItem\",\"position\":1,\"name\":\"Home\",\"item\":\"https:\/\/ldswoodworkingmachine.com\/\"},{\"@type\":\"ListItem\",\"position\":2,\"name\":\"All Product\",\"item\":\"https:\/\/ldswoodworkingmachine.com\/shop\"},{\"@type\":\"ListItem\",\"position\":3,\"name\":\"CNC Racket Handle Copying &#038; Polishing Machine\"}]},{\"@type\":\"WebSite\",\"@id\":\"https:\/\/ldswoodworkingmachine.com\/#website\",\"url\":\"https:\/\/ldswoodworkingmachine.com\/\",\"name\":\"LDSWOODWORKINGMACHINE\",\"description\":\"WOODWORKING MACHINE\",\"publisher\":{\"@id\":\"https:\/\/ldswoodworkingmachine.com\/#organization\"},\"potentialAction\":[{\"@type\":\"SearchAction\",\"target\":{\"@type\":\"EntryPoint\",\"urlTemplate\":\"https:\/\/ldswoodworkingmachine.com\/?s={search_term_string}\"},\"query-input\":{\"@type\":\"PropertyValueSpecification\",\"valueRequired\":true,\"valueName\":\"search_term_string\"}}],\"inLanguage\":\"tr\"},{\"@type\":\"Organization\",\"@id\":\"https:\/\/ldswoodworkingmachine.com\/#organization\",\"name\":\"LDSWOODWORKINGMACHINE\",\"url\":\"https:\/\/ldswoodworkingmachine.com\/\",\"logo\":{\"@type\":\"ImageObject\",\"inLanguage\":\"tr\",\"@id\":\"https:\/\/ldswoodworkingmachine.com\/#\/schema\/logo\/image\/\",\"url\":\"https:\/\/ldswoodworkingmachine.com\/wp-content\/uploads\/2022\/04\/cropped-12-1.png\",\"contentUrl\":\"https:\/\/ldswoodworkingmachine.com\/wp-content\/uploads\/2022\/04\/cropped-12-1.png\",\"width\":334,\"height\":80,\"caption\":\"LDSWOODWORKINGMACHINE\"},\"image\":{\"@id\":\"https:\/\/ldswoodworkingmachine.com\/#\/schema\/logo\/image\/\"},\"sameAs\":[\"https:\/\/www.facebook.com\/profile.php?id=100076190379298\",\"https:\/\/www.youtube.com\/channel\/UC_ZTI5V0mMTwFrQ29Jmb5Qw?view_as=subscriber\"]}]}<\/script>\n<!-- \/ Yoast SEO Premium plugin. -->","yoast_head_json":{"title":"CNC Racket Handle Copying & Polishing Machine | LDS","description":"CNC Racket Handle Copying & Polishing Machine mainly process various of the racket handle.Automatic loading and unloading, Capacity\uff1a8-12Pcs\/min","robots":{"index":"index","follow":"follow","max-snippet":"max-snippet:-1","max-image-preview":"max-image-preview:large","max-video-preview":"max-video-preview:-1"},"canonical":"https:\/\/ldswoodworkingmachine.com\/tr\/urun\/cnc-racket-handle-copying-polishing-machine\/","og_locale":"tr_TR","og_type":"article","og_title":"CNC Racket Handle Copying & Polishing Machine","og_description":"CNC Racket Handle Copying & Polishing Machine mainly process various of the racket handle.Automatic loading and unloading, Capacity\uff1a8-12Pcs\/min","og_url":"https:\/\/ldswoodworkingmachine.com\/tr\/urun\/cnc-racket-handle-copying-polishing-machine\/","og_site_name":"LDSWOODWORKINGMACHINE","article_publisher":"https:\/\/www.facebook.com\/profile.php?id=100076190379298","article_modified_time":"2023-03-22T06:08:46+00:00","og_image":[{"width":1706,"height":1280,"url":"https:\/\/ldswoodworkingmachine.com\/wp-content\/uploads\/2022\/05\/\u5fae\u4fe1\u56fe\u7247_20220507100133.jpg","type":"image\/jpeg"}],"twitter_card":"summary_large_image","twitter_misc":{"Tahmini okuma s\u00fcresi":"2 dakika"},"schema":{"@context":"https:\/\/schema.org","@graph":[{"@type":"WebPage","@id":"https:\/\/ldswoodworkingmachine.com\/product\/cnc-racket-handle-copying-polishing-machine","url":"https:\/\/ldswoodworkingmachine.com\/product\/cnc-racket-handle-copying-polishing-machine","name":"CNC Racket Handle Copying & Polishing Machine | LDS","isPartOf":{"@id":"https:\/\/ldswoodworkingmachine.com\/#website"},"primaryImageOfPage":{"@id":"https:\/\/ldswoodworkingmachine.com\/product\/cnc-racket-handle-copying-polishing-machine#primaryimage"},"image":{"@id":"https:\/\/ldswoodworkingmachine.com\/product\/cnc-racket-handle-copying-polishing-machine#primaryimage"},"thumbnailUrl":"https:\/\/ldswoodworkingmachine.com\/wp-content\/uploads\/2022\/05\/\u5fae\u4fe1\u56fe\u7247_20220507100133.webp","datePublished":"2022-05-09T06:57:35+00:00","dateModified":"2023-03-22T06:08:46+00:00","description":"CNC Racket Handle Copying & Polishing Machine mainly process various of the racket handle.Automatic loading and unloading, Capacity\uff1a8-12Pcs\/min","breadcrumb":{"@id":"https:\/\/ldswoodworkingmachine.com\/product\/cnc-racket-handle-copying-polishing-machine#breadcrumb"},"inLanguage":"tr","potentialAction":[{"@type":"ReadAction","target":["https:\/\/ldswoodworkingmachine.com\/product\/cnc-racket-handle-copying-polishing-machine"]}]},{"@type":"ImageObject","inLanguage":"tr","@id":"https:\/\/ldswoodworkingmachine.com\/product\/cnc-racket-handle-copying-polishing-machine#primaryimage","url":"https:\/\/ldswoodworkingmachine.com\/wp-content\/uploads\/2022\/05\/\u5fae\u4fe1\u56fe\u7247_20220507100133.webp","contentUrl":"https:\/\/ldswoodworkingmachine.com\/wp-content\/uploads\/2022\/05\/\u5fae\u4fe1\u56fe\u7247_20220507100133.webp","width":1706,"height":1280,"caption":"CNC Racket Handle Copying & Polishing Machine"},{"@type":"BreadcrumbList","@id":"https:\/\/ldswoodworkingmachine.com\/product\/cnc-racket-handle-copying-polishing-machine#breadcrumb","itemListElement":[{"@type":"ListItem","position":1,"name":"Home","item":"https:\/\/ldswoodworkingmachine.com\/"},{"@type":"ListItem","position":2,"name":"All Product","item":"https:\/\/ldswoodworkingmachine.com\/shop"},{"@type":"ListItem","position":3,"name":"CNC Racket Handle Copying &#038; Polishing Machine"}]},{"@type":"WebSite","@id":"https:\/\/ldswoodworkingmachine.com\/#website","url":"https:\/\/ldswoodworkingmachine.com\/","name":"LDSWOODWORKINGMACHINE","description":"WOODWORKING MACHINE","publisher":{"@id":"https:\/\/ldswoodworkingmachine.com\/#organization"},"potentialAction":[{"@type":"SearchAction","target":{"@type":"EntryPoint","urlTemplate":"https:\/\/ldswoodworkingmachine.com\/?s={search_term_string}"},"query-input":{"@type":"PropertyValueSpecification","valueRequired":true,"valueName":"search_term_string"}}],"inLanguage":"tr"},{"@type":"Organization","@id":"https:\/\/ldswoodworkingmachine.com\/#organization","name":"LDSWOODWORKINGMACHINE","url":"https:\/\/ldswoodworkingmachine.com\/","logo":{"@type":"ImageObject","inLanguage":"tr","@id":"https:\/\/ldswoodworkingmachine.com\/#\/schema\/logo\/image\/","url":"https:\/\/ldswoodworkingmachine.com\/wp-content\/uploads\/2022\/04\/cropped-12-1.png","contentUrl":"https:\/\/ldswoodworkingmachine.com\/wp-content\/uploads\/2022\/04\/cropped-12-1.png","width":334,"height":80,"caption":"LDSWOODWORKINGMACHINE"},"image":{"@id":"https:\/\/ldswoodworkingmachine.com\/#\/schema\/logo\/image\/"},"sameAs":["https:\/\/www.facebook.com\/profile.php?id=100076190379298","https:\/\/www.youtube.com\/channel\/UC_ZTI5V0mMTwFrQ29Jmb5Qw?view_as=subscriber"]}]}},"_links":{"self":[{"href":"https:\/\/ldswoodworkingmachine.com\/tr\/wp-json\/wp\/v2\/product\/2576","targetHints":{"allow":["GET"]}}],"collection":[{"href":"https:\/\/ldswoodworkingmachine.com\/tr\/wp-json\/wp\/v2\/product"}],"about":[{"href":"https:\/\/ldswoodworkingmachine.com\/tr\/wp-json\/wp\/v2\/types\/product"}],"wp:featuredmedia":[{"embeddable":true,"href":"https:\/\/ldswoodworkingmachine.com\/tr\/wp-json\/wp\/v2\/media\/2542"}],"wp:attachment":[{"href":"https:\/\/ldswoodworkingmachine.com\/tr\/wp-json\/wp\/v2\/media?parent=2576"}],"wp:term":[{"taxonomy":"product_cat","embeddable":true,"href":"https:\/\/ldswoodworkingmachine.com\/tr\/wp-json\/wp\/v2\/product_cat?post=2576"},{"taxonomy":"product_tag","embeddable":true,"href":"https:\/\/ldswoodworkingmachine.com\/tr\/wp-json\/wp\/v2\/product_tag?post=2576"}],"curies":[{"name":"wp","href":"https:\/\/api.w.org\/{rel}","templated":true}]}}