{"id":2446,"date":"2022-04-28T06:54:27","date_gmt":"2022-04-28T06:54:27","guid":{"rendered":"https:\/\/ldswoodworkingmachine.com\/?post_type=product&#038;p=2446"},"modified":"2023-03-23T04:06:03","modified_gmt":"2023-03-23T04:06:03","slug":"mx7212-wood-copy-shaper-machine","status":"publish","type":"product","link":"https:\/\/ldswoodworkingmachine.com\/tr\/urun\/mx7212-wood-copy-shaper-machine","title":{"rendered":"MX7212 Ah\u015fap kopyalama \u015fekillendirme makinesi"},"content":{"rendered":"<p>MX-7212 Otomatik ah\u015fap kopyalama \u015fekillendirme makinesi ana \u00f6zellikler:<\/p>\n<ul>\n<li>Bu makine, PC programlanabilir kontrol\u00f6r ile mil \u015fekillendirme makinesinin manuel i\u015flemesini geli\u015ftirdi, \u015fekillendirme h\u0131z\u0131 bir CNC kopya \u015fekillendirme makinesi kadar y\u00fcksek, ancak fiyat\u0131 \u00e7ok daha ucuz.<\/li>\n<li>Otomatik beslemeli iki ba\u015fl\u0131 kopya \u015fekillendirici,daha az i\u015f\u00e7ilikle otomatik \u00fcretim kullan\u0131n, yaln\u0131zca sermaye yat\u0131r\u0131m\u0131n\u0131zdan tasarruf etmekle kalmaz, ayn\u0131 zamanda \u00fcretim maliyetinizi de d\u00fc\u015f\u00fcr\u00fcr.<\/li>\n<li>T\u00fcm \u00e7al\u0131\u015fma kontrolleri kontrol kutusunda yo\u011funla\u015fm\u0131\u015ft\u0131r ve kontroller, daha kolay r\u00f6tu\u015f i\u00e7in kontrol panelinde iyi d\u00fczenlenmi\u015ftir.<\/li>\n<li>Besleme h\u0131z\u0131, stok kal\u0131nl\u0131\u011f\u0131na ve bile\u015fen \u015fekline g\u00f6re optimum \u00e7\u0131kt\u0131 verecek \u015fekilde ayarlanabilir.<\/li>\n<li>Tablonun benzersiz tasar\u0131m\u0131, stoktaki farkl\u0131 y\u00f6ndeki tah\u0131llar\u0131 keserken saat y\u00f6n\u00fcnde ve saat y\u00f6n\u00fcn\u00fcn tersine, y\u0131rt\u0131k taneciklerden ar\u0131nd\u0131r\u0131lm\u0131\u015f olarak \u00e7al\u0131\u015f\u0131r.<\/li>\n<li>Kesici kafa beslemesi pn\u00f6matik-hidrolik sistem taraf\u0131ndan kontrol edilir, d\u00fczg\u00fcn bir \u015fekilde e\u015fit bir bas\u0131n\u00e7 uygulayarak h\u0131zl\u0131 ve d\u00fczg\u00fcn kesim sa\u011flar.<\/li>\n<li>Kesici kafa beslemesi, i\u015f par\u00e7as\u0131na yakla\u015ft\u0131\u011f\u0131nda otomatik olarak yava\u015flayacak \u015fekilde tasarlanm\u0131\u015ft\u0131r, \u00e7arpma olu\u015fmamas\u0131n\u0131 sa\u011flar ve ba\u015flang\u0131\u00e7 noktas\u0131nda b\u0131rak\u0131lan kesme i\u015fareti olmadan bu, son derece p\u00fcr\u00fczs\u00fcz bir y\u00fczey sa\u011flar.<\/li>\n<li>\u00c7ift i\u011fli ve \u00e7ift kesici cihazla, yeniden z\u0131mparalanmas\u0131 kolay, \u00e7atlamay\u0131 ve par\u00e7alanmay\u0131 \u00f6nlemek i\u00e7in ah\u015fap \u015feritlere g\u00f6re \u015fekillendirilir.<\/li>\n<li>Maksimum kesme kapasitesi i\u00e7in a\u011f\u0131r hizmet tipi end\u00fcstriyel motor.<\/li>\n<li>Hassas m\u00fch\u00fcrl\u00fc uzun \u00f6m\u00fcrl\u00fc, dayan\u0131kl\u0131l\u0131k kullan\u0131m\u0131 i\u00e7in y\u00fcksek h\u0131zl\u0131 rulman.<\/li>\n<li>A\u011f\u0131r sac \u00e7er\u00e7eveler ve d\u00f6kme demir masa.<\/li>\n<li>Koltuk y\u00fczeyleri, mutfak kesme tahtalar\u0131, sehpalar vb.Gibi dairesel,dikd\u00f6rtgen ve oval i\u015f par\u00e7alar\u0131n\u0131n frezelenmesi i\u00e7in \u00e7\u00fcr\u00fck k\u00fc\u00e7\u00fck i\u015f par\u00e7alar\u0131, mobilya kulplar\u0131 veya karma\u015f\u0131k keskin nesneler i\u00e7in uygundur.<\/li>\n<li>Makinenin iki kafas\u0131 vard\u0131r, biri kesicili kafa, di\u011feri ince kesim veya f\u0131r\u00e7a tekerle\u011fi i\u00e7in kesici olarak kullan\u0131labilir, ince z\u0131mparalama i\u015flemi i\u00e7in profil z\u0131mpara tamburu.<\/li>\n<\/ul>\n<p>Teknik Parametreler:<\/p>\n<table>\n<tbody>\n<tr class=\"firstRow\">\n<td valign=\"top\" width=\"435\">Kesme \u00e7ap\u0131<\/td>\n<td valign=\"top\" width=\"435\"><span style=\"vertical-align: inherit;\"><span style=\"vertical-align: inherit;\">110-1150mm<\/span><\/span><\/td>\n<\/tr>\n<tr>\n<td valign=\"top\" width=\"435\">Maksimum Dikd\u00f6rtgen Kesim<\/td>\n<td valign=\"top\" width=\"435\"><span style=\"vertical-align: inherit;\"><span style=\"vertical-align: inherit;\">2:1<\/span><\/span><\/td>\n<\/tr>\n<tr>\n<td valign=\"top\" width=\"435\">Maksimum Kesme Kal\u0131nl\u0131\u011f\u0131<\/td>\n<td valign=\"top\" width=\"435\"><span style=\"vertical-align: inherit;\"><span style=\"vertical-align: inherit;\">130mm<\/span><\/span><\/td>\n<\/tr>\n<tr>\n<td valign=\"top\" width=\"435\">Tezgah boyutu<\/td>\n<td valign=\"top\" width=\"435\"><span style=\"vertical-align: inherit;\"><span style=\"vertical-align: inherit;\">\u03c6 700mm<\/span><\/span><\/td>\n<\/tr>\n<tr>\n<td valign=\"top\" width=\"435\">Kesme mili \u00e7ap\u0131<\/td>\n<td valign=\"top\" width=\"435\"><span style=\"vertical-align: inherit;\"><span style=\"vertical-align: inherit;\">\u03c6 30mm<\/span><\/span><\/td>\n<\/tr>\n<tr>\n<td valign=\"top\" width=\"435\">K\u0131lavuz silindir \u00e7ap\u0131<\/td>\n<td valign=\"top\" width=\"435\"><span style=\"vertical-align: inherit;\"><span style=\"vertical-align: inherit;\">\u03c6 100mm<\/span><\/span><\/td>\n<\/tr>\n<tr>\n<td valign=\"top\" width=\"435\">\u0130\u015f mili h\u0131z\u0131<\/td>\n<td valign=\"top\" width=\"435\"><span style=\"vertical-align: inherit;\"><span style=\"vertical-align: inherit;\">9000 devir \/ dakika<\/span><\/span><\/td>\n<\/tr>\n<tr>\n<td valign=\"top\" width=\"435\">Tezgah h\u0131z\u0131<\/td>\n<td valign=\"top\" width=\"435\"><span style=\"vertical-align: inherit;\"><span style=\"vertical-align: inherit;\">1.5-6r \/ m<\/span><\/span><\/td>\n<\/tr>\n<tr>\n<td colspan=\"1\" rowspan=\"1\" valign=\"top\">\u0130\u015f mili motor g\u00fcc\u00fc<\/td>\n<td colspan=\"1\" rowspan=\"1\" valign=\"top\"><span style=\"vertical-align: inherit;\"><span style=\"vertical-align: inherit;\">5.5 kW<\/span><\/span><\/td>\n<\/tr>\n<tr>\n<td colspan=\"1\" rowspan=\"1\" valign=\"top\">Tezgah tahrik motor g\u00fcc\u00fc<\/td>\n<td colspan=\"1\" rowspan=\"1\" valign=\"top\"><span style=\"vertical-align: inherit;\"><span style=\"vertical-align: inherit;\">1.5 kW<\/span><\/span><\/td>\n<\/tr>\n<tr>\n<td colspan=\"1\" rowspan=\"1\" valign=\"top\">\u00c7al\u0131\u015fma hava bas\u0131nc\u0131<\/td>\n<td colspan=\"1\" rowspan=\"1\" valign=\"top\"><span style=\"vertical-align: inherit;\"><span style=\"vertical-align: inherit;\">0.6-0.8 Mpa<\/span><\/span><\/td>\n<\/tr>\n<tr>\n<td colspan=\"1\" rowspan=\"1\" valign=\"top\">Toz \u00e7\u0131k\u0131\u015f \u00e7ap\u0131<\/td>\n<td colspan=\"1\" rowspan=\"1\" valign=\"top\"><span style=\"vertical-align: inherit;\"><span style=\"vertical-align: inherit;\">100mm*4 Adet<\/span><\/span><\/td>\n<\/tr>\n<tr>\n<td valign=\"top\" width=\"435\">Boyutlar<\/td>\n<td valign=\"top\" width=\"435\"><span style=\"vertical-align: inherit;\"><span style=\"vertical-align: inherit;\">1630*1450 * 2400mm<\/span><\/span><\/td>\n<\/tr>\n<tr>\n<td valign=\"top\" width=\"435\">A\u011f\u0131rl\u0131k<\/td>\n<td valign=\"top\" width=\"435\"><span style=\"vertical-align: inherit;\"><span style=\"vertical-align: inherit;\">1200KGS<\/span><\/span><\/td>\n<\/tr>\n<\/tbody>\n<\/table>\n<p>Uygulama:<\/p>\n<p><img data-dominant-color=\"e7caaa\" data-has-transparency=\"true\" style=\"--dominant-color: #e7caaa;\" fetchpriority=\"high\" decoding=\"async\" class=\"has-transparency alignnone size-medium wp-image-2447\" src=\"https:\/\/ldswoodworkingmachine.com\/wp-content\/uploads\/2022\/04\/16511299121-300x277.png\" alt=\"\" width=\"300\" height=\"277\" srcset=\"https:\/\/ldswoodworkingmachine.com\/wp-content\/uploads\/2022\/04\/16511299121-300x277.png 300w, https:\/\/ldswoodworkingmachine.com\/wp-content\/uploads\/2022\/04\/16511299121-100x92.png 100w, https:\/\/ldswoodworkingmachine.com\/wp-content\/uploads\/2022\/04\/16511299121.png 496w\" sizes=\"(max-width: 300px) 100vw, 300px\" \/> <img data-dominant-color=\"cbb8a5\" data-has-transparency=\"true\" style=\"--dominant-color: #cbb8a5;\" decoding=\"async\" class=\"has-transparency alignnone size-medium wp-image-2448\" src=\"https:\/\/ldswoodworkingmachine.com\/wp-content\/uploads\/2022\/04\/16511299691-300x242.png\" alt=\"\" width=\"300\" height=\"242\" srcset=\"https:\/\/ldswoodworkingmachine.com\/wp-content\/uploads\/2022\/04\/16511299691-300x242.png 300w, https:\/\/ldswoodworkingmachine.com\/wp-content\/uploads\/2022\/04\/16511299691-100x81.png 100w, https:\/\/ldswoodworkingmachine.com\/wp-content\/uploads\/2022\/04\/16511299691.png 503w\" sizes=\"(max-width: 300px) 100vw, 300px\" \/> <img data-dominant-color=\"f2d7b9\" data-has-transparency=\"true\" style=\"--dominant-color: #f2d7b9;\" decoding=\"async\" class=\"has-transparency alignnone size-medium wp-image-2450\" src=\"https:\/\/ldswoodworkingmachine.com\/wp-content\/uploads\/2022\/04\/16511304081-285x300.png\" alt=\"\" width=\"285\" height=\"300\" srcset=\"https:\/\/ldswoodworkingmachine.com\/wp-content\/uploads\/2022\/04\/16511304081-285x300.png 285w, https:\/\/ldswoodworkingmachine.com\/wp-content\/uploads\/2022\/04\/16511304081-100x105.png 100w, https:\/\/ldswoodworkingmachine.com\/wp-content\/uploads\/2022\/04\/16511304081.png 536w\" sizes=\"(max-width: 285px) 100vw, 285px\" \/> <img data-dominant-color=\"a38b77\" data-has-transparency=\"true\" style=\"--dominant-color: #a38b77;\" loading=\"lazy\" decoding=\"async\" class=\"has-transparency alignnone size-medium wp-image-2451\" src=\"https:\/\/ldswoodworkingmachine.com\/wp-content\/uploads\/2022\/04\/16511304951-300x240.png\" alt=\"\" width=\"300\" height=\"240\" srcset=\"https:\/\/ldswoodworkingmachine.com\/wp-content\/uploads\/2022\/04\/16511304951-300x240.png 300w, https:\/\/ldswoodworkingmachine.com\/wp-content\/uploads\/2022\/04\/16511304951-600x480.png 600w, https:\/\/ldswoodworkingmachine.com\/wp-content\/uploads\/2022\/04\/16511304951.png 609w\" sizes=\"(max-width: 300px) 100vw, 300px\" \/><\/p>\n<p><!--more--><\/p>\n<p>&nbsp;<\/p>\n<p>Youtube&#039;da video ba\u011flant\u0131s\u0131\uff1a<\/p>\n<p><a href=\"https:\/\/www.youtube.com\/watch?v=tQSQ11iF0Mo\">https:\/\/www.youtube.com\/watch?v=tQSQ11iF0Mo<\/a><\/p>","protected":false},"excerpt":{"rendered":"<p>Bu tip ah\u015fap kopyalama \u015fekillendirme makinesi esas olarak oturma y\u00fczeyleri, mutfak kesme tahtalar\u0131, sehpalar vb.Gibi dairesel, dikd\u00f6rtgen ve oval i\u015f par\u00e7alar\u0131n\u0131n frezelenmesinde kullan\u0131l\u0131r.<\/p>","protected":false},"featured_media":2879,"template":"","meta":{"om_disable_all_campaigns":false,"_monsterinsights_skip_tracking":false,"_monsterinsights_sitenote_active":false,"_monsterinsights_sitenote_note":"","_monsterinsights_sitenote_category":0,"site-sidebar-layout":"default","site-content-layout":"default","ast-site-content-layout":"","site-content-style":"default","site-sidebar-style":"default","ast-global-header-display":"","ast-banner-title-visibility":"","ast-main-header-display":"","ast-hfb-above-header-display":"","ast-hfb-below-header-display":"","ast-hfb-mobile-header-display":"","site-post-title":"","ast-breadcrumbs-content":"","ast-featured-img":"","footer-sml-layout":"","theme-transparent-header-meta":"default","adv-header-id-meta":"","stick-header-meta":"","header-above-stick-meta":"","header-main-stick-meta":"","header-below-stick-meta":"","astra-migrate-meta-layouts":"default","ast-page-background-enabled":"default","ast-page-background-meta":{"desktop":{"background-color":"","background-image":"","background-repeat":"repeat","background-position":"center center","background-size":"auto","background-attachment":"scroll","background-type":"","background-media":"","overlay-type":"","overlay-color":"","overlay-gradient":""},"tablet":{"background-color":"","background-image":"","background-repeat":"repeat","background-position":"center center","background-size":"auto","background-attachment":"scroll","background-type":"","background-media":"","overlay-type":"","overlay-color":"","overlay-gradient":""},"mobile":{"background-color":"","background-image":"","background-repeat":"repeat","background-position":"center center","background-size":"auto","background-attachment":"scroll","background-type":"","background-media":"","overlay-type":"","overlay-color":"","overlay-gradient":""}},"ast-content-background-meta":{"desktop":{"background-color":"var(--ast-global-color-5)","background-image":"","background-repeat":"repeat","background-position":"center center","background-size":"auto","background-attachment":"scroll","background-type":"","background-media":"","overlay-type":"","overlay-color":"","overlay-gradient":""},"tablet":{"background-color":"var(--ast-global-color-5)","background-image":"","background-repeat":"repeat","background-position":"center center","background-size":"auto","background-attachment":"scroll","background-type":"","background-media":"","overlay-type":"","overlay-color":"","overlay-gradient":""},"mobile":{"background-color":"var(--ast-global-color-5)","background-image":"","background-repeat":"repeat","background-position":"center center","background-size":"auto","background-attachment":"scroll","background-type":"","background-media":"","overlay-type":"","overlay-color":"","overlay-gradient":""}},"_joinchat":[]},"product_cat":[54],"product_tag":[],"class_list":{"0":"post-2446","1":"product","2":"type-product","3":"status-publish","4":"has-post-thumbnail","6":"product_cat-wood-copy-shaper-machine","7":"desktop-align-center","8":"tablet-align-left","9":"mobile-align-left","11":"first","12":"instock","13":"shipping-taxable","14":"product-type-simple"},"yoast_head":"<!-- This site is optimized with the Yoast SEO Premium plugin v24.0 (Yoast SEO v24.1) - https:\/\/yoast.com\/wordpress\/plugins\/seo\/ -->\n<title>MX7212 Wood copy shaper machine - LDSWOODWORKINGMACHINE<\/title>\n<meta name=\"description\" content=\"This type of\u00a0 wood copy shaper machine is mainly used for milling of circular, rectangular and oval workpieces, such as seat surfaces, kitchen cutting boards, coffee tables, etc.\" \/>\n<meta name=\"robots\" content=\"index, follow, max-snippet:-1, max-image-preview:large, max-video-preview:-1\" \/>\n<link rel=\"canonical\" href=\"https:\/\/ldswoodworkingmachine.com\/tr\/urun\/mx7212-wood-copy-shaper-machine\/\" \/>\n<meta property=\"og:locale\" content=\"tr_TR\" \/>\n<meta property=\"og:type\" content=\"article\" \/>\n<meta property=\"og:title\" content=\"MX-7212 Automatic wood copy shaper machine\" \/>\n<meta property=\"og:description\" content=\"This type of\u00a0 wood copy shaper machine is mainly used for milling of circular, rectangular and oval workpieces, such as seat surfaces, kitchen cutting boards, coffee tables, etc.\" \/>\n<meta property=\"og:url\" content=\"https:\/\/ldswoodworkingmachine.com\/tr\/urun\/mx7212-wood-copy-shaper-machine\/\" \/>\n<meta property=\"og:site_name\" content=\"LDSWOODWORKINGMACHINE\" \/>\n<meta property=\"article:publisher\" content=\"https:\/\/www.facebook.com\/profile.php?id=100076190379298\" \/>\n<meta property=\"article:modified_time\" content=\"2023-03-23T04:06:03+00:00\" \/>\n<meta property=\"og:image\" content=\"https:\/\/ldswoodworkingmachine.com\/wp-content\/uploads\/2022\/04\/-1-2-e1652342046487.jpg\" \/>\n\t<meta property=\"og:image:width\" content=\"623\" \/>\n\t<meta property=\"og:image:height\" content=\"623\" \/>\n\t<meta property=\"og:image:type\" content=\"image\/jpeg\" \/>\n<meta name=\"twitter:card\" content=\"summary_large_image\" \/>\n<meta name=\"twitter:title\" content=\"MX-7212 Automatic wood copy shaper machine\" \/>\n<meta name=\"twitter:description\" content=\"This type of\u00a0 wood copy shaper machine is mainly used for milling of circular, rectangular and oval workpieces, such as seat surfaces, kitchen cutting boards, coffee tables, etc.\" \/>\n<meta name=\"twitter:image\" content=\"https:\/\/ldswoodworkingmachine.com\/wp-content\/uploads\/2022\/04\/-1-2-e1652342046487.webp\" \/>\n<meta name=\"twitter:label1\" content=\"Tahmini okuma s\u00fcresi\" \/>\n\t<meta name=\"twitter:data1\" content=\"3 dakika\" \/>\n<script type=\"application\/ld+json\" class=\"yoast-schema-graph\">{\"@context\":\"https:\/\/schema.org\",\"@graph\":[{\"@type\":\"WebPage\",\"@id\":\"https:\/\/ldswoodworkingmachine.com\/product\/mx7212-wood-copy-shaper-machine\",\"url\":\"https:\/\/ldswoodworkingmachine.com\/product\/mx7212-wood-copy-shaper-machine\",\"name\":\"MX7212 Wood copy shaper machine - LDSWOODWORKINGMACHINE\",\"isPartOf\":{\"@id\":\"https:\/\/ldswoodworkingmachine.com\/#website\"},\"primaryImageOfPage\":{\"@id\":\"https:\/\/ldswoodworkingmachine.com\/product\/mx7212-wood-copy-shaper-machine#primaryimage\"},\"image\":{\"@id\":\"https:\/\/ldswoodworkingmachine.com\/product\/mx7212-wood-copy-shaper-machine#primaryimage\"},\"thumbnailUrl\":\"https:\/\/ldswoodworkingmachine.com\/wp-content\/uploads\/2022\/04\/-1-2-e1652342046487.webp\",\"datePublished\":\"2022-04-28T06:54:27+00:00\",\"dateModified\":\"2023-03-23T04:06:03+00:00\",\"description\":\"This type of\u00a0 wood copy shaper machine is mainly used for milling of circular, rectangular and oval workpieces, such as seat surfaces, kitchen cutting boards, coffee tables, etc.\",\"breadcrumb\":{\"@id\":\"https:\/\/ldswoodworkingmachine.com\/product\/mx7212-wood-copy-shaper-machine#breadcrumb\"},\"inLanguage\":\"tr\",\"potentialAction\":[{\"@type\":\"ReadAction\",\"target\":[\"https:\/\/ldswoodworkingmachine.com\/product\/mx7212-wood-copy-shaper-machine\"]}]},{\"@type\":\"ImageObject\",\"inLanguage\":\"tr\",\"@id\":\"https:\/\/ldswoodworkingmachine.com\/product\/mx7212-wood-copy-shaper-machine#primaryimage\",\"url\":\"https:\/\/ldswoodworkingmachine.com\/wp-content\/uploads\/2022\/04\/-1-2-e1652342046487.webp\",\"contentUrl\":\"https:\/\/ldswoodworkingmachine.com\/wp-content\/uploads\/2022\/04\/-1-2-e1652342046487.webp\",\"width\":623,\"height\":623,\"caption\":\"MX7212 Wood copy shaper machine\"},{\"@type\":\"BreadcrumbList\",\"@id\":\"https:\/\/ldswoodworkingmachine.com\/product\/mx7212-wood-copy-shaper-machine#breadcrumb\",\"itemListElement\":[{\"@type\":\"ListItem\",\"position\":1,\"name\":\"Home\",\"item\":\"https:\/\/ldswoodworkingmachine.com\/\"},{\"@type\":\"ListItem\",\"position\":2,\"name\":\"All Product\",\"item\":\"https:\/\/ldswoodworkingmachine.com\/shop\"},{\"@type\":\"ListItem\",\"position\":3,\"name\":\"MX7212 Wood copy shaper machine\"}]},{\"@type\":\"WebSite\",\"@id\":\"https:\/\/ldswoodworkingmachine.com\/#website\",\"url\":\"https:\/\/ldswoodworkingmachine.com\/\",\"name\":\"LDSWOODWORKINGMACHINE\",\"description\":\"WOODWORKING MACHINE\",\"publisher\":{\"@id\":\"https:\/\/ldswoodworkingmachine.com\/#organization\"},\"potentialAction\":[{\"@type\":\"SearchAction\",\"target\":{\"@type\":\"EntryPoint\",\"urlTemplate\":\"https:\/\/ldswoodworkingmachine.com\/?s={search_term_string}\"},\"query-input\":{\"@type\":\"PropertyValueSpecification\",\"valueRequired\":true,\"valueName\":\"search_term_string\"}}],\"inLanguage\":\"tr\"},{\"@type\":\"Organization\",\"@id\":\"https:\/\/ldswoodworkingmachine.com\/#organization\",\"name\":\"LDSWOODWORKINGMACHINE\",\"url\":\"https:\/\/ldswoodworkingmachine.com\/\",\"logo\":{\"@type\":\"ImageObject\",\"inLanguage\":\"tr\",\"@id\":\"https:\/\/ldswoodworkingmachine.com\/#\/schema\/logo\/image\/\",\"url\":\"https:\/\/ldswoodworkingmachine.com\/wp-content\/uploads\/2022\/04\/cropped-12-1.png\",\"contentUrl\":\"https:\/\/ldswoodworkingmachine.com\/wp-content\/uploads\/2022\/04\/cropped-12-1.png\",\"width\":334,\"height\":80,\"caption\":\"LDSWOODWORKINGMACHINE\"},\"image\":{\"@id\":\"https:\/\/ldswoodworkingmachine.com\/#\/schema\/logo\/image\/\"},\"sameAs\":[\"https:\/\/www.facebook.com\/profile.php?id=100076190379298\",\"https:\/\/www.youtube.com\/channel\/UC_ZTI5V0mMTwFrQ29Jmb5Qw?view_as=subscriber\"]}]}<\/script>\n<!-- \/ Yoast SEO Premium plugin. -->","yoast_head_json":{"title":"MX7212 Wood copy shaper machine - LDSWOODWORKINGMACHINE","description":"This type of\u00a0 wood copy shaper machine is mainly used for milling of circular, rectangular and oval workpieces, such as seat surfaces, kitchen cutting boards, coffee tables, etc.","robots":{"index":"index","follow":"follow","max-snippet":"max-snippet:-1","max-image-preview":"max-image-preview:large","max-video-preview":"max-video-preview:-1"},"canonical":"https:\/\/ldswoodworkingmachine.com\/tr\/urun\/mx7212-wood-copy-shaper-machine\/","og_locale":"tr_TR","og_type":"article","og_title":"MX-7212 Automatic wood copy shaper machine","og_description":"This type of\u00a0 wood copy shaper machine is mainly used for milling of circular, rectangular and oval workpieces, such as seat surfaces, kitchen cutting boards, coffee tables, etc.","og_url":"https:\/\/ldswoodworkingmachine.com\/tr\/urun\/mx7212-wood-copy-shaper-machine\/","og_site_name":"LDSWOODWORKINGMACHINE","article_publisher":"https:\/\/www.facebook.com\/profile.php?id=100076190379298","article_modified_time":"2023-03-23T04:06:03+00:00","og_image":[{"width":623,"height":623,"url":"https:\/\/ldswoodworkingmachine.com\/wp-content\/uploads\/2022\/04\/-1-2-e1652342046487.jpg","type":"image\/jpeg"}],"twitter_card":"summary_large_image","twitter_title":"MX-7212 Automatic wood copy shaper machine","twitter_description":"This type of\u00a0 wood copy shaper machine is mainly used for milling of circular, rectangular and oval workpieces, such as seat surfaces, kitchen cutting boards, coffee tables, etc.","twitter_image":"https:\/\/ldswoodworkingmachine.com\/wp-content\/uploads\/2022\/04\/-1-2-e1652342046487.webp","twitter_misc":{"Tahmini okuma s\u00fcresi":"3 dakika"},"schema":{"@context":"https:\/\/schema.org","@graph":[{"@type":"WebPage","@id":"https:\/\/ldswoodworkingmachine.com\/product\/mx7212-wood-copy-shaper-machine","url":"https:\/\/ldswoodworkingmachine.com\/product\/mx7212-wood-copy-shaper-machine","name":"MX7212 Wood copy shaper machine - LDSWOODWORKINGMACHINE","isPartOf":{"@id":"https:\/\/ldswoodworkingmachine.com\/#website"},"primaryImageOfPage":{"@id":"https:\/\/ldswoodworkingmachine.com\/product\/mx7212-wood-copy-shaper-machine#primaryimage"},"image":{"@id":"https:\/\/ldswoodworkingmachine.com\/product\/mx7212-wood-copy-shaper-machine#primaryimage"},"thumbnailUrl":"https:\/\/ldswoodworkingmachine.com\/wp-content\/uploads\/2022\/04\/-1-2-e1652342046487.webp","datePublished":"2022-04-28T06:54:27+00:00","dateModified":"2023-03-23T04:06:03+00:00","description":"This type of\u00a0 wood copy shaper machine is mainly used for milling of circular, rectangular and oval workpieces, such as seat surfaces, kitchen cutting boards, coffee tables, etc.","breadcrumb":{"@id":"https:\/\/ldswoodworkingmachine.com\/product\/mx7212-wood-copy-shaper-machine#breadcrumb"},"inLanguage":"tr","potentialAction":[{"@type":"ReadAction","target":["https:\/\/ldswoodworkingmachine.com\/product\/mx7212-wood-copy-shaper-machine"]}]},{"@type":"ImageObject","inLanguage":"tr","@id":"https:\/\/ldswoodworkingmachine.com\/product\/mx7212-wood-copy-shaper-machine#primaryimage","url":"https:\/\/ldswoodworkingmachine.com\/wp-content\/uploads\/2022\/04\/-1-2-e1652342046487.webp","contentUrl":"https:\/\/ldswoodworkingmachine.com\/wp-content\/uploads\/2022\/04\/-1-2-e1652342046487.webp","width":623,"height":623,"caption":"MX7212 Wood copy shaper machine"},{"@type":"BreadcrumbList","@id":"https:\/\/ldswoodworkingmachine.com\/product\/mx7212-wood-copy-shaper-machine#breadcrumb","itemListElement":[{"@type":"ListItem","position":1,"name":"Home","item":"https:\/\/ldswoodworkingmachine.com\/"},{"@type":"ListItem","position":2,"name":"All Product","item":"https:\/\/ldswoodworkingmachine.com\/shop"},{"@type":"ListItem","position":3,"name":"MX7212 Wood copy shaper machine"}]},{"@type":"WebSite","@id":"https:\/\/ldswoodworkingmachine.com\/#website","url":"https:\/\/ldswoodworkingmachine.com\/","name":"LDSWOODWORKINGMACHINE","description":"WOODWORKING MACHINE","publisher":{"@id":"https:\/\/ldswoodworkingmachine.com\/#organization"},"potentialAction":[{"@type":"SearchAction","target":{"@type":"EntryPoint","urlTemplate":"https:\/\/ldswoodworkingmachine.com\/?s={search_term_string}"},"query-input":{"@type":"PropertyValueSpecification","valueRequired":true,"valueName":"search_term_string"}}],"inLanguage":"tr"},{"@type":"Organization","@id":"https:\/\/ldswoodworkingmachine.com\/#organization","name":"LDSWOODWORKINGMACHINE","url":"https:\/\/ldswoodworkingmachine.com\/","logo":{"@type":"ImageObject","inLanguage":"tr","@id":"https:\/\/ldswoodworkingmachine.com\/#\/schema\/logo\/image\/","url":"https:\/\/ldswoodworkingmachine.com\/wp-content\/uploads\/2022\/04\/cropped-12-1.png","contentUrl":"https:\/\/ldswoodworkingmachine.com\/wp-content\/uploads\/2022\/04\/cropped-12-1.png","width":334,"height":80,"caption":"LDSWOODWORKINGMACHINE"},"image":{"@id":"https:\/\/ldswoodworkingmachine.com\/#\/schema\/logo\/image\/"},"sameAs":["https:\/\/www.facebook.com\/profile.php?id=100076190379298","https:\/\/www.youtube.com\/channel\/UC_ZTI5V0mMTwFrQ29Jmb5Qw?view_as=subscriber"]}]}},"_links":{"self":[{"href":"https:\/\/ldswoodworkingmachine.com\/tr\/wp-json\/wp\/v2\/product\/2446","targetHints":{"allow":["GET"]}}],"collection":[{"href":"https:\/\/ldswoodworkingmachine.com\/tr\/wp-json\/wp\/v2\/product"}],"about":[{"href":"https:\/\/ldswoodworkingmachine.com\/tr\/wp-json\/wp\/v2\/types\/product"}],"wp:featuredmedia":[{"embeddable":true,"href":"https:\/\/ldswoodworkingmachine.com\/tr\/wp-json\/wp\/v2\/media\/2879"}],"wp:attachment":[{"href":"https:\/\/ldswoodworkingmachine.com\/tr\/wp-json\/wp\/v2\/media?parent=2446"}],"wp:term":[{"taxonomy":"product_cat","embeddable":true,"href":"https:\/\/ldswoodworkingmachine.com\/tr\/wp-json\/wp\/v2\/product_cat?post=2446"},{"taxonomy":"product_tag","embeddable":true,"href":"https:\/\/ldswoodworkingmachine.com\/tr\/wp-json\/wp\/v2\/product_tag?post=2446"}],"curies":[{"name":"wp","href":"https:\/\/api.w.org\/{rel}","templated":true}]}}