{"id":1459,"date":"2022-03-21T06:26:21","date_gmt":"2022-03-21T06:26:21","guid":{"rendered":"https:\/\/ldswoodworkingmachine.com\/?page_id=1459"},"modified":"2025-12-03T09:03:15","modified_gmt":"2025-12-03T09:03:15","slug":"contact-us","status":"publish","type":"page","link":"https:\/\/ldswoodworkingmachine.com\/tr\/contact-us","title":{"rendered":"Bize Ula\u015f\u0131n"},"content":{"rendered":"<div data-elementor-type=\"wp-page\" data-elementor-id=\"1459\" class=\"elementor elementor-1459\" data-elementor-post-type=\"page\">\n\t\t\t\t\t\t<section class=\"elementor-section elementor-top-section elementor-element elementor-element-itemb81 elementor-section-boxed elementor-section-height-default elementor-section-height-default\" data-id=\"itemb81\" data-element_type=\"section\">\n\t\t\t\t\t\t<div class=\"elementor-container elementor-column-gap-no\">\n\t\t\t\t\t<div class=\"elementor-column elementor-col-100 elementor-top-column elementor-element elementor-element-c563e3d\" data-id=\"c563e3d\" data-element_type=\"column\">\n\t\t\t<div class=\"elementor-widget-wrap elementor-element-populated\">\n\t\t\t\t\t\t<div class=\"elementor-element elementor-element-fe9890c elementor-widget__width-auto elementor-widget elementor-widget-heading\" data-id=\"fe9890c\" data-element_type=\"widget\" data-widget_type=\"heading.default\">\n\t\t\t\t<div class=\"elementor-widget-container\">\n\t\t\t\t\t<h1 class=\"elementor-heading-title elementor-size-default\">Ba\u011flant\u0131<\/h1>\t\t\t\t<\/div>\n\t\t\t\t<\/div>\n\t\t\t\t<div class=\"elementor-element elementor-element-8156337 elementor-absolute elementor-widget elementor-widget-image\" data-id=\"8156337\" data-element_type=\"widget\" data-settings=\"{&quot;_position&quot;:&quot;absolute&quot;}\" data-widget_type=\"image.default\">\n\t\t\t\t<div class=\"elementor-widget-container\">\n\t\t\t\t\t\t\t\t\t\t\t\t\t\t\t<img fetchpriority=\"high\" decoding=\"async\" width=\"400\" height=\"192\" src=\"https:\/\/ldswoodworkingmachine.com\/wp-content\/uploads\/2022\/04\/pattern.png\" class=\"attachment-large size-large wp-image-2097 not-transparent\" alt=\"\" srcset=\"https:\/\/ldswoodworkingmachine.com\/wp-content\/uploads\/2022\/04\/pattern.png 400w, https:\/\/ldswoodworkingmachine.com\/wp-content\/uploads\/2022\/04\/pattern-300x144.png 300w\" sizes=\"(max-width: 400px) 100vw, 400px\" data-has-transparency=\"false\" data-dominant-color=\"1c7261\" style=\"--dominant-color: #1c7261\" \/>\t\t\t\t\t\t\t\t\t\t\t\t\t\t\t<\/div>\n\t\t\t\t<\/div>\n\t\t\t\t\t<\/div>\n\t\t<\/div>\n\t\t\t\t\t<\/div>\n\t\t<\/section>\n\t\t\t\t<section class=\"elementor-section elementor-top-section elementor-element elementor-element-reqjlgs elementor-section-boxed elementor-section-height-default elementor-section-height-default\" data-id=\"reqjlgs\" data-element_type=\"section\" data-settings=\"{&quot;background_background&quot;:&quot;classic&quot;}\">\n\t\t\t\t\t\t<div class=\"elementor-container elementor-column-gap-no\">\n\t\t\t\t\t<div class=\"elementor-column elementor-col-100 elementor-top-column elementor-element elementor-element-36707ee\" data-id=\"36707ee\" data-element_type=\"column\">\n\t\t\t<div class=\"elementor-widget-wrap elementor-element-populated\">\n\t\t\t\t\t\t<div class=\"elementor-element elementor-element-a99906e elementor-position-inline-start elementor-view-default elementor-mobile-position-block-start elementor-widget elementor-widget-icon-box\" data-id=\"a99906e\" data-element_type=\"widget\" data-widget_type=\"icon-box.default\">\n\t\t\t\t<div class=\"elementor-widget-container\">\n\t\t\t\t\t\t\t<div class=\"elementor-icon-box-wrapper\">\n\n\t\t\t\t\t\t<div class=\"elementor-icon-box-icon\">\n\t\t\t\t<span  class=\"elementor-icon\">\n\t\t\t\t<i aria-hidden=\"true\" class=\"fas fa-map-marker-alt\"><\/i>\t\t\t\t<\/span>\n\t\t\t<\/div>\n\t\t\t\n\t\t\t\t\t\t<div class=\"elementor-icon-box-content\">\n\n\t\t\t\t\t\t\t\t\t<h6 class=\"elementor-icon-box-title\">\n\t\t\t\t\t\t<span  >\n\t\t\t\t\t\t\tKonumumuz\t\t\t\t\t\t<\/span>\n\t\t\t\t\t<\/h6>\n\t\t\t\t\n\t\t\t\t\t\t\t\t\t<p class=\"elementor-icon-box-description\">\n\t\t\t\t\t\tNo. 3 Hongye Yolu, Xinjiao Sanayi B\u00f6lgesi, Daliang, Shunde B\u00f6lgesi, Foshan \u015eehri, Guangdong Eyaleti, \u00c7in.\t\t\t\t\t<\/p>\n\t\t\t\t\n\t\t\t<\/div>\n\t\t\t\n\t\t<\/div>\n\t\t\t\t\t\t<\/div>\n\t\t\t\t<\/div>\n\t\t\t\t<div class=\"elementor-element elementor-element-2c04ea4 elementor-widget elementor-widget-google_maps\" data-id=\"2c04ea4\" data-element_type=\"widget\" data-widget_type=\"google_maps.default\">\n\t\t\t\t<div class=\"elementor-widget-container\">\n\t\t\t\t\t\t\t<div class=\"elementor-custom-embed\">\n\t\t\t<iframe loading=\"lazy\"\n\t\t\t\t\tsrc=\"https:\/\/maps.google.com\/maps?q=%E4%BD%9B%E5%B1%B1%E5%B8%82%E6%99%A8%E8%88%9C%E6%9C%BA%E6%A2%B0%E8%AE%BE%E5%A4%87%E6%9C%89%E9%99%90%E5%85%AC%E5%8F%B8&#038;t=m&#038;z=10&#038;output=embed&#038;iwloc=near\"\n\t\t\t\t\ttitle=\"\u4f5b\u5c71\u5e02\u6668\u821c\u673a\u68b0\u8bbe\u5907\u6709\u9650\u516c\u53f8\"\n\t\t\t\t\taria-label=\"\u4f5b\u5c71\u5e02\u6668\u821c\u673a\u68b0\u8bbe\u5907\u6709\u9650\u516c\u53f8\"\n\t\t\t><\/iframe>\n\t\t<\/div>\n\t\t\t\t\t\t<\/div>\n\t\t\t\t<\/div>\n\t\t\t\t<div class=\"elementor-element elementor-element-dc58d52 elementor-widget-divider--view-line elementor-widget elementor-widget-divider\" data-id=\"dc58d52\" data-element_type=\"widget\" data-widget_type=\"divider.default\">\n\t\t\t\t<div class=\"elementor-widget-container\">\n\t\t\t\t\t\t\t<div class=\"elementor-divider\">\n\t\t\t<span class=\"elementor-divider-separator\">\n\t\t\t\t\t\t<\/span>\n\t\t<\/div>\n\t\t\t\t\t\t<\/div>\n\t\t\t\t<\/div>\n\t\t\t\t<div class=\"elementor-element elementor-element-7f23fe1 elementor-position-inline-start elementor-widget__width-auto elementor-widget-tablet__width-inherit elementor-view-default elementor-mobile-position-block-start elementor-widget elementor-widget-icon-box\" data-id=\"7f23fe1\" data-element_type=\"widget\" data-widget_type=\"icon-box.default\">\n\t\t\t\t<div class=\"elementor-widget-container\">\n\t\t\t\t\t\t\t<div class=\"elementor-icon-box-wrapper\">\n\n\t\t\t\t\t\t<div class=\"elementor-icon-box-icon\">\n\t\t\t\t<span  class=\"elementor-icon\">\n\t\t\t\t<i aria-hidden=\"true\" class=\"fas fa-clock\"><\/i>\t\t\t\t<\/span>\n\t\t\t<\/div>\n\t\t\t\n\t\t\t\t\t\t<div class=\"elementor-icon-box-content\">\n\n\t\t\t\t\t\t\t\t\t<h6 class=\"elementor-icon-box-title\">\n\t\t\t\t\t\t<span  >\n\t\t\t\t\t\t\t\u00c7evrimi\u00e7i Zaman\t\t\t\t\t\t<\/span>\n\t\t\t\t\t<\/h6>\n\t\t\t\t\n\t\t\t\t\t\t\t\t\t<p class=\"elementor-icon-box-description\">\n\t\t\t\t\t\tPazartesi-Cuma: 9am-11pm<br>Cumartesi-G\u00fcne\u015f: 10am-11pm\t\t\t\t\t<\/p>\n\t\t\t\t\n\t\t\t<\/div>\n\t\t\t\n\t\t<\/div>\n\t\t\t\t\t\t<\/div>\n\t\t\t\t<\/div>\n\t\t\t\t<div class=\"elementor-element elementor-element-8eff3a5 elementor-position-inline-start elementor-widget__width-auto elementor-widget-tablet__width-inherit elementor-view-default elementor-mobile-position-block-start elementor-widget elementor-widget-icon-box\" data-id=\"8eff3a5\" data-element_type=\"widget\" data-widget_type=\"icon-box.default\">\n\t\t\t\t<div class=\"elementor-widget-container\">\n\t\t\t\t\t\t\t<div class=\"elementor-icon-box-wrapper\">\n\n\t\t\t\t\t\t<div class=\"elementor-icon-box-icon\">\n\t\t\t\t<span  class=\"elementor-icon\">\n\t\t\t\t<i aria-hidden=\"true\" class=\"fas fa-store\"><\/i>\t\t\t\t<\/span>\n\t\t\t<\/div>\n\t\t\t\n\t\t\t\t\t\t<div class=\"elementor-icon-box-content\">\n\n\t\t\t\t\t\t\t\t\t<h6 class=\"elementor-icon-box-title\">\n\t\t\t\t\t\t<span  >\n\t\t\t\t\t\t\tBa\u011flant\u0131\t\t\t\t\t\t<\/span>\n\t\t\t\t\t<\/h6>\n\t\t\t\t\n\t\t\t\t\t\t\t\t\t<p class=\"elementor-icon-box-description\">\n\t\t\t\t\t\tTEL\/WhatsApp +86 18125678359\/+86 186 6659 3302<br>Email: amyxie@lideshi.cn\/zara@lideshi.cn\t\t\t\t\t<\/p>\n\t\t\t\t\n\t\t\t<\/div>\n\t\t\t\n\t\t<\/div>\n\t\t\t\t\t\t<\/div>\n\t\t\t\t<\/div>\n\t\t\t\t\t<\/div>\n\t\t<\/div>\n\t\t\t\t\t<\/div>\n\t\t<\/section>\n\t\t\t\t<\/div>","protected":false},"excerpt":{"rendered":"<p>Contact Our location No. 3 Hongye Road, Xinjiao Industrial Zone, Daliang, Shunde District, Foshan City, Guangdong Province,China. Online Time Mon-Fri: 9am-11pmSat-Sun: 10am-11pm Contact TEL\/WhatsApp +86 18125678359\/+86 186 6659 3302Email: amyxie@lideshi.cn\/zara@lideshi.cn<\/p>","protected":false},"author":1,"featured_media":0,"parent":0,"menu_order":0,"comment_status":"closed","ping_status":"closed","template":"","meta":{"om_disable_all_campaigns":false,"_monsterinsights_skip_tracking":false,"_monsterinsights_sitenote_active":false,"_monsterinsights_sitenote_note":"","_monsterinsights_sitenote_category":0,"site-sidebar-layout":"no-sidebar","site-content-layout":"page-builder","ast-site-content-layout":"","site-content-style":"default","site-sidebar-style":"default","ast-global-header-display":"","ast-banner-title-visibility":"","ast-main-header-display":"","ast-hfb-above-header-display":"","ast-hfb-below-header-display":"","ast-hfb-mobile-header-display":"","site-post-title":"disabled","ast-breadcrumbs-content":"","ast-featured-img":"disabled","footer-sml-layout":"","theme-transparent-header-meta":"","adv-header-id-meta":"","stick-header-meta":"","header-above-stick-meta":"","header-main-stick-meta":"","header-below-stick-meta":"","astra-migrate-meta-layouts":"default","ast-page-background-enabled":"default","ast-page-background-meta":{"desktop":{"background-color":"","background-image":"","background-repeat":"repeat","background-position":"center center","background-size":"auto","background-attachment":"scroll","background-type":"","background-media":"","overlay-type":"","overlay-color":"","overlay-gradient":""},"tablet":{"background-color":"","background-image":"","background-repeat":"repeat","background-position":"center center","background-size":"auto","background-attachment":"scroll","background-type":"","background-media":"","overlay-type":"","overlay-color":"","overlay-gradient":""},"mobile":{"background-color":"","background-image":"","background-repeat":"repeat","background-position":"center center","background-size":"auto","background-attachment":"scroll","background-type":"","background-media":"","overlay-type":"","overlay-color":"","overlay-gradient":""}},"ast-content-background-meta":{"desktop":{"background-color":"var(--ast-global-color-5)","background-image":"","background-repeat":"repeat","background-position":"center center","background-size":"auto","background-attachment":"scroll","background-type":"","background-media":"","overlay-type":"","overlay-color":"","overlay-gradient":""},"tablet":{"background-color":"var(--ast-global-color-5)","background-image":"","background-repeat":"repeat","background-position":"center center","background-size":"auto","background-attachment":"scroll","background-type":"","background-media":"","overlay-type":"","overlay-color":"","overlay-gradient":""},"mobile":{"background-color":"var(--ast-global-color-5)","background-image":"","background-repeat":"repeat","background-position":"center center","background-size":"auto","background-attachment":"scroll","background-type":"","background-media":"","overlay-type":"","overlay-color":"","overlay-gradient":""}},"_joinchat":[],"footnotes":""},"class_list":["post-1459","page","type-page","status-publish","hentry"],"yoast_head":"<!-- This site is optimized with the Yoast SEO Premium plugin v24.0 (Yoast SEO v24.1) - https:\/\/yoast.com\/wordpress\/plugins\/seo\/ -->\n<title>Contact us - LDSWOODWORKINGMACHINE<\/title>\n<meta name=\"robots\" content=\"index, follow, max-snippet:-1, max-image-preview:large, max-video-preview:-1\" \/>\n<link rel=\"canonical\" href=\"https:\/\/ldswoodworkingmachine.com\/tr\/contact-us\/\" \/>\n<meta property=\"og:locale\" content=\"tr_TR\" \/>\n<meta property=\"og:type\" content=\"article\" \/>\n<meta property=\"og:title\" content=\"Contact us\" \/>\n<meta property=\"og:description\" content=\"Contact Our location No. 3 Hongye Road, Xinjiao Industrial Zone, Daliang, Shunde District, Foshan City, Guangdong Province,China. Online Time Mon-Fri: 9am-11pmSat-Sun: 10am-11pm Contact TEL\/WhatsApp +86 18125678359\/+86 186 6659 3302Email: amyxie@lideshi.cn\/zara@lideshi.cn\" \/>\n<meta property=\"og:url\" content=\"https:\/\/ldswoodworkingmachine.com\/tr\/contact-us\/\" \/>\n<meta property=\"og:site_name\" content=\"LDSWOODWORKINGMACHINE\" \/>\n<meta property=\"article:publisher\" content=\"https:\/\/www.facebook.com\/profile.php?id=100076190379298\" \/>\n<meta property=\"article:modified_time\" content=\"2025-12-03T09:03:15+00:00\" \/>\n<meta property=\"og:image\" content=\"https:\/\/ldswoodworkingmachine.com\/wp-content\/uploads\/2022\/04\/pattern.png\" \/>\n\t<meta property=\"og:image:width\" content=\"400\" \/>\n\t<meta property=\"og:image:height\" content=\"192\" \/>\n\t<meta property=\"og:image:type\" content=\"image\/png\" \/>\n<meta name=\"twitter:card\" content=\"summary_large_image\" \/>\n<meta name=\"twitter:label1\" content=\"Tahmini okuma s\u00fcresi\" \/>\n\t<meta name=\"twitter:data1\" content=\"1 dakika\" \/>\n<script type=\"application\/ld+json\" class=\"yoast-schema-graph\">{\"@context\":\"https:\/\/schema.org\",\"@graph\":[{\"@type\":\"WebPage\",\"@id\":\"https:\/\/ldswoodworkingmachine.com\/contact-us\",\"url\":\"https:\/\/ldswoodworkingmachine.com\/contact-us\",\"name\":\"Contact us - LDSWOODWORKINGMACHINE\",\"isPartOf\":{\"@id\":\"https:\/\/ldswoodworkingmachine.com\/#website\"},\"primaryImageOfPage\":{\"@id\":\"https:\/\/ldswoodworkingmachine.com\/contact-us#primaryimage\"},\"image\":{\"@id\":\"https:\/\/ldswoodworkingmachine.com\/contact-us#primaryimage\"},\"thumbnailUrl\":\"https:\/\/ldswoodworkingmachine.com\/wp-content\/uploads\/2022\/04\/pattern.png\",\"datePublished\":\"2022-03-21T06:26:21+00:00\",\"dateModified\":\"2025-12-03T09:03:15+00:00\",\"breadcrumb\":{\"@id\":\"https:\/\/ldswoodworkingmachine.com\/contact-us#breadcrumb\"},\"inLanguage\":\"tr\",\"potentialAction\":[{\"@type\":\"ReadAction\",\"target\":[\"https:\/\/ldswoodworkingmachine.com\/contact-us\"]}]},{\"@type\":\"ImageObject\",\"inLanguage\":\"tr\",\"@id\":\"https:\/\/ldswoodworkingmachine.com\/contact-us#primaryimage\",\"url\":\"https:\/\/ldswoodworkingmachine.com\/wp-content\/uploads\/2022\/04\/pattern.png\",\"contentUrl\":\"https:\/\/ldswoodworkingmachine.com\/wp-content\/uploads\/2022\/04\/pattern.png\"},{\"@type\":\"BreadcrumbList\",\"@id\":\"https:\/\/ldswoodworkingmachine.com\/contact-us#breadcrumb\",\"itemListElement\":[{\"@type\":\"ListItem\",\"position\":1,\"name\":\"Home\",\"item\":\"https:\/\/ldswoodworkingmachine.com\/\"},{\"@type\":\"ListItem\",\"position\":2,\"name\":\"Contact us\"}]},{\"@type\":\"WebSite\",\"@id\":\"https:\/\/ldswoodworkingmachine.com\/#website\",\"url\":\"https:\/\/ldswoodworkingmachine.com\/\",\"name\":\"LDSWOODWORKINGMACHINE\",\"description\":\"WOODWORKING MACHINE\",\"publisher\":{\"@id\":\"https:\/\/ldswoodworkingmachine.com\/#organization\"},\"potentialAction\":[{\"@type\":\"SearchAction\",\"target\":{\"@type\":\"EntryPoint\",\"urlTemplate\":\"https:\/\/ldswoodworkingmachine.com\/?s={search_term_string}\"},\"query-input\":{\"@type\":\"PropertyValueSpecification\",\"valueRequired\":true,\"valueName\":\"search_term_string\"}}],\"inLanguage\":\"tr\"},{\"@type\":\"Organization\",\"@id\":\"https:\/\/ldswoodworkingmachine.com\/#organization\",\"name\":\"LDSWOODWORKINGMACHINE\",\"url\":\"https:\/\/ldswoodworkingmachine.com\/\",\"logo\":{\"@type\":\"ImageObject\",\"inLanguage\":\"tr\",\"@id\":\"https:\/\/ldswoodworkingmachine.com\/#\/schema\/logo\/image\/\",\"url\":\"https:\/\/ldswoodworkingmachine.com\/wp-content\/uploads\/2022\/04\/cropped-12-1.png\",\"contentUrl\":\"https:\/\/ldswoodworkingmachine.com\/wp-content\/uploads\/2022\/04\/cropped-12-1.png\",\"width\":334,\"height\":80,\"caption\":\"LDSWOODWORKINGMACHINE\"},\"image\":{\"@id\":\"https:\/\/ldswoodworkingmachine.com\/#\/schema\/logo\/image\/\"},\"sameAs\":[\"https:\/\/www.facebook.com\/profile.php?id=100076190379298\",\"https:\/\/www.youtube.com\/channel\/UC_ZTI5V0mMTwFrQ29Jmb5Qw?view_as=subscriber\"]}]}<\/script>\n<!-- \/ Yoast SEO Premium plugin. -->","yoast_head_json":{"title":"Contact us - LDSWOODWORKINGMACHINE","robots":{"index":"index","follow":"follow","max-snippet":"max-snippet:-1","max-image-preview":"max-image-preview:large","max-video-preview":"max-video-preview:-1"},"canonical":"https:\/\/ldswoodworkingmachine.com\/tr\/contact-us\/","og_locale":"tr_TR","og_type":"article","og_title":"Contact us","og_description":"Contact Our location No. 3 Hongye Road, Xinjiao Industrial Zone, Daliang, Shunde District, Foshan City, Guangdong Province,China. Online Time Mon-Fri: 9am-11pmSat-Sun: 10am-11pm Contact TEL\/WhatsApp +86 18125678359\/+86 186 6659 3302Email: amyxie@lideshi.cn\/zara@lideshi.cn","og_url":"https:\/\/ldswoodworkingmachine.com\/tr\/contact-us\/","og_site_name":"LDSWOODWORKINGMACHINE","article_publisher":"https:\/\/www.facebook.com\/profile.php?id=100076190379298","article_modified_time":"2025-12-03T09:03:15+00:00","og_image":[{"width":400,"height":192,"url":"https:\/\/ldswoodworkingmachine.com\/wp-content\/uploads\/2022\/04\/pattern.png","type":"image\/png"}],"twitter_card":"summary_large_image","twitter_misc":{"Tahmini okuma s\u00fcresi":"1 dakika"},"schema":{"@context":"https:\/\/schema.org","@graph":[{"@type":"WebPage","@id":"https:\/\/ldswoodworkingmachine.com\/contact-us","url":"https:\/\/ldswoodworkingmachine.com\/contact-us","name":"Contact us - LDSWOODWORKINGMACHINE","isPartOf":{"@id":"https:\/\/ldswoodworkingmachine.com\/#website"},"primaryImageOfPage":{"@id":"https:\/\/ldswoodworkingmachine.com\/contact-us#primaryimage"},"image":{"@id":"https:\/\/ldswoodworkingmachine.com\/contact-us#primaryimage"},"thumbnailUrl":"https:\/\/ldswoodworkingmachine.com\/wp-content\/uploads\/2022\/04\/pattern.png","datePublished":"2022-03-21T06:26:21+00:00","dateModified":"2025-12-03T09:03:15+00:00","breadcrumb":{"@id":"https:\/\/ldswoodworkingmachine.com\/contact-us#breadcrumb"},"inLanguage":"tr","potentialAction":[{"@type":"ReadAction","target":["https:\/\/ldswoodworkingmachine.com\/contact-us"]}]},{"@type":"ImageObject","inLanguage":"tr","@id":"https:\/\/ldswoodworkingmachine.com\/contact-us#primaryimage","url":"https:\/\/ldswoodworkingmachine.com\/wp-content\/uploads\/2022\/04\/pattern.png","contentUrl":"https:\/\/ldswoodworkingmachine.com\/wp-content\/uploads\/2022\/04\/pattern.png"},{"@type":"BreadcrumbList","@id":"https:\/\/ldswoodworkingmachine.com\/contact-us#breadcrumb","itemListElement":[{"@type":"ListItem","position":1,"name":"Home","item":"https:\/\/ldswoodworkingmachine.com\/"},{"@type":"ListItem","position":2,"name":"Contact us"}]},{"@type":"WebSite","@id":"https:\/\/ldswoodworkingmachine.com\/#website","url":"https:\/\/ldswoodworkingmachine.com\/","name":"LDSWOODWORKINGMACHINE","description":"WOODWORKING MACHINE","publisher":{"@id":"https:\/\/ldswoodworkingmachine.com\/#organization"},"potentialAction":[{"@type":"SearchAction","target":{"@type":"EntryPoint","urlTemplate":"https:\/\/ldswoodworkingmachine.com\/?s={search_term_string}"},"query-input":{"@type":"PropertyValueSpecification","valueRequired":true,"valueName":"search_term_string"}}],"inLanguage":"tr"},{"@type":"Organization","@id":"https:\/\/ldswoodworkingmachine.com\/#organization","name":"LDSWOODWORKINGMACHINE","url":"https:\/\/ldswoodworkingmachine.com\/","logo":{"@type":"ImageObject","inLanguage":"tr","@id":"https:\/\/ldswoodworkingmachine.com\/#\/schema\/logo\/image\/","url":"https:\/\/ldswoodworkingmachine.com\/wp-content\/uploads\/2022\/04\/cropped-12-1.png","contentUrl":"https:\/\/ldswoodworkingmachine.com\/wp-content\/uploads\/2022\/04\/cropped-12-1.png","width":334,"height":80,"caption":"LDSWOODWORKINGMACHINE"},"image":{"@id":"https:\/\/ldswoodworkingmachine.com\/#\/schema\/logo\/image\/"},"sameAs":["https:\/\/www.facebook.com\/profile.php?id=100076190379298","https:\/\/www.youtube.com\/channel\/UC_ZTI5V0mMTwFrQ29Jmb5Qw?view_as=subscriber"]}]}},"_links":{"self":[{"href":"https:\/\/ldswoodworkingmachine.com\/tr\/wp-json\/wp\/v2\/pages\/1459","targetHints":{"allow":["GET"]}}],"collection":[{"href":"https:\/\/ldswoodworkingmachine.com\/tr\/wp-json\/wp\/v2\/pages"}],"about":[{"href":"https:\/\/ldswoodworkingmachine.com\/tr\/wp-json\/wp\/v2\/types\/page"}],"author":[{"embeddable":true,"href":"https:\/\/ldswoodworkingmachine.com\/tr\/wp-json\/wp\/v2\/users\/1"}],"replies":[{"embeddable":true,"href":"https:\/\/ldswoodworkingmachine.com\/tr\/wp-json\/wp\/v2\/comments?post=1459"}],"version-history":[{"count":41,"href":"https:\/\/ldswoodworkingmachine.com\/tr\/wp-json\/wp\/v2\/pages\/1459\/revisions"}],"predecessor-version":[{"id":4337,"href":"https:\/\/ldswoodworkingmachine.com\/tr\/wp-json\/wp\/v2\/pages\/1459\/revisions\/4337"}],"wp:attachment":[{"href":"https:\/\/ldswoodworkingmachine.com\/tr\/wp-json\/wp\/v2\/media?parent=1459"}],"curies":[{"name":"wp","href":"https:\/\/api.w.org\/{rel}","templated":true}]}}